{"id":659,"date":"2017-10-23T15:16:39","date_gmt":"2017-10-23T13:16:39","guid":{"rendered":"http:\/\/betheone.com.pl\/?post_type=product&#038;p=659"},"modified":"2022-12-07T15:51:00","modified_gmt":"2022-12-07T14:51:00","slug":"chabrowo-pomaranczowe-kolczyki-boho","status":"publish","type":"product","link":"https:\/\/betheone.com.pl\/no\/produkt\/chabrowo-pomaranczowe-kolczyki-boho\/","title":{"rendered":"CHABROWO-POMARA\u0143CZOWE KOLCZYKI BOHO"},"content":{"rendered":"<p>Kolczyki wykonane z aksamitki w kolorze chabrowym, \u00a0pomara\u0144czowych chwost\u00f3w oraz metalowych element\u00f3w w kolorze z\u0142otym.<\/p>\n<p>D\u0142ugo\u015b\u0107 ca\u0142kowita kolczyk\u00f3w ok 11 cm.<\/p>\n<p>Ka\u017cdy model bi\u017cuterii jest wykonany r\u0119cznie, dlatego poszczeg\u00f3lne egzemplarze mog\u0105 nieznacznie r\u00f3\u017cni\u0107 si\u0119 od modeli przedstawionych na zdj\u0119ciu.<\/p>\n<p>Bi\u017cuteria uwielbia, kiedy przechowujesz j\u0105 w oryginalnym opakowaniu, nie lubi si\u0119 z wod\u0105.<\/p>\n<p>Istnieje mo\u017cliwo\u015b\u0107 wykonania kolczyk\u00f3w w r\u00f3\u017cnych wariantach kolorystycznych na \u017cyczenie klienta.<\/p>\n<p>Zapraszamy do kontaktu!<\/p>\n<p><a href=\"mailto:biuro@betheone.com.pl\">biuro@betheone.com.pl<\/a><\/p>\n","protected":false},"excerpt":{"rendered":"<p>Kolczyki wykonane z aksamitki w kolorze chabrowym, \u00a0pomara\u0144czowych chwost\u00f3w oraz metalowych element\u00f3w w kolorze z\u0142otym. D\u0142ugo\u015b\u0107 ca\u0142kowita kolczyk\u00f3w ok 11 cm. Ka\u017cdy model bi\u017cuterii jest wykonany r\u0119cznie, dlatego poszczeg\u00f3lne egzemplarze mog\u0105 nieznacznie r\u00f3\u017cni\u0107 si\u0119 od modeli przedstawionych na zdj\u0119ciu. Bi\u017cuteria uwielbia, kiedy przechowujesz j\u0105 w oryginalnym opakowaniu, nie lubi si\u0119 z wod\u0105. Istnieje mo\u017cliwo\u015b\u0107 wykonania [&hellip;]<\/p>\n","protected":false},"featured_media":0,"comment_status":"closed","ping_status":"closed","template":"","meta":{"inline_featured_image":false,"_kad_blocks_custom_css":"","_kad_blocks_head_custom_js":"","_kad_blocks_body_custom_js":"","_kad_blocks_footer_custom_js":""},"product_cat":[68],"product_tag":[],"acf":[],"yoast_head":"<!-- This site is optimized with the Yoast SEO plugin v22.1 - https:\/\/yoast.com\/wordpress\/plugins\/seo\/ -->\n<title>CHABROWO-POMARA\u0143CZOWE KOLCZYKI BOHO - BE THE ONE<\/title>\n<meta name=\"robots\" content=\"index, follow, max-snippet:-1, max-image-preview:large, max-video-preview:-1\" \/>\n<link rel=\"canonical\" href=\"https:\/\/betheone.com.pl\/produkt\/chabrowo-pomaranczowe-kolczyki-boho\/\" \/>\n<meta property=\"og:locale\" content=\"nb_NO\" \/>\n<meta property=\"og:type\" content=\"article\" \/>\n<meta property=\"og:title\" content=\"CHABROWO-POMARA\u0143CZOWE KOLCZYKI BOHO - BE THE ONE\" \/>\n<meta property=\"og:description\" content=\"Kolczyki wykonane z aksamitki w kolorze chabrowym, \u00a0pomara\u0144czowych chwost\u00f3w oraz metalowych element\u00f3w w kolorze z\u0142otym. D\u0142ugo\u015b\u0107 ca\u0142kowita kolczyk\u00f3w ok 11 cm. Ka\u017cdy model bi\u017cuterii jest wykonany r\u0119cznie, dlatego poszczeg\u00f3lne egzemplarze mog\u0105 nieznacznie r\u00f3\u017cni\u0107 si\u0119 od modeli przedstawionych na zdj\u0119ciu. Bi\u017cuteria uwielbia, kiedy przechowujesz j\u0105 w oryginalnym opakowaniu, nie lubi si\u0119 z wod\u0105. Istnieje mo\u017cliwo\u015b\u0107 wykonania [&hellip;]\" \/>\n<meta property=\"og:url\" content=\"https:\/\/betheone.com.pl\/produkt\/chabrowo-pomaranczowe-kolczyki-boho\/\" \/>\n<meta property=\"og:site_name\" content=\"BE THE ONE\" \/>\n<meta property=\"article:modified_time\" content=\"2022-12-07T14:51:00+00:00\" \/>\n<meta property=\"og:image\" content=\"https:\/\/betheone.com.pl\/wp-content\/uploads\/2017\/12\/Paulina-Nowak-1a.jpg\" \/>\n\t<meta property=\"og:image:width\" content=\"1200\" \/>\n\t<meta property=\"og:image:height\" content=\"1800\" \/>\n\t<meta property=\"og:image:type\" content=\"image\/jpeg\" \/>\n<script type=\"application\/ld+json\" class=\"yoast-schema-graph\">{\"@context\":\"https:\/\/schema.org\",\"@graph\":[{\"@type\":\"WebPage\",\"@id\":\"https:\/\/betheone.com.pl\/produkt\/chabrowo-pomaranczowe-kolczyki-boho\/\",\"url\":\"https:\/\/betheone.com.pl\/produkt\/chabrowo-pomaranczowe-kolczyki-boho\/\",\"name\":\"CHABROWO-POMARA\u0143CZOWE KOLCZYKI BOHO - BE THE ONE\",\"isPartOf\":{\"@id\":\"https:\/\/betheone.com.pl\/#website\"},\"datePublished\":\"2017-10-23T13:16:39+00:00\",\"dateModified\":\"2022-12-07T14:51:00+00:00\",\"breadcrumb\":{\"@id\":\"https:\/\/betheone.com.pl\/produkt\/chabrowo-pomaranczowe-kolczyki-boho\/#breadcrumb\"},\"inLanguage\":\"nb-NO\",\"potentialAction\":[{\"@type\":\"ReadAction\",\"target\":[\"https:\/\/betheone.com.pl\/produkt\/chabrowo-pomaranczowe-kolczyki-boho\/\"]}]},{\"@type\":\"BreadcrumbList\",\"@id\":\"https:\/\/betheone.com.pl\/produkt\/chabrowo-pomaranczowe-kolczyki-boho\/#breadcrumb\",\"itemListElement\":[{\"@type\":\"ListItem\",\"position\":1,\"name\":\"Strona g\u0142\u00f3wna\",\"item\":\"https:\/\/betheone.com.pl\/no\/\"},{\"@type\":\"ListItem\",\"position\":2,\"name\":\"Butikk\",\"item\":\"https:\/\/betheone.com.pl\/no\/sklep\/\"},{\"@type\":\"ListItem\",\"position\":3,\"name\":\"CHABROWO-POMARA\u0143CZOWE KOLCZYKI BOHO\"}]},{\"@type\":\"WebSite\",\"@id\":\"https:\/\/betheone.com.pl\/#website\",\"url\":\"https:\/\/betheone.com.pl\/\",\"name\":\"BE THE ONE\",\"description\":\"\",\"publisher\":{\"@id\":\"https:\/\/betheone.com.pl\/#organization\"},\"potentialAction\":[{\"@type\":\"SearchAction\",\"target\":{\"@type\":\"EntryPoint\",\"urlTemplate\":\"https:\/\/betheone.com.pl\/?s={search_term_string}\"},\"query-input\":\"required name=search_term_string\"}],\"inLanguage\":\"nb-NO\"},{\"@type\":\"Organization\",\"@id\":\"https:\/\/betheone.com.pl\/#organization\",\"name\":\"BE THE ONE\",\"url\":\"https:\/\/betheone.com.pl\/\",\"logo\":{\"@type\":\"ImageObject\",\"inLanguage\":\"nb-NO\",\"@id\":\"https:\/\/betheone.com.pl\/#\/schema\/logo\/image\/\",\"url\":\"https:\/\/betheone.com.pl\/wp-content\/uploads\/2025\/07\/cropped-LOGO__34.png\",\"contentUrl\":\"https:\/\/betheone.com.pl\/wp-content\/uploads\/2025\/07\/cropped-LOGO__34.png\",\"width\":512,\"height\":512,\"caption\":\"BE THE ONE\"},\"image\":{\"@id\":\"https:\/\/betheone.com.pl\/#\/schema\/logo\/image\/\"}}]}<\/script>\n<!-- \/ Yoast SEO plugin. -->","yoast_head_json":{"title":"CHABROWO-POMARA\u0143CZOWE KOLCZYKI BOHO - BE THE ONE","robots":{"index":"index","follow":"follow","max-snippet":"max-snippet:-1","max-image-preview":"max-image-preview:large","max-video-preview":"max-video-preview:-1"},"canonical":"https:\/\/betheone.com.pl\/produkt\/chabrowo-pomaranczowe-kolczyki-boho\/","og_locale":"nb_NO","og_type":"article","og_title":"CHABROWO-POMARA\u0143CZOWE KOLCZYKI BOHO - BE THE ONE","og_description":"Kolczyki wykonane z aksamitki w kolorze chabrowym, \u00a0pomara\u0144czowych chwost\u00f3w oraz metalowych element\u00f3w w kolorze z\u0142otym. D\u0142ugo\u015b\u0107 ca\u0142kowita kolczyk\u00f3w ok 11 cm. Ka\u017cdy model bi\u017cuterii jest wykonany r\u0119cznie, dlatego poszczeg\u00f3lne egzemplarze mog\u0105 nieznacznie r\u00f3\u017cni\u0107 si\u0119 od modeli przedstawionych na zdj\u0119ciu. Bi\u017cuteria uwielbia, kiedy przechowujesz j\u0105 w oryginalnym opakowaniu, nie lubi si\u0119 z wod\u0105. Istnieje mo\u017cliwo\u015b\u0107 wykonania [&hellip;]","og_url":"https:\/\/betheone.com.pl\/produkt\/chabrowo-pomaranczowe-kolczyki-boho\/","og_site_name":"BE THE ONE","article_modified_time":"2022-12-07T14:51:00+00:00","og_image":[{"width":1200,"height":1800,"url":"https:\/\/betheone.com.pl\/wp-content\/uploads\/2017\/12\/Paulina-Nowak-1a.jpg","type":"image\/jpeg"}],"schema":{"@context":"https:\/\/schema.org","@graph":[{"@type":"WebPage","@id":"https:\/\/betheone.com.pl\/produkt\/chabrowo-pomaranczowe-kolczyki-boho\/","url":"https:\/\/betheone.com.pl\/produkt\/chabrowo-pomaranczowe-kolczyki-boho\/","name":"CHABROWO-POMARA\u0143CZOWE KOLCZYKI BOHO - BE THE ONE","isPartOf":{"@id":"https:\/\/betheone.com.pl\/#website"},"datePublished":"2017-10-23T13:16:39+00:00","dateModified":"2022-12-07T14:51:00+00:00","breadcrumb":{"@id":"https:\/\/betheone.com.pl\/produkt\/chabrowo-pomaranczowe-kolczyki-boho\/#breadcrumb"},"inLanguage":"nb-NO","potentialAction":[{"@type":"ReadAction","target":["https:\/\/betheone.com.pl\/produkt\/chabrowo-pomaranczowe-kolczyki-boho\/"]}]},{"@type":"BreadcrumbList","@id":"https:\/\/betheone.com.pl\/produkt\/chabrowo-pomaranczowe-kolczyki-boho\/#breadcrumb","itemListElement":[{"@type":"ListItem","position":1,"name":"Strona g\u0142\u00f3wna","item":"https:\/\/betheone.com.pl\/no\/"},{"@type":"ListItem","position":2,"name":"Butikk","item":"https:\/\/betheone.com.pl\/no\/sklep\/"},{"@type":"ListItem","position":3,"name":"CHABROWO-POMARA\u0143CZOWE KOLCZYKI BOHO"}]},{"@type":"WebSite","@id":"https:\/\/betheone.com.pl\/#website","url":"https:\/\/betheone.com.pl\/","name":"BE THE ONE","description":"","publisher":{"@id":"https:\/\/betheone.com.pl\/#organization"},"potentialAction":[{"@type":"SearchAction","target":{"@type":"EntryPoint","urlTemplate":"https:\/\/betheone.com.pl\/?s={search_term_string}"},"query-input":"required name=search_term_string"}],"inLanguage":"nb-NO"},{"@type":"Organization","@id":"https:\/\/betheone.com.pl\/#organization","name":"BE THE ONE","url":"https:\/\/betheone.com.pl\/","logo":{"@type":"ImageObject","inLanguage":"nb-NO","@id":"https:\/\/betheone.com.pl\/#\/schema\/logo\/image\/","url":"https:\/\/betheone.com.pl\/wp-content\/uploads\/2025\/07\/cropped-LOGO__34.png","contentUrl":"https:\/\/betheone.com.pl\/wp-content\/uploads\/2025\/07\/cropped-LOGO__34.png","width":512,"height":512,"caption":"BE THE ONE"},"image":{"@id":"https:\/\/betheone.com.pl\/#\/schema\/logo\/image\/"}}]}},"featured_image_src_large":false,"author_info":[],"comment_info":0,"taxonomy_info":{"product_cat":[{"value":68,"label":"Kolczyki"}]},"_links":{"self":[{"href":"https:\/\/betheone.com.pl\/no\/wp-json\/wp\/v2\/product\/659"}],"collection":[{"href":"https:\/\/betheone.com.pl\/no\/wp-json\/wp\/v2\/product"}],"about":[{"href":"https:\/\/betheone.com.pl\/no\/wp-json\/wp\/v2\/types\/product"}],"replies":[{"embeddable":true,"href":"https:\/\/betheone.com.pl\/no\/wp-json\/wp\/v2\/comments?post=659"}],"wp:attachment":[{"href":"https:\/\/betheone.com.pl\/no\/wp-json\/wp\/v2\/media?parent=659"}],"wp:term":[{"taxonomy":"product_cat","embeddable":true,"href":"https:\/\/betheone.com.pl\/no\/wp-json\/wp\/v2\/product_cat?post=659"},{"taxonomy":"product_tag","embeddable":true,"href":"https:\/\/betheone.com.pl\/no\/wp-json\/wp\/v2\/product_tag?post=659"}],"curies":[{"name":"wp","href":"https:\/\/api.w.org\/{rel}","templated":true}]}}