{"id":3811,"date":"2021-05-05T19:03:29","date_gmt":"2021-05-05T17:03:29","guid":{"rendered":"https:\/\/betheone.com.pl\/?post_type=product&#038;p=3811"},"modified":"2023-11-12T15:57:13","modified_gmt":"2023-11-12T14:57:13","slug":"kolaz-zuelma","status":"publish","type":"product","link":"https:\/\/betheone.com.pl\/no\/produkt\/kolaz-zuelma\/","title":{"rendered":"Kola\u017c Zuelma"},"content":{"rendered":"<p>Je\u015bli lubisz podkre\u015bli\u0107 sw\u00f3j indywidualny styl r\u00f3wnie\u017c we wn\u0119trzu, mam dla Ciebie idealne rozwi\u0105zanie :)<\/p>\n<p>Kola\u017c, kt\u00f3ry jest owocem wsp\u00f3\u0142pracy z projektantk\u0105 Asi\u0105 z Akuratnie Studio. Oczywi\u015bcie g\u0142\u00f3wn\u0105 rol\u0119 odgrywa bi\u017cuteria. To istna gratka dla fanek b\u0142yskotek! : )<\/p>\n<p>Ilustracja wydrukowana w technologii druku cyfrowego na wysokiej jako\u015bci papierze Hp Photo Mat 230 g.<\/p>\n<p>Jego p\u00f3\u0142 matowa powierzchnia pi\u0119knie podkre\u015bla nasycone barwy kola\u017cu, a jako\u015b\u0107 druku cechuje si\u0119 niezwyk\u0142\u0105 ostro\u015bci\u0105 obrazu.<\/p>\n<p>Plakaty pakowane s\u0105 w kartonowe tuby, tak, aby mog\u0142y dotrze\u0107 do Ciebie w nienaruszonym stanie.<\/p>\n<p>Plakat jest dost\u0119pny w rozmiarach: 30&#215;40 oraz 50&#215;70 cm.<\/p>\n<p>Produkt sprzedawany jest bez ramki.<\/p>\n<p>Kolory mog\u0105 si\u0119 nieznacznie\u00a0 r\u00f3\u017cni\u0107 od rzeczywisto\u015bci, ze wzgl\u0119du na r\u00f3\u017cne ekrany urz\u0105dze\u0144, na kt\u00f3rych wy\u015bwietlany jest sklep.<\/p>\n","protected":false},"excerpt":{"rendered":"<p>Je\u015bli lubisz podkre\u015bli\u0107 sw\u00f3j indywidualny styl r\u00f3wnie\u017c we wn\u0119trzu, mam dla Ciebie idealne rozwi\u0105zanie :) Kola\u017c, kt\u00f3ry jest owocem wsp\u00f3\u0142pracy z projektantk\u0105 Asi\u0105 z Akuratnie Studio. Oczywi\u015bcie g\u0142\u00f3wn\u0105 rol\u0119 odgrywa bi\u017cuteria. To istna gratka dla fanek b\u0142yskotek! : ) Ilustracja wydrukowana w technologii druku cyfrowego na wysokiej jako\u015bci papierze Hp Photo Mat 230 g. Jego [&hellip;]<\/p>\n","protected":false},"featured_media":0,"comment_status":"closed","ping_status":"closed","template":"","meta":{"inline_featured_image":false,"_kad_blocks_custom_css":"","_kad_blocks_head_custom_js":"","_kad_blocks_body_custom_js":"","_kad_blocks_footer_custom_js":""},"product_cat":[125],"product_tag":[],"acf":[],"yoast_head":"<!-- This site is optimized with the Yoast SEO plugin v22.1 - https:\/\/yoast.com\/wordpress\/plugins\/seo\/ -->\n<title>Kola\u017c Zuelma - BE THE ONE<\/title>\n<meta name=\"robots\" content=\"index, follow, max-snippet:-1, max-image-preview:large, max-video-preview:-1\" \/>\n<link rel=\"canonical\" href=\"https:\/\/betheone.com.pl\/produkt\/kolaz-zuelma\/\" \/>\n<meta property=\"og:locale\" content=\"nb_NO\" \/>\n<meta property=\"og:type\" content=\"article\" \/>\n<meta property=\"og:title\" content=\"Kola\u017c Zuelma - BE THE ONE\" \/>\n<meta property=\"og:description\" content=\"Je\u015bli lubisz podkre\u015bli\u0107 sw\u00f3j indywidualny styl r\u00f3wnie\u017c we wn\u0119trzu, mam dla Ciebie idealne rozwi\u0105zanie :) Kola\u017c, kt\u00f3ry jest owocem wsp\u00f3\u0142pracy z projektantk\u0105 Asi\u0105 z Akuratnie Studio. Oczywi\u015bcie g\u0142\u00f3wn\u0105 rol\u0119 odgrywa bi\u017cuteria. To istna gratka dla fanek b\u0142yskotek! : ) Ilustracja wydrukowana w technologii druku cyfrowego na wysokiej jako\u015bci papierze Hp Photo Mat 230 g. Jego [&hellip;]\" \/>\n<meta property=\"og:url\" content=\"https:\/\/betheone.com.pl\/produkt\/kolaz-zuelma\/\" \/>\n<meta property=\"og:site_name\" content=\"BE THE ONE\" \/>\n<meta property=\"article:modified_time\" content=\"2023-11-12T14:57:13+00:00\" \/>\n<meta property=\"og:image\" content=\"https:\/\/betheone.com.pl\/wp-content\/uploads\/2021\/04\/30X40_KOLAZ_bettheone_B-scaled.jpg\" \/>\n\t<meta property=\"og:image:width\" content=\"1965\" \/>\n\t<meta property=\"og:image:height\" content=\"2560\" \/>\n\t<meta property=\"og:image:type\" content=\"image\/jpeg\" \/>\n<meta name=\"twitter:label1\" content=\"Ansl. lesetid\" \/>\n\t<meta name=\"twitter:data1\" content=\"1 minutt\" \/>\n<script type=\"application\/ld+json\" class=\"yoast-schema-graph\">{\"@context\":\"https:\/\/schema.org\",\"@graph\":[{\"@type\":\"WebPage\",\"@id\":\"https:\/\/betheone.com.pl\/produkt\/kolaz-zuelma\/\",\"url\":\"https:\/\/betheone.com.pl\/produkt\/kolaz-zuelma\/\",\"name\":\"Kola\u017c Zuelma - BE THE ONE\",\"isPartOf\":{\"@id\":\"https:\/\/betheone.com.pl\/#website\"},\"datePublished\":\"2021-05-05T17:03:29+00:00\",\"dateModified\":\"2023-11-12T14:57:13+00:00\",\"breadcrumb\":{\"@id\":\"https:\/\/betheone.com.pl\/produkt\/kolaz-zuelma\/#breadcrumb\"},\"inLanguage\":\"nb-NO\",\"potentialAction\":[{\"@type\":\"ReadAction\",\"target\":[\"https:\/\/betheone.com.pl\/produkt\/kolaz-zuelma\/\"]}]},{\"@type\":\"BreadcrumbList\",\"@id\":\"https:\/\/betheone.com.pl\/produkt\/kolaz-zuelma\/#breadcrumb\",\"itemListElement\":[{\"@type\":\"ListItem\",\"position\":1,\"name\":\"Strona g\u0142\u00f3wna\",\"item\":\"https:\/\/betheone.com.pl\/no\/\"},{\"@type\":\"ListItem\",\"position\":2,\"name\":\"Butikk\",\"item\":\"https:\/\/betheone.com.pl\/no\/sklep\/\"},{\"@type\":\"ListItem\",\"position\":3,\"name\":\"Kola\u017c Zuelma\"}]},{\"@type\":\"WebSite\",\"@id\":\"https:\/\/betheone.com.pl\/#website\",\"url\":\"https:\/\/betheone.com.pl\/\",\"name\":\"BE THE ONE\",\"description\":\"\",\"publisher\":{\"@id\":\"https:\/\/betheone.com.pl\/#organization\"},\"potentialAction\":[{\"@type\":\"SearchAction\",\"target\":{\"@type\":\"EntryPoint\",\"urlTemplate\":\"https:\/\/betheone.com.pl\/?s={search_term_string}\"},\"query-input\":\"required name=search_term_string\"}],\"inLanguage\":\"nb-NO\"},{\"@type\":\"Organization\",\"@id\":\"https:\/\/betheone.com.pl\/#organization\",\"name\":\"BE THE ONE\",\"url\":\"https:\/\/betheone.com.pl\/\",\"logo\":{\"@type\":\"ImageObject\",\"inLanguage\":\"nb-NO\",\"@id\":\"https:\/\/betheone.com.pl\/#\/schema\/logo\/image\/\",\"url\":\"https:\/\/betheone.com.pl\/wp-content\/uploads\/2025\/07\/cropped-LOGO__34.png\",\"contentUrl\":\"https:\/\/betheone.com.pl\/wp-content\/uploads\/2025\/07\/cropped-LOGO__34.png\",\"width\":512,\"height\":512,\"caption\":\"BE THE ONE\"},\"image\":{\"@id\":\"https:\/\/betheone.com.pl\/#\/schema\/logo\/image\/\"}}]}<\/script>\n<!-- \/ Yoast SEO plugin. -->","yoast_head_json":{"title":"Kola\u017c Zuelma - BE THE ONE","robots":{"index":"index","follow":"follow","max-snippet":"max-snippet:-1","max-image-preview":"max-image-preview:large","max-video-preview":"max-video-preview:-1"},"canonical":"https:\/\/betheone.com.pl\/produkt\/kolaz-zuelma\/","og_locale":"nb_NO","og_type":"article","og_title":"Kola\u017c Zuelma - BE THE ONE","og_description":"Je\u015bli lubisz podkre\u015bli\u0107 sw\u00f3j indywidualny styl r\u00f3wnie\u017c we wn\u0119trzu, mam dla Ciebie idealne rozwi\u0105zanie :) Kola\u017c, kt\u00f3ry jest owocem wsp\u00f3\u0142pracy z projektantk\u0105 Asi\u0105 z Akuratnie Studio. Oczywi\u015bcie g\u0142\u00f3wn\u0105 rol\u0119 odgrywa bi\u017cuteria. To istna gratka dla fanek b\u0142yskotek! : ) Ilustracja wydrukowana w technologii druku cyfrowego na wysokiej jako\u015bci papierze Hp Photo Mat 230 g. Jego [&hellip;]","og_url":"https:\/\/betheone.com.pl\/produkt\/kolaz-zuelma\/","og_site_name":"BE THE ONE","article_modified_time":"2023-11-12T14:57:13+00:00","og_image":[{"width":1965,"height":2560,"url":"https:\/\/betheone.com.pl\/wp-content\/uploads\/2021\/04\/30X40_KOLAZ_bettheone_B-scaled.jpg","type":"image\/jpeg"}],"twitter_misc":{"Ansl. lesetid":"1 minutt"},"schema":{"@context":"https:\/\/schema.org","@graph":[{"@type":"WebPage","@id":"https:\/\/betheone.com.pl\/produkt\/kolaz-zuelma\/","url":"https:\/\/betheone.com.pl\/produkt\/kolaz-zuelma\/","name":"Kola\u017c Zuelma - BE THE ONE","isPartOf":{"@id":"https:\/\/betheone.com.pl\/#website"},"datePublished":"2021-05-05T17:03:29+00:00","dateModified":"2023-11-12T14:57:13+00:00","breadcrumb":{"@id":"https:\/\/betheone.com.pl\/produkt\/kolaz-zuelma\/#breadcrumb"},"inLanguage":"nb-NO","potentialAction":[{"@type":"ReadAction","target":["https:\/\/betheone.com.pl\/produkt\/kolaz-zuelma\/"]}]},{"@type":"BreadcrumbList","@id":"https:\/\/betheone.com.pl\/produkt\/kolaz-zuelma\/#breadcrumb","itemListElement":[{"@type":"ListItem","position":1,"name":"Strona g\u0142\u00f3wna","item":"https:\/\/betheone.com.pl\/no\/"},{"@type":"ListItem","position":2,"name":"Butikk","item":"https:\/\/betheone.com.pl\/no\/sklep\/"},{"@type":"ListItem","position":3,"name":"Kola\u017c Zuelma"}]},{"@type":"WebSite","@id":"https:\/\/betheone.com.pl\/#website","url":"https:\/\/betheone.com.pl\/","name":"BE THE ONE","description":"","publisher":{"@id":"https:\/\/betheone.com.pl\/#organization"},"potentialAction":[{"@type":"SearchAction","target":{"@type":"EntryPoint","urlTemplate":"https:\/\/betheone.com.pl\/?s={search_term_string}"},"query-input":"required name=search_term_string"}],"inLanguage":"nb-NO"},{"@type":"Organization","@id":"https:\/\/betheone.com.pl\/#organization","name":"BE THE ONE","url":"https:\/\/betheone.com.pl\/","logo":{"@type":"ImageObject","inLanguage":"nb-NO","@id":"https:\/\/betheone.com.pl\/#\/schema\/logo\/image\/","url":"https:\/\/betheone.com.pl\/wp-content\/uploads\/2025\/07\/cropped-LOGO__34.png","contentUrl":"https:\/\/betheone.com.pl\/wp-content\/uploads\/2025\/07\/cropped-LOGO__34.png","width":512,"height":512,"caption":"BE THE ONE"},"image":{"@id":"https:\/\/betheone.com.pl\/#\/schema\/logo\/image\/"}}]}},"featured_image_src_large":false,"author_info":[],"comment_info":0,"taxonomy_info":{"product_cat":[{"value":125,"label":"Srebro"}]},"_links":{"self":[{"href":"https:\/\/betheone.com.pl\/no\/wp-json\/wp\/v2\/product\/3811"}],"collection":[{"href":"https:\/\/betheone.com.pl\/no\/wp-json\/wp\/v2\/product"}],"about":[{"href":"https:\/\/betheone.com.pl\/no\/wp-json\/wp\/v2\/types\/product"}],"replies":[{"embeddable":true,"href":"https:\/\/betheone.com.pl\/no\/wp-json\/wp\/v2\/comments?post=3811"}],"wp:attachment":[{"href":"https:\/\/betheone.com.pl\/no\/wp-json\/wp\/v2\/media?parent=3811"}],"wp:term":[{"taxonomy":"product_cat","embeddable":true,"href":"https:\/\/betheone.com.pl\/no\/wp-json\/wp\/v2\/product_cat?post=3811"},{"taxonomy":"product_tag","embeddable":true,"href":"https:\/\/betheone.com.pl\/no\/wp-json\/wp\/v2\/product_tag?post=3811"}],"curies":[{"name":"wp","href":"https:\/\/api.w.org\/{rel}","templated":true}]}}