{"id":3718,"date":"2021-04-09T19:05:30","date_gmt":"2021-04-09T17:05:30","guid":{"rendered":"https:\/\/betheone.com.pl\/?post_type=product&#038;p=3718"},"modified":"2023-09-05T16:38:48","modified_gmt":"2023-09-05T14:38:48","slug":"bransoleta-alma","status":"publish","type":"product","link":"https:\/\/betheone.com.pl\/no\/produkt\/bransoleta-alma\/","title":{"rendered":"bransoleta ALMA"},"content":{"rendered":"<p>Bransoleta wykonana z mosi\u0105dzu jubilerskiego. Wyci\u0119\u0142am w niej dwa wyj\u0105tkowe skrzyd\u0142a, kt\u00f3re maj\u0105 Ci doda\u0107 si\u0142y i przypomnie\u0107 Ci, \u017ce jeste\u015b najlepsza:)<\/p>\n<p>Dzi\u0119ki r\u0119cznie t\u0142oczonej powierzchni metalu, ka\u017cdy egzemplarz jest unikatowy.<\/p>\n<p>Szeroko\u015b\u0107 brasnolety: ok. 2 cm<\/p>\n<p>Ka\u017cdy produkt, kt\u00f3ry tutaj znajdziesz wykonuj\u0119 w mojej pracowni w \u015aremie z niezwyk\u0142\u0105 staranno\u015bci\u0105 i wk\u0142adam w niego ca\u0142e serducho :)<\/p>\n<p>Bi\u017cuteria przyw\u0119druje do Ciebie w opakowaniu z logo, w takiej formie mo\u017ce by\u0107 podarowana jako prezent.<\/p>\n<p>Termin realizacji zam\u00f3wienia: 2-5 dni roboczych.<\/p>\n<p>Mosi\u0105dz ulega naturalnemu procesowi utleniania, ale nie jest to proces nieodwracalny. Co jaki\u015b czas nale\u017cy bransolet\u0119 czy\u015bci\u0107 \u015bciereczk\u0105, kt\u00f3r\u0105 dostaniesz ode mnie w prezencie : )<\/p>\n<p>Ka\u017cdy model bi\u017cuterii jest wykonany r\u0119cznie, dlatego poszczeg\u00f3lne egzemplarze mog\u0105 nieznacznie r\u00f3\u017cni\u0107 si\u0119 od modeli przedstawionych na zdj\u0119ciu.<\/p>\n<p>Bi\u017cuteria uwielbia, kiedy przechowujesz j\u0105 w oryginalnym opakowaniu, nie lubi si\u0119 z wod\u0105 i chemikaliami.<\/p>\n","protected":false},"excerpt":{"rendered":"<p>Bransoleta wykonana z mosi\u0105dzu jubilerskiego. Wyci\u0119\u0142am w niej dwa wyj\u0105tkowe skrzyd\u0142a, kt\u00f3re maj\u0105 Ci doda\u0107 si\u0142y i przypomnie\u0107 Ci, \u017ce jeste\u015b najlepsza:) Dzi\u0119ki r\u0119cznie t\u0142oczonej powierzchni metalu, ka\u017cdy egzemplarz jest unikatowy. Szeroko\u015b\u0107 brasnolety: ok. 2 cm Ka\u017cdy produkt, kt\u00f3ry tutaj znajdziesz wykonuj\u0119 w mojej pracowni w \u015aremie z niezwyk\u0142\u0105 staranno\u015bci\u0105 i wk\u0142adam w niego ca\u0142e [&hellip;]<\/p>\n","protected":false},"featured_media":0,"comment_status":"closed","ping_status":"closed","template":"","meta":{"inline_featured_image":false,"_kad_blocks_custom_css":"","_kad_blocks_head_custom_js":"","_kad_blocks_body_custom_js":"","_kad_blocks_footer_custom_js":""},"product_cat":[67],"product_tag":[],"acf":[],"yoast_head":"<!-- This site is optimized with the Yoast SEO plugin v22.1 - https:\/\/yoast.com\/wordpress\/plugins\/seo\/ -->\n<title>bransoleta ALMA - BE THE ONE<\/title>\n<meta name=\"robots\" content=\"index, follow, max-snippet:-1, max-image-preview:large, max-video-preview:-1\" \/>\n<link rel=\"canonical\" href=\"https:\/\/betheone.com.pl\/produkt\/bransoleta-alma\/\" \/>\n<meta property=\"og:locale\" content=\"nb_NO\" \/>\n<meta property=\"og:type\" content=\"article\" \/>\n<meta property=\"og:title\" content=\"bransoleta ALMA - BE THE ONE\" \/>\n<meta property=\"og:description\" content=\"Bransoleta wykonana z mosi\u0105dzu jubilerskiego. Wyci\u0119\u0142am w niej dwa wyj\u0105tkowe skrzyd\u0142a, kt\u00f3re maj\u0105 Ci doda\u0107 si\u0142y i przypomnie\u0107 Ci, \u017ce jeste\u015b najlepsza:) Dzi\u0119ki r\u0119cznie t\u0142oczonej powierzchni metalu, ka\u017cdy egzemplarz jest unikatowy. Szeroko\u015b\u0107 brasnolety: ok. 2 cm Ka\u017cdy produkt, kt\u00f3ry tutaj znajdziesz wykonuj\u0119 w mojej pracowni w \u015aremie z niezwyk\u0142\u0105 staranno\u015bci\u0105 i wk\u0142adam w niego ca\u0142e [&hellip;]\" \/>\n<meta property=\"og:url\" content=\"https:\/\/betheone.com.pl\/produkt\/bransoleta-alma\/\" \/>\n<meta property=\"og:site_name\" content=\"BE THE ONE\" \/>\n<meta property=\"article:modified_time\" content=\"2023-09-05T14:38:48+00:00\" \/>\n<meta property=\"og:image\" content=\"https:\/\/betheone.com.pl\/wp-content\/uploads\/2021\/04\/21.jpg\" \/>\n\t<meta property=\"og:image:width\" content=\"2078\" \/>\n\t<meta property=\"og:image:height\" content=\"2078\" \/>\n\t<meta property=\"og:image:type\" content=\"image\/jpeg\" \/>\n<meta name=\"twitter:label1\" content=\"Ansl. lesetid\" \/>\n\t<meta name=\"twitter:data1\" content=\"1 minutt\" \/>\n<script type=\"application\/ld+json\" class=\"yoast-schema-graph\">{\"@context\":\"https:\/\/schema.org\",\"@graph\":[{\"@type\":\"WebPage\",\"@id\":\"https:\/\/betheone.com.pl\/produkt\/bransoleta-alma\/\",\"url\":\"https:\/\/betheone.com.pl\/produkt\/bransoleta-alma\/\",\"name\":\"bransoleta ALMA - BE THE ONE\",\"isPartOf\":{\"@id\":\"https:\/\/betheone.com.pl\/#website\"},\"datePublished\":\"2021-04-09T17:05:30+00:00\",\"dateModified\":\"2023-09-05T14:38:48+00:00\",\"breadcrumb\":{\"@id\":\"https:\/\/betheone.com.pl\/produkt\/bransoleta-alma\/#breadcrumb\"},\"inLanguage\":\"nb-NO\",\"potentialAction\":[{\"@type\":\"ReadAction\",\"target\":[\"https:\/\/betheone.com.pl\/produkt\/bransoleta-alma\/\"]}]},{\"@type\":\"BreadcrumbList\",\"@id\":\"https:\/\/betheone.com.pl\/produkt\/bransoleta-alma\/#breadcrumb\",\"itemListElement\":[{\"@type\":\"ListItem\",\"position\":1,\"name\":\"Strona g\u0142\u00f3wna\",\"item\":\"https:\/\/betheone.com.pl\/no\/\"},{\"@type\":\"ListItem\",\"position\":2,\"name\":\"Butikk\",\"item\":\"https:\/\/betheone.com.pl\/no\/sklep\/\"},{\"@type\":\"ListItem\",\"position\":3,\"name\":\"bransoleta ALMA\"}]},{\"@type\":\"WebSite\",\"@id\":\"https:\/\/betheone.com.pl\/#website\",\"url\":\"https:\/\/betheone.com.pl\/\",\"name\":\"BE THE ONE\",\"description\":\"\",\"publisher\":{\"@id\":\"https:\/\/betheone.com.pl\/#organization\"},\"potentialAction\":[{\"@type\":\"SearchAction\",\"target\":{\"@type\":\"EntryPoint\",\"urlTemplate\":\"https:\/\/betheone.com.pl\/?s={search_term_string}\"},\"query-input\":\"required name=search_term_string\"}],\"inLanguage\":\"nb-NO\"},{\"@type\":\"Organization\",\"@id\":\"https:\/\/betheone.com.pl\/#organization\",\"name\":\"BE THE ONE\",\"url\":\"https:\/\/betheone.com.pl\/\",\"logo\":{\"@type\":\"ImageObject\",\"inLanguage\":\"nb-NO\",\"@id\":\"https:\/\/betheone.com.pl\/#\/schema\/logo\/image\/\",\"url\":\"https:\/\/betheone.com.pl\/wp-content\/uploads\/2025\/07\/cropped-LOGO__34.png\",\"contentUrl\":\"https:\/\/betheone.com.pl\/wp-content\/uploads\/2025\/07\/cropped-LOGO__34.png\",\"width\":512,\"height\":512,\"caption\":\"BE THE ONE\"},\"image\":{\"@id\":\"https:\/\/betheone.com.pl\/#\/schema\/logo\/image\/\"}}]}<\/script>\n<!-- \/ Yoast SEO plugin. -->","yoast_head_json":{"title":"bransoleta ALMA - BE THE ONE","robots":{"index":"index","follow":"follow","max-snippet":"max-snippet:-1","max-image-preview":"max-image-preview:large","max-video-preview":"max-video-preview:-1"},"canonical":"https:\/\/betheone.com.pl\/produkt\/bransoleta-alma\/","og_locale":"nb_NO","og_type":"article","og_title":"bransoleta ALMA - BE THE ONE","og_description":"Bransoleta wykonana z mosi\u0105dzu jubilerskiego. Wyci\u0119\u0142am w niej dwa wyj\u0105tkowe skrzyd\u0142a, kt\u00f3re maj\u0105 Ci doda\u0107 si\u0142y i przypomnie\u0107 Ci, \u017ce jeste\u015b najlepsza:) Dzi\u0119ki r\u0119cznie t\u0142oczonej powierzchni metalu, ka\u017cdy egzemplarz jest unikatowy. Szeroko\u015b\u0107 brasnolety: ok. 2 cm Ka\u017cdy produkt, kt\u00f3ry tutaj znajdziesz wykonuj\u0119 w mojej pracowni w \u015aremie z niezwyk\u0142\u0105 staranno\u015bci\u0105 i wk\u0142adam w niego ca\u0142e [&hellip;]","og_url":"https:\/\/betheone.com.pl\/produkt\/bransoleta-alma\/","og_site_name":"BE THE ONE","article_modified_time":"2023-09-05T14:38:48+00:00","og_image":[{"width":2078,"height":2078,"url":"https:\/\/betheone.com.pl\/wp-content\/uploads\/2021\/04\/21.jpg","type":"image\/jpeg"}],"twitter_misc":{"Ansl. lesetid":"1 minutt"},"schema":{"@context":"https:\/\/schema.org","@graph":[{"@type":"WebPage","@id":"https:\/\/betheone.com.pl\/produkt\/bransoleta-alma\/","url":"https:\/\/betheone.com.pl\/produkt\/bransoleta-alma\/","name":"bransoleta ALMA - BE THE ONE","isPartOf":{"@id":"https:\/\/betheone.com.pl\/#website"},"datePublished":"2021-04-09T17:05:30+00:00","dateModified":"2023-09-05T14:38:48+00:00","breadcrumb":{"@id":"https:\/\/betheone.com.pl\/produkt\/bransoleta-alma\/#breadcrumb"},"inLanguage":"nb-NO","potentialAction":[{"@type":"ReadAction","target":["https:\/\/betheone.com.pl\/produkt\/bransoleta-alma\/"]}]},{"@type":"BreadcrumbList","@id":"https:\/\/betheone.com.pl\/produkt\/bransoleta-alma\/#breadcrumb","itemListElement":[{"@type":"ListItem","position":1,"name":"Strona g\u0142\u00f3wna","item":"https:\/\/betheone.com.pl\/no\/"},{"@type":"ListItem","position":2,"name":"Butikk","item":"https:\/\/betheone.com.pl\/no\/sklep\/"},{"@type":"ListItem","position":3,"name":"bransoleta ALMA"}]},{"@type":"WebSite","@id":"https:\/\/betheone.com.pl\/#website","url":"https:\/\/betheone.com.pl\/","name":"BE THE ONE","description":"","publisher":{"@id":"https:\/\/betheone.com.pl\/#organization"},"potentialAction":[{"@type":"SearchAction","target":{"@type":"EntryPoint","urlTemplate":"https:\/\/betheone.com.pl\/?s={search_term_string}"},"query-input":"required name=search_term_string"}],"inLanguage":"nb-NO"},{"@type":"Organization","@id":"https:\/\/betheone.com.pl\/#organization","name":"BE THE ONE","url":"https:\/\/betheone.com.pl\/","logo":{"@type":"ImageObject","inLanguage":"nb-NO","@id":"https:\/\/betheone.com.pl\/#\/schema\/logo\/image\/","url":"https:\/\/betheone.com.pl\/wp-content\/uploads\/2025\/07\/cropped-LOGO__34.png","contentUrl":"https:\/\/betheone.com.pl\/wp-content\/uploads\/2025\/07\/cropped-LOGO__34.png","width":512,"height":512,"caption":"BE THE ONE"},"image":{"@id":"https:\/\/betheone.com.pl\/#\/schema\/logo\/image\/"}}]}},"featured_image_src_large":false,"author_info":[],"comment_info":0,"taxonomy_info":{"product_cat":[{"value":67,"label":"Bransoletki"}]},"_links":{"self":[{"href":"https:\/\/betheone.com.pl\/no\/wp-json\/wp\/v2\/product\/3718"}],"collection":[{"href":"https:\/\/betheone.com.pl\/no\/wp-json\/wp\/v2\/product"}],"about":[{"href":"https:\/\/betheone.com.pl\/no\/wp-json\/wp\/v2\/types\/product"}],"replies":[{"embeddable":true,"href":"https:\/\/betheone.com.pl\/no\/wp-json\/wp\/v2\/comments?post=3718"}],"wp:attachment":[{"href":"https:\/\/betheone.com.pl\/no\/wp-json\/wp\/v2\/media?parent=3718"}],"wp:term":[{"taxonomy":"product_cat","embeddable":true,"href":"https:\/\/betheone.com.pl\/no\/wp-json\/wp\/v2\/product_cat?post=3718"},{"taxonomy":"product_tag","embeddable":true,"href":"https:\/\/betheone.com.pl\/no\/wp-json\/wp\/v2\/product_tag?post=3718"}],"curies":[{"name":"wp","href":"https:\/\/api.w.org\/{rel}","templated":true}]}}