{"id":2958,"date":"2020-10-22T18:05:40","date_gmt":"2020-10-22T16:05:40","guid":{"rendered":"https:\/\/betheone.com.pl\/?post_type=product&#038;p=2958"},"modified":"2023-11-07T19:34:15","modified_gmt":"2023-11-07T18:34:15","slug":"kolczyki-ramona","status":"publish","type":"product","link":"https:\/\/betheone.com.pl\/no\/produkt\/kolczyki-ramona\/","title":{"rendered":"kolczyki RAMONA"},"content":{"rendered":"<p>Nieregularne, m\u0142otkowane okr\u0119gi po\u0142\u0105czone ze sob\u0105 czarn\u0105 aksamitk\u0105 oraz fasetowanym poz\u0142acanym koralikiem. Wszystko to wykonane r\u0119cznie z dba\u0142o\u015bci\u0105 o ka\u017cdy szczeg\u00f3\u0142. Bi\u017cuteri\u0119, kt\u00f3r\u0105 tutaj znajdziesz wykonuj\u0119 z ogromnym zaanga\u017cowaniem, u\u015bmiechem oraz wk\u0142adam w ni\u0105 mn\u00f3stwo pozytywnej energii.<\/p>\n<p>Sztyfty kolczyk\u00f3w s\u0105 srebrne.<\/p>\n<p>D\u0142ugo\u015b\u0107 kolczyka: ok 6.5 cm<\/p>\n<p>\u015arednica mniejszego okr\u0119gu: ok 2,5 cm<\/p>\n<p>\u015arednica wi\u0119kszego okr\u0119gu: ok 3,5 cm<\/p>\n<p>Bi\u017cuteria przyw\u0119druje do Ciebie w opakowaniu z logo, w takiej formie mo\u017ce by\u0107 podarowana jako prezent.<\/p>\n<p>Mosi\u0105dz zabezpieczany jest pow\u0142ok\u0105 chroni\u0105c\u0105 przed utlenianiem.<\/p>\n<p>Termin realizacji: 2-5 dni roboczych.<\/p>\n<p>Ka\u017cdy model bi\u017cuterii jest wykonany r\u0119cznie, dlatego poszczeg\u00f3lne egzemplarze mog\u0105 nieznacznie r\u00f3\u017cni\u0107 si\u0119 od modeli przedstawionych na zdj\u0119ciu.<\/p>\n<p>Bi\u017cuteria uwielbia, kiedy przechowujesz j\u0105 w oryginalnym opakowaniu, nie lubi si\u0119 z wod\u0105 i chemikaliami.<\/p>\n","protected":false},"excerpt":{"rendered":"<p>Nieregularne, m\u0142otkowane okr\u0119gi po\u0142\u0105czone ze sob\u0105 czarn\u0105 aksamitk\u0105 oraz fasetowanym poz\u0142acanym koralikiem. Wszystko to wykonane r\u0119cznie z dba\u0142o\u015bci\u0105 o ka\u017cdy szczeg\u00f3\u0142. Bi\u017cuteri\u0119, kt\u00f3r\u0105 tutaj znajdziesz wykonuj\u0119 z ogromnym zaanga\u017cowaniem, u\u015bmiechem oraz wk\u0142adam w ni\u0105 mn\u00f3stwo pozytywnej energii. Sztyfty kolczyk\u00f3w s\u0105 srebrne. D\u0142ugo\u015b\u0107 kolczyka: ok 6.5 cm \u015arednica mniejszego okr\u0119gu: ok 2,5 cm \u015arednica wi\u0119kszego okr\u0119gu: [&hellip;]<\/p>\n","protected":false},"featured_media":5112,"comment_status":"closed","ping_status":"closed","template":"","meta":{"inline_featured_image":false,"_kad_blocks_custom_css":"","_kad_blocks_head_custom_js":"","_kad_blocks_body_custom_js":"","_kad_blocks_footer_custom_js":""},"product_cat":[68],"product_tag":[],"acf":[],"yoast_head":"<!-- This site is optimized with the Yoast SEO plugin v22.1 - https:\/\/yoast.com\/wordpress\/plugins\/seo\/ -->\n<title>kolczyki RAMONA - BE THE ONE<\/title>\n<meta name=\"robots\" content=\"index, follow, max-snippet:-1, max-image-preview:large, max-video-preview:-1\" \/>\n<link rel=\"canonical\" href=\"https:\/\/betheone.com.pl\/produkt\/kolczyki-ramona\/\" \/>\n<meta property=\"og:locale\" content=\"nb_NO\" \/>\n<meta property=\"og:type\" content=\"article\" \/>\n<meta property=\"og:title\" content=\"kolczyki RAMONA - BE THE ONE\" \/>\n<meta property=\"og:description\" content=\"Nieregularne, m\u0142otkowane okr\u0119gi po\u0142\u0105czone ze sob\u0105 czarn\u0105 aksamitk\u0105 oraz fasetowanym poz\u0142acanym koralikiem. Wszystko to wykonane r\u0119cznie z dba\u0142o\u015bci\u0105 o ka\u017cdy szczeg\u00f3\u0142. Bi\u017cuteri\u0119, kt\u00f3r\u0105 tutaj znajdziesz wykonuj\u0119 z ogromnym zaanga\u017cowaniem, u\u015bmiechem oraz wk\u0142adam w ni\u0105 mn\u00f3stwo pozytywnej energii. Sztyfty kolczyk\u00f3w s\u0105 srebrne. D\u0142ugo\u015b\u0107 kolczyka: ok 6.5 cm \u015arednica mniejszego okr\u0119gu: ok 2,5 cm \u015arednica wi\u0119kszego okr\u0119gu: [&hellip;]\" \/>\n<meta property=\"og:url\" content=\"https:\/\/betheone.com.pl\/produkt\/kolczyki-ramona\/\" \/>\n<meta property=\"og:site_name\" content=\"BE THE ONE\" \/>\n<meta property=\"article:modified_time\" content=\"2023-11-07T18:34:15+00:00\" \/>\n<meta property=\"og:image\" content=\"https:\/\/betheone.com.pl\/wp-content\/uploads\/2022\/10\/Be-The-One-sesja-10-\u2014-kopia.jpg\" \/>\n\t<meta property=\"og:image:width\" content=\"866\" \/>\n\t<meta property=\"og:image:height\" content=\"866\" \/>\n\t<meta property=\"og:image:type\" content=\"image\/jpeg\" \/>\n<meta name=\"twitter:label1\" content=\"Ansl. lesetid\" \/>\n\t<meta name=\"twitter:data1\" content=\"1 minutt\" \/>\n<script type=\"application\/ld+json\" class=\"yoast-schema-graph\">{\"@context\":\"https:\/\/schema.org\",\"@graph\":[{\"@type\":\"WebPage\",\"@id\":\"https:\/\/betheone.com.pl\/produkt\/kolczyki-ramona\/\",\"url\":\"https:\/\/betheone.com.pl\/produkt\/kolczyki-ramona\/\",\"name\":\"kolczyki RAMONA - BE THE ONE\",\"isPartOf\":{\"@id\":\"https:\/\/betheone.com.pl\/#website\"},\"datePublished\":\"2020-10-22T16:05:40+00:00\",\"dateModified\":\"2023-11-07T18:34:15+00:00\",\"breadcrumb\":{\"@id\":\"https:\/\/betheone.com.pl\/produkt\/kolczyki-ramona\/#breadcrumb\"},\"inLanguage\":\"nb-NO\",\"potentialAction\":[{\"@type\":\"ReadAction\",\"target\":[\"https:\/\/betheone.com.pl\/produkt\/kolczyki-ramona\/\"]}]},{\"@type\":\"BreadcrumbList\",\"@id\":\"https:\/\/betheone.com.pl\/produkt\/kolczyki-ramona\/#breadcrumb\",\"itemListElement\":[{\"@type\":\"ListItem\",\"position\":1,\"name\":\"Strona g\u0142\u00f3wna\",\"item\":\"https:\/\/betheone.com.pl\/no\/\"},{\"@type\":\"ListItem\",\"position\":2,\"name\":\"Butikk\",\"item\":\"https:\/\/betheone.com.pl\/no\/sklep\/\"},{\"@type\":\"ListItem\",\"position\":3,\"name\":\"kolczyki RAMONA\"}]},{\"@type\":\"WebSite\",\"@id\":\"https:\/\/betheone.com.pl\/#website\",\"url\":\"https:\/\/betheone.com.pl\/\",\"name\":\"BE THE ONE\",\"description\":\"\",\"publisher\":{\"@id\":\"https:\/\/betheone.com.pl\/#organization\"},\"potentialAction\":[{\"@type\":\"SearchAction\",\"target\":{\"@type\":\"EntryPoint\",\"urlTemplate\":\"https:\/\/betheone.com.pl\/?s={search_term_string}\"},\"query-input\":\"required name=search_term_string\"}],\"inLanguage\":\"nb-NO\"},{\"@type\":\"Organization\",\"@id\":\"https:\/\/betheone.com.pl\/#organization\",\"name\":\"BE THE ONE\",\"url\":\"https:\/\/betheone.com.pl\/\",\"logo\":{\"@type\":\"ImageObject\",\"inLanguage\":\"nb-NO\",\"@id\":\"https:\/\/betheone.com.pl\/#\/schema\/logo\/image\/\",\"url\":\"https:\/\/betheone.com.pl\/wp-content\/uploads\/2025\/07\/cropped-LOGO__34.png\",\"contentUrl\":\"https:\/\/betheone.com.pl\/wp-content\/uploads\/2025\/07\/cropped-LOGO__34.png\",\"width\":512,\"height\":512,\"caption\":\"BE THE ONE\"},\"image\":{\"@id\":\"https:\/\/betheone.com.pl\/#\/schema\/logo\/image\/\"}}]}<\/script>\n<!-- \/ Yoast SEO plugin. -->","yoast_head_json":{"title":"kolczyki RAMONA - BE THE ONE","robots":{"index":"index","follow":"follow","max-snippet":"max-snippet:-1","max-image-preview":"max-image-preview:large","max-video-preview":"max-video-preview:-1"},"canonical":"https:\/\/betheone.com.pl\/produkt\/kolczyki-ramona\/","og_locale":"nb_NO","og_type":"article","og_title":"kolczyki RAMONA - BE THE ONE","og_description":"Nieregularne, m\u0142otkowane okr\u0119gi po\u0142\u0105czone ze sob\u0105 czarn\u0105 aksamitk\u0105 oraz fasetowanym poz\u0142acanym koralikiem. Wszystko to wykonane r\u0119cznie z dba\u0142o\u015bci\u0105 o ka\u017cdy szczeg\u00f3\u0142. Bi\u017cuteri\u0119, kt\u00f3r\u0105 tutaj znajdziesz wykonuj\u0119 z ogromnym zaanga\u017cowaniem, u\u015bmiechem oraz wk\u0142adam w ni\u0105 mn\u00f3stwo pozytywnej energii. Sztyfty kolczyk\u00f3w s\u0105 srebrne. D\u0142ugo\u015b\u0107 kolczyka: ok 6.5 cm \u015arednica mniejszego okr\u0119gu: ok 2,5 cm \u015arednica wi\u0119kszego okr\u0119gu: [&hellip;]","og_url":"https:\/\/betheone.com.pl\/produkt\/kolczyki-ramona\/","og_site_name":"BE THE ONE","article_modified_time":"2023-11-07T18:34:15+00:00","og_image":[{"width":866,"height":866,"url":"https:\/\/betheone.com.pl\/wp-content\/uploads\/2022\/10\/Be-The-One-sesja-10-\u2014-kopia.jpg","type":"image\/jpeg"}],"twitter_misc":{"Ansl. lesetid":"1 minutt"},"schema":{"@context":"https:\/\/schema.org","@graph":[{"@type":"WebPage","@id":"https:\/\/betheone.com.pl\/produkt\/kolczyki-ramona\/","url":"https:\/\/betheone.com.pl\/produkt\/kolczyki-ramona\/","name":"kolczyki RAMONA - BE THE ONE","isPartOf":{"@id":"https:\/\/betheone.com.pl\/#website"},"datePublished":"2020-10-22T16:05:40+00:00","dateModified":"2023-11-07T18:34:15+00:00","breadcrumb":{"@id":"https:\/\/betheone.com.pl\/produkt\/kolczyki-ramona\/#breadcrumb"},"inLanguage":"nb-NO","potentialAction":[{"@type":"ReadAction","target":["https:\/\/betheone.com.pl\/produkt\/kolczyki-ramona\/"]}]},{"@type":"BreadcrumbList","@id":"https:\/\/betheone.com.pl\/produkt\/kolczyki-ramona\/#breadcrumb","itemListElement":[{"@type":"ListItem","position":1,"name":"Strona g\u0142\u00f3wna","item":"https:\/\/betheone.com.pl\/no\/"},{"@type":"ListItem","position":2,"name":"Butikk","item":"https:\/\/betheone.com.pl\/no\/sklep\/"},{"@type":"ListItem","position":3,"name":"kolczyki RAMONA"}]},{"@type":"WebSite","@id":"https:\/\/betheone.com.pl\/#website","url":"https:\/\/betheone.com.pl\/","name":"BE THE ONE","description":"","publisher":{"@id":"https:\/\/betheone.com.pl\/#organization"},"potentialAction":[{"@type":"SearchAction","target":{"@type":"EntryPoint","urlTemplate":"https:\/\/betheone.com.pl\/?s={search_term_string}"},"query-input":"required name=search_term_string"}],"inLanguage":"nb-NO"},{"@type":"Organization","@id":"https:\/\/betheone.com.pl\/#organization","name":"BE THE ONE","url":"https:\/\/betheone.com.pl\/","logo":{"@type":"ImageObject","inLanguage":"nb-NO","@id":"https:\/\/betheone.com.pl\/#\/schema\/logo\/image\/","url":"https:\/\/betheone.com.pl\/wp-content\/uploads\/2025\/07\/cropped-LOGO__34.png","contentUrl":"https:\/\/betheone.com.pl\/wp-content\/uploads\/2025\/07\/cropped-LOGO__34.png","width":512,"height":512,"caption":"BE THE ONE"},"image":{"@id":"https:\/\/betheone.com.pl\/#\/schema\/logo\/image\/"}}]}},"featured_image_src_large":["https:\/\/betheone.com.pl\/wp-content\/uploads\/2022\/10\/Be-The-One-sesja-10-\u2014-kopia.jpg",866,866,false],"author_info":[],"comment_info":0,"taxonomy_info":{"product_cat":[{"value":68,"label":"Kolczyki"}]},"_links":{"self":[{"href":"https:\/\/betheone.com.pl\/no\/wp-json\/wp\/v2\/product\/2958"}],"collection":[{"href":"https:\/\/betheone.com.pl\/no\/wp-json\/wp\/v2\/product"}],"about":[{"href":"https:\/\/betheone.com.pl\/no\/wp-json\/wp\/v2\/types\/product"}],"replies":[{"embeddable":true,"href":"https:\/\/betheone.com.pl\/no\/wp-json\/wp\/v2\/comments?post=2958"}],"wp:featuredmedia":[{"embeddable":true,"href":"https:\/\/betheone.com.pl\/no\/wp-json\/wp\/v2\/media\/5112"}],"wp:attachment":[{"href":"https:\/\/betheone.com.pl\/no\/wp-json\/wp\/v2\/media?parent=2958"}],"wp:term":[{"taxonomy":"product_cat","embeddable":true,"href":"https:\/\/betheone.com.pl\/no\/wp-json\/wp\/v2\/product_cat?post=2958"},{"taxonomy":"product_tag","embeddable":true,"href":"https:\/\/betheone.com.pl\/no\/wp-json\/wp\/v2\/product_tag?post=2958"}],"curies":[{"name":"wp","href":"https:\/\/api.w.org\/{rel}","templated":true}]}}