{"id":2854,"date":"2020-10-21T22:08:39","date_gmt":"2020-10-21T20:08:39","guid":{"rendered":"https:\/\/betheone.com.pl\/?post_type=product&#038;p=2854"},"modified":"2023-09-04T14:43:12","modified_gmt":"2023-09-04T12:43:12","slug":"kolczyki-estela","status":"publish","type":"product","link":"https:\/\/betheone.com.pl\/no\/produkt\/kolczyki-estela\/","title":{"rendered":"kolczyki ESTELA"},"content":{"rendered":"<p>Eleganckie kolczyki wykonane z r\u0119cznie plecionych mosi\u0119\u017cnych k\u00f3\u0142eczek, metalowych element\u00f3w oraz wysokiej jako\u015bci aksamitki w czarnym kolorze.<\/p>\n<p>Bigle b\u0105d\u017a sztyfty: srebro poz\u0142acane<br \/>\nSzeroko\u015b\u0107 aksamitki: 0,9 mm<\/p>\n<p>\u015arednica ko\u0142a: ok. 3,5 cm<\/p>\n<p>Mosi\u0105dz zabezpieczany jest pow\u0142ok\u0105 chroni\u0105c\u0105 przed utlenianiem.<\/p>\n<p>Termin realizacji: 2-5 dni roboczych.<\/p>\n<p>Ka\u017cdy model bi\u017cuterii jest wykonany r\u0119cznie, dlatego poszczeg\u00f3lne egzemplarze mog\u0105 nieznacznie r\u00f3\u017cni\u0107 si\u0119 od modeli przedstawionych na zdj\u0119ciu.<\/p>\n<p>Bi\u017cuteria uwielbia, kiedy przechowujesz j\u0105 w oryginalnym opakowaniu, nie lubi si\u0119 z wod\u0105 i chemikaliami.<\/p>\n","protected":false},"excerpt":{"rendered":"<p>Eleganckie kolczyki wykonane z r\u0119cznie plecionych mosi\u0119\u017cnych k\u00f3\u0142eczek, metalowych element\u00f3w oraz wysokiej jako\u015bci aksamitki w czarnym kolorze. Bigle b\u0105d\u017a sztyfty: srebro poz\u0142acane Szeroko\u015b\u0107 aksamitki: 0,9 mm \u015arednica ko\u0142a: ok. 3,5 cm Mosi\u0105dz zabezpieczany jest pow\u0142ok\u0105 chroni\u0105c\u0105 przed utlenianiem. Termin realizacji: 2-5 dni roboczych. Ka\u017cdy model bi\u017cuterii jest wykonany r\u0119cznie, dlatego poszczeg\u00f3lne egzemplarze mog\u0105 nieznacznie r\u00f3\u017cni\u0107 [&hellip;]<\/p>\n","protected":false},"featured_media":3202,"comment_status":"closed","ping_status":"closed","template":"","meta":{"inline_featured_image":false,"_kad_blocks_custom_css":"","_kad_blocks_head_custom_js":"","_kad_blocks_body_custom_js":"","_kad_blocks_footer_custom_js":""},"product_cat":[68],"product_tag":[],"acf":[],"yoast_head":"<!-- This site is optimized with the Yoast SEO plugin v22.1 - https:\/\/yoast.com\/wordpress\/plugins\/seo\/ -->\n<title>kolczyki ESTELA - BE THE ONE<\/title>\n<meta name=\"robots\" content=\"index, follow, max-snippet:-1, max-image-preview:large, max-video-preview:-1\" \/>\n<link rel=\"canonical\" href=\"https:\/\/betheone.com.pl\/produkt\/kolczyki-estela\/\" \/>\n<meta property=\"og:locale\" content=\"nb_NO\" \/>\n<meta property=\"og:type\" content=\"article\" \/>\n<meta property=\"og:title\" content=\"kolczyki ESTELA - BE THE ONE\" \/>\n<meta property=\"og:description\" content=\"Eleganckie kolczyki wykonane z r\u0119cznie plecionych mosi\u0119\u017cnych k\u00f3\u0142eczek, metalowych element\u00f3w oraz wysokiej jako\u015bci aksamitki w czarnym kolorze. Bigle b\u0105d\u017a sztyfty: srebro poz\u0142acane Szeroko\u015b\u0107 aksamitki: 0,9 mm \u015arednica ko\u0142a: ok. 3,5 cm Mosi\u0105dz zabezpieczany jest pow\u0142ok\u0105 chroni\u0105c\u0105 przed utlenianiem. Termin realizacji: 2-5 dni roboczych. Ka\u017cdy model bi\u017cuterii jest wykonany r\u0119cznie, dlatego poszczeg\u00f3lne egzemplarze mog\u0105 nieznacznie r\u00f3\u017cni\u0107 [&hellip;]\" \/>\n<meta property=\"og:url\" content=\"https:\/\/betheone.com.pl\/produkt\/kolczyki-estela\/\" \/>\n<meta property=\"og:site_name\" content=\"BE THE ONE\" \/>\n<meta property=\"article:modified_time\" content=\"2023-09-04T12:43:12+00:00\" \/>\n<meta property=\"og:image\" content=\"https:\/\/betheone.com.pl\/wp-content\/uploads\/2021\/01\/kolczykikola-czarne2.jpg\" \/>\n\t<meta property=\"og:image:width\" content=\"1985\" \/>\n\t<meta property=\"og:image:height\" content=\"1987\" \/>\n\t<meta property=\"og:image:type\" content=\"image\/jpeg\" \/>\n<script type=\"application\/ld+json\" class=\"yoast-schema-graph\">{\"@context\":\"https:\/\/schema.org\",\"@graph\":[{\"@type\":\"WebPage\",\"@id\":\"https:\/\/betheone.com.pl\/produkt\/kolczyki-estela\/\",\"url\":\"https:\/\/betheone.com.pl\/produkt\/kolczyki-estela\/\",\"name\":\"kolczyki ESTELA - BE THE ONE\",\"isPartOf\":{\"@id\":\"https:\/\/betheone.com.pl\/#website\"},\"datePublished\":\"2020-10-21T20:08:39+00:00\",\"dateModified\":\"2023-09-04T12:43:12+00:00\",\"breadcrumb\":{\"@id\":\"https:\/\/betheone.com.pl\/produkt\/kolczyki-estela\/#breadcrumb\"},\"inLanguage\":\"nb-NO\",\"potentialAction\":[{\"@type\":\"ReadAction\",\"target\":[\"https:\/\/betheone.com.pl\/produkt\/kolczyki-estela\/\"]}]},{\"@type\":\"BreadcrumbList\",\"@id\":\"https:\/\/betheone.com.pl\/produkt\/kolczyki-estela\/#breadcrumb\",\"itemListElement\":[{\"@type\":\"ListItem\",\"position\":1,\"name\":\"Strona g\u0142\u00f3wna\",\"item\":\"https:\/\/betheone.com.pl\/no\/\"},{\"@type\":\"ListItem\",\"position\":2,\"name\":\"Butikk\",\"item\":\"https:\/\/betheone.com.pl\/no\/sklep\/\"},{\"@type\":\"ListItem\",\"position\":3,\"name\":\"kolczyki ESTELA\"}]},{\"@type\":\"WebSite\",\"@id\":\"https:\/\/betheone.com.pl\/#website\",\"url\":\"https:\/\/betheone.com.pl\/\",\"name\":\"BE THE ONE\",\"description\":\"\",\"publisher\":{\"@id\":\"https:\/\/betheone.com.pl\/#organization\"},\"potentialAction\":[{\"@type\":\"SearchAction\",\"target\":{\"@type\":\"EntryPoint\",\"urlTemplate\":\"https:\/\/betheone.com.pl\/?s={search_term_string}\"},\"query-input\":\"required name=search_term_string\"}],\"inLanguage\":\"nb-NO\"},{\"@type\":\"Organization\",\"@id\":\"https:\/\/betheone.com.pl\/#organization\",\"name\":\"BE THE ONE\",\"url\":\"https:\/\/betheone.com.pl\/\",\"logo\":{\"@type\":\"ImageObject\",\"inLanguage\":\"nb-NO\",\"@id\":\"https:\/\/betheone.com.pl\/#\/schema\/logo\/image\/\",\"url\":\"https:\/\/betheone.com.pl\/wp-content\/uploads\/2025\/07\/cropped-LOGO__34.png\",\"contentUrl\":\"https:\/\/betheone.com.pl\/wp-content\/uploads\/2025\/07\/cropped-LOGO__34.png\",\"width\":512,\"height\":512,\"caption\":\"BE THE ONE\"},\"image\":{\"@id\":\"https:\/\/betheone.com.pl\/#\/schema\/logo\/image\/\"}}]}<\/script>\n<!-- \/ Yoast SEO plugin. -->","yoast_head_json":{"title":"kolczyki ESTELA - BE THE ONE","robots":{"index":"index","follow":"follow","max-snippet":"max-snippet:-1","max-image-preview":"max-image-preview:large","max-video-preview":"max-video-preview:-1"},"canonical":"https:\/\/betheone.com.pl\/produkt\/kolczyki-estela\/","og_locale":"nb_NO","og_type":"article","og_title":"kolczyki ESTELA - BE THE ONE","og_description":"Eleganckie kolczyki wykonane z r\u0119cznie plecionych mosi\u0119\u017cnych k\u00f3\u0142eczek, metalowych element\u00f3w oraz wysokiej jako\u015bci aksamitki w czarnym kolorze. Bigle b\u0105d\u017a sztyfty: srebro poz\u0142acane Szeroko\u015b\u0107 aksamitki: 0,9 mm \u015arednica ko\u0142a: ok. 3,5 cm Mosi\u0105dz zabezpieczany jest pow\u0142ok\u0105 chroni\u0105c\u0105 przed utlenianiem. Termin realizacji: 2-5 dni roboczych. Ka\u017cdy model bi\u017cuterii jest wykonany r\u0119cznie, dlatego poszczeg\u00f3lne egzemplarze mog\u0105 nieznacznie r\u00f3\u017cni\u0107 [&hellip;]","og_url":"https:\/\/betheone.com.pl\/produkt\/kolczyki-estela\/","og_site_name":"BE THE ONE","article_modified_time":"2023-09-04T12:43:12+00:00","og_image":[{"width":1985,"height":1987,"url":"https:\/\/betheone.com.pl\/wp-content\/uploads\/2021\/01\/kolczykikola-czarne2.jpg","type":"image\/jpeg"}],"schema":{"@context":"https:\/\/schema.org","@graph":[{"@type":"WebPage","@id":"https:\/\/betheone.com.pl\/produkt\/kolczyki-estela\/","url":"https:\/\/betheone.com.pl\/produkt\/kolczyki-estela\/","name":"kolczyki ESTELA - BE THE ONE","isPartOf":{"@id":"https:\/\/betheone.com.pl\/#website"},"datePublished":"2020-10-21T20:08:39+00:00","dateModified":"2023-09-04T12:43:12+00:00","breadcrumb":{"@id":"https:\/\/betheone.com.pl\/produkt\/kolczyki-estela\/#breadcrumb"},"inLanguage":"nb-NO","potentialAction":[{"@type":"ReadAction","target":["https:\/\/betheone.com.pl\/produkt\/kolczyki-estela\/"]}]},{"@type":"BreadcrumbList","@id":"https:\/\/betheone.com.pl\/produkt\/kolczyki-estela\/#breadcrumb","itemListElement":[{"@type":"ListItem","position":1,"name":"Strona g\u0142\u00f3wna","item":"https:\/\/betheone.com.pl\/no\/"},{"@type":"ListItem","position":2,"name":"Butikk","item":"https:\/\/betheone.com.pl\/no\/sklep\/"},{"@type":"ListItem","position":3,"name":"kolczyki ESTELA"}]},{"@type":"WebSite","@id":"https:\/\/betheone.com.pl\/#website","url":"https:\/\/betheone.com.pl\/","name":"BE THE ONE","description":"","publisher":{"@id":"https:\/\/betheone.com.pl\/#organization"},"potentialAction":[{"@type":"SearchAction","target":{"@type":"EntryPoint","urlTemplate":"https:\/\/betheone.com.pl\/?s={search_term_string}"},"query-input":"required name=search_term_string"}],"inLanguage":"nb-NO"},{"@type":"Organization","@id":"https:\/\/betheone.com.pl\/#organization","name":"BE THE ONE","url":"https:\/\/betheone.com.pl\/","logo":{"@type":"ImageObject","inLanguage":"nb-NO","@id":"https:\/\/betheone.com.pl\/#\/schema\/logo\/image\/","url":"https:\/\/betheone.com.pl\/wp-content\/uploads\/2025\/07\/cropped-LOGO__34.png","contentUrl":"https:\/\/betheone.com.pl\/wp-content\/uploads\/2025\/07\/cropped-LOGO__34.png","width":512,"height":512,"caption":"BE THE ONE"},"image":{"@id":"https:\/\/betheone.com.pl\/#\/schema\/logo\/image\/"}}]}},"featured_image_src_large":["https:\/\/betheone.com.pl\/wp-content\/uploads\/2021\/01\/kolczykikola-czarne2-1024x1024.jpg",1024,1024,true],"author_info":[],"comment_info":0,"taxonomy_info":{"product_cat":[{"value":68,"label":"Kolczyki"}]},"_links":{"self":[{"href":"https:\/\/betheone.com.pl\/no\/wp-json\/wp\/v2\/product\/2854"}],"collection":[{"href":"https:\/\/betheone.com.pl\/no\/wp-json\/wp\/v2\/product"}],"about":[{"href":"https:\/\/betheone.com.pl\/no\/wp-json\/wp\/v2\/types\/product"}],"replies":[{"embeddable":true,"href":"https:\/\/betheone.com.pl\/no\/wp-json\/wp\/v2\/comments?post=2854"}],"wp:featuredmedia":[{"embeddable":true,"href":"https:\/\/betheone.com.pl\/no\/wp-json\/wp\/v2\/media\/3202"}],"wp:attachment":[{"href":"https:\/\/betheone.com.pl\/no\/wp-json\/wp\/v2\/media?parent=2854"}],"wp:term":[{"taxonomy":"product_cat","embeddable":true,"href":"https:\/\/betheone.com.pl\/no\/wp-json\/wp\/v2\/product_cat?post=2854"},{"taxonomy":"product_tag","embeddable":true,"href":"https:\/\/betheone.com.pl\/no\/wp-json\/wp\/v2\/product_tag?post=2854"}],"curies":[{"name":"wp","href":"https:\/\/api.w.org\/{rel}","templated":true}]}}