{"id":2492,"date":"2020-03-18T17:03:04","date_gmt":"2020-03-18T16:03:04","guid":{"rendered":"https:\/\/betheone.com.pl\/?post_type=product&#038;p=2492"},"modified":"2022-10-02T18:19:47","modified_gmt":"2022-10-02T16:19:47","slug":"kolczyki-josephine","status":"publish","type":"product","link":"https:\/\/betheone.com.pl\/no\/produkt\/kolczyki-josephine\/","title":{"rendered":"kolczyki JOSEPHINE"},"content":{"rendered":"<p>Kolczyki wykonane r\u0119cznie z mosi\u0105dzu jubilerskiego oraz naturalnych pere\u0142ek. R\u0119cznie t\u0142oczone ko\u0142a sprawiaj\u0105, \u017ce ka\u017cdy egzemplarz jest unikatowy.<\/p>\n<p>B\u0119d\u0105 cudownym dodatkiem do sukni \u015blubej, ale pozwol\u0105 poczu\u0107 Ci si\u0119 wyj\u0105tkowo r\u00f3wnie\u017c na co dzie\u0144.<\/p>\n<p>Sztyfty: srebro poz\u0142acane.<\/p>\n<p>Ca\u0142kowita d\u0142ugo\u015b\u0107: ok 6 cm<\/p>\n<p>Mosi\u0105dz zabezpieczany jest pow\u0142ok\u0105 chroni\u0105c\u0105 przed utlenianiem.<\/p>\n<p>Termin realizacji: 2-5 dni roboczych.<\/p>\n<p>Ka\u017cdy model bi\u017cuterii jest wykonany r\u0119cznie, dlatego poszczeg\u00f3lne egzemplarze mog\u0105 nieznacznie r\u00f3\u017cni\u0107 si\u0119 od modeli przedstawionych na zdj\u0119ciu.<\/p>\n<p>Bi\u017cuteria uwielbia, kiedy przechowujesz j\u0105 w oryginalnym opakowaniu, nie lubi si\u0119 z wod\u0105 i chemikaliami.<\/p>\n","protected":false},"excerpt":{"rendered":"<p>Kolczyki wykonane r\u0119cznie z mosi\u0105dzu jubilerskiego oraz naturalnych pere\u0142ek. R\u0119cznie t\u0142oczone ko\u0142a sprawiaj\u0105, \u017ce ka\u017cdy egzemplarz jest unikatowy. B\u0119d\u0105 cudownym dodatkiem do sukni \u015blubej, ale pozwol\u0105 poczu\u0107 Ci si\u0119 wyj\u0105tkowo r\u00f3wnie\u017c na co dzie\u0144. Sztyfty: srebro poz\u0142acane. Ca\u0142kowita d\u0142ugo\u015b\u0107: ok 6 cm Mosi\u0105dz zabezpieczany jest pow\u0142ok\u0105 chroni\u0105c\u0105 przed utlenianiem. Termin realizacji: 2-5 dni roboczych. Ka\u017cdy [&hellip;]<\/p>\n","protected":false},"featured_media":0,"comment_status":"closed","ping_status":"closed","template":"","meta":{"inline_featured_image":false,"_kad_blocks_custom_css":"","_kad_blocks_head_custom_js":"","_kad_blocks_body_custom_js":"","_kad_blocks_footer_custom_js":""},"product_cat":[68],"product_tag":[],"acf":[],"yoast_head":"<!-- This site is optimized with the Yoast SEO plugin v22.1 - https:\/\/yoast.com\/wordpress\/plugins\/seo\/ -->\n<title>kolczyki JOSEPHINE - BE THE ONE<\/title>\n<meta name=\"description\" content=\"Kolczyki wykonane r\u0119cznie z mosi\u0105dzu jubilerskiego oraz naturalnych pere\u0142ek. B\u0119d\u0105 cudownym dodatkiem do sukni \u015blubej, ale pozwol\u0105 poczu\u0107 Ci si\u0119 wyj\u0105tkowo r\u00f3wnie\u017c na co dzie\u0144.\" \/>\n<meta name=\"robots\" content=\"index, follow, max-snippet:-1, max-image-preview:large, max-video-preview:-1\" \/>\n<link rel=\"canonical\" href=\"https:\/\/betheone.com.pl\/produkt\/kolczyki-josephine\/\" \/>\n<meta property=\"og:locale\" content=\"nb_NO\" \/>\n<meta property=\"og:type\" content=\"article\" \/>\n<meta property=\"og:title\" content=\"kolczyki JOSEPHINE - BE THE ONE\" \/>\n<meta property=\"og:description\" content=\"Kolczyki wykonane r\u0119cznie z mosi\u0105dzu jubilerskiego oraz naturalnych pere\u0142ek. B\u0119d\u0105 cudownym dodatkiem do sukni \u015blubej, ale pozwol\u0105 poczu\u0107 Ci si\u0119 wyj\u0105tkowo r\u00f3wnie\u017c na co dzie\u0144.\" \/>\n<meta property=\"og:url\" content=\"https:\/\/betheone.com.pl\/produkt\/kolczyki-josephine\/\" \/>\n<meta property=\"og:site_name\" content=\"BE THE ONE\" \/>\n<meta property=\"article:modified_time\" content=\"2022-10-02T16:19:47+00:00\" \/>\n<meta property=\"og:image\" content=\"https:\/\/betheone.com.pl\/wp-content\/uploads\/2021\/01\/l.jpg\" \/>\n\t<meta property=\"og:image:width\" content=\"1766\" \/>\n\t<meta property=\"og:image:height\" content=\"1767\" \/>\n\t<meta property=\"og:image:type\" content=\"image\/jpeg\" \/>\n<meta name=\"twitter:label1\" content=\"Ansl. lesetid\" \/>\n\t<meta name=\"twitter:data1\" content=\"1 minutt\" \/>\n<script type=\"application\/ld+json\" class=\"yoast-schema-graph\">{\"@context\":\"https:\/\/schema.org\",\"@graph\":[{\"@type\":\"WebPage\",\"@id\":\"https:\/\/betheone.com.pl\/produkt\/kolczyki-josephine\/\",\"url\":\"https:\/\/betheone.com.pl\/produkt\/kolczyki-josephine\/\",\"name\":\"kolczyki JOSEPHINE - BE THE ONE\",\"isPartOf\":{\"@id\":\"https:\/\/betheone.com.pl\/#website\"},\"datePublished\":\"2020-03-18T16:03:04+00:00\",\"dateModified\":\"2022-10-02T16:19:47+00:00\",\"description\":\"Kolczyki wykonane r\u0119cznie z mosi\u0105dzu jubilerskiego oraz naturalnych pere\u0142ek. B\u0119d\u0105 cudownym dodatkiem do sukni \u015blubej, ale pozwol\u0105 poczu\u0107 Ci si\u0119 wyj\u0105tkowo r\u00f3wnie\u017c na co dzie\u0144.\",\"breadcrumb\":{\"@id\":\"https:\/\/betheone.com.pl\/produkt\/kolczyki-josephine\/#breadcrumb\"},\"inLanguage\":\"nb-NO\",\"potentialAction\":[{\"@type\":\"ReadAction\",\"target\":[\"https:\/\/betheone.com.pl\/produkt\/kolczyki-josephine\/\"]}]},{\"@type\":\"BreadcrumbList\",\"@id\":\"https:\/\/betheone.com.pl\/produkt\/kolczyki-josephine\/#breadcrumb\",\"itemListElement\":[{\"@type\":\"ListItem\",\"position\":1,\"name\":\"Strona g\u0142\u00f3wna\",\"item\":\"https:\/\/betheone.com.pl\/no\/\"},{\"@type\":\"ListItem\",\"position\":2,\"name\":\"Butikk\",\"item\":\"https:\/\/betheone.com.pl\/no\/sklep\/\"},{\"@type\":\"ListItem\",\"position\":3,\"name\":\"kolczyki JOSEPHINE\"}]},{\"@type\":\"WebSite\",\"@id\":\"https:\/\/betheone.com.pl\/#website\",\"url\":\"https:\/\/betheone.com.pl\/\",\"name\":\"BE THE ONE\",\"description\":\"\",\"publisher\":{\"@id\":\"https:\/\/betheone.com.pl\/#organization\"},\"potentialAction\":[{\"@type\":\"SearchAction\",\"target\":{\"@type\":\"EntryPoint\",\"urlTemplate\":\"https:\/\/betheone.com.pl\/?s={search_term_string}\"},\"query-input\":\"required name=search_term_string\"}],\"inLanguage\":\"nb-NO\"},{\"@type\":\"Organization\",\"@id\":\"https:\/\/betheone.com.pl\/#organization\",\"name\":\"BE THE ONE\",\"url\":\"https:\/\/betheone.com.pl\/\",\"logo\":{\"@type\":\"ImageObject\",\"inLanguage\":\"nb-NO\",\"@id\":\"https:\/\/betheone.com.pl\/#\/schema\/logo\/image\/\",\"url\":\"https:\/\/betheone.com.pl\/wp-content\/uploads\/2025\/07\/cropped-LOGO__34.png\",\"contentUrl\":\"https:\/\/betheone.com.pl\/wp-content\/uploads\/2025\/07\/cropped-LOGO__34.png\",\"width\":512,\"height\":512,\"caption\":\"BE THE ONE\"},\"image\":{\"@id\":\"https:\/\/betheone.com.pl\/#\/schema\/logo\/image\/\"}}]}<\/script>\n<!-- \/ Yoast SEO plugin. -->","yoast_head_json":{"title":"kolczyki JOSEPHINE - BE THE ONE","description":"Kolczyki wykonane r\u0119cznie z mosi\u0105dzu jubilerskiego oraz naturalnych pere\u0142ek. B\u0119d\u0105 cudownym dodatkiem do sukni \u015blubej, ale pozwol\u0105 poczu\u0107 Ci si\u0119 wyj\u0105tkowo r\u00f3wnie\u017c na co dzie\u0144.","robots":{"index":"index","follow":"follow","max-snippet":"max-snippet:-1","max-image-preview":"max-image-preview:large","max-video-preview":"max-video-preview:-1"},"canonical":"https:\/\/betheone.com.pl\/produkt\/kolczyki-josephine\/","og_locale":"nb_NO","og_type":"article","og_title":"kolczyki JOSEPHINE - BE THE ONE","og_description":"Kolczyki wykonane r\u0119cznie z mosi\u0105dzu jubilerskiego oraz naturalnych pere\u0142ek. B\u0119d\u0105 cudownym dodatkiem do sukni \u015blubej, ale pozwol\u0105 poczu\u0107 Ci si\u0119 wyj\u0105tkowo r\u00f3wnie\u017c na co dzie\u0144.","og_url":"https:\/\/betheone.com.pl\/produkt\/kolczyki-josephine\/","og_site_name":"BE THE ONE","article_modified_time":"2022-10-02T16:19:47+00:00","og_image":[{"width":1766,"height":1767,"url":"https:\/\/betheone.com.pl\/wp-content\/uploads\/2021\/01\/l.jpg","type":"image\/jpeg"}],"twitter_misc":{"Ansl. lesetid":"1 minutt"},"schema":{"@context":"https:\/\/schema.org","@graph":[{"@type":"WebPage","@id":"https:\/\/betheone.com.pl\/produkt\/kolczyki-josephine\/","url":"https:\/\/betheone.com.pl\/produkt\/kolczyki-josephine\/","name":"kolczyki JOSEPHINE - BE THE ONE","isPartOf":{"@id":"https:\/\/betheone.com.pl\/#website"},"datePublished":"2020-03-18T16:03:04+00:00","dateModified":"2022-10-02T16:19:47+00:00","description":"Kolczyki wykonane r\u0119cznie z mosi\u0105dzu jubilerskiego oraz naturalnych pere\u0142ek. B\u0119d\u0105 cudownym dodatkiem do sukni \u015blubej, ale pozwol\u0105 poczu\u0107 Ci si\u0119 wyj\u0105tkowo r\u00f3wnie\u017c na co dzie\u0144.","breadcrumb":{"@id":"https:\/\/betheone.com.pl\/produkt\/kolczyki-josephine\/#breadcrumb"},"inLanguage":"nb-NO","potentialAction":[{"@type":"ReadAction","target":["https:\/\/betheone.com.pl\/produkt\/kolczyki-josephine\/"]}]},{"@type":"BreadcrumbList","@id":"https:\/\/betheone.com.pl\/produkt\/kolczyki-josephine\/#breadcrumb","itemListElement":[{"@type":"ListItem","position":1,"name":"Strona g\u0142\u00f3wna","item":"https:\/\/betheone.com.pl\/no\/"},{"@type":"ListItem","position":2,"name":"Butikk","item":"https:\/\/betheone.com.pl\/no\/sklep\/"},{"@type":"ListItem","position":3,"name":"kolczyki JOSEPHINE"}]},{"@type":"WebSite","@id":"https:\/\/betheone.com.pl\/#website","url":"https:\/\/betheone.com.pl\/","name":"BE THE ONE","description":"","publisher":{"@id":"https:\/\/betheone.com.pl\/#organization"},"potentialAction":[{"@type":"SearchAction","target":{"@type":"EntryPoint","urlTemplate":"https:\/\/betheone.com.pl\/?s={search_term_string}"},"query-input":"required name=search_term_string"}],"inLanguage":"nb-NO"},{"@type":"Organization","@id":"https:\/\/betheone.com.pl\/#organization","name":"BE THE ONE","url":"https:\/\/betheone.com.pl\/","logo":{"@type":"ImageObject","inLanguage":"nb-NO","@id":"https:\/\/betheone.com.pl\/#\/schema\/logo\/image\/","url":"https:\/\/betheone.com.pl\/wp-content\/uploads\/2025\/07\/cropped-LOGO__34.png","contentUrl":"https:\/\/betheone.com.pl\/wp-content\/uploads\/2025\/07\/cropped-LOGO__34.png","width":512,"height":512,"caption":"BE THE ONE"},"image":{"@id":"https:\/\/betheone.com.pl\/#\/schema\/logo\/image\/"}}]}},"featured_image_src_large":false,"author_info":[],"comment_info":0,"taxonomy_info":{"product_cat":[{"value":68,"label":"Kolczyki"}]},"_links":{"self":[{"href":"https:\/\/betheone.com.pl\/no\/wp-json\/wp\/v2\/product\/2492"}],"collection":[{"href":"https:\/\/betheone.com.pl\/no\/wp-json\/wp\/v2\/product"}],"about":[{"href":"https:\/\/betheone.com.pl\/no\/wp-json\/wp\/v2\/types\/product"}],"replies":[{"embeddable":true,"href":"https:\/\/betheone.com.pl\/no\/wp-json\/wp\/v2\/comments?post=2492"}],"wp:attachment":[{"href":"https:\/\/betheone.com.pl\/no\/wp-json\/wp\/v2\/media?parent=2492"}],"wp:term":[{"taxonomy":"product_cat","embeddable":true,"href":"https:\/\/betheone.com.pl\/no\/wp-json\/wp\/v2\/product_cat?post=2492"},{"taxonomy":"product_tag","embeddable":true,"href":"https:\/\/betheone.com.pl\/no\/wp-json\/wp\/v2\/product_tag?post=2492"}],"curies":[{"name":"wp","href":"https:\/\/api.w.org\/{rel}","templated":true}]}}