{"id":1884,"date":"2019-08-23T08:49:06","date_gmt":"2019-08-23T06:49:06","guid":{"rendered":"https:\/\/betheone.com.pl\/?post_type=product&#038;p=1884"},"modified":"2022-01-20T11:17:50","modified_gmt":"2022-01-20T10:17:50","slug":"mosiezny-okrag-kolczyki-2","status":"publish","type":"product","link":"https:\/\/betheone.com.pl\/no\/produkt\/mosiezny-okrag-kolczyki-2\/","title":{"rendered":"kolczyki PAULINE"},"content":{"rendered":"<p>Kolczyki wykonane z r\u0119cznie wyci\u0119tego oraz zmatowionego, mosi\u0119\u017cnego okr\u0119gu, metalowych element\u00f3w oraz wysokiej jako\u015bci aksamitki w kolorze pudrowego r\u00f3\u017cu.<\/p>\n<p><span class=\"book\">Mo\u017cliwo\u015b\u0107 zam\u00f3wienia aksamitki w innym kolorze \u2013 wyb\u00f3r opcji powy\u017cej.<\/span><\/p>\n<p>Bigle: srebro poz\u0142acane<br \/>\nSzeroko\u015b\u0107 aksamitki: 0,9 mm<\/p>\n<p>\u015arednica okr\u0119gu: ok. 4,5 cm<\/p>\n<p>D\u0142ugo\u015b\u0107 ca\u0142ego kolczyka: ok. 6 cm<\/p>\n<p>Ka\u017cdy produkt, kt\u00f3ry tutaj znajdziesz wykonuj\u0119 z niezwyk\u0142\u0105 staranno\u015bci\u0105 i wk\u0142adam w niego du\u017co pozytywnej energii.<\/p>\n<p>Bi\u017cuteria przyw\u0119druje do Ciebie w opakowaniu z logo, w takiej formie mo\u017ce by\u0107 podarowana jako prezent.<\/p>\n<p>Mosi\u0105dz zabezpieczany jest pow\u0142ok\u0105 chroni\u0105c\u0105 przed utlenianiem.<\/p>\n<p>Termin realizacji: 2-5 dni roboczych.<\/p>\n<p>Ka\u017cdy model bi\u017cuterii jest wykonany r\u0119cznie, dlatego poszczeg\u00f3lne egzemplarze mog\u0105 nieznacznie r\u00f3\u017cni\u0107 si\u0119 od modeli przedstawionych na zdj\u0119ciu.<\/p>\n<p>Bi\u017cuteria uwielbia, kiedy przechowujesz j\u0105 w oryginalnym opakowaniu, nie lubi si\u0119 z wod\u0105 i chemikaliami.<\/p>\n","protected":false},"excerpt":{"rendered":"<p>Kolczyki wykonane z r\u0119cznie wyci\u0119tego oraz zmatowionego, mosi\u0119\u017cnego okr\u0119gu, metalowych element\u00f3w oraz wysokiej jako\u015bci aksamitki w kolorze pudrowego r\u00f3\u017cu. Mo\u017cliwo\u015b\u0107 zam\u00f3wienia aksamitki w innym kolorze \u2013 wyb\u00f3r opcji powy\u017cej. Bigle: srebro poz\u0142acane Szeroko\u015b\u0107 aksamitki: 0,9 mm \u015arednica okr\u0119gu: ok. 4,5 cm D\u0142ugo\u015b\u0107 ca\u0142ego kolczyka: ok. 6 cm Ka\u017cdy produkt, kt\u00f3ry tutaj znajdziesz wykonuj\u0119 z niezwyk\u0142\u0105 [&hellip;]<\/p>\n","protected":false},"featured_media":3267,"comment_status":"closed","ping_status":"closed","template":"","meta":{"inline_featured_image":false,"_kad_blocks_custom_css":"","_kad_blocks_head_custom_js":"","_kad_blocks_body_custom_js":"","_kad_blocks_footer_custom_js":""},"product_cat":[68],"product_tag":[],"acf":[],"yoast_head":"<!-- This site is optimized with the Yoast SEO plugin v22.1 - https:\/\/yoast.com\/wordpress\/plugins\/seo\/ -->\n<title>kolczyki PAULINE - BE THE ONE<\/title>\n<meta name=\"robots\" content=\"index, follow, max-snippet:-1, max-image-preview:large, max-video-preview:-1\" \/>\n<link rel=\"canonical\" href=\"https:\/\/betheone.com.pl\/produkt\/mosiezny-okrag-kolczyki-2\/\" \/>\n<meta property=\"og:locale\" content=\"nb_NO\" \/>\n<meta property=\"og:type\" content=\"article\" \/>\n<meta property=\"og:title\" content=\"kolczyki PAULINE - BE THE ONE\" \/>\n<meta property=\"og:description\" content=\"Kolczyki wykonane z r\u0119cznie wyci\u0119tego oraz zmatowionego, mosi\u0119\u017cnego okr\u0119gu, metalowych element\u00f3w oraz wysokiej jako\u015bci aksamitki w kolorze pudrowego r\u00f3\u017cu. Mo\u017cliwo\u015b\u0107 zam\u00f3wienia aksamitki w innym kolorze \u2013 wyb\u00f3r opcji powy\u017cej. Bigle: srebro poz\u0142acane Szeroko\u015b\u0107 aksamitki: 0,9 mm \u015arednica okr\u0119gu: ok. 4,5 cm D\u0142ugo\u015b\u0107 ca\u0142ego kolczyka: ok. 6 cm Ka\u017cdy produkt, kt\u00f3ry tutaj znajdziesz wykonuj\u0119 z niezwyk\u0142\u0105 [&hellip;]\" \/>\n<meta property=\"og:url\" content=\"https:\/\/betheone.com.pl\/produkt\/mosiezny-okrag-kolczyki-2\/\" \/>\n<meta property=\"og:site_name\" content=\"BE THE ONE\" \/>\n<meta property=\"article:modified_time\" content=\"2022-01-20T10:17:50+00:00\" \/>\n<meta property=\"og:image\" content=\"https:\/\/betheone.com.pl\/wp-content\/uploads\/2021\/01\/kolczyki-roz.jpg\" \/>\n\t<meta property=\"og:image:width\" content=\"2063\" \/>\n\t<meta property=\"og:image:height\" content=\"2063\" \/>\n\t<meta property=\"og:image:type\" content=\"image\/jpeg\" \/>\n<meta name=\"twitter:label1\" content=\"Ansl. lesetid\" \/>\n\t<meta name=\"twitter:data1\" content=\"1 minutt\" \/>\n<script type=\"application\/ld+json\" class=\"yoast-schema-graph\">{\"@context\":\"https:\/\/schema.org\",\"@graph\":[{\"@type\":\"WebPage\",\"@id\":\"https:\/\/betheone.com.pl\/produkt\/mosiezny-okrag-kolczyki-2\/\",\"url\":\"https:\/\/betheone.com.pl\/produkt\/mosiezny-okrag-kolczyki-2\/\",\"name\":\"kolczyki PAULINE - BE THE ONE\",\"isPartOf\":{\"@id\":\"https:\/\/betheone.com.pl\/#website\"},\"datePublished\":\"2019-08-23T06:49:06+00:00\",\"dateModified\":\"2022-01-20T10:17:50+00:00\",\"breadcrumb\":{\"@id\":\"https:\/\/betheone.com.pl\/produkt\/mosiezny-okrag-kolczyki-2\/#breadcrumb\"},\"inLanguage\":\"nb-NO\",\"potentialAction\":[{\"@type\":\"ReadAction\",\"target\":[\"https:\/\/betheone.com.pl\/produkt\/mosiezny-okrag-kolczyki-2\/\"]}]},{\"@type\":\"BreadcrumbList\",\"@id\":\"https:\/\/betheone.com.pl\/produkt\/mosiezny-okrag-kolczyki-2\/#breadcrumb\",\"itemListElement\":[{\"@type\":\"ListItem\",\"position\":1,\"name\":\"Strona g\u0142\u00f3wna\",\"item\":\"https:\/\/betheone.com.pl\/no\/\"},{\"@type\":\"ListItem\",\"position\":2,\"name\":\"Butikk\",\"item\":\"https:\/\/betheone.com.pl\/no\/sklep\/\"},{\"@type\":\"ListItem\",\"position\":3,\"name\":\"kolczyki PAULINE\"}]},{\"@type\":\"WebSite\",\"@id\":\"https:\/\/betheone.com.pl\/#website\",\"url\":\"https:\/\/betheone.com.pl\/\",\"name\":\"BE THE ONE\",\"description\":\"\",\"publisher\":{\"@id\":\"https:\/\/betheone.com.pl\/#organization\"},\"potentialAction\":[{\"@type\":\"SearchAction\",\"target\":{\"@type\":\"EntryPoint\",\"urlTemplate\":\"https:\/\/betheone.com.pl\/?s={search_term_string}\"},\"query-input\":\"required name=search_term_string\"}],\"inLanguage\":\"nb-NO\"},{\"@type\":\"Organization\",\"@id\":\"https:\/\/betheone.com.pl\/#organization\",\"name\":\"BE THE ONE\",\"url\":\"https:\/\/betheone.com.pl\/\",\"logo\":{\"@type\":\"ImageObject\",\"inLanguage\":\"nb-NO\",\"@id\":\"https:\/\/betheone.com.pl\/#\/schema\/logo\/image\/\",\"url\":\"https:\/\/betheone.com.pl\/wp-content\/uploads\/2025\/07\/cropped-LOGO__34.png\",\"contentUrl\":\"https:\/\/betheone.com.pl\/wp-content\/uploads\/2025\/07\/cropped-LOGO__34.png\",\"width\":512,\"height\":512,\"caption\":\"BE THE ONE\"},\"image\":{\"@id\":\"https:\/\/betheone.com.pl\/#\/schema\/logo\/image\/\"}}]}<\/script>\n<!-- \/ Yoast SEO plugin. -->","yoast_head_json":{"title":"kolczyki PAULINE - BE THE ONE","robots":{"index":"index","follow":"follow","max-snippet":"max-snippet:-1","max-image-preview":"max-image-preview:large","max-video-preview":"max-video-preview:-1"},"canonical":"https:\/\/betheone.com.pl\/produkt\/mosiezny-okrag-kolczyki-2\/","og_locale":"nb_NO","og_type":"article","og_title":"kolczyki PAULINE - BE THE ONE","og_description":"Kolczyki wykonane z r\u0119cznie wyci\u0119tego oraz zmatowionego, mosi\u0119\u017cnego okr\u0119gu, metalowych element\u00f3w oraz wysokiej jako\u015bci aksamitki w kolorze pudrowego r\u00f3\u017cu. Mo\u017cliwo\u015b\u0107 zam\u00f3wienia aksamitki w innym kolorze \u2013 wyb\u00f3r opcji powy\u017cej. Bigle: srebro poz\u0142acane Szeroko\u015b\u0107 aksamitki: 0,9 mm \u015arednica okr\u0119gu: ok. 4,5 cm D\u0142ugo\u015b\u0107 ca\u0142ego kolczyka: ok. 6 cm Ka\u017cdy produkt, kt\u00f3ry tutaj znajdziesz wykonuj\u0119 z niezwyk\u0142\u0105 [&hellip;]","og_url":"https:\/\/betheone.com.pl\/produkt\/mosiezny-okrag-kolczyki-2\/","og_site_name":"BE THE ONE","article_modified_time":"2022-01-20T10:17:50+00:00","og_image":[{"width":2063,"height":2063,"url":"https:\/\/betheone.com.pl\/wp-content\/uploads\/2021\/01\/kolczyki-roz.jpg","type":"image\/jpeg"}],"twitter_misc":{"Ansl. lesetid":"1 minutt"},"schema":{"@context":"https:\/\/schema.org","@graph":[{"@type":"WebPage","@id":"https:\/\/betheone.com.pl\/produkt\/mosiezny-okrag-kolczyki-2\/","url":"https:\/\/betheone.com.pl\/produkt\/mosiezny-okrag-kolczyki-2\/","name":"kolczyki PAULINE - BE THE ONE","isPartOf":{"@id":"https:\/\/betheone.com.pl\/#website"},"datePublished":"2019-08-23T06:49:06+00:00","dateModified":"2022-01-20T10:17:50+00:00","breadcrumb":{"@id":"https:\/\/betheone.com.pl\/produkt\/mosiezny-okrag-kolczyki-2\/#breadcrumb"},"inLanguage":"nb-NO","potentialAction":[{"@type":"ReadAction","target":["https:\/\/betheone.com.pl\/produkt\/mosiezny-okrag-kolczyki-2\/"]}]},{"@type":"BreadcrumbList","@id":"https:\/\/betheone.com.pl\/produkt\/mosiezny-okrag-kolczyki-2\/#breadcrumb","itemListElement":[{"@type":"ListItem","position":1,"name":"Strona g\u0142\u00f3wna","item":"https:\/\/betheone.com.pl\/no\/"},{"@type":"ListItem","position":2,"name":"Butikk","item":"https:\/\/betheone.com.pl\/no\/sklep\/"},{"@type":"ListItem","position":3,"name":"kolczyki PAULINE"}]},{"@type":"WebSite","@id":"https:\/\/betheone.com.pl\/#website","url":"https:\/\/betheone.com.pl\/","name":"BE THE ONE","description":"","publisher":{"@id":"https:\/\/betheone.com.pl\/#organization"},"potentialAction":[{"@type":"SearchAction","target":{"@type":"EntryPoint","urlTemplate":"https:\/\/betheone.com.pl\/?s={search_term_string}"},"query-input":"required name=search_term_string"}],"inLanguage":"nb-NO"},{"@type":"Organization","@id":"https:\/\/betheone.com.pl\/#organization","name":"BE THE ONE","url":"https:\/\/betheone.com.pl\/","logo":{"@type":"ImageObject","inLanguage":"nb-NO","@id":"https:\/\/betheone.com.pl\/#\/schema\/logo\/image\/","url":"https:\/\/betheone.com.pl\/wp-content\/uploads\/2025\/07\/cropped-LOGO__34.png","contentUrl":"https:\/\/betheone.com.pl\/wp-content\/uploads\/2025\/07\/cropped-LOGO__34.png","width":512,"height":512,"caption":"BE THE ONE"},"image":{"@id":"https:\/\/betheone.com.pl\/#\/schema\/logo\/image\/"}}]}},"featured_image_src_large":["https:\/\/betheone.com.pl\/wp-content\/uploads\/2021\/01\/kolczyki-roz-1024x1024.jpg",1024,1024,true],"author_info":[],"comment_info":0,"taxonomy_info":{"product_cat":[{"value":68,"label":"Kolczyki"}]},"_links":{"self":[{"href":"https:\/\/betheone.com.pl\/no\/wp-json\/wp\/v2\/product\/1884"}],"collection":[{"href":"https:\/\/betheone.com.pl\/no\/wp-json\/wp\/v2\/product"}],"about":[{"href":"https:\/\/betheone.com.pl\/no\/wp-json\/wp\/v2\/types\/product"}],"replies":[{"embeddable":true,"href":"https:\/\/betheone.com.pl\/no\/wp-json\/wp\/v2\/comments?post=1884"}],"wp:featuredmedia":[{"embeddable":true,"href":"https:\/\/betheone.com.pl\/no\/wp-json\/wp\/v2\/media\/3267"}],"wp:attachment":[{"href":"https:\/\/betheone.com.pl\/no\/wp-json\/wp\/v2\/media?parent=1884"}],"wp:term":[{"taxonomy":"product_cat","embeddable":true,"href":"https:\/\/betheone.com.pl\/no\/wp-json\/wp\/v2\/product_cat?post=1884"},{"taxonomy":"product_tag","embeddable":true,"href":"https:\/\/betheone.com.pl\/no\/wp-json\/wp\/v2\/product_tag?post=1884"}],"curies":[{"name":"wp","href":"https:\/\/api.w.org\/{rel}","templated":true}]}}