{"id":1746,"date":"2019-06-06T23:28:20","date_gmt":"2019-06-06T21:28:20","guid":{"rendered":"https:\/\/betheone.com.pl\/?post_type=product&#038;p=1746"},"modified":"2021-01-14T14:06:41","modified_gmt":"2021-01-14T13:06:41","slug":"pearl-bransoleta","status":"publish","type":"product","link":"https:\/\/betheone.com.pl\/no\/produkt\/pearl-bransoleta\/","title":{"rendered":"bransoleta PERLA"},"content":{"rendered":"<p>Bransoleta wykonana r\u0119cznie z mosi\u0105dzu jubilerskiego. Subtelno\u015bci dodaje jej naturalna pere\u0142ka zawieszona na ogniwkach ze srebra poz\u0142acanego.<\/p>\n<p>Bransoleta dost\u0119pna w wersji satynowej lub matowej. Na zdj\u0119ciu zewn\u0119trzne wyko\u0144czenie bransolety &#8211; satynowe.<\/p>\n<p><span class=\"book\">Przy zam\u00f3wieniu w uwagach nale\u017cy poda\u0107 obw\u00f3d nadgarstka.<\/span><\/p>\n<p>Szeroko\u015b\u0107: ok. 2 cm<\/p>\n<p>Mosi\u0105dz zabezpieczany jest pow\u0142ok\u0105 chroni\u0105c\u0105 przed utlenianiem. Nale\u017cy chroni\u0107 bi\u017cuteri\u0119 przed uszkodzeniami mechanicznymi, gdy\u017c pow\u0142oka mo\u017ce ulec uszkodzeniu.<\/p>\n<p>Termin realizacji: 2-5 dni roboczych.<\/p>\n<p>Ka\u017cdy model bi\u017cuterii jest wykonany r\u0119cznie, dlatego poszczeg\u00f3lne egzemplarze mog\u0105 nieznacznie r\u00f3\u017cni\u0107 si\u0119 od modeli przedstawionych na zdj\u0119ciu.<\/p>\n<p>Bi\u017cuteria uwielbia, kiedy przechowujesz j\u0105 w oryginalnym opakowaniu, nie lubi si\u0119 z wod\u0105 i chemikaliami.<\/p>\n","protected":false},"excerpt":{"rendered":"<p>Bransoleta wykonana r\u0119cznie z mosi\u0105dzu jubilerskiego. Subtelno\u015bci dodaje jej naturalna pere\u0142ka zawieszona na ogniwkach ze srebra poz\u0142acanego. Bransoleta dost\u0119pna w wersji satynowej lub matowej. Na zdj\u0119ciu zewn\u0119trzne wyko\u0144czenie bransolety &#8211; satynowe. Przy zam\u00f3wieniu w uwagach nale\u017cy poda\u0107 obw\u00f3d nadgarstka. Szeroko\u015b\u0107: ok. 2 cm Mosi\u0105dz zabezpieczany jest pow\u0142ok\u0105 chroni\u0105c\u0105 przed utlenianiem. Nale\u017cy chroni\u0107 bi\u017cuteri\u0119 przed uszkodzeniami [&hellip;]<\/p>\n","protected":false},"featured_media":0,"comment_status":"closed","ping_status":"closed","template":"","meta":{"inline_featured_image":false,"_kad_blocks_custom_css":"","_kad_blocks_head_custom_js":"","_kad_blocks_body_custom_js":"","_kad_blocks_footer_custom_js":""},"product_cat":[67],"product_tag":[],"acf":[],"yoast_head":"<!-- This site is optimized with the Yoast SEO plugin v22.1 - https:\/\/yoast.com\/wordpress\/plugins\/seo\/ -->\n<title>bransoleta PERLA - BE THE ONE<\/title>\n<meta name=\"robots\" content=\"index, follow, max-snippet:-1, max-image-preview:large, max-video-preview:-1\" \/>\n<link rel=\"canonical\" href=\"https:\/\/betheone.com.pl\/produkt\/pearl-bransoleta\/\" \/>\n<meta property=\"og:locale\" content=\"nb_NO\" \/>\n<meta property=\"og:type\" content=\"article\" \/>\n<meta property=\"og:title\" content=\"bransoleta PERLA - BE THE ONE\" \/>\n<meta property=\"og:description\" content=\"Bransoleta wykonana r\u0119cznie z mosi\u0105dzu jubilerskiego. Subtelno\u015bci dodaje jej naturalna pere\u0142ka zawieszona na ogniwkach ze srebra poz\u0142acanego. Bransoleta dost\u0119pna w wersji satynowej lub matowej. Na zdj\u0119ciu zewn\u0119trzne wyko\u0144czenie bransolety &#8211; satynowe. Przy zam\u00f3wieniu w uwagach nale\u017cy poda\u0107 obw\u00f3d nadgarstka. Szeroko\u015b\u0107: ok. 2 cm Mosi\u0105dz zabezpieczany jest pow\u0142ok\u0105 chroni\u0105c\u0105 przed utlenianiem. Nale\u017cy chroni\u0107 bi\u017cuteri\u0119 przed uszkodzeniami [&hellip;]\" \/>\n<meta property=\"og:url\" content=\"https:\/\/betheone.com.pl\/produkt\/pearl-bransoleta\/\" \/>\n<meta property=\"og:site_name\" content=\"BE THE ONE\" \/>\n<meta property=\"article:modified_time\" content=\"2021-01-14T13:06:41+00:00\" \/>\n<meta property=\"og:image\" content=\"https:\/\/betheone.com.pl\/wp-content\/uploads\/2019\/06\/19-scaled.jpg\" \/>\n\t<meta property=\"og:image:width\" content=\"2560\" \/>\n\t<meta property=\"og:image:height\" content=\"2560\" \/>\n\t<meta property=\"og:image:type\" content=\"image\/jpeg\" \/>\n<meta name=\"twitter:label1\" content=\"Ansl. lesetid\" \/>\n\t<meta name=\"twitter:data1\" content=\"1 minutt\" \/>\n<script type=\"application\/ld+json\" class=\"yoast-schema-graph\">{\"@context\":\"https:\/\/schema.org\",\"@graph\":[{\"@type\":\"WebPage\",\"@id\":\"https:\/\/betheone.com.pl\/produkt\/pearl-bransoleta\/\",\"url\":\"https:\/\/betheone.com.pl\/produkt\/pearl-bransoleta\/\",\"name\":\"bransoleta PERLA - BE THE ONE\",\"isPartOf\":{\"@id\":\"https:\/\/betheone.com.pl\/#website\"},\"datePublished\":\"2019-06-06T21:28:20+00:00\",\"dateModified\":\"2021-01-14T13:06:41+00:00\",\"breadcrumb\":{\"@id\":\"https:\/\/betheone.com.pl\/produkt\/pearl-bransoleta\/#breadcrumb\"},\"inLanguage\":\"nb-NO\",\"potentialAction\":[{\"@type\":\"ReadAction\",\"target\":[\"https:\/\/betheone.com.pl\/produkt\/pearl-bransoleta\/\"]}]},{\"@type\":\"BreadcrumbList\",\"@id\":\"https:\/\/betheone.com.pl\/produkt\/pearl-bransoleta\/#breadcrumb\",\"itemListElement\":[{\"@type\":\"ListItem\",\"position\":1,\"name\":\"Strona g\u0142\u00f3wna\",\"item\":\"https:\/\/betheone.com.pl\/no\/\"},{\"@type\":\"ListItem\",\"position\":2,\"name\":\"Butikk\",\"item\":\"https:\/\/betheone.com.pl\/no\/sklep\/\"},{\"@type\":\"ListItem\",\"position\":3,\"name\":\"bransoleta PERLA\"}]},{\"@type\":\"WebSite\",\"@id\":\"https:\/\/betheone.com.pl\/#website\",\"url\":\"https:\/\/betheone.com.pl\/\",\"name\":\"BE THE ONE\",\"description\":\"\",\"publisher\":{\"@id\":\"https:\/\/betheone.com.pl\/#organization\"},\"potentialAction\":[{\"@type\":\"SearchAction\",\"target\":{\"@type\":\"EntryPoint\",\"urlTemplate\":\"https:\/\/betheone.com.pl\/?s={search_term_string}\"},\"query-input\":\"required name=search_term_string\"}],\"inLanguage\":\"nb-NO\"},{\"@type\":\"Organization\",\"@id\":\"https:\/\/betheone.com.pl\/#organization\",\"name\":\"BE THE ONE\",\"url\":\"https:\/\/betheone.com.pl\/\",\"logo\":{\"@type\":\"ImageObject\",\"inLanguage\":\"nb-NO\",\"@id\":\"https:\/\/betheone.com.pl\/#\/schema\/logo\/image\/\",\"url\":\"https:\/\/betheone.com.pl\/wp-content\/uploads\/2025\/07\/cropped-LOGO__34.png\",\"contentUrl\":\"https:\/\/betheone.com.pl\/wp-content\/uploads\/2025\/07\/cropped-LOGO__34.png\",\"width\":512,\"height\":512,\"caption\":\"BE THE ONE\"},\"image\":{\"@id\":\"https:\/\/betheone.com.pl\/#\/schema\/logo\/image\/\"}}]}<\/script>\n<!-- \/ Yoast SEO plugin. -->","yoast_head_json":{"title":"bransoleta PERLA - BE THE ONE","robots":{"index":"index","follow":"follow","max-snippet":"max-snippet:-1","max-image-preview":"max-image-preview:large","max-video-preview":"max-video-preview:-1"},"canonical":"https:\/\/betheone.com.pl\/produkt\/pearl-bransoleta\/","og_locale":"nb_NO","og_type":"article","og_title":"bransoleta PERLA - BE THE ONE","og_description":"Bransoleta wykonana r\u0119cznie z mosi\u0105dzu jubilerskiego. Subtelno\u015bci dodaje jej naturalna pere\u0142ka zawieszona na ogniwkach ze srebra poz\u0142acanego. Bransoleta dost\u0119pna w wersji satynowej lub matowej. Na zdj\u0119ciu zewn\u0119trzne wyko\u0144czenie bransolety &#8211; satynowe. Przy zam\u00f3wieniu w uwagach nale\u017cy poda\u0107 obw\u00f3d nadgarstka. Szeroko\u015b\u0107: ok. 2 cm Mosi\u0105dz zabezpieczany jest pow\u0142ok\u0105 chroni\u0105c\u0105 przed utlenianiem. Nale\u017cy chroni\u0107 bi\u017cuteri\u0119 przed uszkodzeniami [&hellip;]","og_url":"https:\/\/betheone.com.pl\/produkt\/pearl-bransoleta\/","og_site_name":"BE THE ONE","article_modified_time":"2021-01-14T13:06:41+00:00","og_image":[{"width":2560,"height":2560,"url":"https:\/\/betheone.com.pl\/wp-content\/uploads\/2019\/06\/19-scaled.jpg","type":"image\/jpeg"}],"twitter_misc":{"Ansl. lesetid":"1 minutt"},"schema":{"@context":"https:\/\/schema.org","@graph":[{"@type":"WebPage","@id":"https:\/\/betheone.com.pl\/produkt\/pearl-bransoleta\/","url":"https:\/\/betheone.com.pl\/produkt\/pearl-bransoleta\/","name":"bransoleta PERLA - BE THE ONE","isPartOf":{"@id":"https:\/\/betheone.com.pl\/#website"},"datePublished":"2019-06-06T21:28:20+00:00","dateModified":"2021-01-14T13:06:41+00:00","breadcrumb":{"@id":"https:\/\/betheone.com.pl\/produkt\/pearl-bransoleta\/#breadcrumb"},"inLanguage":"nb-NO","potentialAction":[{"@type":"ReadAction","target":["https:\/\/betheone.com.pl\/produkt\/pearl-bransoleta\/"]}]},{"@type":"BreadcrumbList","@id":"https:\/\/betheone.com.pl\/produkt\/pearl-bransoleta\/#breadcrumb","itemListElement":[{"@type":"ListItem","position":1,"name":"Strona g\u0142\u00f3wna","item":"https:\/\/betheone.com.pl\/no\/"},{"@type":"ListItem","position":2,"name":"Butikk","item":"https:\/\/betheone.com.pl\/no\/sklep\/"},{"@type":"ListItem","position":3,"name":"bransoleta PERLA"}]},{"@type":"WebSite","@id":"https:\/\/betheone.com.pl\/#website","url":"https:\/\/betheone.com.pl\/","name":"BE THE ONE","description":"","publisher":{"@id":"https:\/\/betheone.com.pl\/#organization"},"potentialAction":[{"@type":"SearchAction","target":{"@type":"EntryPoint","urlTemplate":"https:\/\/betheone.com.pl\/?s={search_term_string}"},"query-input":"required name=search_term_string"}],"inLanguage":"nb-NO"},{"@type":"Organization","@id":"https:\/\/betheone.com.pl\/#organization","name":"BE THE ONE","url":"https:\/\/betheone.com.pl\/","logo":{"@type":"ImageObject","inLanguage":"nb-NO","@id":"https:\/\/betheone.com.pl\/#\/schema\/logo\/image\/","url":"https:\/\/betheone.com.pl\/wp-content\/uploads\/2025\/07\/cropped-LOGO__34.png","contentUrl":"https:\/\/betheone.com.pl\/wp-content\/uploads\/2025\/07\/cropped-LOGO__34.png","width":512,"height":512,"caption":"BE THE ONE"},"image":{"@id":"https:\/\/betheone.com.pl\/#\/schema\/logo\/image\/"}}]}},"featured_image_src_large":false,"author_info":[],"comment_info":0,"taxonomy_info":{"product_cat":[{"value":67,"label":"Bransoletki"}]},"_links":{"self":[{"href":"https:\/\/betheone.com.pl\/no\/wp-json\/wp\/v2\/product\/1746"}],"collection":[{"href":"https:\/\/betheone.com.pl\/no\/wp-json\/wp\/v2\/product"}],"about":[{"href":"https:\/\/betheone.com.pl\/no\/wp-json\/wp\/v2\/types\/product"}],"replies":[{"embeddable":true,"href":"https:\/\/betheone.com.pl\/no\/wp-json\/wp\/v2\/comments?post=1746"}],"wp:attachment":[{"href":"https:\/\/betheone.com.pl\/no\/wp-json\/wp\/v2\/media?parent=1746"}],"wp:term":[{"taxonomy":"product_cat","embeddable":true,"href":"https:\/\/betheone.com.pl\/no\/wp-json\/wp\/v2\/product_cat?post=1746"},{"taxonomy":"product_tag","embeddable":true,"href":"https:\/\/betheone.com.pl\/no\/wp-json\/wp\/v2\/product_tag?post=1746"}],"curies":[{"name":"wp","href":"https:\/\/api.w.org\/{rel}","templated":true}]}}