{"id":16585,"date":"2026-03-27T15:04:01","date_gmt":"2026-03-27T14:04:01","guid":{"rendered":"https:\/\/betheone.com.pl\/?post_type=product&#038;p=16585"},"modified":"2026-04-01T20:10:44","modified_gmt":"2026-04-01T18:10:44","slug":"choker-isla","status":"publish","type":"product","link":"https:\/\/betheone.com.pl\/no\/produkt\/choker-isla\/","title":{"rendered":"choker ISLA"},"content":{"rendered":"<p data-start=\"0\" data-end=\"77\">Dette er ikke et vanlig smykke.<br data-start=\"31\" data-end=\"34\" \/>Det er en dame-choker som tiltrekker blikk.<\/p>\n<p data-start=\"79\" data-end=\"294\">Midtpunktet er et h\u00e5ndlaget glasshjerte, laget i samarbeid med et thailandsk glassverksted. Hver detalj blir skapt manuelt, noe som gj\u00f8r at ingen eksemplarer er helt like \u2013 dette er ekte, unik h\u00e5ndlaget smykkekunst.<\/p>\n<p data-start=\"296\" data-end=\"477\">Et mykt, fl\u00f8yelsaktig b\u00e5nd tilpasser seg perfekt rundt halsen, fremhever linjene og gir helheten et sv\u00e6rt feminint uttrykk. Det er en kombinasjon av h\u00e5ndverk, kunst og moderne form.<\/p>\n<p data-start=\"479\" data-end=\"556\">Denne choker-en med hjerte er mer enn bare et tilbeh\u00f8r \u2013 det er et statement.<\/p>\n<p data-start=\"558\" data-end=\"643\">\u2728 Bruk den alene eller kombiner med andre smykker \u2013 den ser forskjellig ut hver gang!<\/p>\n<p data-start=\"645\" data-end=\"679\">Lengde: ca. 30 cm + 5 cm forlenger<\/p>\n<p data-start=\"681\" data-end=\"758\">Smykket leveres i en eske med logo, slik at det ogs\u00e5 passer perfekt som gave.<\/p>\n<p data-start=\"760\" data-end=\"789\">Leveringstid: 2\u20135 virkedager.<\/p>\n<p data-start=\"791\" data-end=\"887\" data-is-last-node=\"\" data-is-only-node=\"\">Smykker elsker \u00e5 bli oppbevart i originalemballasjen, og trives ikke med vann eller kjemikalier.<\/p>\n","protected":false},"excerpt":{"rendered":"<p>Dette er ikke et vanlig smykke.Det er en dame-choker som tiltrekker blikk. Midtpunktet er et h\u00e5ndlaget glasshjerte, laget i samarbeid med et thailandsk glassverksted. Hver detalj blir skapt manuelt, noe som gj\u00f8r at ingen eksemplarer er helt like \u2013 dette er ekte, unik h\u00e5ndlaget smykkekunst. Et mykt, fl\u00f8yelsaktig b\u00e5nd tilpasser seg perfekt rundt halsen, fremhever [&hellip;]<\/p>\n","protected":false},"featured_media":16546,"comment_status":"closed","ping_status":"closed","template":"","meta":{"inline_featured_image":false,"_kad_blocks_custom_css":"","_kad_blocks_head_custom_js":"","_kad_blocks_body_custom_js":"","_kad_blocks_footer_custom_js":""},"product_cat":[170],"product_tag":[],"acf":[],"yoast_head":"<!-- This site is optimized with the Yoast SEO plugin v22.1 - https:\/\/yoast.com\/wordpress\/plugins\/seo\/ -->\n<title>choker ISLA - BE THE ONE<\/title>\n<meta name=\"robots\" content=\"index, follow, max-snippet:-1, max-image-preview:large, max-video-preview:-1\" \/>\n<link rel=\"canonical\" href=\"https:\/\/betheone.com.pl\/no\/produkt\/choker-isla\/\" \/>\n<meta property=\"og:locale\" content=\"nb_NO\" \/>\n<meta property=\"og:type\" content=\"article\" \/>\n<meta property=\"og:title\" content=\"choker ISLA - BE THE ONE\" \/>\n<meta property=\"og:description\" content=\"Dette er ikke et vanlig smykke.Det er en dame-choker som tiltrekker blikk. Midtpunktet er et h\u00e5ndlaget glasshjerte, laget i samarbeid med et thailandsk glassverksted. Hver detalj blir skapt manuelt, noe som gj\u00f8r at ingen eksemplarer er helt like \u2013 dette er ekte, unik h\u00e5ndlaget smykkekunst. Et mykt, fl\u00f8yelsaktig b\u00e5nd tilpasser seg perfekt rundt halsen, fremhever [&hellip;]\" \/>\n<meta property=\"og:url\" content=\"https:\/\/betheone.com.pl\/no\/produkt\/choker-isla\/\" \/>\n<meta property=\"og:site_name\" content=\"BE THE ONE\" \/>\n<meta property=\"article:modified_time\" content=\"2026-04-01T18:10:44+00:00\" \/>\n<meta property=\"og:image\" content=\"https:\/\/betheone.com.pl\/wp-content\/uploads\/2026\/03\/IMG_2001-1.jpeg\" \/>\n\t<meta property=\"og:image:width\" content=\"2160\" \/>\n\t<meta property=\"og:image:height\" content=\"2160\" \/>\n\t<meta property=\"og:image:type\" content=\"image\/jpeg\" \/>\n<meta name=\"twitter:label1\" content=\"Ansl. lesetid\" \/>\n\t<meta name=\"twitter:data1\" content=\"1 minutt\" \/>\n<script type=\"application\/ld+json\" class=\"yoast-schema-graph\">{\"@context\":\"https:\/\/schema.org\",\"@graph\":[{\"@type\":\"WebPage\",\"@id\":\"https:\/\/betheone.com.pl\/no\/produkt\/choker-isla\/\",\"url\":\"https:\/\/betheone.com.pl\/no\/produkt\/choker-isla\/\",\"name\":\"choker ISLA - BE THE ONE\",\"isPartOf\":{\"@id\":\"https:\/\/betheone.com.pl\/#website\"},\"datePublished\":\"2026-03-27T14:04:01+00:00\",\"dateModified\":\"2026-04-01T18:10:44+00:00\",\"breadcrumb\":{\"@id\":\"https:\/\/betheone.com.pl\/no\/produkt\/choker-isla\/#breadcrumb\"},\"inLanguage\":\"nb-NO\",\"potentialAction\":[{\"@type\":\"ReadAction\",\"target\":[\"https:\/\/betheone.com.pl\/no\/produkt\/choker-isla\/\"]}]},{\"@type\":\"BreadcrumbList\",\"@id\":\"https:\/\/betheone.com.pl\/no\/produkt\/choker-isla\/#breadcrumb\",\"itemListElement\":[{\"@type\":\"ListItem\",\"position\":1,\"name\":\"Strona g\u0142\u00f3wna\",\"item\":\"https:\/\/betheone.com.pl\/no\/\"},{\"@type\":\"ListItem\",\"position\":2,\"name\":\"Butikk\",\"item\":\"https:\/\/betheone.com.pl\/no\/sklep\/\"},{\"@type\":\"ListItem\",\"position\":3,\"name\":\"choker ISLA\"}]},{\"@type\":\"WebSite\",\"@id\":\"https:\/\/betheone.com.pl\/#website\",\"url\":\"https:\/\/betheone.com.pl\/\",\"name\":\"BE THE ONE\",\"description\":\"\",\"publisher\":{\"@id\":\"https:\/\/betheone.com.pl\/#organization\"},\"potentialAction\":[{\"@type\":\"SearchAction\",\"target\":{\"@type\":\"EntryPoint\",\"urlTemplate\":\"https:\/\/betheone.com.pl\/?s={search_term_string}\"},\"query-input\":\"required name=search_term_string\"}],\"inLanguage\":\"nb-NO\"},{\"@type\":\"Organization\",\"@id\":\"https:\/\/betheone.com.pl\/#organization\",\"name\":\"BE THE ONE\",\"url\":\"https:\/\/betheone.com.pl\/\",\"logo\":{\"@type\":\"ImageObject\",\"inLanguage\":\"nb-NO\",\"@id\":\"https:\/\/betheone.com.pl\/#\/schema\/logo\/image\/\",\"url\":\"https:\/\/betheone.com.pl\/wp-content\/uploads\/2025\/07\/cropped-LOGO__34.png\",\"contentUrl\":\"https:\/\/betheone.com.pl\/wp-content\/uploads\/2025\/07\/cropped-LOGO__34.png\",\"width\":512,\"height\":512,\"caption\":\"BE THE ONE\"},\"image\":{\"@id\":\"https:\/\/betheone.com.pl\/#\/schema\/logo\/image\/\"}}]}<\/script>\n<!-- \/ Yoast SEO plugin. -->","yoast_head_json":{"title":"choker ISLA - BE THE ONE","robots":{"index":"index","follow":"follow","max-snippet":"max-snippet:-1","max-image-preview":"max-image-preview:large","max-video-preview":"max-video-preview:-1"},"canonical":"https:\/\/betheone.com.pl\/no\/produkt\/choker-isla\/","og_locale":"nb_NO","og_type":"article","og_title":"choker ISLA - BE THE ONE","og_description":"Dette er ikke et vanlig smykke.Det er en dame-choker som tiltrekker blikk. Midtpunktet er et h\u00e5ndlaget glasshjerte, laget i samarbeid med et thailandsk glassverksted. Hver detalj blir skapt manuelt, noe som gj\u00f8r at ingen eksemplarer er helt like \u2013 dette er ekte, unik h\u00e5ndlaget smykkekunst. Et mykt, fl\u00f8yelsaktig b\u00e5nd tilpasser seg perfekt rundt halsen, fremhever [&hellip;]","og_url":"https:\/\/betheone.com.pl\/no\/produkt\/choker-isla\/","og_site_name":"BE THE ONE","article_modified_time":"2026-04-01T18:10:44+00:00","og_image":[{"width":2160,"height":2160,"url":"https:\/\/betheone.com.pl\/wp-content\/uploads\/2026\/03\/IMG_2001-1.jpeg","type":"image\/jpeg"}],"twitter_misc":{"Ansl. lesetid":"1 minutt"},"schema":{"@context":"https:\/\/schema.org","@graph":[{"@type":"WebPage","@id":"https:\/\/betheone.com.pl\/no\/produkt\/choker-isla\/","url":"https:\/\/betheone.com.pl\/no\/produkt\/choker-isla\/","name":"choker ISLA - BE THE ONE","isPartOf":{"@id":"https:\/\/betheone.com.pl\/#website"},"datePublished":"2026-03-27T14:04:01+00:00","dateModified":"2026-04-01T18:10:44+00:00","breadcrumb":{"@id":"https:\/\/betheone.com.pl\/no\/produkt\/choker-isla\/#breadcrumb"},"inLanguage":"nb-NO","potentialAction":[{"@type":"ReadAction","target":["https:\/\/betheone.com.pl\/no\/produkt\/choker-isla\/"]}]},{"@type":"BreadcrumbList","@id":"https:\/\/betheone.com.pl\/no\/produkt\/choker-isla\/#breadcrumb","itemListElement":[{"@type":"ListItem","position":1,"name":"Strona g\u0142\u00f3wna","item":"https:\/\/betheone.com.pl\/no\/"},{"@type":"ListItem","position":2,"name":"Butikk","item":"https:\/\/betheone.com.pl\/no\/sklep\/"},{"@type":"ListItem","position":3,"name":"choker ISLA"}]},{"@type":"WebSite","@id":"https:\/\/betheone.com.pl\/#website","url":"https:\/\/betheone.com.pl\/","name":"BE THE ONE","description":"","publisher":{"@id":"https:\/\/betheone.com.pl\/#organization"},"potentialAction":[{"@type":"SearchAction","target":{"@type":"EntryPoint","urlTemplate":"https:\/\/betheone.com.pl\/?s={search_term_string}"},"query-input":"required name=search_term_string"}],"inLanguage":"nb-NO"},{"@type":"Organization","@id":"https:\/\/betheone.com.pl\/#organization","name":"BE THE ONE","url":"https:\/\/betheone.com.pl\/","logo":{"@type":"ImageObject","inLanguage":"nb-NO","@id":"https:\/\/betheone.com.pl\/#\/schema\/logo\/image\/","url":"https:\/\/betheone.com.pl\/wp-content\/uploads\/2025\/07\/cropped-LOGO__34.png","contentUrl":"https:\/\/betheone.com.pl\/wp-content\/uploads\/2025\/07\/cropped-LOGO__34.png","width":512,"height":512,"caption":"BE THE ONE"},"image":{"@id":"https:\/\/betheone.com.pl\/#\/schema\/logo\/image\/"}}]}},"featured_image_src_large":["https:\/\/betheone.com.pl\/wp-content\/uploads\/2026\/03\/IMG_2001-1-1024x1024.jpeg",1024,1024,true],"author_info":[],"comment_info":0,"taxonomy_info":{"product_cat":[{"value":170,"label":"Halskjeder"}]},"_links":{"self":[{"href":"https:\/\/betheone.com.pl\/no\/wp-json\/wp\/v2\/product\/16585"}],"collection":[{"href":"https:\/\/betheone.com.pl\/no\/wp-json\/wp\/v2\/product"}],"about":[{"href":"https:\/\/betheone.com.pl\/no\/wp-json\/wp\/v2\/types\/product"}],"replies":[{"embeddable":true,"href":"https:\/\/betheone.com.pl\/no\/wp-json\/wp\/v2\/comments?post=16585"}],"wp:featuredmedia":[{"embeddable":true,"href":"https:\/\/betheone.com.pl\/no\/wp-json\/wp\/v2\/media\/16546"}],"wp:attachment":[{"href":"https:\/\/betheone.com.pl\/no\/wp-json\/wp\/v2\/media?parent=16585"}],"wp:term":[{"taxonomy":"product_cat","embeddable":true,"href":"https:\/\/betheone.com.pl\/no\/wp-json\/wp\/v2\/product_cat?post=16585"},{"taxonomy":"product_tag","embeddable":true,"href":"https:\/\/betheone.com.pl\/no\/wp-json\/wp\/v2\/product_tag?post=16585"}],"curies":[{"name":"wp","href":"https:\/\/api.w.org\/{rel}","templated":true}]}}