{"id":15848,"date":"2025-10-29T09:12:20","date_gmt":"2025-10-29T08:12:20","guid":{"rendered":"https:\/\/betheone.com.pl\/?post_type=product&#038;p=15848"},"modified":"2025-10-31T14:07:36","modified_gmt":"2025-10-31T13:07:36","slug":"oredobber-ursula-solv","status":"publish","type":"product","link":"https:\/\/betheone.com.pl\/no\/produkt\/oredobber-ursula-solv\/","title":{"rendered":"\u00f8redobber URSULA s\u00f8lv"},"content":{"rendered":"<p>H\u00e5ndlagde \u00f8redobber i s\u00f8lv 925. Det unike designet og det karakteristiske preget gj\u00f8r dem virkelig spesielle.<br \/>\n\u00d8redobbene er lette og behagelige \u00e5 bruke til daglig.<\/p>\n<p>Lengde p\u00e5 \u00f8redobben: ca. 7 cm<\/p>\n<p>Hvert produkt du finner her er laget med stor omhu og fylt med positiv energi.<\/p>\n<p>Smykket kommer til deg i en eske med logo \u2013 klart til \u00e5 gis som gave.<\/p>\n<p>Produksjonstid: 2\u20135 virkedager.<\/p>\n<p>Hver modell er h\u00e5ndlaget, derfor kan enkelte eksemplarer variere litt fra dem som vises p\u00e5 bildene.<\/p>\n<p>Smykker trives best n\u00e5r de oppbevares i originalemballasjen. De liker verken vann eller kjemikalier.<\/p>\n","protected":false},"excerpt":{"rendered":"<p>H\u00e5ndlagde \u00f8redobber i s\u00f8lv 925. Det unike designet og det karakteristiske preget gj\u00f8r dem virkelig spesielle. \u00d8redobbene er lette og behagelige \u00e5 bruke til daglig. Lengde p\u00e5 \u00f8redobben: ca. 7 cm Hvert produkt du finner her er laget med stor omhu og fylt med positiv energi. Smykket kommer til deg i en eske med logo [&hellip;]<\/p>\n","protected":false},"featured_media":15818,"comment_status":"closed","ping_status":"closed","template":"","meta":{"inline_featured_image":false,"_kad_blocks_custom_css":"","_kad_blocks_head_custom_js":"","_kad_blocks_body_custom_js":"","_kad_blocks_footer_custom_js":""},"product_cat":[],"product_tag":[],"acf":[],"yoast_head":"<!-- This site is optimized with the Yoast SEO plugin v22.1 - https:\/\/yoast.com\/wordpress\/plugins\/seo\/ -->\n<title>\u00f8redobber URSULA s\u00f8lv - BE THE ONE<\/title>\n<meta name=\"robots\" content=\"index, follow, max-snippet:-1, max-image-preview:large, max-video-preview:-1\" \/>\n<link rel=\"canonical\" href=\"https:\/\/betheone.com.pl\/no\/produkt\/oredobber-ursula-solv\/\" \/>\n<meta property=\"og:locale\" content=\"nb_NO\" \/>\n<meta property=\"og:type\" content=\"article\" \/>\n<meta property=\"og:title\" content=\"\u00f8redobber URSULA s\u00f8lv - BE THE ONE\" \/>\n<meta property=\"og:description\" content=\"H\u00e5ndlagde \u00f8redobber i s\u00f8lv 925. Det unike designet og det karakteristiske preget gj\u00f8r dem virkelig spesielle. \u00d8redobbene er lette og behagelige \u00e5 bruke til daglig. Lengde p\u00e5 \u00f8redobben: ca. 7 cm Hvert produkt du finner her er laget med stor omhu og fylt med positiv energi. Smykket kommer til deg i en eske med logo [&hellip;]\" \/>\n<meta property=\"og:url\" content=\"https:\/\/betheone.com.pl\/no\/produkt\/oredobber-ursula-solv\/\" \/>\n<meta property=\"og:site_name\" content=\"BE THE ONE\" \/>\n<meta property=\"article:modified_time\" content=\"2025-10-31T13:07:36+00:00\" \/>\n<meta property=\"og:image\" content=\"https:\/\/betheone.com.pl\/wp-content\/uploads\/2025\/10\/L1020481-kopia.jpg\" \/>\n\t<meta property=\"og:image:width\" content=\"1636\" \/>\n\t<meta property=\"og:image:height\" content=\"1636\" \/>\n\t<meta property=\"og:image:type\" content=\"image\/jpeg\" \/>\n<script type=\"application\/ld+json\" class=\"yoast-schema-graph\">{\"@context\":\"https:\/\/schema.org\",\"@graph\":[{\"@type\":\"WebPage\",\"@id\":\"https:\/\/betheone.com.pl\/no\/produkt\/oredobber-ursula-solv\/\",\"url\":\"https:\/\/betheone.com.pl\/no\/produkt\/oredobber-ursula-solv\/\",\"name\":\"\u00f8redobber URSULA s\u00f8lv - BE THE ONE\",\"isPartOf\":{\"@id\":\"https:\/\/betheone.com.pl\/#website\"},\"datePublished\":\"2025-10-29T08:12:20+00:00\",\"dateModified\":\"2025-10-31T13:07:36+00:00\",\"breadcrumb\":{\"@id\":\"https:\/\/betheone.com.pl\/no\/produkt\/oredobber-ursula-solv\/#breadcrumb\"},\"inLanguage\":\"nb-NO\",\"potentialAction\":[{\"@type\":\"ReadAction\",\"target\":[\"https:\/\/betheone.com.pl\/no\/produkt\/oredobber-ursula-solv\/\"]}]},{\"@type\":\"BreadcrumbList\",\"@id\":\"https:\/\/betheone.com.pl\/no\/produkt\/oredobber-ursula-solv\/#breadcrumb\",\"itemListElement\":[{\"@type\":\"ListItem\",\"position\":1,\"name\":\"Strona g\u0142\u00f3wna\",\"item\":\"https:\/\/betheone.com.pl\/no\/\"},{\"@type\":\"ListItem\",\"position\":2,\"name\":\"Butikk\",\"item\":\"https:\/\/betheone.com.pl\/no\/sklep\/\"},{\"@type\":\"ListItem\",\"position\":3,\"name\":\"\u00f8redobber URSULA s\u00f8lv\"}]},{\"@type\":\"WebSite\",\"@id\":\"https:\/\/betheone.com.pl\/#website\",\"url\":\"https:\/\/betheone.com.pl\/\",\"name\":\"BE THE ONE\",\"description\":\"\",\"publisher\":{\"@id\":\"https:\/\/betheone.com.pl\/#organization\"},\"potentialAction\":[{\"@type\":\"SearchAction\",\"target\":{\"@type\":\"EntryPoint\",\"urlTemplate\":\"https:\/\/betheone.com.pl\/?s={search_term_string}\"},\"query-input\":\"required name=search_term_string\"}],\"inLanguage\":\"nb-NO\"},{\"@type\":\"Organization\",\"@id\":\"https:\/\/betheone.com.pl\/#organization\",\"name\":\"BE THE ONE\",\"url\":\"https:\/\/betheone.com.pl\/\",\"logo\":{\"@type\":\"ImageObject\",\"inLanguage\":\"nb-NO\",\"@id\":\"https:\/\/betheone.com.pl\/#\/schema\/logo\/image\/\",\"url\":\"https:\/\/betheone.com.pl\/wp-content\/uploads\/2025\/07\/cropped-LOGO__34.png\",\"contentUrl\":\"https:\/\/betheone.com.pl\/wp-content\/uploads\/2025\/07\/cropped-LOGO__34.png\",\"width\":512,\"height\":512,\"caption\":\"BE THE ONE\"},\"image\":{\"@id\":\"https:\/\/betheone.com.pl\/#\/schema\/logo\/image\/\"}}]}<\/script>\n<!-- \/ Yoast SEO plugin. -->","yoast_head_json":{"title":"\u00f8redobber URSULA s\u00f8lv - BE THE ONE","robots":{"index":"index","follow":"follow","max-snippet":"max-snippet:-1","max-image-preview":"max-image-preview:large","max-video-preview":"max-video-preview:-1"},"canonical":"https:\/\/betheone.com.pl\/no\/produkt\/oredobber-ursula-solv\/","og_locale":"nb_NO","og_type":"article","og_title":"\u00f8redobber URSULA s\u00f8lv - BE THE ONE","og_description":"H\u00e5ndlagde \u00f8redobber i s\u00f8lv 925. Det unike designet og det karakteristiske preget gj\u00f8r dem virkelig spesielle. \u00d8redobbene er lette og behagelige \u00e5 bruke til daglig. Lengde p\u00e5 \u00f8redobben: ca. 7 cm Hvert produkt du finner her er laget med stor omhu og fylt med positiv energi. Smykket kommer til deg i en eske med logo [&hellip;]","og_url":"https:\/\/betheone.com.pl\/no\/produkt\/oredobber-ursula-solv\/","og_site_name":"BE THE ONE","article_modified_time":"2025-10-31T13:07:36+00:00","og_image":[{"width":1636,"height":1636,"url":"https:\/\/betheone.com.pl\/wp-content\/uploads\/2025\/10\/L1020481-kopia.jpg","type":"image\/jpeg"}],"schema":{"@context":"https:\/\/schema.org","@graph":[{"@type":"WebPage","@id":"https:\/\/betheone.com.pl\/no\/produkt\/oredobber-ursula-solv\/","url":"https:\/\/betheone.com.pl\/no\/produkt\/oredobber-ursula-solv\/","name":"\u00f8redobber URSULA s\u00f8lv - BE THE ONE","isPartOf":{"@id":"https:\/\/betheone.com.pl\/#website"},"datePublished":"2025-10-29T08:12:20+00:00","dateModified":"2025-10-31T13:07:36+00:00","breadcrumb":{"@id":"https:\/\/betheone.com.pl\/no\/produkt\/oredobber-ursula-solv\/#breadcrumb"},"inLanguage":"nb-NO","potentialAction":[{"@type":"ReadAction","target":["https:\/\/betheone.com.pl\/no\/produkt\/oredobber-ursula-solv\/"]}]},{"@type":"BreadcrumbList","@id":"https:\/\/betheone.com.pl\/no\/produkt\/oredobber-ursula-solv\/#breadcrumb","itemListElement":[{"@type":"ListItem","position":1,"name":"Strona g\u0142\u00f3wna","item":"https:\/\/betheone.com.pl\/no\/"},{"@type":"ListItem","position":2,"name":"Butikk","item":"https:\/\/betheone.com.pl\/no\/sklep\/"},{"@type":"ListItem","position":3,"name":"\u00f8redobber URSULA s\u00f8lv"}]},{"@type":"WebSite","@id":"https:\/\/betheone.com.pl\/#website","url":"https:\/\/betheone.com.pl\/","name":"BE THE ONE","description":"","publisher":{"@id":"https:\/\/betheone.com.pl\/#organization"},"potentialAction":[{"@type":"SearchAction","target":{"@type":"EntryPoint","urlTemplate":"https:\/\/betheone.com.pl\/?s={search_term_string}"},"query-input":"required name=search_term_string"}],"inLanguage":"nb-NO"},{"@type":"Organization","@id":"https:\/\/betheone.com.pl\/#organization","name":"BE THE ONE","url":"https:\/\/betheone.com.pl\/","logo":{"@type":"ImageObject","inLanguage":"nb-NO","@id":"https:\/\/betheone.com.pl\/#\/schema\/logo\/image\/","url":"https:\/\/betheone.com.pl\/wp-content\/uploads\/2025\/07\/cropped-LOGO__34.png","contentUrl":"https:\/\/betheone.com.pl\/wp-content\/uploads\/2025\/07\/cropped-LOGO__34.png","width":512,"height":512,"caption":"BE THE ONE"},"image":{"@id":"https:\/\/betheone.com.pl\/#\/schema\/logo\/image\/"}}]}},"featured_image_src_large":["https:\/\/betheone.com.pl\/wp-content\/uploads\/2025\/10\/L1020481-kopia-1024x1024.jpg",1024,1024,true],"author_info":[],"comment_info":0,"taxonomy_info":[],"_links":{"self":[{"href":"https:\/\/betheone.com.pl\/no\/wp-json\/wp\/v2\/product\/15848"}],"collection":[{"href":"https:\/\/betheone.com.pl\/no\/wp-json\/wp\/v2\/product"}],"about":[{"href":"https:\/\/betheone.com.pl\/no\/wp-json\/wp\/v2\/types\/product"}],"replies":[{"embeddable":true,"href":"https:\/\/betheone.com.pl\/no\/wp-json\/wp\/v2\/comments?post=15848"}],"wp:featuredmedia":[{"embeddable":true,"href":"https:\/\/betheone.com.pl\/no\/wp-json\/wp\/v2\/media\/15818"}],"wp:attachment":[{"href":"https:\/\/betheone.com.pl\/no\/wp-json\/wp\/v2\/media?parent=15848"}],"wp:term":[{"taxonomy":"product_cat","embeddable":true,"href":"https:\/\/betheone.com.pl\/no\/wp-json\/wp\/v2\/product_cat?post=15848"},{"taxonomy":"product_tag","embeddable":true,"href":"https:\/\/betheone.com.pl\/no\/wp-json\/wp\/v2\/product_tag?post=15848"}],"curies":[{"name":"wp","href":"https:\/\/api.w.org\/{rel}","templated":true}]}}