{"id":1580,"date":"2019-06-06T21:53:57","date_gmt":"2019-06-06T19:53:57","guid":{"rendered":"https:\/\/betheone.com.pl\/?post_type=product&#038;p=1580"},"modified":"2020-12-05T17:19:04","modified_gmt":"2020-12-05T16:19:04","slug":"pearl-pierscionek","status":"publish","type":"product","link":"https:\/\/betheone.com.pl\/no\/produkt\/pearl-pierscionek\/","title":{"rendered":"PEARL pier\u015bcionek"},"content":{"rendered":"<p>R\u0119cznie wykonany pier\u015bcionek z mosi\u0105dzu o niebanalnym wyko\u0144czeniu z zawieszon\u0105 pere\u0142k\u0105.<\/p>\n<p>Dost\u0119pny w wersji satynowej b\u0105d\u017a matowej.<\/p>\n<p>Szeroko\u015b\u0107: ok. 1,5 cm<\/p>\n<p>Mosi\u0105dz zabezpieczany jest pow\u0142ok\u0105 chroni\u0105c\u0105 przed utlenianiem. Nale\u017cy chroni\u0107 bi\u017cuteri\u0119 przed uszkodzeniami mechanicznymi, gdy\u017c pow\u0142oka mo\u017ce ulec uszkodzeniu.<\/p>\n<p>Termin realizacji: 2-5 dni roboczych.<\/p>\n<p>Ka\u017cdy model bi\u017cuterii jest wykonany r\u0119cznie, dlatego poszczeg\u00f3lne egzemplarze mog\u0105 nieznacznie r\u00f3\u017cni\u0107 si\u0119 od modeli przedstawionych na zdj\u0119ciu.<\/p>\n<p>Bi\u017cuteria uwielbia, kiedy przechowujesz j\u0105 w oryginalnym opakowaniu, nie lubi si\u0119 z wod\u0105 i chemikaliami.<\/p>\n","protected":false},"excerpt":{"rendered":"<p>R\u0119cznie wykonany pier\u015bcionek z mosi\u0105dzu o niebanalnym wyko\u0144czeniu z zawieszon\u0105 pere\u0142k\u0105. Dost\u0119pny w wersji satynowej b\u0105d\u017a matowej. Szeroko\u015b\u0107: ok. 1,5 cm Mosi\u0105dz zabezpieczany jest pow\u0142ok\u0105 chroni\u0105c\u0105 przed utlenianiem. Nale\u017cy chroni\u0107 bi\u017cuteri\u0119 przed uszkodzeniami mechanicznymi, gdy\u017c pow\u0142oka mo\u017ce ulec uszkodzeniu. Termin realizacji: 2-5 dni roboczych. Ka\u017cdy model bi\u017cuterii jest wykonany r\u0119cznie, dlatego poszczeg\u00f3lne egzemplarze mog\u0105 nieznacznie [&hellip;]<\/p>\n","protected":false},"featured_media":0,"comment_status":"closed","ping_status":"closed","template":"","meta":{"inline_featured_image":false,"_kad_blocks_custom_css":"","_kad_blocks_head_custom_js":"","_kad_blocks_body_custom_js":"","_kad_blocks_footer_custom_js":""},"product_cat":[87],"product_tag":[],"acf":[],"yoast_head":"<!-- This site is optimized with the Yoast SEO plugin v22.1 - https:\/\/yoast.com\/wordpress\/plugins\/seo\/ -->\n<title>PEARL pier\u015bcionek - BE THE ONE<\/title>\n<meta name=\"robots\" content=\"index, follow, max-snippet:-1, max-image-preview:large, max-video-preview:-1\" \/>\n<link rel=\"canonical\" href=\"https:\/\/betheone.com.pl\/produkt\/pearl-pierscionek\/\" \/>\n<meta property=\"og:locale\" content=\"nb_NO\" \/>\n<meta property=\"og:type\" content=\"article\" \/>\n<meta property=\"og:title\" content=\"PEARL pier\u015bcionek - BE THE ONE\" \/>\n<meta property=\"og:description\" content=\"R\u0119cznie wykonany pier\u015bcionek z mosi\u0105dzu o niebanalnym wyko\u0144czeniu z zawieszon\u0105 pere\u0142k\u0105. Dost\u0119pny w wersji satynowej b\u0105d\u017a matowej. Szeroko\u015b\u0107: ok. 1,5 cm Mosi\u0105dz zabezpieczany jest pow\u0142ok\u0105 chroni\u0105c\u0105 przed utlenianiem. Nale\u017cy chroni\u0107 bi\u017cuteri\u0119 przed uszkodzeniami mechanicznymi, gdy\u017c pow\u0142oka mo\u017ce ulec uszkodzeniu. Termin realizacji: 2-5 dni roboczych. Ka\u017cdy model bi\u017cuterii jest wykonany r\u0119cznie, dlatego poszczeg\u00f3lne egzemplarze mog\u0105 nieznacznie [&hellip;]\" \/>\n<meta property=\"og:url\" content=\"https:\/\/betheone.com.pl\/produkt\/pearl-pierscionek\/\" \/>\n<meta property=\"og:site_name\" content=\"BE THE ONE\" \/>\n<meta property=\"article:modified_time\" content=\"2020-12-05T16:19:04+00:00\" \/>\n<meta property=\"og:image\" content=\"https:\/\/betheone.com.pl\/wp-content\/uploads\/2019\/06\/35a-scaled.jpg\" \/>\n\t<meta property=\"og:image:width\" content=\"2560\" \/>\n\t<meta property=\"og:image:height\" content=\"2560\" \/>\n\t<meta property=\"og:image:type\" content=\"image\/jpeg\" \/>\n<script type=\"application\/ld+json\" class=\"yoast-schema-graph\">{\"@context\":\"https:\/\/schema.org\",\"@graph\":[{\"@type\":\"WebPage\",\"@id\":\"https:\/\/betheone.com.pl\/produkt\/pearl-pierscionek\/\",\"url\":\"https:\/\/betheone.com.pl\/produkt\/pearl-pierscionek\/\",\"name\":\"PEARL pier\u015bcionek - BE THE ONE\",\"isPartOf\":{\"@id\":\"https:\/\/betheone.com.pl\/#website\"},\"datePublished\":\"2019-06-06T19:53:57+00:00\",\"dateModified\":\"2020-12-05T16:19:04+00:00\",\"breadcrumb\":{\"@id\":\"https:\/\/betheone.com.pl\/produkt\/pearl-pierscionek\/#breadcrumb\"},\"inLanguage\":\"nb-NO\",\"potentialAction\":[{\"@type\":\"ReadAction\",\"target\":[\"https:\/\/betheone.com.pl\/produkt\/pearl-pierscionek\/\"]}]},{\"@type\":\"BreadcrumbList\",\"@id\":\"https:\/\/betheone.com.pl\/produkt\/pearl-pierscionek\/#breadcrumb\",\"itemListElement\":[{\"@type\":\"ListItem\",\"position\":1,\"name\":\"Strona g\u0142\u00f3wna\",\"item\":\"https:\/\/betheone.com.pl\/no\/\"},{\"@type\":\"ListItem\",\"position\":2,\"name\":\"Butikk\",\"item\":\"https:\/\/betheone.com.pl\/no\/sklep\/\"},{\"@type\":\"ListItem\",\"position\":3,\"name\":\"PEARL pier\u015bcionek\"}]},{\"@type\":\"WebSite\",\"@id\":\"https:\/\/betheone.com.pl\/#website\",\"url\":\"https:\/\/betheone.com.pl\/\",\"name\":\"BE THE ONE\",\"description\":\"\",\"publisher\":{\"@id\":\"https:\/\/betheone.com.pl\/#organization\"},\"potentialAction\":[{\"@type\":\"SearchAction\",\"target\":{\"@type\":\"EntryPoint\",\"urlTemplate\":\"https:\/\/betheone.com.pl\/?s={search_term_string}\"},\"query-input\":\"required name=search_term_string\"}],\"inLanguage\":\"nb-NO\"},{\"@type\":\"Organization\",\"@id\":\"https:\/\/betheone.com.pl\/#organization\",\"name\":\"BE THE ONE\",\"url\":\"https:\/\/betheone.com.pl\/\",\"logo\":{\"@type\":\"ImageObject\",\"inLanguage\":\"nb-NO\",\"@id\":\"https:\/\/betheone.com.pl\/#\/schema\/logo\/image\/\",\"url\":\"https:\/\/betheone.com.pl\/wp-content\/uploads\/2025\/07\/cropped-LOGO__34.png\",\"contentUrl\":\"https:\/\/betheone.com.pl\/wp-content\/uploads\/2025\/07\/cropped-LOGO__34.png\",\"width\":512,\"height\":512,\"caption\":\"BE THE ONE\"},\"image\":{\"@id\":\"https:\/\/betheone.com.pl\/#\/schema\/logo\/image\/\"}}]}<\/script>\n<!-- \/ Yoast SEO plugin. -->","yoast_head_json":{"title":"PEARL pier\u015bcionek - BE THE ONE","robots":{"index":"index","follow":"follow","max-snippet":"max-snippet:-1","max-image-preview":"max-image-preview:large","max-video-preview":"max-video-preview:-1"},"canonical":"https:\/\/betheone.com.pl\/produkt\/pearl-pierscionek\/","og_locale":"nb_NO","og_type":"article","og_title":"PEARL pier\u015bcionek - BE THE ONE","og_description":"R\u0119cznie wykonany pier\u015bcionek z mosi\u0105dzu o niebanalnym wyko\u0144czeniu z zawieszon\u0105 pere\u0142k\u0105. Dost\u0119pny w wersji satynowej b\u0105d\u017a matowej. Szeroko\u015b\u0107: ok. 1,5 cm Mosi\u0105dz zabezpieczany jest pow\u0142ok\u0105 chroni\u0105c\u0105 przed utlenianiem. Nale\u017cy chroni\u0107 bi\u017cuteri\u0119 przed uszkodzeniami mechanicznymi, gdy\u017c pow\u0142oka mo\u017ce ulec uszkodzeniu. Termin realizacji: 2-5 dni roboczych. Ka\u017cdy model bi\u017cuterii jest wykonany r\u0119cznie, dlatego poszczeg\u00f3lne egzemplarze mog\u0105 nieznacznie [&hellip;]","og_url":"https:\/\/betheone.com.pl\/produkt\/pearl-pierscionek\/","og_site_name":"BE THE ONE","article_modified_time":"2020-12-05T16:19:04+00:00","og_image":[{"width":2560,"height":2560,"url":"https:\/\/betheone.com.pl\/wp-content\/uploads\/2019\/06\/35a-scaled.jpg","type":"image\/jpeg"}],"schema":{"@context":"https:\/\/schema.org","@graph":[{"@type":"WebPage","@id":"https:\/\/betheone.com.pl\/produkt\/pearl-pierscionek\/","url":"https:\/\/betheone.com.pl\/produkt\/pearl-pierscionek\/","name":"PEARL pier\u015bcionek - BE THE ONE","isPartOf":{"@id":"https:\/\/betheone.com.pl\/#website"},"datePublished":"2019-06-06T19:53:57+00:00","dateModified":"2020-12-05T16:19:04+00:00","breadcrumb":{"@id":"https:\/\/betheone.com.pl\/produkt\/pearl-pierscionek\/#breadcrumb"},"inLanguage":"nb-NO","potentialAction":[{"@type":"ReadAction","target":["https:\/\/betheone.com.pl\/produkt\/pearl-pierscionek\/"]}]},{"@type":"BreadcrumbList","@id":"https:\/\/betheone.com.pl\/produkt\/pearl-pierscionek\/#breadcrumb","itemListElement":[{"@type":"ListItem","position":1,"name":"Strona g\u0142\u00f3wna","item":"https:\/\/betheone.com.pl\/no\/"},{"@type":"ListItem","position":2,"name":"Butikk","item":"https:\/\/betheone.com.pl\/no\/sklep\/"},{"@type":"ListItem","position":3,"name":"PEARL pier\u015bcionek"}]},{"@type":"WebSite","@id":"https:\/\/betheone.com.pl\/#website","url":"https:\/\/betheone.com.pl\/","name":"BE THE ONE","description":"","publisher":{"@id":"https:\/\/betheone.com.pl\/#organization"},"potentialAction":[{"@type":"SearchAction","target":{"@type":"EntryPoint","urlTemplate":"https:\/\/betheone.com.pl\/?s={search_term_string}"},"query-input":"required name=search_term_string"}],"inLanguage":"nb-NO"},{"@type":"Organization","@id":"https:\/\/betheone.com.pl\/#organization","name":"BE THE ONE","url":"https:\/\/betheone.com.pl\/","logo":{"@type":"ImageObject","inLanguage":"nb-NO","@id":"https:\/\/betheone.com.pl\/#\/schema\/logo\/image\/","url":"https:\/\/betheone.com.pl\/wp-content\/uploads\/2025\/07\/cropped-LOGO__34.png","contentUrl":"https:\/\/betheone.com.pl\/wp-content\/uploads\/2025\/07\/cropped-LOGO__34.png","width":512,"height":512,"caption":"BE THE ONE"},"image":{"@id":"https:\/\/betheone.com.pl\/#\/schema\/logo\/image\/"}}]}},"featured_image_src_large":false,"author_info":[],"comment_info":0,"taxonomy_info":{"product_cat":[{"value":87,"label":"Pier\u015bcionki"}]},"_links":{"self":[{"href":"https:\/\/betheone.com.pl\/no\/wp-json\/wp\/v2\/product\/1580"}],"collection":[{"href":"https:\/\/betheone.com.pl\/no\/wp-json\/wp\/v2\/product"}],"about":[{"href":"https:\/\/betheone.com.pl\/no\/wp-json\/wp\/v2\/types\/product"}],"replies":[{"embeddable":true,"href":"https:\/\/betheone.com.pl\/no\/wp-json\/wp\/v2\/comments?post=1580"}],"wp:attachment":[{"href":"https:\/\/betheone.com.pl\/no\/wp-json\/wp\/v2\/media?parent=1580"}],"wp:term":[{"taxonomy":"product_cat","embeddable":true,"href":"https:\/\/betheone.com.pl\/no\/wp-json\/wp\/v2\/product_cat?post=1580"},{"taxonomy":"product_tag","embeddable":true,"href":"https:\/\/betheone.com.pl\/no\/wp-json\/wp\/v2\/product_tag?post=1580"}],"curies":[{"name":"wp","href":"https:\/\/api.w.org\/{rel}","templated":true}]}}