{"id":15663,"date":"2025-10-23T11:32:07","date_gmt":"2025-10-23T09:32:07","guid":{"rendered":"https:\/\/betheone.com.pl\/?post_type=product&#038;p=15663"},"modified":"2025-10-23T17:26:35","modified_gmt":"2025-10-23T15:26:35","slug":"oredobber-selin","status":"publish","type":"product","link":"https:\/\/betheone.com.pl\/no\/produkt\/oredobber-selin\/","title":{"rendered":"\u00f8redobber SELIN"},"content":{"rendered":"<p>\u00d8redobber SELIN er laget av s\u00f8lv 925.<br \/>\nP\u00e5 klassiske hoop-ringer har jeg hengt et h\u00e5ndsk\u00e5ret hjerte.<br \/>\nHvert hjerte er laget for h\u00e5nd \u2013 derfor finnes det ikke to som er helt like.<br \/>\nHvert er unikt, spesielt \u2013 akkurat som deg.<\/p>\n<p>En liten detalj som b\u00e6rer med seg autentisitet, f\u00f8lelser og en anelse av ufullkommen skj\u00f8nnhet.<\/p>\n<p>S\u00f8lvet reflekterer lyset vakkert, og den glatte formen p\u00e5 ringene gj\u00f8r at de passer like godt til en t-skjorte som til en elegant kjole.<\/p>\n<p>\u2728 Hvorfor du vil elske dem:<br \/>\n\ud83d\udc8e 2 i 1 \u2013 ta av hjertet og bruk bare ringene, eller heng det i et kjede som et anheng.<br \/>\n\ud83d\udda4 H\u00e5ndlaget \u2013 hvert par har sin egen unike karakter.<br \/>\n\ud83d\udcab Tidl\u00f8se og allsidige \u2013 passer til enhver stil, fra hverdags til kveldsbruk.<\/p>\n<p>Smykket leveres i en eske med logo, og kan derfor gis som en gave.<\/p>\n<p>Leveringstid: 2\u20135 virkedager.<\/p>\n<p>Hvert smykke er h\u00e5ndlaget, derfor kan enkelte eksemplarer variere litt fra modellene som vises p\u00e5 bildene.<br \/>\nSmykket trives best n\u00e5r du oppbevarer det i originalemballasjen.<br \/>\nUnng\u00e5 kontakt med vann og kjemikalier.<\/p>\n","protected":false},"excerpt":{"rendered":"<p>\u00d8redobber SELIN er laget av s\u00f8lv 925. P\u00e5 klassiske hoop-ringer har jeg hengt et h\u00e5ndsk\u00e5ret hjerte. Hvert hjerte er laget for h\u00e5nd \u2013 derfor finnes det ikke to som er helt like. Hvert er unikt, spesielt \u2013 akkurat som deg. En liten detalj som b\u00e6rer med seg autentisitet, f\u00f8lelser og en anelse av ufullkommen skj\u00f8nnhet. [&hellip;]<\/p>\n","protected":false},"featured_media":15618,"comment_status":"closed","ping_status":"closed","template":"","meta":{"inline_featured_image":false,"_kad_blocks_custom_css":"","_kad_blocks_head_custom_js":"","_kad_blocks_body_custom_js":"","_kad_blocks_footer_custom_js":""},"product_cat":[169],"product_tag":[],"acf":[],"yoast_head":"<!-- This site is optimized with the Yoast SEO plugin v22.1 - https:\/\/yoast.com\/wordpress\/plugins\/seo\/ -->\n<title>\u00f8redobber SELIN - BE THE ONE<\/title>\n<meta name=\"robots\" content=\"index, follow, max-snippet:-1, max-image-preview:large, max-video-preview:-1\" \/>\n<link rel=\"canonical\" href=\"https:\/\/betheone.com.pl\/no\/produkt\/oredobber-selin\/\" \/>\n<meta property=\"og:locale\" content=\"nb_NO\" \/>\n<meta property=\"og:type\" content=\"article\" \/>\n<meta property=\"og:title\" content=\"\u00f8redobber SELIN - BE THE ONE\" \/>\n<meta property=\"og:description\" content=\"\u00d8redobber SELIN er laget av s\u00f8lv 925. P\u00e5 klassiske hoop-ringer har jeg hengt et h\u00e5ndsk\u00e5ret hjerte. Hvert hjerte er laget for h\u00e5nd \u2013 derfor finnes det ikke to som er helt like. Hvert er unikt, spesielt \u2013 akkurat som deg. En liten detalj som b\u00e6rer med seg autentisitet, f\u00f8lelser og en anelse av ufullkommen skj\u00f8nnhet. [&hellip;]\" \/>\n<meta property=\"og:url\" content=\"https:\/\/betheone.com.pl\/no\/produkt\/oredobber-selin\/\" \/>\n<meta property=\"og:site_name\" content=\"BE THE ONE\" \/>\n<meta property=\"article:modified_time\" content=\"2025-10-23T15:26:35+00:00\" \/>\n<meta property=\"og:image\" content=\"https:\/\/betheone.com.pl\/wp-content\/uploads\/2025\/10\/IMG_4286.jpg\" \/>\n\t<meta property=\"og:image:width\" content=\"2456\" \/>\n\t<meta property=\"og:image:height\" content=\"2456\" \/>\n\t<meta property=\"og:image:type\" content=\"image\/jpeg\" \/>\n<script type=\"application\/ld+json\" class=\"yoast-schema-graph\">{\"@context\":\"https:\/\/schema.org\",\"@graph\":[{\"@type\":\"WebPage\",\"@id\":\"https:\/\/betheone.com.pl\/no\/produkt\/oredobber-selin\/\",\"url\":\"https:\/\/betheone.com.pl\/no\/produkt\/oredobber-selin\/\",\"name\":\"\u00f8redobber SELIN - BE THE ONE\",\"isPartOf\":{\"@id\":\"https:\/\/betheone.com.pl\/#website\"},\"datePublished\":\"2025-10-23T09:32:07+00:00\",\"dateModified\":\"2025-10-23T15:26:35+00:00\",\"breadcrumb\":{\"@id\":\"https:\/\/betheone.com.pl\/no\/produkt\/oredobber-selin\/#breadcrumb\"},\"inLanguage\":\"nb-NO\",\"potentialAction\":[{\"@type\":\"ReadAction\",\"target\":[\"https:\/\/betheone.com.pl\/no\/produkt\/oredobber-selin\/\"]}]},{\"@type\":\"BreadcrumbList\",\"@id\":\"https:\/\/betheone.com.pl\/no\/produkt\/oredobber-selin\/#breadcrumb\",\"itemListElement\":[{\"@type\":\"ListItem\",\"position\":1,\"name\":\"Strona g\u0142\u00f3wna\",\"item\":\"https:\/\/betheone.com.pl\/no\/\"},{\"@type\":\"ListItem\",\"position\":2,\"name\":\"Butikk\",\"item\":\"https:\/\/betheone.com.pl\/no\/sklep\/\"},{\"@type\":\"ListItem\",\"position\":3,\"name\":\"\u00f8redobber SELIN\"}]},{\"@type\":\"WebSite\",\"@id\":\"https:\/\/betheone.com.pl\/#website\",\"url\":\"https:\/\/betheone.com.pl\/\",\"name\":\"BE THE ONE\",\"description\":\"\",\"publisher\":{\"@id\":\"https:\/\/betheone.com.pl\/#organization\"},\"potentialAction\":[{\"@type\":\"SearchAction\",\"target\":{\"@type\":\"EntryPoint\",\"urlTemplate\":\"https:\/\/betheone.com.pl\/?s={search_term_string}\"},\"query-input\":\"required name=search_term_string\"}],\"inLanguage\":\"nb-NO\"},{\"@type\":\"Organization\",\"@id\":\"https:\/\/betheone.com.pl\/#organization\",\"name\":\"BE THE ONE\",\"url\":\"https:\/\/betheone.com.pl\/\",\"logo\":{\"@type\":\"ImageObject\",\"inLanguage\":\"nb-NO\",\"@id\":\"https:\/\/betheone.com.pl\/#\/schema\/logo\/image\/\",\"url\":\"https:\/\/betheone.com.pl\/wp-content\/uploads\/2025\/07\/cropped-LOGO__34.png\",\"contentUrl\":\"https:\/\/betheone.com.pl\/wp-content\/uploads\/2025\/07\/cropped-LOGO__34.png\",\"width\":512,\"height\":512,\"caption\":\"BE THE ONE\"},\"image\":{\"@id\":\"https:\/\/betheone.com.pl\/#\/schema\/logo\/image\/\"}}]}<\/script>\n<!-- \/ Yoast SEO plugin. -->","yoast_head_json":{"title":"\u00f8redobber SELIN - BE THE ONE","robots":{"index":"index","follow":"follow","max-snippet":"max-snippet:-1","max-image-preview":"max-image-preview:large","max-video-preview":"max-video-preview:-1"},"canonical":"https:\/\/betheone.com.pl\/no\/produkt\/oredobber-selin\/","og_locale":"nb_NO","og_type":"article","og_title":"\u00f8redobber SELIN - BE THE ONE","og_description":"\u00d8redobber SELIN er laget av s\u00f8lv 925. P\u00e5 klassiske hoop-ringer har jeg hengt et h\u00e5ndsk\u00e5ret hjerte. Hvert hjerte er laget for h\u00e5nd \u2013 derfor finnes det ikke to som er helt like. Hvert er unikt, spesielt \u2013 akkurat som deg. En liten detalj som b\u00e6rer med seg autentisitet, f\u00f8lelser og en anelse av ufullkommen skj\u00f8nnhet. [&hellip;]","og_url":"https:\/\/betheone.com.pl\/no\/produkt\/oredobber-selin\/","og_site_name":"BE THE ONE","article_modified_time":"2025-10-23T15:26:35+00:00","og_image":[{"width":2456,"height":2456,"url":"https:\/\/betheone.com.pl\/wp-content\/uploads\/2025\/10\/IMG_4286.jpg","type":"image\/jpeg"}],"schema":{"@context":"https:\/\/schema.org","@graph":[{"@type":"WebPage","@id":"https:\/\/betheone.com.pl\/no\/produkt\/oredobber-selin\/","url":"https:\/\/betheone.com.pl\/no\/produkt\/oredobber-selin\/","name":"\u00f8redobber SELIN - BE THE ONE","isPartOf":{"@id":"https:\/\/betheone.com.pl\/#website"},"datePublished":"2025-10-23T09:32:07+00:00","dateModified":"2025-10-23T15:26:35+00:00","breadcrumb":{"@id":"https:\/\/betheone.com.pl\/no\/produkt\/oredobber-selin\/#breadcrumb"},"inLanguage":"nb-NO","potentialAction":[{"@type":"ReadAction","target":["https:\/\/betheone.com.pl\/no\/produkt\/oredobber-selin\/"]}]},{"@type":"BreadcrumbList","@id":"https:\/\/betheone.com.pl\/no\/produkt\/oredobber-selin\/#breadcrumb","itemListElement":[{"@type":"ListItem","position":1,"name":"Strona g\u0142\u00f3wna","item":"https:\/\/betheone.com.pl\/no\/"},{"@type":"ListItem","position":2,"name":"Butikk","item":"https:\/\/betheone.com.pl\/no\/sklep\/"},{"@type":"ListItem","position":3,"name":"\u00f8redobber SELIN"}]},{"@type":"WebSite","@id":"https:\/\/betheone.com.pl\/#website","url":"https:\/\/betheone.com.pl\/","name":"BE THE ONE","description":"","publisher":{"@id":"https:\/\/betheone.com.pl\/#organization"},"potentialAction":[{"@type":"SearchAction","target":{"@type":"EntryPoint","urlTemplate":"https:\/\/betheone.com.pl\/?s={search_term_string}"},"query-input":"required name=search_term_string"}],"inLanguage":"nb-NO"},{"@type":"Organization","@id":"https:\/\/betheone.com.pl\/#organization","name":"BE THE ONE","url":"https:\/\/betheone.com.pl\/","logo":{"@type":"ImageObject","inLanguage":"nb-NO","@id":"https:\/\/betheone.com.pl\/#\/schema\/logo\/image\/","url":"https:\/\/betheone.com.pl\/wp-content\/uploads\/2025\/07\/cropped-LOGO__34.png","contentUrl":"https:\/\/betheone.com.pl\/wp-content\/uploads\/2025\/07\/cropped-LOGO__34.png","width":512,"height":512,"caption":"BE THE ONE"},"image":{"@id":"https:\/\/betheone.com.pl\/#\/schema\/logo\/image\/"}}]}},"featured_image_src_large":["https:\/\/betheone.com.pl\/wp-content\/uploads\/2025\/10\/IMG_4286-1024x1024.jpg",1024,1024,true],"author_info":[],"comment_info":0,"taxonomy_info":{"product_cat":[{"value":169,"label":"\u00d8redobber"}]},"_links":{"self":[{"href":"https:\/\/betheone.com.pl\/no\/wp-json\/wp\/v2\/product\/15663"}],"collection":[{"href":"https:\/\/betheone.com.pl\/no\/wp-json\/wp\/v2\/product"}],"about":[{"href":"https:\/\/betheone.com.pl\/no\/wp-json\/wp\/v2\/types\/product"}],"replies":[{"embeddable":true,"href":"https:\/\/betheone.com.pl\/no\/wp-json\/wp\/v2\/comments?post=15663"}],"wp:featuredmedia":[{"embeddable":true,"href":"https:\/\/betheone.com.pl\/no\/wp-json\/wp\/v2\/media\/15618"}],"wp:attachment":[{"href":"https:\/\/betheone.com.pl\/no\/wp-json\/wp\/v2\/media?parent=15663"}],"wp:term":[{"taxonomy":"product_cat","embeddable":true,"href":"https:\/\/betheone.com.pl\/no\/wp-json\/wp\/v2\/product_cat?post=15663"},{"taxonomy":"product_tag","embeddable":true,"href":"https:\/\/betheone.com.pl\/no\/wp-json\/wp\/v2\/product_tag?post=15663"}],"curies":[{"name":"wp","href":"https:\/\/api.w.org\/{rel}","templated":true}]}}