{"id":15662,"date":"2025-10-23T11:53:29","date_gmt":"2025-10-23T09:53:29","guid":{"rendered":"https:\/\/betheone.com.pl\/?post_type=product&#038;p=15662"},"modified":"2025-10-23T17:22:32","modified_gmt":"2025-10-23T15:22:32","slug":"armband-riva","status":"publish","type":"product","link":"https:\/\/betheone.com.pl\/no\/produkt\/armband-riva\/","title":{"rendered":"armb\u00e5nd RIVA"},"content":{"rendered":"<p>Armb\u00e5nd RIVA \u2013 h\u00e5ndlaget av messing.<br \/>\nDette unike armb\u00e5ndet er laget for h\u00e5nd av messing av h\u00f8y kvalitet, noe som gj\u00f8r hvert eksemplar helt unikt.<br \/>\nDen organiske og b\u00f8lgende formen fanger blikket og gir antrekket et kunstnerisk preg.<br \/>\nHvorfor du vil elske det:<br \/>\n\u2728 H\u00e5ndlaget \u2013 hvert armb\u00e5nd har sin egen karakter og sm\u00e5 variasjoner som gj\u00f8r det helt unikt.<br \/>\n\u2728 Elegant og dristig design \u2013 perfekt for kvinner som setter pris p\u00e5 originalitet.<br \/>\n\u2728 Lett og behagelig \u2013 til tross for formen er det komfortabelt \u00e5 bruke hele dagen.<br \/>\nDette armb\u00e5ndet er et perfekt valg b\u00e5de til hverdags og til kveldsantrekk.<br \/>\nDet passer spesielt godt sammen med minimalistiske kl\u00e6r og fremhever individualitet og kvinnelig styrke.<br \/>\nSmykket leveres i en eske med logo, og kan derfor gis som en gave.<br \/>\nLeveringstid: 2\u20135 virkedager.<br \/>\nHvert smykke er h\u00e5ndlaget, derfor kan enkelte eksemplarer variere litt fra modellene som vises p\u00e5 bildene.<br \/>\nSmykket trives best n\u00e5r du oppbevarer det i originalemballasjen.<br \/>\nUnng\u00e5 kontakt med vann og kjemikalier.<\/p>\n","protected":false},"excerpt":{"rendered":"<p>Armb\u00e5nd RIVA \u2013 h\u00e5ndlaget av messing. Dette unike armb\u00e5ndet er laget for h\u00e5nd av messing av h\u00f8y kvalitet, noe som gj\u00f8r hvert eksemplar helt unikt. Den organiske og b\u00f8lgende formen fanger blikket og gir antrekket et kunstnerisk preg. Hvorfor du vil elske det: \u2728 H\u00e5ndlaget \u2013 hvert armb\u00e5nd har sin egen karakter og sm\u00e5 variasjoner [&hellip;]<\/p>\n","protected":false},"featured_media":15636,"comment_status":"closed","ping_status":"closed","template":"","meta":{"inline_featured_image":false,"_kad_blocks_custom_css":"","_kad_blocks_head_custom_js":"","_kad_blocks_body_custom_js":"","_kad_blocks_footer_custom_js":""},"product_cat":[166],"product_tag":[],"acf":[],"yoast_head":"<!-- This site is optimized with the Yoast SEO plugin v22.1 - https:\/\/yoast.com\/wordpress\/plugins\/seo\/ -->\n<title>armb\u00e5nd RIVA - BE THE ONE<\/title>\n<meta name=\"robots\" content=\"index, follow, max-snippet:-1, max-image-preview:large, max-video-preview:-1\" \/>\n<link rel=\"canonical\" href=\"https:\/\/betheone.com.pl\/no\/produkt\/armband-riva\/\" \/>\n<meta property=\"og:locale\" content=\"nb_NO\" \/>\n<meta property=\"og:type\" content=\"article\" \/>\n<meta property=\"og:title\" content=\"armb\u00e5nd RIVA - BE THE ONE\" \/>\n<meta property=\"og:description\" content=\"Armb\u00e5nd RIVA \u2013 h\u00e5ndlaget av messing. Dette unike armb\u00e5ndet er laget for h\u00e5nd av messing av h\u00f8y kvalitet, noe som gj\u00f8r hvert eksemplar helt unikt. Den organiske og b\u00f8lgende formen fanger blikket og gir antrekket et kunstnerisk preg. Hvorfor du vil elske det: \u2728 H\u00e5ndlaget \u2013 hvert armb\u00e5nd har sin egen karakter og sm\u00e5 variasjoner [&hellip;]\" \/>\n<meta property=\"og:url\" content=\"https:\/\/betheone.com.pl\/no\/produkt\/armband-riva\/\" \/>\n<meta property=\"og:site_name\" content=\"BE THE ONE\" \/>\n<meta property=\"article:modified_time\" content=\"2025-10-23T15:22:32+00:00\" \/>\n<meta property=\"og:image\" content=\"https:\/\/betheone.com.pl\/wp-content\/uploads\/2025\/10\/IMG_4956-1-scaled.jpg\" \/>\n\t<meta property=\"og:image:width\" content=\"2560\" \/>\n\t<meta property=\"og:image:height\" content=\"2560\" \/>\n\t<meta property=\"og:image:type\" content=\"image\/jpeg\" \/>\n<script type=\"application\/ld+json\" class=\"yoast-schema-graph\">{\"@context\":\"https:\/\/schema.org\",\"@graph\":[{\"@type\":\"WebPage\",\"@id\":\"https:\/\/betheone.com.pl\/no\/produkt\/armband-riva\/\",\"url\":\"https:\/\/betheone.com.pl\/no\/produkt\/armband-riva\/\",\"name\":\"armb\u00e5nd RIVA - BE THE ONE\",\"isPartOf\":{\"@id\":\"https:\/\/betheone.com.pl\/#website\"},\"datePublished\":\"2025-10-23T09:53:29+00:00\",\"dateModified\":\"2025-10-23T15:22:32+00:00\",\"breadcrumb\":{\"@id\":\"https:\/\/betheone.com.pl\/no\/produkt\/armband-riva\/#breadcrumb\"},\"inLanguage\":\"nb-NO\",\"potentialAction\":[{\"@type\":\"ReadAction\",\"target\":[\"https:\/\/betheone.com.pl\/no\/produkt\/armband-riva\/\"]}]},{\"@type\":\"BreadcrumbList\",\"@id\":\"https:\/\/betheone.com.pl\/no\/produkt\/armband-riva\/#breadcrumb\",\"itemListElement\":[{\"@type\":\"ListItem\",\"position\":1,\"name\":\"Strona g\u0142\u00f3wna\",\"item\":\"https:\/\/betheone.com.pl\/no\/\"},{\"@type\":\"ListItem\",\"position\":2,\"name\":\"Butikk\",\"item\":\"https:\/\/betheone.com.pl\/no\/sklep\/\"},{\"@type\":\"ListItem\",\"position\":3,\"name\":\"armb\u00e5nd RIVA\"}]},{\"@type\":\"WebSite\",\"@id\":\"https:\/\/betheone.com.pl\/#website\",\"url\":\"https:\/\/betheone.com.pl\/\",\"name\":\"BE THE ONE\",\"description\":\"\",\"publisher\":{\"@id\":\"https:\/\/betheone.com.pl\/#organization\"},\"potentialAction\":[{\"@type\":\"SearchAction\",\"target\":{\"@type\":\"EntryPoint\",\"urlTemplate\":\"https:\/\/betheone.com.pl\/?s={search_term_string}\"},\"query-input\":\"required name=search_term_string\"}],\"inLanguage\":\"nb-NO\"},{\"@type\":\"Organization\",\"@id\":\"https:\/\/betheone.com.pl\/#organization\",\"name\":\"BE THE ONE\",\"url\":\"https:\/\/betheone.com.pl\/\",\"logo\":{\"@type\":\"ImageObject\",\"inLanguage\":\"nb-NO\",\"@id\":\"https:\/\/betheone.com.pl\/#\/schema\/logo\/image\/\",\"url\":\"https:\/\/betheone.com.pl\/wp-content\/uploads\/2025\/07\/cropped-LOGO__34.png\",\"contentUrl\":\"https:\/\/betheone.com.pl\/wp-content\/uploads\/2025\/07\/cropped-LOGO__34.png\",\"width\":512,\"height\":512,\"caption\":\"BE THE ONE\"},\"image\":{\"@id\":\"https:\/\/betheone.com.pl\/#\/schema\/logo\/image\/\"}}]}<\/script>\n<!-- \/ Yoast SEO plugin. -->","yoast_head_json":{"title":"armb\u00e5nd RIVA - BE THE ONE","robots":{"index":"index","follow":"follow","max-snippet":"max-snippet:-1","max-image-preview":"max-image-preview:large","max-video-preview":"max-video-preview:-1"},"canonical":"https:\/\/betheone.com.pl\/no\/produkt\/armband-riva\/","og_locale":"nb_NO","og_type":"article","og_title":"armb\u00e5nd RIVA - BE THE ONE","og_description":"Armb\u00e5nd RIVA \u2013 h\u00e5ndlaget av messing. Dette unike armb\u00e5ndet er laget for h\u00e5nd av messing av h\u00f8y kvalitet, noe som gj\u00f8r hvert eksemplar helt unikt. Den organiske og b\u00f8lgende formen fanger blikket og gir antrekket et kunstnerisk preg. Hvorfor du vil elske det: \u2728 H\u00e5ndlaget \u2013 hvert armb\u00e5nd har sin egen karakter og sm\u00e5 variasjoner [&hellip;]","og_url":"https:\/\/betheone.com.pl\/no\/produkt\/armband-riva\/","og_site_name":"BE THE ONE","article_modified_time":"2025-10-23T15:22:32+00:00","og_image":[{"width":2560,"height":2560,"url":"https:\/\/betheone.com.pl\/wp-content\/uploads\/2025\/10\/IMG_4956-1-scaled.jpg","type":"image\/jpeg"}],"schema":{"@context":"https:\/\/schema.org","@graph":[{"@type":"WebPage","@id":"https:\/\/betheone.com.pl\/no\/produkt\/armband-riva\/","url":"https:\/\/betheone.com.pl\/no\/produkt\/armband-riva\/","name":"armb\u00e5nd RIVA - BE THE ONE","isPartOf":{"@id":"https:\/\/betheone.com.pl\/#website"},"datePublished":"2025-10-23T09:53:29+00:00","dateModified":"2025-10-23T15:22:32+00:00","breadcrumb":{"@id":"https:\/\/betheone.com.pl\/no\/produkt\/armband-riva\/#breadcrumb"},"inLanguage":"nb-NO","potentialAction":[{"@type":"ReadAction","target":["https:\/\/betheone.com.pl\/no\/produkt\/armband-riva\/"]}]},{"@type":"BreadcrumbList","@id":"https:\/\/betheone.com.pl\/no\/produkt\/armband-riva\/#breadcrumb","itemListElement":[{"@type":"ListItem","position":1,"name":"Strona g\u0142\u00f3wna","item":"https:\/\/betheone.com.pl\/no\/"},{"@type":"ListItem","position":2,"name":"Butikk","item":"https:\/\/betheone.com.pl\/no\/sklep\/"},{"@type":"ListItem","position":3,"name":"armb\u00e5nd RIVA"}]},{"@type":"WebSite","@id":"https:\/\/betheone.com.pl\/#website","url":"https:\/\/betheone.com.pl\/","name":"BE THE ONE","description":"","publisher":{"@id":"https:\/\/betheone.com.pl\/#organization"},"potentialAction":[{"@type":"SearchAction","target":{"@type":"EntryPoint","urlTemplate":"https:\/\/betheone.com.pl\/?s={search_term_string}"},"query-input":"required name=search_term_string"}],"inLanguage":"nb-NO"},{"@type":"Organization","@id":"https:\/\/betheone.com.pl\/#organization","name":"BE THE ONE","url":"https:\/\/betheone.com.pl\/","logo":{"@type":"ImageObject","inLanguage":"nb-NO","@id":"https:\/\/betheone.com.pl\/#\/schema\/logo\/image\/","url":"https:\/\/betheone.com.pl\/wp-content\/uploads\/2025\/07\/cropped-LOGO__34.png","contentUrl":"https:\/\/betheone.com.pl\/wp-content\/uploads\/2025\/07\/cropped-LOGO__34.png","width":512,"height":512,"caption":"BE THE ONE"},"image":{"@id":"https:\/\/betheone.com.pl\/#\/schema\/logo\/image\/"}}]}},"featured_image_src_large":["https:\/\/betheone.com.pl\/wp-content\/uploads\/2025\/10\/IMG_4956-1-1024x1024.jpg",1024,1024,true],"author_info":[],"comment_info":0,"taxonomy_info":{"product_cat":[{"value":166,"label":"Armb\u00e5nd"}]},"_links":{"self":[{"href":"https:\/\/betheone.com.pl\/no\/wp-json\/wp\/v2\/product\/15662"}],"collection":[{"href":"https:\/\/betheone.com.pl\/no\/wp-json\/wp\/v2\/product"}],"about":[{"href":"https:\/\/betheone.com.pl\/no\/wp-json\/wp\/v2\/types\/product"}],"replies":[{"embeddable":true,"href":"https:\/\/betheone.com.pl\/no\/wp-json\/wp\/v2\/comments?post=15662"}],"wp:featuredmedia":[{"embeddable":true,"href":"https:\/\/betheone.com.pl\/no\/wp-json\/wp\/v2\/media\/15636"}],"wp:attachment":[{"href":"https:\/\/betheone.com.pl\/no\/wp-json\/wp\/v2\/media?parent=15662"}],"wp:term":[{"taxonomy":"product_cat","embeddable":true,"href":"https:\/\/betheone.com.pl\/no\/wp-json\/wp\/v2\/product_cat?post=15662"},{"taxonomy":"product_tag","embeddable":true,"href":"https:\/\/betheone.com.pl\/no\/wp-json\/wp\/v2\/product_tag?post=15662"}],"curies":[{"name":"wp","href":"https:\/\/api.w.org\/{rel}","templated":true}]}}