{"id":15547,"date":"2025-10-22T15:43:46","date_gmt":"2025-10-22T13:43:46","guid":{"rendered":"https:\/\/betheone.com.pl\/?post_type=product&#038;p=15547"},"modified":"2025-10-23T17:31:03","modified_gmt":"2025-10-23T15:31:03","slug":"ring-monica-kopia","status":"publish","type":"product","link":"https:\/\/betheone.com.pl\/no\/produkt\/ring-monica-kopia\/","title":{"rendered":"ring SELIN"},"content":{"rendered":"<p>ingen SELIN er laget av s\u00f8lv 925.<br \/>\nDet h\u00e5ndsk\u00e5rne hjertet gj\u00f8r at hver ring er helt unik.<br \/>\nDet er en perfekt gave til noen du er glad i \u2013 eller til deg selv, fordi du ogs\u00e5 er viktig og fortjener noe vakkert som vil minne deg om det hver dag.<\/p>\n<p>Hvert produkt du finner her, lager jeg med stor omtanke og legger hele mitt hjerte i arbeidet.<\/p>\n<p>Leveringstid: 2\u20135 virkedager.<\/p>\n<p>Smykket leveres i en eske med logo, og kan derfor gis som en gave.<\/p>\n<p>Hvert smykke er h\u00e5ndlaget, derfor kan enkelte eksemplarer variere litt fra modellene som vises p\u00e5 bildene.<br \/>\nSmykket trives best n\u00e5r du oppbevarer det i originalemballasjen.<br \/>\nUnng\u00e5 kontakt med vann og kjemikalier.<\/p>\n","protected":false},"excerpt":{"rendered":"<p>ingen SELIN er laget av s\u00f8lv 925. Det h\u00e5ndsk\u00e5rne hjertet gj\u00f8r at hver ring er helt unik. Det er en perfekt gave til noen du er glad i \u2013 eller til deg selv, fordi du ogs\u00e5 er viktig og fortjener noe vakkert som vil minne deg om det hver dag. Hvert produkt du finner her, [&hellip;]<\/p>\n","protected":false},"featured_media":15512,"comment_status":"closed","ping_status":"closed","template":"","meta":{"inline_featured_image":false,"_kad_blocks_custom_css":"","_kad_blocks_head_custom_js":"","_kad_blocks_body_custom_js":"","_kad_blocks_footer_custom_js":""},"product_cat":[168],"product_tag":[],"acf":[],"yoast_head":"<!-- This site is optimized with the Yoast SEO plugin v22.1 - https:\/\/yoast.com\/wordpress\/plugins\/seo\/ -->\n<title>ring SELIN - BE THE ONE<\/title>\n<meta name=\"robots\" content=\"index, follow, max-snippet:-1, max-image-preview:large, max-video-preview:-1\" \/>\n<link rel=\"canonical\" href=\"https:\/\/betheone.com.pl\/no\/produkt\/ring-monica-kopia\/\" \/>\n<meta property=\"og:locale\" content=\"nb_NO\" \/>\n<meta property=\"og:type\" content=\"article\" \/>\n<meta property=\"og:title\" content=\"ring SELIN - BE THE ONE\" \/>\n<meta property=\"og:description\" content=\"ingen SELIN er laget av s\u00f8lv 925. Det h\u00e5ndsk\u00e5rne hjertet gj\u00f8r at hver ring er helt unik. Det er en perfekt gave til noen du er glad i \u2013 eller til deg selv, fordi du ogs\u00e5 er viktig og fortjener noe vakkert som vil minne deg om det hver dag. Hvert produkt du finner her, [&hellip;]\" \/>\n<meta property=\"og:url\" content=\"https:\/\/betheone.com.pl\/no\/produkt\/ring-monica-kopia\/\" \/>\n<meta property=\"og:site_name\" content=\"BE THE ONE\" \/>\n<meta property=\"article:modified_time\" content=\"2025-10-23T15:31:03+00:00\" \/>\n<meta property=\"og:image\" content=\"https:\/\/betheone.com.pl\/wp-content\/uploads\/2025\/10\/IMG_4242.jpeg\" \/>\n\t<meta property=\"og:image:width\" content=\"1477\" \/>\n\t<meta property=\"og:image:height\" content=\"1477\" \/>\n\t<meta property=\"og:image:type\" content=\"image\/jpeg\" \/>\n<meta name=\"twitter:label1\" content=\"Ansl. lesetid\" \/>\n\t<meta name=\"twitter:data1\" content=\"1 minutt\" \/>\n<script type=\"application\/ld+json\" class=\"yoast-schema-graph\">{\"@context\":\"https:\/\/schema.org\",\"@graph\":[{\"@type\":\"WebPage\",\"@id\":\"https:\/\/betheone.com.pl\/no\/produkt\/ring-monica-kopia\/\",\"url\":\"https:\/\/betheone.com.pl\/no\/produkt\/ring-monica-kopia\/\",\"name\":\"ring SELIN - BE THE ONE\",\"isPartOf\":{\"@id\":\"https:\/\/betheone.com.pl\/#website\"},\"datePublished\":\"2025-10-22T13:43:46+00:00\",\"dateModified\":\"2025-10-23T15:31:03+00:00\",\"breadcrumb\":{\"@id\":\"https:\/\/betheone.com.pl\/no\/produkt\/ring-monica-kopia\/#breadcrumb\"},\"inLanguage\":\"nb-NO\",\"potentialAction\":[{\"@type\":\"ReadAction\",\"target\":[\"https:\/\/betheone.com.pl\/no\/produkt\/ring-monica-kopia\/\"]}]},{\"@type\":\"BreadcrumbList\",\"@id\":\"https:\/\/betheone.com.pl\/no\/produkt\/ring-monica-kopia\/#breadcrumb\",\"itemListElement\":[{\"@type\":\"ListItem\",\"position\":1,\"name\":\"Strona g\u0142\u00f3wna\",\"item\":\"https:\/\/betheone.com.pl\/no\/\"},{\"@type\":\"ListItem\",\"position\":2,\"name\":\"Butikk\",\"item\":\"https:\/\/betheone.com.pl\/no\/sklep\/\"},{\"@type\":\"ListItem\",\"position\":3,\"name\":\"ring SELIN\"}]},{\"@type\":\"WebSite\",\"@id\":\"https:\/\/betheone.com.pl\/#website\",\"url\":\"https:\/\/betheone.com.pl\/\",\"name\":\"BE THE ONE\",\"description\":\"\",\"publisher\":{\"@id\":\"https:\/\/betheone.com.pl\/#organization\"},\"potentialAction\":[{\"@type\":\"SearchAction\",\"target\":{\"@type\":\"EntryPoint\",\"urlTemplate\":\"https:\/\/betheone.com.pl\/?s={search_term_string}\"},\"query-input\":\"required name=search_term_string\"}],\"inLanguage\":\"nb-NO\"},{\"@type\":\"Organization\",\"@id\":\"https:\/\/betheone.com.pl\/#organization\",\"name\":\"BE THE ONE\",\"url\":\"https:\/\/betheone.com.pl\/\",\"logo\":{\"@type\":\"ImageObject\",\"inLanguage\":\"nb-NO\",\"@id\":\"https:\/\/betheone.com.pl\/#\/schema\/logo\/image\/\",\"url\":\"https:\/\/betheone.com.pl\/wp-content\/uploads\/2025\/07\/cropped-LOGO__34.png\",\"contentUrl\":\"https:\/\/betheone.com.pl\/wp-content\/uploads\/2025\/07\/cropped-LOGO__34.png\",\"width\":512,\"height\":512,\"caption\":\"BE THE ONE\"},\"image\":{\"@id\":\"https:\/\/betheone.com.pl\/#\/schema\/logo\/image\/\"}}]}<\/script>\n<!-- \/ Yoast SEO plugin. -->","yoast_head_json":{"title":"ring SELIN - BE THE ONE","robots":{"index":"index","follow":"follow","max-snippet":"max-snippet:-1","max-image-preview":"max-image-preview:large","max-video-preview":"max-video-preview:-1"},"canonical":"https:\/\/betheone.com.pl\/no\/produkt\/ring-monica-kopia\/","og_locale":"nb_NO","og_type":"article","og_title":"ring SELIN - BE THE ONE","og_description":"ingen SELIN er laget av s\u00f8lv 925. Det h\u00e5ndsk\u00e5rne hjertet gj\u00f8r at hver ring er helt unik. Det er en perfekt gave til noen du er glad i \u2013 eller til deg selv, fordi du ogs\u00e5 er viktig og fortjener noe vakkert som vil minne deg om det hver dag. Hvert produkt du finner her, [&hellip;]","og_url":"https:\/\/betheone.com.pl\/no\/produkt\/ring-monica-kopia\/","og_site_name":"BE THE ONE","article_modified_time":"2025-10-23T15:31:03+00:00","og_image":[{"width":1477,"height":1477,"url":"https:\/\/betheone.com.pl\/wp-content\/uploads\/2025\/10\/IMG_4242.jpeg","type":"image\/jpeg"}],"twitter_misc":{"Ansl. lesetid":"1 minutt"},"schema":{"@context":"https:\/\/schema.org","@graph":[{"@type":"WebPage","@id":"https:\/\/betheone.com.pl\/no\/produkt\/ring-monica-kopia\/","url":"https:\/\/betheone.com.pl\/no\/produkt\/ring-monica-kopia\/","name":"ring SELIN - BE THE ONE","isPartOf":{"@id":"https:\/\/betheone.com.pl\/#website"},"datePublished":"2025-10-22T13:43:46+00:00","dateModified":"2025-10-23T15:31:03+00:00","breadcrumb":{"@id":"https:\/\/betheone.com.pl\/no\/produkt\/ring-monica-kopia\/#breadcrumb"},"inLanguage":"nb-NO","potentialAction":[{"@type":"ReadAction","target":["https:\/\/betheone.com.pl\/no\/produkt\/ring-monica-kopia\/"]}]},{"@type":"BreadcrumbList","@id":"https:\/\/betheone.com.pl\/no\/produkt\/ring-monica-kopia\/#breadcrumb","itemListElement":[{"@type":"ListItem","position":1,"name":"Strona g\u0142\u00f3wna","item":"https:\/\/betheone.com.pl\/no\/"},{"@type":"ListItem","position":2,"name":"Butikk","item":"https:\/\/betheone.com.pl\/no\/sklep\/"},{"@type":"ListItem","position":3,"name":"ring SELIN"}]},{"@type":"WebSite","@id":"https:\/\/betheone.com.pl\/#website","url":"https:\/\/betheone.com.pl\/","name":"BE THE ONE","description":"","publisher":{"@id":"https:\/\/betheone.com.pl\/#organization"},"potentialAction":[{"@type":"SearchAction","target":{"@type":"EntryPoint","urlTemplate":"https:\/\/betheone.com.pl\/?s={search_term_string}"},"query-input":"required name=search_term_string"}],"inLanguage":"nb-NO"},{"@type":"Organization","@id":"https:\/\/betheone.com.pl\/#organization","name":"BE THE ONE","url":"https:\/\/betheone.com.pl\/","logo":{"@type":"ImageObject","inLanguage":"nb-NO","@id":"https:\/\/betheone.com.pl\/#\/schema\/logo\/image\/","url":"https:\/\/betheone.com.pl\/wp-content\/uploads\/2025\/07\/cropped-LOGO__34.png","contentUrl":"https:\/\/betheone.com.pl\/wp-content\/uploads\/2025\/07\/cropped-LOGO__34.png","width":512,"height":512,"caption":"BE THE ONE"},"image":{"@id":"https:\/\/betheone.com.pl\/#\/schema\/logo\/image\/"}}]}},"featured_image_src_large":["https:\/\/betheone.com.pl\/wp-content\/uploads\/2025\/10\/IMG_4242-1024x1024.jpeg",1024,1024,true],"author_info":[],"comment_info":0,"taxonomy_info":{"product_cat":[{"value":168,"label":"NEW - S\u00f8lv"}]},"_links":{"self":[{"href":"https:\/\/betheone.com.pl\/no\/wp-json\/wp\/v2\/product\/15547"}],"collection":[{"href":"https:\/\/betheone.com.pl\/no\/wp-json\/wp\/v2\/product"}],"about":[{"href":"https:\/\/betheone.com.pl\/no\/wp-json\/wp\/v2\/types\/product"}],"replies":[{"embeddable":true,"href":"https:\/\/betheone.com.pl\/no\/wp-json\/wp\/v2\/comments?post=15547"}],"wp:featuredmedia":[{"embeddable":true,"href":"https:\/\/betheone.com.pl\/no\/wp-json\/wp\/v2\/media\/15512"}],"wp:attachment":[{"href":"https:\/\/betheone.com.pl\/no\/wp-json\/wp\/v2\/media?parent=15547"}],"wp:term":[{"taxonomy":"product_cat","embeddable":true,"href":"https:\/\/betheone.com.pl\/no\/wp-json\/wp\/v2\/product_cat?post=15547"},{"taxonomy":"product_tag","embeddable":true,"href":"https:\/\/betheone.com.pl\/no\/wp-json\/wp\/v2\/product_tag?post=15547"}],"curies":[{"name":"wp","href":"https:\/\/api.w.org\/{rel}","templated":true}]}}