{"id":15260,"date":"2025-10-01T11:53:38","date_gmt":"2025-10-01T09:53:38","guid":{"rendered":"https:\/\/betheone.com.pl\/?post_type=product&#038;p=15260"},"modified":"2025-10-01T13:52:25","modified_gmt":"2025-10-01T11:52:25","slug":"ear-cuff-mila","status":"publish","type":"product","link":"https:\/\/betheone.com.pl\/no\/produkt\/ear-cuff-mila\/","title":{"rendered":"Ear Cuff MILA"},"content":{"rendered":"<p>Har du ikke hull i \u00f8rene? Da er dette den perfekte l\u00f8sningen for deg.<br \/>\nH\u00e5ndlaget. Gir deg karakter i hverdagen.<\/p>\n<p>\u00d8resmykket klemmes p\u00e5 den midtre delen av \u00f8ret.<br \/>\nInnvendig diameter: ca. 11 mm.<br \/>\nMateriale: messing.<\/p>\n<p>Hvert produkt jeg lager blir til med stor omhu, og jeg legger mye positiv energi i arbeidet.<br \/>\nSmykket kommer til deg i en eske med logo \u2013 klart til \u00e5 gis bort som gave.<br \/>\nMessing er beskyttet med et belegg som hindrer oksidering. Smykket b\u00f8r beskyttes mot riper og slag, da belegget kan bli skadet.<\/p>\n<p>Produksjonstid: 2\u20135 virkedager.<\/p>\n<p>Hvert smykke er h\u00e5ndlaget, derfor kan enkelte eksemplarer variere litt fra modellen vist p\u00e5 bildet.<br \/>\nSmykker liker \u00e5 bli oppbevart i originalemballasjen, og de trives ikke med vann eller kjemikalier.<\/p>\n","protected":false},"excerpt":{"rendered":"<p>Har du ikke hull i \u00f8rene? Da er dette den perfekte l\u00f8sningen for deg. H\u00e5ndlaget. Gir deg karakter i hverdagen. \u00d8resmykket klemmes p\u00e5 den midtre delen av \u00f8ret. Innvendig diameter: ca. 11 mm. Materiale: messing. Hvert produkt jeg lager blir til med stor omhu, og jeg legger mye positiv energi i arbeidet. Smykket kommer til [&hellip;]<\/p>\n","protected":false},"featured_media":15228,"comment_status":"closed","ping_status":"closed","template":"","meta":{"inline_featured_image":false,"_kad_blocks_custom_css":"","_kad_blocks_head_custom_js":"","_kad_blocks_body_custom_js":"","_kad_blocks_footer_custom_js":""},"product_cat":[169],"product_tag":[],"acf":[],"yoast_head":"<!-- This site is optimized with the Yoast SEO plugin v22.1 - https:\/\/yoast.com\/wordpress\/plugins\/seo\/ -->\n<title>Ear Cuff MILA - BE THE ONE<\/title>\n<meta name=\"robots\" content=\"index, follow, max-snippet:-1, max-image-preview:large, max-video-preview:-1\" \/>\n<link rel=\"canonical\" href=\"https:\/\/betheone.com.pl\/no\/produkt\/ear-cuff-mila\/\" \/>\n<meta property=\"og:locale\" content=\"nb_NO\" \/>\n<meta property=\"og:type\" content=\"article\" \/>\n<meta property=\"og:title\" content=\"Ear Cuff MILA - BE THE ONE\" \/>\n<meta property=\"og:description\" content=\"Har du ikke hull i \u00f8rene? Da er dette den perfekte l\u00f8sningen for deg. H\u00e5ndlaget. Gir deg karakter i hverdagen. \u00d8resmykket klemmes p\u00e5 den midtre delen av \u00f8ret. Innvendig diameter: ca. 11 mm. Materiale: messing. Hvert produkt jeg lager blir til med stor omhu, og jeg legger mye positiv energi i arbeidet. Smykket kommer til [&hellip;]\" \/>\n<meta property=\"og:url\" content=\"https:\/\/betheone.com.pl\/no\/produkt\/ear-cuff-mila\/\" \/>\n<meta property=\"og:site_name\" content=\"BE THE ONE\" \/>\n<meta property=\"article:modified_time\" content=\"2025-10-01T11:52:25+00:00\" \/>\n<meta property=\"og:image\" content=\"https:\/\/betheone.com.pl\/wp-content\/uploads\/2025\/10\/04232238-0B81-4173-9434-8A84256B9DBC.jpg\" \/>\n\t<meta property=\"og:image:width\" content=\"590\" \/>\n\t<meta property=\"og:image:height\" content=\"590\" \/>\n\t<meta property=\"og:image:type\" content=\"image\/jpeg\" \/>\n<script type=\"application\/ld+json\" class=\"yoast-schema-graph\">{\"@context\":\"https:\/\/schema.org\",\"@graph\":[{\"@type\":\"WebPage\",\"@id\":\"https:\/\/betheone.com.pl\/no\/produkt\/ear-cuff-mila\/\",\"url\":\"https:\/\/betheone.com.pl\/no\/produkt\/ear-cuff-mila\/\",\"name\":\"Ear Cuff MILA - BE THE ONE\",\"isPartOf\":{\"@id\":\"https:\/\/betheone.com.pl\/#website\"},\"datePublished\":\"2025-10-01T09:53:38+00:00\",\"dateModified\":\"2025-10-01T11:52:25+00:00\",\"breadcrumb\":{\"@id\":\"https:\/\/betheone.com.pl\/no\/produkt\/ear-cuff-mila\/#breadcrumb\"},\"inLanguage\":\"nb-NO\",\"potentialAction\":[{\"@type\":\"ReadAction\",\"target\":[\"https:\/\/betheone.com.pl\/no\/produkt\/ear-cuff-mila\/\"]}]},{\"@type\":\"BreadcrumbList\",\"@id\":\"https:\/\/betheone.com.pl\/no\/produkt\/ear-cuff-mila\/#breadcrumb\",\"itemListElement\":[{\"@type\":\"ListItem\",\"position\":1,\"name\":\"Strona g\u0142\u00f3wna\",\"item\":\"https:\/\/betheone.com.pl\/no\/\"},{\"@type\":\"ListItem\",\"position\":2,\"name\":\"Butikk\",\"item\":\"https:\/\/betheone.com.pl\/no\/sklep\/\"},{\"@type\":\"ListItem\",\"position\":3,\"name\":\"Ear Cuff MILA\"}]},{\"@type\":\"WebSite\",\"@id\":\"https:\/\/betheone.com.pl\/#website\",\"url\":\"https:\/\/betheone.com.pl\/\",\"name\":\"BE THE ONE\",\"description\":\"\",\"publisher\":{\"@id\":\"https:\/\/betheone.com.pl\/#organization\"},\"potentialAction\":[{\"@type\":\"SearchAction\",\"target\":{\"@type\":\"EntryPoint\",\"urlTemplate\":\"https:\/\/betheone.com.pl\/?s={search_term_string}\"},\"query-input\":\"required name=search_term_string\"}],\"inLanguage\":\"nb-NO\"},{\"@type\":\"Organization\",\"@id\":\"https:\/\/betheone.com.pl\/#organization\",\"name\":\"BE THE ONE\",\"url\":\"https:\/\/betheone.com.pl\/\",\"logo\":{\"@type\":\"ImageObject\",\"inLanguage\":\"nb-NO\",\"@id\":\"https:\/\/betheone.com.pl\/#\/schema\/logo\/image\/\",\"url\":\"https:\/\/betheone.com.pl\/wp-content\/uploads\/2025\/07\/cropped-LOGO__34.png\",\"contentUrl\":\"https:\/\/betheone.com.pl\/wp-content\/uploads\/2025\/07\/cropped-LOGO__34.png\",\"width\":512,\"height\":512,\"caption\":\"BE THE ONE\"},\"image\":{\"@id\":\"https:\/\/betheone.com.pl\/#\/schema\/logo\/image\/\"}}]}<\/script>\n<!-- \/ Yoast SEO plugin. -->","yoast_head_json":{"title":"Ear Cuff MILA - BE THE ONE","robots":{"index":"index","follow":"follow","max-snippet":"max-snippet:-1","max-image-preview":"max-image-preview:large","max-video-preview":"max-video-preview:-1"},"canonical":"https:\/\/betheone.com.pl\/no\/produkt\/ear-cuff-mila\/","og_locale":"nb_NO","og_type":"article","og_title":"Ear Cuff MILA - BE THE ONE","og_description":"Har du ikke hull i \u00f8rene? Da er dette den perfekte l\u00f8sningen for deg. H\u00e5ndlaget. Gir deg karakter i hverdagen. \u00d8resmykket klemmes p\u00e5 den midtre delen av \u00f8ret. Innvendig diameter: ca. 11 mm. Materiale: messing. Hvert produkt jeg lager blir til med stor omhu, og jeg legger mye positiv energi i arbeidet. Smykket kommer til [&hellip;]","og_url":"https:\/\/betheone.com.pl\/no\/produkt\/ear-cuff-mila\/","og_site_name":"BE THE ONE","article_modified_time":"2025-10-01T11:52:25+00:00","og_image":[{"width":590,"height":590,"url":"https:\/\/betheone.com.pl\/wp-content\/uploads\/2025\/10\/04232238-0B81-4173-9434-8A84256B9DBC.jpg","type":"image\/jpeg"}],"schema":{"@context":"https:\/\/schema.org","@graph":[{"@type":"WebPage","@id":"https:\/\/betheone.com.pl\/no\/produkt\/ear-cuff-mila\/","url":"https:\/\/betheone.com.pl\/no\/produkt\/ear-cuff-mila\/","name":"Ear Cuff MILA - BE THE ONE","isPartOf":{"@id":"https:\/\/betheone.com.pl\/#website"},"datePublished":"2025-10-01T09:53:38+00:00","dateModified":"2025-10-01T11:52:25+00:00","breadcrumb":{"@id":"https:\/\/betheone.com.pl\/no\/produkt\/ear-cuff-mila\/#breadcrumb"},"inLanguage":"nb-NO","potentialAction":[{"@type":"ReadAction","target":["https:\/\/betheone.com.pl\/no\/produkt\/ear-cuff-mila\/"]}]},{"@type":"BreadcrumbList","@id":"https:\/\/betheone.com.pl\/no\/produkt\/ear-cuff-mila\/#breadcrumb","itemListElement":[{"@type":"ListItem","position":1,"name":"Strona g\u0142\u00f3wna","item":"https:\/\/betheone.com.pl\/no\/"},{"@type":"ListItem","position":2,"name":"Butikk","item":"https:\/\/betheone.com.pl\/no\/sklep\/"},{"@type":"ListItem","position":3,"name":"Ear Cuff MILA"}]},{"@type":"WebSite","@id":"https:\/\/betheone.com.pl\/#website","url":"https:\/\/betheone.com.pl\/","name":"BE THE ONE","description":"","publisher":{"@id":"https:\/\/betheone.com.pl\/#organization"},"potentialAction":[{"@type":"SearchAction","target":{"@type":"EntryPoint","urlTemplate":"https:\/\/betheone.com.pl\/?s={search_term_string}"},"query-input":"required name=search_term_string"}],"inLanguage":"nb-NO"},{"@type":"Organization","@id":"https:\/\/betheone.com.pl\/#organization","name":"BE THE ONE","url":"https:\/\/betheone.com.pl\/","logo":{"@type":"ImageObject","inLanguage":"nb-NO","@id":"https:\/\/betheone.com.pl\/#\/schema\/logo\/image\/","url":"https:\/\/betheone.com.pl\/wp-content\/uploads\/2025\/07\/cropped-LOGO__34.png","contentUrl":"https:\/\/betheone.com.pl\/wp-content\/uploads\/2025\/07\/cropped-LOGO__34.png","width":512,"height":512,"caption":"BE THE ONE"},"image":{"@id":"https:\/\/betheone.com.pl\/#\/schema\/logo\/image\/"}}]}},"featured_image_src_large":["https:\/\/betheone.com.pl\/wp-content\/uploads\/2025\/10\/04232238-0B81-4173-9434-8A84256B9DBC.jpg",590,590,false],"author_info":[],"comment_info":0,"taxonomy_info":{"product_cat":[{"value":169,"label":"\u00d8redobber"}]},"_links":{"self":[{"href":"https:\/\/betheone.com.pl\/no\/wp-json\/wp\/v2\/product\/15260"}],"collection":[{"href":"https:\/\/betheone.com.pl\/no\/wp-json\/wp\/v2\/product"}],"about":[{"href":"https:\/\/betheone.com.pl\/no\/wp-json\/wp\/v2\/types\/product"}],"replies":[{"embeddable":true,"href":"https:\/\/betheone.com.pl\/no\/wp-json\/wp\/v2\/comments?post=15260"}],"wp:featuredmedia":[{"embeddable":true,"href":"https:\/\/betheone.com.pl\/no\/wp-json\/wp\/v2\/media\/15228"}],"wp:attachment":[{"href":"https:\/\/betheone.com.pl\/no\/wp-json\/wp\/v2\/media?parent=15260"}],"wp:term":[{"taxonomy":"product_cat","embeddable":true,"href":"https:\/\/betheone.com.pl\/no\/wp-json\/wp\/v2\/product_cat?post=15260"},{"taxonomy":"product_tag","embeddable":true,"href":"https:\/\/betheone.com.pl\/no\/wp-json\/wp\/v2\/product_tag?post=15260"}],"curies":[{"name":"wp","href":"https:\/\/api.w.org\/{rel}","templated":true}]}}