{"id":1503,"date":"2019-06-06T11:26:40","date_gmt":"2019-06-06T09:26:40","guid":{"rendered":"https:\/\/betheone.com.pl\/?post_type=product&#038;p=1503"},"modified":"2023-04-11T15:17:29","modified_gmt":"2023-04-11T13:17:29","slug":"rose-kolczyki","status":"publish","type":"product","link":"https:\/\/betheone.com.pl\/no\/produkt\/rose-kolczyki\/","title":{"rendered":"kolczyki ROSE"},"content":{"rendered":"<p>Kolczyki wykonane z r\u0119cznie robionej rurki mosi\u0119\u017cnej oraz r\u00f3\u017cowej, elastycznej niteczki.<\/p>\n<p><span class=\"book\">Mo\u017cliwo\u015b\u0107 zam\u00f3wienia fr\u0119dzli w innym kolorze \u2013 wyb\u00f3r opcji powy\u017cej.<\/span><\/p>\n<p>Bigle lub sztyfty: srebro poz\u0142acane<br \/>\nD\u0142ugo\u015b\u0107 kolczyka razem z biglem: ok 10 cm<\/p>\n<p>Ka\u017cdy produkt, kt\u00f3ry tutaj znajdziesz wykonuj\u0119 z niezwyk\u0142\u0105 staranno\u015bci\u0105 i wk\u0142adam w niego du\u017co pozytywnej energii.<\/p>\n<p>Bi\u017cuteria przyw\u0119druje do Ciebie w opakowaniu z logo, w takiej formie mo\u017ce by\u0107 podarowana jako prezent.<\/p>\n<p>Mosi\u0105dz zabezpieczany jest pow\u0142ok\u0105 chroni\u0105c\u0105 przed utlenianiem.<\/p>\n<p>Termin realizacji: 2-5 dni roboczych.<\/p>\n<p>Ka\u017cdy model bi\u017cuterii jest wykonany r\u0119cznie, dlatego poszczeg\u00f3lne egzemplarze mog\u0105 nieznacznie r\u00f3\u017cni\u0107 si\u0119 od modeli przedstawionych na zdj\u0119ciu.<\/p>\n<p>Bi\u017cuteria uwielbia, kiedy przechowujesz j\u0105 w oryginalnym opakowaniu, nie lubi si\u0119 z wod\u0105 i chemikaliami.<\/p>\n","protected":false},"excerpt":{"rendered":"<p>Kolczyki wykonane z r\u0119cznie robionej rurki mosi\u0119\u017cnej oraz r\u00f3\u017cowej, elastycznej niteczki. Mo\u017cliwo\u015b\u0107 zam\u00f3wienia fr\u0119dzli w innym kolorze \u2013 wyb\u00f3r opcji powy\u017cej. Bigle lub sztyfty: srebro poz\u0142acane D\u0142ugo\u015b\u0107 kolczyka razem z biglem: ok 10 cm Ka\u017cdy produkt, kt\u00f3ry tutaj znajdziesz wykonuj\u0119 z niezwyk\u0142\u0105 staranno\u015bci\u0105 i wk\u0142adam w niego du\u017co pozytywnej energii. Bi\u017cuteria przyw\u0119druje do Ciebie w [&hellip;]<\/p>\n","protected":false},"featured_media":0,"comment_status":"closed","ping_status":"closed","template":"","meta":{"inline_featured_image":false,"_kad_blocks_custom_css":"","_kad_blocks_head_custom_js":"","_kad_blocks_body_custom_js":"","_kad_blocks_footer_custom_js":""},"product_cat":[68],"product_tag":[],"acf":[],"yoast_head":"<!-- This site is optimized with the Yoast SEO plugin v22.1 - https:\/\/yoast.com\/wordpress\/plugins\/seo\/ -->\n<title>kolczyki ROSE - BE THE ONE<\/title>\n<meta name=\"robots\" content=\"index, follow, max-snippet:-1, max-image-preview:large, max-video-preview:-1\" \/>\n<link rel=\"canonical\" href=\"https:\/\/betheone.com.pl\/produkt\/rose-kolczyki\/\" \/>\n<meta property=\"og:locale\" content=\"nb_NO\" \/>\n<meta property=\"og:type\" content=\"article\" \/>\n<meta property=\"og:title\" content=\"kolczyki ROSE - BE THE ONE\" \/>\n<meta property=\"og:description\" content=\"Kolczyki wykonane z r\u0119cznie robionej rurki mosi\u0119\u017cnej oraz r\u00f3\u017cowej, elastycznej niteczki. Mo\u017cliwo\u015b\u0107 zam\u00f3wienia fr\u0119dzli w innym kolorze \u2013 wyb\u00f3r opcji powy\u017cej. Bigle lub sztyfty: srebro poz\u0142acane D\u0142ugo\u015b\u0107 kolczyka razem z biglem: ok 10 cm Ka\u017cdy produkt, kt\u00f3ry tutaj znajdziesz wykonuj\u0119 z niezwyk\u0142\u0105 staranno\u015bci\u0105 i wk\u0142adam w niego du\u017co pozytywnej energii. Bi\u017cuteria przyw\u0119druje do Ciebie w [&hellip;]\" \/>\n<meta property=\"og:url\" content=\"https:\/\/betheone.com.pl\/produkt\/rose-kolczyki\/\" \/>\n<meta property=\"og:site_name\" content=\"BE THE ONE\" \/>\n<meta property=\"article:modified_time\" content=\"2023-04-11T13:17:29+00:00\" \/>\n<meta property=\"og:image\" content=\"https:\/\/betheone.com.pl\/wp-content\/uploads\/2021\/01\/bizuteria-143-2-scaled.jpg\" \/>\n\t<meta property=\"og:image:width\" content=\"2560\" \/>\n\t<meta property=\"og:image:height\" content=\"2560\" \/>\n\t<meta property=\"og:image:type\" content=\"image\/jpeg\" \/>\n<meta name=\"twitter:label1\" content=\"Ansl. lesetid\" \/>\n\t<meta name=\"twitter:data1\" content=\"1 minutt\" \/>\n<script type=\"application\/ld+json\" class=\"yoast-schema-graph\">{\"@context\":\"https:\/\/schema.org\",\"@graph\":[{\"@type\":\"WebPage\",\"@id\":\"https:\/\/betheone.com.pl\/produkt\/rose-kolczyki\/\",\"url\":\"https:\/\/betheone.com.pl\/produkt\/rose-kolczyki\/\",\"name\":\"kolczyki ROSE - BE THE ONE\",\"isPartOf\":{\"@id\":\"https:\/\/betheone.com.pl\/#website\"},\"datePublished\":\"2019-06-06T09:26:40+00:00\",\"dateModified\":\"2023-04-11T13:17:29+00:00\",\"breadcrumb\":{\"@id\":\"https:\/\/betheone.com.pl\/produkt\/rose-kolczyki\/#breadcrumb\"},\"inLanguage\":\"nb-NO\",\"potentialAction\":[{\"@type\":\"ReadAction\",\"target\":[\"https:\/\/betheone.com.pl\/produkt\/rose-kolczyki\/\"]}]},{\"@type\":\"BreadcrumbList\",\"@id\":\"https:\/\/betheone.com.pl\/produkt\/rose-kolczyki\/#breadcrumb\",\"itemListElement\":[{\"@type\":\"ListItem\",\"position\":1,\"name\":\"Strona g\u0142\u00f3wna\",\"item\":\"https:\/\/betheone.com.pl\/no\/\"},{\"@type\":\"ListItem\",\"position\":2,\"name\":\"Butikk\",\"item\":\"https:\/\/betheone.com.pl\/no\/sklep\/\"},{\"@type\":\"ListItem\",\"position\":3,\"name\":\"kolczyki ROSE\"}]},{\"@type\":\"WebSite\",\"@id\":\"https:\/\/betheone.com.pl\/#website\",\"url\":\"https:\/\/betheone.com.pl\/\",\"name\":\"BE THE ONE\",\"description\":\"\",\"publisher\":{\"@id\":\"https:\/\/betheone.com.pl\/#organization\"},\"potentialAction\":[{\"@type\":\"SearchAction\",\"target\":{\"@type\":\"EntryPoint\",\"urlTemplate\":\"https:\/\/betheone.com.pl\/?s={search_term_string}\"},\"query-input\":\"required name=search_term_string\"}],\"inLanguage\":\"nb-NO\"},{\"@type\":\"Organization\",\"@id\":\"https:\/\/betheone.com.pl\/#organization\",\"name\":\"BE THE ONE\",\"url\":\"https:\/\/betheone.com.pl\/\",\"logo\":{\"@type\":\"ImageObject\",\"inLanguage\":\"nb-NO\",\"@id\":\"https:\/\/betheone.com.pl\/#\/schema\/logo\/image\/\",\"url\":\"https:\/\/betheone.com.pl\/wp-content\/uploads\/2025\/07\/cropped-LOGO__34.png\",\"contentUrl\":\"https:\/\/betheone.com.pl\/wp-content\/uploads\/2025\/07\/cropped-LOGO__34.png\",\"width\":512,\"height\":512,\"caption\":\"BE THE ONE\"},\"image\":{\"@id\":\"https:\/\/betheone.com.pl\/#\/schema\/logo\/image\/\"}}]}<\/script>\n<!-- \/ Yoast SEO plugin. -->","yoast_head_json":{"title":"kolczyki ROSE - BE THE ONE","robots":{"index":"index","follow":"follow","max-snippet":"max-snippet:-1","max-image-preview":"max-image-preview:large","max-video-preview":"max-video-preview:-1"},"canonical":"https:\/\/betheone.com.pl\/produkt\/rose-kolczyki\/","og_locale":"nb_NO","og_type":"article","og_title":"kolczyki ROSE - BE THE ONE","og_description":"Kolczyki wykonane z r\u0119cznie robionej rurki mosi\u0119\u017cnej oraz r\u00f3\u017cowej, elastycznej niteczki. Mo\u017cliwo\u015b\u0107 zam\u00f3wienia fr\u0119dzli w innym kolorze \u2013 wyb\u00f3r opcji powy\u017cej. Bigle lub sztyfty: srebro poz\u0142acane D\u0142ugo\u015b\u0107 kolczyka razem z biglem: ok 10 cm Ka\u017cdy produkt, kt\u00f3ry tutaj znajdziesz wykonuj\u0119 z niezwyk\u0142\u0105 staranno\u015bci\u0105 i wk\u0142adam w niego du\u017co pozytywnej energii. Bi\u017cuteria przyw\u0119druje do Ciebie w [&hellip;]","og_url":"https:\/\/betheone.com.pl\/produkt\/rose-kolczyki\/","og_site_name":"BE THE ONE","article_modified_time":"2023-04-11T13:17:29+00:00","og_image":[{"width":2560,"height":2560,"url":"https:\/\/betheone.com.pl\/wp-content\/uploads\/2021\/01\/bizuteria-143-2-scaled.jpg","type":"image\/jpeg"}],"twitter_misc":{"Ansl. lesetid":"1 minutt"},"schema":{"@context":"https:\/\/schema.org","@graph":[{"@type":"WebPage","@id":"https:\/\/betheone.com.pl\/produkt\/rose-kolczyki\/","url":"https:\/\/betheone.com.pl\/produkt\/rose-kolczyki\/","name":"kolczyki ROSE - BE THE ONE","isPartOf":{"@id":"https:\/\/betheone.com.pl\/#website"},"datePublished":"2019-06-06T09:26:40+00:00","dateModified":"2023-04-11T13:17:29+00:00","breadcrumb":{"@id":"https:\/\/betheone.com.pl\/produkt\/rose-kolczyki\/#breadcrumb"},"inLanguage":"nb-NO","potentialAction":[{"@type":"ReadAction","target":["https:\/\/betheone.com.pl\/produkt\/rose-kolczyki\/"]}]},{"@type":"BreadcrumbList","@id":"https:\/\/betheone.com.pl\/produkt\/rose-kolczyki\/#breadcrumb","itemListElement":[{"@type":"ListItem","position":1,"name":"Strona g\u0142\u00f3wna","item":"https:\/\/betheone.com.pl\/no\/"},{"@type":"ListItem","position":2,"name":"Butikk","item":"https:\/\/betheone.com.pl\/no\/sklep\/"},{"@type":"ListItem","position":3,"name":"kolczyki ROSE"}]},{"@type":"WebSite","@id":"https:\/\/betheone.com.pl\/#website","url":"https:\/\/betheone.com.pl\/","name":"BE THE ONE","description":"","publisher":{"@id":"https:\/\/betheone.com.pl\/#organization"},"potentialAction":[{"@type":"SearchAction","target":{"@type":"EntryPoint","urlTemplate":"https:\/\/betheone.com.pl\/?s={search_term_string}"},"query-input":"required name=search_term_string"}],"inLanguage":"nb-NO"},{"@type":"Organization","@id":"https:\/\/betheone.com.pl\/#organization","name":"BE THE ONE","url":"https:\/\/betheone.com.pl\/","logo":{"@type":"ImageObject","inLanguage":"nb-NO","@id":"https:\/\/betheone.com.pl\/#\/schema\/logo\/image\/","url":"https:\/\/betheone.com.pl\/wp-content\/uploads\/2025\/07\/cropped-LOGO__34.png","contentUrl":"https:\/\/betheone.com.pl\/wp-content\/uploads\/2025\/07\/cropped-LOGO__34.png","width":512,"height":512,"caption":"BE THE ONE"},"image":{"@id":"https:\/\/betheone.com.pl\/#\/schema\/logo\/image\/"}}]}},"featured_image_src_large":false,"author_info":[],"comment_info":0,"taxonomy_info":{"product_cat":[{"value":68,"label":"Kolczyki"}]},"_links":{"self":[{"href":"https:\/\/betheone.com.pl\/no\/wp-json\/wp\/v2\/product\/1503"}],"collection":[{"href":"https:\/\/betheone.com.pl\/no\/wp-json\/wp\/v2\/product"}],"about":[{"href":"https:\/\/betheone.com.pl\/no\/wp-json\/wp\/v2\/types\/product"}],"replies":[{"embeddable":true,"href":"https:\/\/betheone.com.pl\/no\/wp-json\/wp\/v2\/comments?post=1503"}],"wp:attachment":[{"href":"https:\/\/betheone.com.pl\/no\/wp-json\/wp\/v2\/media?parent=1503"}],"wp:term":[{"taxonomy":"product_cat","embeddable":true,"href":"https:\/\/betheone.com.pl\/no\/wp-json\/wp\/v2\/product_cat?post=1503"},{"taxonomy":"product_tag","embeddable":true,"href":"https:\/\/betheone.com.pl\/no\/wp-json\/wp\/v2\/product_tag?post=1503"}],"curies":[{"name":"wp","href":"https:\/\/api.w.org\/{rel}","templated":true}]}}