{"id":14973,"date":"2025-07-30T18:43:07","date_gmt":"2025-07-30T16:43:07","guid":{"rendered":"https:\/\/betheone.com.pl\/?post_type=product&#038;p=14973"},"modified":"2025-08-02T15:19:46","modified_gmt":"2025-08-02T13:19:46","slug":"halskjede-bell","status":"publish","type":"product","link":"https:\/\/betheone.com.pl\/no\/produkt\/halskjede-bell\/","title":{"rendered":"halskjede BELL"},"content":{"rendered":"<p>Halskjedet BELL er et resultat av mitt samarbeid med et thailandsk glassverksted, hvor tradisjonelle teknikker m\u00f8ter moderne design.<br \/>\nKolleksjonen ble til ut fra et \u00f8nske om \u00e5 skape smykker med et hint av farge.<br \/>\nJeg designet disse anhengene med fokus p\u00e5 detaljer og p\u00e5 \u00e5 gj\u00f8re hvert enkelt smykke unikt.<br \/>\nDet er viktig for meg at smykkene jeg lager har sjel og en historie \u2013 som dette, som begynner i hjertet av Thailand og finner veien helt frem til deg.<\/p>\n<p>Anhenget har form som en dr\u00e5pe, i en delikat, lys rosa farge, dekorert med prikker i en frisk, lys gr\u00f8nn nyanse.<\/p>\n<p>Hver dr\u00e5pe er laget for h\u00e5nd, og derfor kan de enkelte eksemplarene variere noe fra det som vises p\u00e5 bildet. Kjedet er laget av messing.<\/p>\n<p>Som gave f\u00e5r du en pusseklut fra meg. Bruk den av og til for \u00e5 t\u00f8rke over kjedet, slik at det f\u00e5r tilbake sin glans.<\/p>\n<p>Lengde p\u00e5 kjedet: ca. 45 cm + forlengelse p\u00e5 ca. 5 cm<br \/>\nH\u00f8yde p\u00e5 dr\u00e5pen: ca. 3,5 cm<\/p>\n<p>Produksjonstid: 2\u20135 virkedager<\/p>\n<p>Behandle halskjedet med respekt og omtanke. Det er laget av glass \u2013 et unikt, men ogs\u00e5 skj\u00f8rt materiale. Unng\u00e5 fall, harde st\u00f8t, vann og kjemikalier. Ta av smykket f\u00f8r du legger deg eller bader. Oppbevar halskjedet separat, i esken du f\u00e5r fra meg.<\/p>\n","protected":false},"excerpt":{"rendered":"<p>Halskjedet BELL er et resultat av mitt samarbeid med et thailandsk glassverksted, hvor tradisjonelle teknikker m\u00f8ter moderne design. Kolleksjonen ble til ut fra et \u00f8nske om \u00e5 skape smykker med et hint av farge. Jeg designet disse anhengene med fokus p\u00e5 detaljer og p\u00e5 \u00e5 gj\u00f8re hvert enkelt smykke unikt. Det er viktig for meg [&hellip;]<\/p>\n","protected":false},"featured_media":14833,"comment_status":"closed","ping_status":"closed","template":"","meta":{"inline_featured_image":false,"_kad_blocks_custom_css":"","_kad_blocks_head_custom_js":"","_kad_blocks_body_custom_js":"","_kad_blocks_footer_custom_js":""},"product_cat":[170],"product_tag":[],"acf":[],"yoast_head":"<!-- This site is optimized with the Yoast SEO plugin v22.1 - https:\/\/yoast.com\/wordpress\/plugins\/seo\/ -->\n<title>halskjede BELL - BE THE ONE<\/title>\n<meta name=\"robots\" content=\"index, follow, max-snippet:-1, max-image-preview:large, max-video-preview:-1\" \/>\n<link rel=\"canonical\" href=\"https:\/\/betheone.com.pl\/no\/produkt\/halskjede-bell\/\" \/>\n<meta property=\"og:locale\" content=\"nb_NO\" \/>\n<meta property=\"og:type\" content=\"article\" \/>\n<meta property=\"og:title\" content=\"halskjede BELL - BE THE ONE\" \/>\n<meta property=\"og:description\" content=\"Halskjedet BELL er et resultat av mitt samarbeid med et thailandsk glassverksted, hvor tradisjonelle teknikker m\u00f8ter moderne design. Kolleksjonen ble til ut fra et \u00f8nske om \u00e5 skape smykker med et hint av farge. Jeg designet disse anhengene med fokus p\u00e5 detaljer og p\u00e5 \u00e5 gj\u00f8re hvert enkelt smykke unikt. Det er viktig for meg [&hellip;]\" \/>\n<meta property=\"og:url\" content=\"https:\/\/betheone.com.pl\/no\/produkt\/halskjede-bell\/\" \/>\n<meta property=\"og:site_name\" content=\"BE THE ONE\" \/>\n<meta property=\"article:modified_time\" content=\"2025-08-02T13:19:46+00:00\" \/>\n<meta property=\"og:image\" content=\"https:\/\/betheone.com.pl\/wp-content\/uploads\/2025\/07\/IMG_2085-scaled.jpeg\" \/>\n\t<meta property=\"og:image:width\" content=\"2560\" \/>\n\t<meta property=\"og:image:height\" content=\"2560\" \/>\n\t<meta property=\"og:image:type\" content=\"image\/jpeg\" \/>\n<meta name=\"twitter:label1\" content=\"Ansl. lesetid\" \/>\n\t<meta name=\"twitter:data1\" content=\"2 minutter\" \/>\n<script type=\"application\/ld+json\" class=\"yoast-schema-graph\">{\"@context\":\"https:\/\/schema.org\",\"@graph\":[{\"@type\":\"WebPage\",\"@id\":\"https:\/\/betheone.com.pl\/no\/produkt\/halskjede-bell\/\",\"url\":\"https:\/\/betheone.com.pl\/no\/produkt\/halskjede-bell\/\",\"name\":\"halskjede BELL - BE THE ONE\",\"isPartOf\":{\"@id\":\"https:\/\/betheone.com.pl\/#website\"},\"datePublished\":\"2025-07-30T16:43:07+00:00\",\"dateModified\":\"2025-08-02T13:19:46+00:00\",\"breadcrumb\":{\"@id\":\"https:\/\/betheone.com.pl\/no\/produkt\/halskjede-bell\/#breadcrumb\"},\"inLanguage\":\"nb-NO\",\"potentialAction\":[{\"@type\":\"ReadAction\",\"target\":[\"https:\/\/betheone.com.pl\/no\/produkt\/halskjede-bell\/\"]}]},{\"@type\":\"BreadcrumbList\",\"@id\":\"https:\/\/betheone.com.pl\/no\/produkt\/halskjede-bell\/#breadcrumb\",\"itemListElement\":[{\"@type\":\"ListItem\",\"position\":1,\"name\":\"Strona g\u0142\u00f3wna\",\"item\":\"https:\/\/betheone.com.pl\/no\/\"},{\"@type\":\"ListItem\",\"position\":2,\"name\":\"Butikk\",\"item\":\"https:\/\/betheone.com.pl\/no\/sklep\/\"},{\"@type\":\"ListItem\",\"position\":3,\"name\":\"halskjede BELL\"}]},{\"@type\":\"WebSite\",\"@id\":\"https:\/\/betheone.com.pl\/#website\",\"url\":\"https:\/\/betheone.com.pl\/\",\"name\":\"BE THE ONE\",\"description\":\"\",\"publisher\":{\"@id\":\"https:\/\/betheone.com.pl\/#organization\"},\"potentialAction\":[{\"@type\":\"SearchAction\",\"target\":{\"@type\":\"EntryPoint\",\"urlTemplate\":\"https:\/\/betheone.com.pl\/?s={search_term_string}\"},\"query-input\":\"required name=search_term_string\"}],\"inLanguage\":\"nb-NO\"},{\"@type\":\"Organization\",\"@id\":\"https:\/\/betheone.com.pl\/#organization\",\"name\":\"BE THE ONE\",\"url\":\"https:\/\/betheone.com.pl\/\",\"logo\":{\"@type\":\"ImageObject\",\"inLanguage\":\"nb-NO\",\"@id\":\"https:\/\/betheone.com.pl\/#\/schema\/logo\/image\/\",\"url\":\"https:\/\/betheone.com.pl\/wp-content\/uploads\/2025\/07\/cropped-LOGO__34.png\",\"contentUrl\":\"https:\/\/betheone.com.pl\/wp-content\/uploads\/2025\/07\/cropped-LOGO__34.png\",\"width\":512,\"height\":512,\"caption\":\"BE THE ONE\"},\"image\":{\"@id\":\"https:\/\/betheone.com.pl\/#\/schema\/logo\/image\/\"}}]}<\/script>\n<!-- \/ Yoast SEO plugin. -->","yoast_head_json":{"title":"halskjede BELL - BE THE ONE","robots":{"index":"index","follow":"follow","max-snippet":"max-snippet:-1","max-image-preview":"max-image-preview:large","max-video-preview":"max-video-preview:-1"},"canonical":"https:\/\/betheone.com.pl\/no\/produkt\/halskjede-bell\/","og_locale":"nb_NO","og_type":"article","og_title":"halskjede BELL - BE THE ONE","og_description":"Halskjedet BELL er et resultat av mitt samarbeid med et thailandsk glassverksted, hvor tradisjonelle teknikker m\u00f8ter moderne design. Kolleksjonen ble til ut fra et \u00f8nske om \u00e5 skape smykker med et hint av farge. Jeg designet disse anhengene med fokus p\u00e5 detaljer og p\u00e5 \u00e5 gj\u00f8re hvert enkelt smykke unikt. Det er viktig for meg [&hellip;]","og_url":"https:\/\/betheone.com.pl\/no\/produkt\/halskjede-bell\/","og_site_name":"BE THE ONE","article_modified_time":"2025-08-02T13:19:46+00:00","og_image":[{"width":2560,"height":2560,"url":"https:\/\/betheone.com.pl\/wp-content\/uploads\/2025\/07\/IMG_2085-scaled.jpeg","type":"image\/jpeg"}],"twitter_misc":{"Ansl. lesetid":"2 minutter"},"schema":{"@context":"https:\/\/schema.org","@graph":[{"@type":"WebPage","@id":"https:\/\/betheone.com.pl\/no\/produkt\/halskjede-bell\/","url":"https:\/\/betheone.com.pl\/no\/produkt\/halskjede-bell\/","name":"halskjede BELL - BE THE ONE","isPartOf":{"@id":"https:\/\/betheone.com.pl\/#website"},"datePublished":"2025-07-30T16:43:07+00:00","dateModified":"2025-08-02T13:19:46+00:00","breadcrumb":{"@id":"https:\/\/betheone.com.pl\/no\/produkt\/halskjede-bell\/#breadcrumb"},"inLanguage":"nb-NO","potentialAction":[{"@type":"ReadAction","target":["https:\/\/betheone.com.pl\/no\/produkt\/halskjede-bell\/"]}]},{"@type":"BreadcrumbList","@id":"https:\/\/betheone.com.pl\/no\/produkt\/halskjede-bell\/#breadcrumb","itemListElement":[{"@type":"ListItem","position":1,"name":"Strona g\u0142\u00f3wna","item":"https:\/\/betheone.com.pl\/no\/"},{"@type":"ListItem","position":2,"name":"Butikk","item":"https:\/\/betheone.com.pl\/no\/sklep\/"},{"@type":"ListItem","position":3,"name":"halskjede BELL"}]},{"@type":"WebSite","@id":"https:\/\/betheone.com.pl\/#website","url":"https:\/\/betheone.com.pl\/","name":"BE THE ONE","description":"","publisher":{"@id":"https:\/\/betheone.com.pl\/#organization"},"potentialAction":[{"@type":"SearchAction","target":{"@type":"EntryPoint","urlTemplate":"https:\/\/betheone.com.pl\/?s={search_term_string}"},"query-input":"required name=search_term_string"}],"inLanguage":"nb-NO"},{"@type":"Organization","@id":"https:\/\/betheone.com.pl\/#organization","name":"BE THE ONE","url":"https:\/\/betheone.com.pl\/","logo":{"@type":"ImageObject","inLanguage":"nb-NO","@id":"https:\/\/betheone.com.pl\/#\/schema\/logo\/image\/","url":"https:\/\/betheone.com.pl\/wp-content\/uploads\/2025\/07\/cropped-LOGO__34.png","contentUrl":"https:\/\/betheone.com.pl\/wp-content\/uploads\/2025\/07\/cropped-LOGO__34.png","width":512,"height":512,"caption":"BE THE ONE"},"image":{"@id":"https:\/\/betheone.com.pl\/#\/schema\/logo\/image\/"}}]}},"featured_image_src_large":["https:\/\/betheone.com.pl\/wp-content\/uploads\/2025\/07\/IMG_2085-1024x1024.jpeg",1024,1024,true],"author_info":[],"comment_info":0,"taxonomy_info":{"product_cat":[{"value":170,"label":"Halskjeder"}]},"_links":{"self":[{"href":"https:\/\/betheone.com.pl\/no\/wp-json\/wp\/v2\/product\/14973"}],"collection":[{"href":"https:\/\/betheone.com.pl\/no\/wp-json\/wp\/v2\/product"}],"about":[{"href":"https:\/\/betheone.com.pl\/no\/wp-json\/wp\/v2\/types\/product"}],"replies":[{"embeddable":true,"href":"https:\/\/betheone.com.pl\/no\/wp-json\/wp\/v2\/comments?post=14973"}],"wp:featuredmedia":[{"embeddable":true,"href":"https:\/\/betheone.com.pl\/no\/wp-json\/wp\/v2\/media\/14833"}],"wp:attachment":[{"href":"https:\/\/betheone.com.pl\/no\/wp-json\/wp\/v2\/media?parent=14973"}],"wp:term":[{"taxonomy":"product_cat","embeddable":true,"href":"https:\/\/betheone.com.pl\/no\/wp-json\/wp\/v2\/product_cat?post=14973"},{"taxonomy":"product_tag","embeddable":true,"href":"https:\/\/betheone.com.pl\/no\/wp-json\/wp\/v2\/product_tag?post=14973"}],"curies":[{"name":"wp","href":"https:\/\/api.w.org\/{rel}","templated":true}]}}