{"id":14105,"date":"2025-05-03T14:48:01","date_gmt":"2025-05-03T12:48:01","guid":{"rendered":"https:\/\/betheone.com.pl\/?post_type=product&#038;p=14105"},"modified":"2025-06-05T17:08:01","modified_gmt":"2025-06-05T15:08:01","slug":"ring-laila-2","status":"publish","type":"product","link":"https:\/\/betheone.com.pl\/no\/produkt\/ring-laila-2\/","title":{"rendered":"ring LAILA"},"content":{"rendered":"<p class=\"\" data-start=\"60\" data-end=\"199\"><em><strong data-start=\"60\" data-end=\"102\">Ringen LAILA er laget i smykkemessing.<\/strong><\/em><br data-start=\"102\" data-end=\"105\" \/>Formen og den h\u00e5ndpregede overflaten gir den et unikt uttrykk og gj\u00f8r hver ring helt spesiell.<\/p>\n<p class=\"\" data-start=\"201\" data-end=\"288\">Takket v\u00e6re den \u00e5pne b\u00e5ndformen kan ringen justeres forsiktig for \u00e5 tilpasses fingeren.<\/p>\n<p class=\"\" data-start=\"427\" data-end=\"523\">Hvert produkt du finner her er laget i mitt lille verksted, med stor omhu og masse kj\u00e6rlighet :)<\/p>\n<p class=\"\" data-start=\"525\" data-end=\"606\">Smykket kommer til deg i en gaveeske med logo \u2013 klart til \u00e5 gis bort som en gave.<\/p>\n<p class=\"\" data-start=\"775\" data-end=\"878\">Hver smykkemodell lages for h\u00e5nd, og derfor kan det v\u00e6re sm\u00e5 variasjoner fra modellen du ser p\u00e5 bildet.<\/p>\n<p class=\"\" data-start=\"880\" data-end=\"962\">Smykker trives best i originalemballasjen, og liker verken vann eller kjemikalier.<\/p>\n","protected":false},"excerpt":{"rendered":"<p>Ringen LAILA er laget i smykkemessing.Formen og den h\u00e5ndpregede overflaten gir den et unikt uttrykk og gj\u00f8r hver ring helt spesiell. Takket v\u00e6re den \u00e5pne b\u00e5ndformen kan ringen justeres forsiktig for \u00e5 tilpasses fingeren. Hvert produkt du finner her er laget i mitt lille verksted, med stor omhu og masse kj\u00e6rlighet :) Smykket kommer til [&hellip;]<\/p>\n","protected":false},"featured_media":13733,"comment_status":"closed","ping_status":"closed","template":"","meta":{"inline_featured_image":false,"_kad_blocks_custom_css":"","_kad_blocks_head_custom_js":"","_kad_blocks_body_custom_js":"","_kad_blocks_footer_custom_js":""},"product_cat":[171],"product_tag":[],"acf":[],"yoast_head":"<!-- This site is optimized with the Yoast SEO plugin v22.1 - https:\/\/yoast.com\/wordpress\/plugins\/seo\/ -->\n<title>ring LAILA - BE THE ONE<\/title>\n<meta name=\"robots\" content=\"index, follow, max-snippet:-1, max-image-preview:large, max-video-preview:-1\" \/>\n<link rel=\"canonical\" href=\"https:\/\/betheone.com.pl\/no\/produkt\/ring-laila-2\/\" \/>\n<meta property=\"og:locale\" content=\"nb_NO\" \/>\n<meta property=\"og:type\" content=\"article\" \/>\n<meta property=\"og:title\" content=\"ring LAILA - BE THE ONE\" \/>\n<meta property=\"og:description\" content=\"Ringen LAILA er laget i smykkemessing.Formen og den h\u00e5ndpregede overflaten gir den et unikt uttrykk og gj\u00f8r hver ring helt spesiell. Takket v\u00e6re den \u00e5pne b\u00e5ndformen kan ringen justeres forsiktig for \u00e5 tilpasses fingeren. Hvert produkt du finner her er laget i mitt lille verksted, med stor omhu og masse kj\u00e6rlighet :) Smykket kommer til [&hellip;]\" \/>\n<meta property=\"og:url\" content=\"https:\/\/betheone.com.pl\/no\/produkt\/ring-laila-2\/\" \/>\n<meta property=\"og:site_name\" content=\"BE THE ONE\" \/>\n<meta property=\"article:modified_time\" content=\"2025-06-05T15:08:01+00:00\" \/>\n<meta property=\"og:image\" content=\"https:\/\/betheone.com.pl\/wp-content\/uploads\/2025\/05\/IMG_7890-1.jpg\" \/>\n\t<meta property=\"og:image:width\" content=\"1817\" \/>\n\t<meta property=\"og:image:height\" content=\"1817\" \/>\n\t<meta property=\"og:image:type\" content=\"image\/jpeg\" \/>\n<meta name=\"twitter:label1\" content=\"Ansl. lesetid\" \/>\n\t<meta name=\"twitter:data1\" content=\"1 minutt\" \/>\n<script type=\"application\/ld+json\" class=\"yoast-schema-graph\">{\"@context\":\"https:\/\/schema.org\",\"@graph\":[{\"@type\":\"WebPage\",\"@id\":\"https:\/\/betheone.com.pl\/no\/produkt\/ring-laila-2\/\",\"url\":\"https:\/\/betheone.com.pl\/no\/produkt\/ring-laila-2\/\",\"name\":\"ring LAILA - BE THE ONE\",\"isPartOf\":{\"@id\":\"https:\/\/betheone.com.pl\/#website\"},\"datePublished\":\"2025-05-03T12:48:01+00:00\",\"dateModified\":\"2025-06-05T15:08:01+00:00\",\"breadcrumb\":{\"@id\":\"https:\/\/betheone.com.pl\/no\/produkt\/ring-laila-2\/#breadcrumb\"},\"inLanguage\":\"nb-NO\",\"potentialAction\":[{\"@type\":\"ReadAction\",\"target\":[\"https:\/\/betheone.com.pl\/no\/produkt\/ring-laila-2\/\"]}]},{\"@type\":\"BreadcrumbList\",\"@id\":\"https:\/\/betheone.com.pl\/no\/produkt\/ring-laila-2\/#breadcrumb\",\"itemListElement\":[{\"@type\":\"ListItem\",\"position\":1,\"name\":\"Strona g\u0142\u00f3wna\",\"item\":\"https:\/\/betheone.com.pl\/no\/\"},{\"@type\":\"ListItem\",\"position\":2,\"name\":\"Butikk\",\"item\":\"https:\/\/betheone.com.pl\/no\/sklep\/\"},{\"@type\":\"ListItem\",\"position\":3,\"name\":\"ring LAILA\"}]},{\"@type\":\"WebSite\",\"@id\":\"https:\/\/betheone.com.pl\/#website\",\"url\":\"https:\/\/betheone.com.pl\/\",\"name\":\"BE THE ONE\",\"description\":\"\",\"publisher\":{\"@id\":\"https:\/\/betheone.com.pl\/#organization\"},\"potentialAction\":[{\"@type\":\"SearchAction\",\"target\":{\"@type\":\"EntryPoint\",\"urlTemplate\":\"https:\/\/betheone.com.pl\/?s={search_term_string}\"},\"query-input\":\"required name=search_term_string\"}],\"inLanguage\":\"nb-NO\"},{\"@type\":\"Organization\",\"@id\":\"https:\/\/betheone.com.pl\/#organization\",\"name\":\"BE THE ONE\",\"url\":\"https:\/\/betheone.com.pl\/\",\"logo\":{\"@type\":\"ImageObject\",\"inLanguage\":\"nb-NO\",\"@id\":\"https:\/\/betheone.com.pl\/#\/schema\/logo\/image\/\",\"url\":\"https:\/\/betheone.com.pl\/wp-content\/uploads\/2025\/07\/cropped-LOGO__34.png\",\"contentUrl\":\"https:\/\/betheone.com.pl\/wp-content\/uploads\/2025\/07\/cropped-LOGO__34.png\",\"width\":512,\"height\":512,\"caption\":\"BE THE ONE\"},\"image\":{\"@id\":\"https:\/\/betheone.com.pl\/#\/schema\/logo\/image\/\"}}]}<\/script>\n<!-- \/ Yoast SEO plugin. -->","yoast_head_json":{"title":"ring LAILA - BE THE ONE","robots":{"index":"index","follow":"follow","max-snippet":"max-snippet:-1","max-image-preview":"max-image-preview:large","max-video-preview":"max-video-preview:-1"},"canonical":"https:\/\/betheone.com.pl\/no\/produkt\/ring-laila-2\/","og_locale":"nb_NO","og_type":"article","og_title":"ring LAILA - BE THE ONE","og_description":"Ringen LAILA er laget i smykkemessing.Formen og den h\u00e5ndpregede overflaten gir den et unikt uttrykk og gj\u00f8r hver ring helt spesiell. Takket v\u00e6re den \u00e5pne b\u00e5ndformen kan ringen justeres forsiktig for \u00e5 tilpasses fingeren. Hvert produkt du finner her er laget i mitt lille verksted, med stor omhu og masse kj\u00e6rlighet :) Smykket kommer til [&hellip;]","og_url":"https:\/\/betheone.com.pl\/no\/produkt\/ring-laila-2\/","og_site_name":"BE THE ONE","article_modified_time":"2025-06-05T15:08:01+00:00","og_image":[{"width":1817,"height":1817,"url":"https:\/\/betheone.com.pl\/wp-content\/uploads\/2025\/05\/IMG_7890-1.jpg","type":"image\/jpeg"}],"twitter_misc":{"Ansl. lesetid":"1 minutt"},"schema":{"@context":"https:\/\/schema.org","@graph":[{"@type":"WebPage","@id":"https:\/\/betheone.com.pl\/no\/produkt\/ring-laila-2\/","url":"https:\/\/betheone.com.pl\/no\/produkt\/ring-laila-2\/","name":"ring LAILA - BE THE ONE","isPartOf":{"@id":"https:\/\/betheone.com.pl\/#website"},"datePublished":"2025-05-03T12:48:01+00:00","dateModified":"2025-06-05T15:08:01+00:00","breadcrumb":{"@id":"https:\/\/betheone.com.pl\/no\/produkt\/ring-laila-2\/#breadcrumb"},"inLanguage":"nb-NO","potentialAction":[{"@type":"ReadAction","target":["https:\/\/betheone.com.pl\/no\/produkt\/ring-laila-2\/"]}]},{"@type":"BreadcrumbList","@id":"https:\/\/betheone.com.pl\/no\/produkt\/ring-laila-2\/#breadcrumb","itemListElement":[{"@type":"ListItem","position":1,"name":"Strona g\u0142\u00f3wna","item":"https:\/\/betheone.com.pl\/no\/"},{"@type":"ListItem","position":2,"name":"Butikk","item":"https:\/\/betheone.com.pl\/no\/sklep\/"},{"@type":"ListItem","position":3,"name":"ring LAILA"}]},{"@type":"WebSite","@id":"https:\/\/betheone.com.pl\/#website","url":"https:\/\/betheone.com.pl\/","name":"BE THE ONE","description":"","publisher":{"@id":"https:\/\/betheone.com.pl\/#organization"},"potentialAction":[{"@type":"SearchAction","target":{"@type":"EntryPoint","urlTemplate":"https:\/\/betheone.com.pl\/?s={search_term_string}"},"query-input":"required name=search_term_string"}],"inLanguage":"nb-NO"},{"@type":"Organization","@id":"https:\/\/betheone.com.pl\/#organization","name":"BE THE ONE","url":"https:\/\/betheone.com.pl\/","logo":{"@type":"ImageObject","inLanguage":"nb-NO","@id":"https:\/\/betheone.com.pl\/#\/schema\/logo\/image\/","url":"https:\/\/betheone.com.pl\/wp-content\/uploads\/2025\/07\/cropped-LOGO__34.png","contentUrl":"https:\/\/betheone.com.pl\/wp-content\/uploads\/2025\/07\/cropped-LOGO__34.png","width":512,"height":512,"caption":"BE THE ONE"},"image":{"@id":"https:\/\/betheone.com.pl\/#\/schema\/logo\/image\/"}}]}},"featured_image_src_large":["https:\/\/betheone.com.pl\/wp-content\/uploads\/2025\/05\/IMG_7890-1-1024x1024.jpg",1024,1024,true],"author_info":[],"comment_info":0,"taxonomy_info":{"product_cat":[{"value":171,"label":"Ringer"}]},"_links":{"self":[{"href":"https:\/\/betheone.com.pl\/no\/wp-json\/wp\/v2\/product\/14105"}],"collection":[{"href":"https:\/\/betheone.com.pl\/no\/wp-json\/wp\/v2\/product"}],"about":[{"href":"https:\/\/betheone.com.pl\/no\/wp-json\/wp\/v2\/types\/product"}],"replies":[{"embeddable":true,"href":"https:\/\/betheone.com.pl\/no\/wp-json\/wp\/v2\/comments?post=14105"}],"wp:featuredmedia":[{"embeddable":true,"href":"https:\/\/betheone.com.pl\/no\/wp-json\/wp\/v2\/media\/13733"}],"wp:attachment":[{"href":"https:\/\/betheone.com.pl\/no\/wp-json\/wp\/v2\/media?parent=14105"}],"wp:term":[{"taxonomy":"product_cat","embeddable":true,"href":"https:\/\/betheone.com.pl\/no\/wp-json\/wp\/v2\/product_cat?post=14105"},{"taxonomy":"product_tag","embeddable":true,"href":"https:\/\/betheone.com.pl\/no\/wp-json\/wp\/v2\/product_tag?post=14105"}],"curies":[{"name":"wp","href":"https:\/\/api.w.org\/{rel}","templated":true}]}}