{"id":14083,"date":"2025-05-03T15:18:05","date_gmt":"2025-05-03T13:18:05","guid":{"rendered":"https:\/\/betheone.com.pl\/?post_type=product&#038;p=14083"},"modified":"2025-05-16T11:43:18","modified_gmt":"2025-05-16T09:43:18","slug":"ring-astra","status":"publish","type":"product","link":"https:\/\/betheone.com.pl\/no\/produkt\/ring-astra\/","title":{"rendered":"ring ASTRA"},"content":{"rendered":"<p class=\"\" data-start=\"48\" data-end=\"268\"><em><strong data-start=\"48\" data-end=\"129\">ASTRA er en ring inspirert av stjernelys \u2013 subtil, men likevel i\u00f8ynefallende.<\/strong><\/em><br data-start=\"129\" data-end=\"132\" \/>Den lille stjernen symboliserer dr\u00f8mmer det er verdt \u00e5 b\u00e6re n\u00e6r hjertet. Perfekt som gave eller som et unikt innslag i din hverdagsstil.<\/p>\n<p class=\"\" data-start=\"270\" data-end=\"382\">Ringen er laget i messing. Den pregete overflaten gir den et s\u00e6regent uttrykk og gj\u00f8r hver ring helt unik.<\/p>\n<p class=\"\" data-start=\"384\" data-end=\"471\">Takket v\u00e6re den \u00e5pne b\u00e5ndformen kan ringen justeres forsiktig for \u00e5 tilpasses fingeren.<\/p>\n<p class=\"\" data-start=\"473\" data-end=\"569\">Hvert produkt du finner her er laget i mitt lille verksted, med stor omhu og masse kj\u00e6rlighet :)<\/p>\n<p class=\"\" data-start=\"571\" data-end=\"652\">Smykket kommer til deg i en gaveeske med logo \u2013 klart til \u00e5 gis bort som en gave.<\/p>\n<p class=\"\" data-start=\"821\" data-end=\"924\">Hver smykkemodell lages for h\u00e5nd, og derfor kan det v\u00e6re sm\u00e5 variasjoner fra modellen du ser p\u00e5 bildet.<\/p>\n<p class=\"\" data-start=\"926\" data-end=\"1008\">Smykker trives best i originalemballasjen, og liker verken vann eller kjemikalier.<\/p>\n","protected":false},"excerpt":{"rendered":"<p>ASTRA er en ring inspirert av stjernelys \u2013 subtil, men likevel i\u00f8ynefallende.Den lille stjernen symboliserer dr\u00f8mmer det er verdt \u00e5 b\u00e6re n\u00e6r hjertet. Perfekt som gave eller som et unikt innslag i din hverdagsstil. Ringen er laget i messing. Den pregete overflaten gir den et s\u00e6regent uttrykk og gj\u00f8r hver ring helt unik. Takket v\u00e6re [&hellip;]<\/p>\n","protected":false},"featured_media":13760,"comment_status":"closed","ping_status":"closed","template":"","meta":{"inline_featured_image":false,"_kad_blocks_custom_css":"","_kad_blocks_head_custom_js":"","_kad_blocks_body_custom_js":"","_kad_blocks_footer_custom_js":""},"product_cat":[171],"product_tag":[],"acf":[],"yoast_head":"<!-- This site is optimized with the Yoast SEO plugin v22.1 - https:\/\/yoast.com\/wordpress\/plugins\/seo\/ -->\n<title>ring ASTRA - BE THE ONE<\/title>\n<meta name=\"robots\" content=\"index, follow, max-snippet:-1, max-image-preview:large, max-video-preview:-1\" \/>\n<link rel=\"canonical\" href=\"https:\/\/betheone.com.pl\/no\/produkt\/ring-astra\/\" \/>\n<meta property=\"og:locale\" content=\"nb_NO\" \/>\n<meta property=\"og:type\" content=\"article\" \/>\n<meta property=\"og:title\" content=\"ring ASTRA - BE THE ONE\" \/>\n<meta property=\"og:description\" content=\"ASTRA er en ring inspirert av stjernelys \u2013 subtil, men likevel i\u00f8ynefallende.Den lille stjernen symboliserer dr\u00f8mmer det er verdt \u00e5 b\u00e6re n\u00e6r hjertet. Perfekt som gave eller som et unikt innslag i din hverdagsstil. Ringen er laget i messing. Den pregete overflaten gir den et s\u00e6regent uttrykk og gj\u00f8r hver ring helt unik. Takket v\u00e6re [&hellip;]\" \/>\n<meta property=\"og:url\" content=\"https:\/\/betheone.com.pl\/no\/produkt\/ring-astra\/\" \/>\n<meta property=\"og:site_name\" content=\"BE THE ONE\" \/>\n<meta property=\"article:modified_time\" content=\"2025-05-16T09:43:18+00:00\" \/>\n<meta property=\"og:image\" content=\"https:\/\/betheone.com.pl\/wp-content\/uploads\/2025\/05\/IMG_7895-2.jpg\" \/>\n\t<meta property=\"og:image:width\" content=\"1450\" \/>\n\t<meta property=\"og:image:height\" content=\"1450\" \/>\n\t<meta property=\"og:image:type\" content=\"image\/jpeg\" \/>\n<meta name=\"twitter:label1\" content=\"Ansl. lesetid\" \/>\n\t<meta name=\"twitter:data1\" content=\"1 minutt\" \/>\n<script type=\"application\/ld+json\" class=\"yoast-schema-graph\">{\"@context\":\"https:\/\/schema.org\",\"@graph\":[{\"@type\":\"WebPage\",\"@id\":\"https:\/\/betheone.com.pl\/no\/produkt\/ring-astra\/\",\"url\":\"https:\/\/betheone.com.pl\/no\/produkt\/ring-astra\/\",\"name\":\"ring ASTRA - BE THE ONE\",\"isPartOf\":{\"@id\":\"https:\/\/betheone.com.pl\/#website\"},\"datePublished\":\"2025-05-03T13:18:05+00:00\",\"dateModified\":\"2025-05-16T09:43:18+00:00\",\"breadcrumb\":{\"@id\":\"https:\/\/betheone.com.pl\/no\/produkt\/ring-astra\/#breadcrumb\"},\"inLanguage\":\"nb-NO\",\"potentialAction\":[{\"@type\":\"ReadAction\",\"target\":[\"https:\/\/betheone.com.pl\/no\/produkt\/ring-astra\/\"]}]},{\"@type\":\"BreadcrumbList\",\"@id\":\"https:\/\/betheone.com.pl\/no\/produkt\/ring-astra\/#breadcrumb\",\"itemListElement\":[{\"@type\":\"ListItem\",\"position\":1,\"name\":\"Strona g\u0142\u00f3wna\",\"item\":\"https:\/\/betheone.com.pl\/no\/\"},{\"@type\":\"ListItem\",\"position\":2,\"name\":\"Butikk\",\"item\":\"https:\/\/betheone.com.pl\/no\/sklep\/\"},{\"@type\":\"ListItem\",\"position\":3,\"name\":\"ring ASTRA\"}]},{\"@type\":\"WebSite\",\"@id\":\"https:\/\/betheone.com.pl\/#website\",\"url\":\"https:\/\/betheone.com.pl\/\",\"name\":\"BE THE ONE\",\"description\":\"\",\"publisher\":{\"@id\":\"https:\/\/betheone.com.pl\/#organization\"},\"potentialAction\":[{\"@type\":\"SearchAction\",\"target\":{\"@type\":\"EntryPoint\",\"urlTemplate\":\"https:\/\/betheone.com.pl\/?s={search_term_string}\"},\"query-input\":\"required name=search_term_string\"}],\"inLanguage\":\"nb-NO\"},{\"@type\":\"Organization\",\"@id\":\"https:\/\/betheone.com.pl\/#organization\",\"name\":\"BE THE ONE\",\"url\":\"https:\/\/betheone.com.pl\/\",\"logo\":{\"@type\":\"ImageObject\",\"inLanguage\":\"nb-NO\",\"@id\":\"https:\/\/betheone.com.pl\/#\/schema\/logo\/image\/\",\"url\":\"https:\/\/betheone.com.pl\/wp-content\/uploads\/2025\/07\/cropped-LOGO__34.png\",\"contentUrl\":\"https:\/\/betheone.com.pl\/wp-content\/uploads\/2025\/07\/cropped-LOGO__34.png\",\"width\":512,\"height\":512,\"caption\":\"BE THE ONE\"},\"image\":{\"@id\":\"https:\/\/betheone.com.pl\/#\/schema\/logo\/image\/\"}}]}<\/script>\n<!-- \/ Yoast SEO plugin. -->","yoast_head_json":{"title":"ring ASTRA - BE THE ONE","robots":{"index":"index","follow":"follow","max-snippet":"max-snippet:-1","max-image-preview":"max-image-preview:large","max-video-preview":"max-video-preview:-1"},"canonical":"https:\/\/betheone.com.pl\/no\/produkt\/ring-astra\/","og_locale":"nb_NO","og_type":"article","og_title":"ring ASTRA - BE THE ONE","og_description":"ASTRA er en ring inspirert av stjernelys \u2013 subtil, men likevel i\u00f8ynefallende.Den lille stjernen symboliserer dr\u00f8mmer det er verdt \u00e5 b\u00e6re n\u00e6r hjertet. Perfekt som gave eller som et unikt innslag i din hverdagsstil. Ringen er laget i messing. Den pregete overflaten gir den et s\u00e6regent uttrykk og gj\u00f8r hver ring helt unik. Takket v\u00e6re [&hellip;]","og_url":"https:\/\/betheone.com.pl\/no\/produkt\/ring-astra\/","og_site_name":"BE THE ONE","article_modified_time":"2025-05-16T09:43:18+00:00","og_image":[{"width":1450,"height":1450,"url":"https:\/\/betheone.com.pl\/wp-content\/uploads\/2025\/05\/IMG_7895-2.jpg","type":"image\/jpeg"}],"twitter_misc":{"Ansl. lesetid":"1 minutt"},"schema":{"@context":"https:\/\/schema.org","@graph":[{"@type":"WebPage","@id":"https:\/\/betheone.com.pl\/no\/produkt\/ring-astra\/","url":"https:\/\/betheone.com.pl\/no\/produkt\/ring-astra\/","name":"ring ASTRA - BE THE ONE","isPartOf":{"@id":"https:\/\/betheone.com.pl\/#website"},"datePublished":"2025-05-03T13:18:05+00:00","dateModified":"2025-05-16T09:43:18+00:00","breadcrumb":{"@id":"https:\/\/betheone.com.pl\/no\/produkt\/ring-astra\/#breadcrumb"},"inLanguage":"nb-NO","potentialAction":[{"@type":"ReadAction","target":["https:\/\/betheone.com.pl\/no\/produkt\/ring-astra\/"]}]},{"@type":"BreadcrumbList","@id":"https:\/\/betheone.com.pl\/no\/produkt\/ring-astra\/#breadcrumb","itemListElement":[{"@type":"ListItem","position":1,"name":"Strona g\u0142\u00f3wna","item":"https:\/\/betheone.com.pl\/no\/"},{"@type":"ListItem","position":2,"name":"Butikk","item":"https:\/\/betheone.com.pl\/no\/sklep\/"},{"@type":"ListItem","position":3,"name":"ring ASTRA"}]},{"@type":"WebSite","@id":"https:\/\/betheone.com.pl\/#website","url":"https:\/\/betheone.com.pl\/","name":"BE THE ONE","description":"","publisher":{"@id":"https:\/\/betheone.com.pl\/#organization"},"potentialAction":[{"@type":"SearchAction","target":{"@type":"EntryPoint","urlTemplate":"https:\/\/betheone.com.pl\/?s={search_term_string}"},"query-input":"required name=search_term_string"}],"inLanguage":"nb-NO"},{"@type":"Organization","@id":"https:\/\/betheone.com.pl\/#organization","name":"BE THE ONE","url":"https:\/\/betheone.com.pl\/","logo":{"@type":"ImageObject","inLanguage":"nb-NO","@id":"https:\/\/betheone.com.pl\/#\/schema\/logo\/image\/","url":"https:\/\/betheone.com.pl\/wp-content\/uploads\/2025\/07\/cropped-LOGO__34.png","contentUrl":"https:\/\/betheone.com.pl\/wp-content\/uploads\/2025\/07\/cropped-LOGO__34.png","width":512,"height":512,"caption":"BE THE ONE"},"image":{"@id":"https:\/\/betheone.com.pl\/#\/schema\/logo\/image\/"}}]}},"featured_image_src_large":["https:\/\/betheone.com.pl\/wp-content\/uploads\/2025\/05\/IMG_7895-2-1024x1024.jpg",1024,1024,true],"author_info":[],"comment_info":0,"taxonomy_info":{"product_cat":[{"value":171,"label":"Ringer"}]},"_links":{"self":[{"href":"https:\/\/betheone.com.pl\/no\/wp-json\/wp\/v2\/product\/14083"}],"collection":[{"href":"https:\/\/betheone.com.pl\/no\/wp-json\/wp\/v2\/product"}],"about":[{"href":"https:\/\/betheone.com.pl\/no\/wp-json\/wp\/v2\/types\/product"}],"replies":[{"embeddable":true,"href":"https:\/\/betheone.com.pl\/no\/wp-json\/wp\/v2\/comments?post=14083"}],"wp:featuredmedia":[{"embeddable":true,"href":"https:\/\/betheone.com.pl\/no\/wp-json\/wp\/v2\/media\/13760"}],"wp:attachment":[{"href":"https:\/\/betheone.com.pl\/no\/wp-json\/wp\/v2\/media?parent=14083"}],"wp:term":[{"taxonomy":"product_cat","embeddable":true,"href":"https:\/\/betheone.com.pl\/no\/wp-json\/wp\/v2\/product_cat?post=14083"},{"taxonomy":"product_tag","embeddable":true,"href":"https:\/\/betheone.com.pl\/no\/wp-json\/wp\/v2\/product_tag?post=14083"}],"curies":[{"name":"wp","href":"https:\/\/api.w.org\/{rel}","templated":true}]}}