{"id":14061,"date":"2025-05-03T15:26:52","date_gmt":"2025-05-03T13:26:52","guid":{"rendered":"https:\/\/betheone.com.pl\/?post_type=product&#038;p=14061"},"modified":"2025-06-05T17:02:45","modified_gmt":"2025-06-05T15:02:45","slug":"ring-amara","status":"publish","type":"product","link":"https:\/\/betheone.com.pl\/no\/produkt\/ring-amara\/","title":{"rendered":"ring AMARA"},"content":{"rendered":"<p class=\"\" data-start=\"48\" data-end=\"224\"><em><strong data-start=\"48\" data-end=\"92\">Minimalistisk form \u2013 maksimal betydning.<\/strong><\/em><br data-start=\"92\" data-end=\"95\" \/><em><strong data-start=\"95\" data-end=\"224\">AMARA er en ring med et hjerte \u2013 et symbol p\u00e5 f\u00f8lelsene du b\u00e6rer med deg hver dag. For deg, eller for noen helt spesiell. : )<\/strong><\/em><\/p>\n<p class=\"\" data-start=\"226\" data-end=\"339\">Ringen er laget i smykkemessing. Den pregete overflaten gir den et unikt uttrykk og gj\u00f8r hver ring helt spesiell.<\/p>\n<p class=\"\" data-start=\"341\" data-end=\"428\">Takket v\u00e6re den \u00e5pne b\u00e5ndformen kan ringen justeres forsiktig for \u00e5 tilpasses fingeren.<\/p>\n<p class=\"\" data-start=\"430\" data-end=\"525\">Hvert produkt du finner her er laget i mitt lille verksted med stor omhu og masse kj\u00e6rlighet :)<\/p>\n<p class=\"\" data-start=\"527\" data-end=\"608\">Smykket kommer til deg i en gaveeske med logo \u2013 klart til \u00e5 gis bort som en gave.<\/p>\n<p class=\"\" data-start=\"777\" data-end=\"880\">Hver smykkemodell lages for h\u00e5nd, og derfor kan det v\u00e6re sm\u00e5 variasjoner fra modellen du ser p\u00e5 bildet.<\/p>\n<p class=\"\" data-start=\"882\" data-end=\"964\">Smykker trives best i originalemballasjen, og liker verken vann eller kjemikalier.<\/p>\n","protected":false},"excerpt":{"rendered":"<p>Minimalistisk form \u2013 maksimal betydning.AMARA er en ring med et hjerte \u2013 et symbol p\u00e5 f\u00f8lelsene du b\u00e6rer med deg hver dag. For deg, eller for noen helt spesiell. : ) Ringen er laget i smykkemessing. Den pregete overflaten gir den et unikt uttrykk og gj\u00f8r hver ring helt spesiell. Takket v\u00e6re den \u00e5pne b\u00e5ndformen [&hellip;]<\/p>\n","protected":false},"featured_media":13809,"comment_status":"closed","ping_status":"closed","template":"","meta":{"inline_featured_image":false,"_kad_blocks_custom_css":"","_kad_blocks_head_custom_js":"","_kad_blocks_body_custom_js":"","_kad_blocks_footer_custom_js":""},"product_cat":[171],"product_tag":[],"acf":[],"yoast_head":"<!-- This site is optimized with the Yoast SEO plugin v22.1 - https:\/\/yoast.com\/wordpress\/plugins\/seo\/ -->\n<title>ring AMARA - BE THE ONE<\/title>\n<meta name=\"robots\" content=\"index, follow, max-snippet:-1, max-image-preview:large, max-video-preview:-1\" \/>\n<link rel=\"canonical\" href=\"https:\/\/betheone.com.pl\/no\/produkt\/ring-amara\/\" \/>\n<meta property=\"og:locale\" content=\"nb_NO\" \/>\n<meta property=\"og:type\" content=\"article\" \/>\n<meta property=\"og:title\" content=\"ring AMARA - BE THE ONE\" \/>\n<meta property=\"og:description\" content=\"Minimalistisk form \u2013 maksimal betydning.AMARA er en ring med et hjerte \u2013 et symbol p\u00e5 f\u00f8lelsene du b\u00e6rer med deg hver dag. For deg, eller for noen helt spesiell. : ) Ringen er laget i smykkemessing. Den pregete overflaten gir den et unikt uttrykk og gj\u00f8r hver ring helt spesiell. Takket v\u00e6re den \u00e5pne b\u00e5ndformen [&hellip;]\" \/>\n<meta property=\"og:url\" content=\"https:\/\/betheone.com.pl\/no\/produkt\/ring-amara\/\" \/>\n<meta property=\"og:site_name\" content=\"BE THE ONE\" \/>\n<meta property=\"article:modified_time\" content=\"2025-06-05T15:02:45+00:00\" \/>\n<meta property=\"og:image\" content=\"https:\/\/betheone.com.pl\/wp-content\/uploads\/2025\/05\/IMG_7949.jpg\" \/>\n\t<meta property=\"og:image:width\" content=\"1467\" \/>\n\t<meta property=\"og:image:height\" content=\"1467\" \/>\n\t<meta property=\"og:image:type\" content=\"image\/jpeg\" \/>\n<meta name=\"twitter:label1\" content=\"Ansl. lesetid\" \/>\n\t<meta name=\"twitter:data1\" content=\"1 minutt\" \/>\n<script type=\"application\/ld+json\" class=\"yoast-schema-graph\">{\"@context\":\"https:\/\/schema.org\",\"@graph\":[{\"@type\":\"WebPage\",\"@id\":\"https:\/\/betheone.com.pl\/no\/produkt\/ring-amara\/\",\"url\":\"https:\/\/betheone.com.pl\/no\/produkt\/ring-amara\/\",\"name\":\"ring AMARA - BE THE ONE\",\"isPartOf\":{\"@id\":\"https:\/\/betheone.com.pl\/#website\"},\"datePublished\":\"2025-05-03T13:26:52+00:00\",\"dateModified\":\"2025-06-05T15:02:45+00:00\",\"breadcrumb\":{\"@id\":\"https:\/\/betheone.com.pl\/no\/produkt\/ring-amara\/#breadcrumb\"},\"inLanguage\":\"nb-NO\",\"potentialAction\":[{\"@type\":\"ReadAction\",\"target\":[\"https:\/\/betheone.com.pl\/no\/produkt\/ring-amara\/\"]}]},{\"@type\":\"BreadcrumbList\",\"@id\":\"https:\/\/betheone.com.pl\/no\/produkt\/ring-amara\/#breadcrumb\",\"itemListElement\":[{\"@type\":\"ListItem\",\"position\":1,\"name\":\"Strona g\u0142\u00f3wna\",\"item\":\"https:\/\/betheone.com.pl\/no\/\"},{\"@type\":\"ListItem\",\"position\":2,\"name\":\"Butikk\",\"item\":\"https:\/\/betheone.com.pl\/no\/sklep\/\"},{\"@type\":\"ListItem\",\"position\":3,\"name\":\"ring AMARA\"}]},{\"@type\":\"WebSite\",\"@id\":\"https:\/\/betheone.com.pl\/#website\",\"url\":\"https:\/\/betheone.com.pl\/\",\"name\":\"BE THE ONE\",\"description\":\"\",\"publisher\":{\"@id\":\"https:\/\/betheone.com.pl\/#organization\"},\"potentialAction\":[{\"@type\":\"SearchAction\",\"target\":{\"@type\":\"EntryPoint\",\"urlTemplate\":\"https:\/\/betheone.com.pl\/?s={search_term_string}\"},\"query-input\":\"required name=search_term_string\"}],\"inLanguage\":\"nb-NO\"},{\"@type\":\"Organization\",\"@id\":\"https:\/\/betheone.com.pl\/#organization\",\"name\":\"BE THE ONE\",\"url\":\"https:\/\/betheone.com.pl\/\",\"logo\":{\"@type\":\"ImageObject\",\"inLanguage\":\"nb-NO\",\"@id\":\"https:\/\/betheone.com.pl\/#\/schema\/logo\/image\/\",\"url\":\"https:\/\/betheone.com.pl\/wp-content\/uploads\/2025\/07\/cropped-LOGO__34.png\",\"contentUrl\":\"https:\/\/betheone.com.pl\/wp-content\/uploads\/2025\/07\/cropped-LOGO__34.png\",\"width\":512,\"height\":512,\"caption\":\"BE THE ONE\"},\"image\":{\"@id\":\"https:\/\/betheone.com.pl\/#\/schema\/logo\/image\/\"}}]}<\/script>\n<!-- \/ Yoast SEO plugin. -->","yoast_head_json":{"title":"ring AMARA - BE THE ONE","robots":{"index":"index","follow":"follow","max-snippet":"max-snippet:-1","max-image-preview":"max-image-preview:large","max-video-preview":"max-video-preview:-1"},"canonical":"https:\/\/betheone.com.pl\/no\/produkt\/ring-amara\/","og_locale":"nb_NO","og_type":"article","og_title":"ring AMARA - BE THE ONE","og_description":"Minimalistisk form \u2013 maksimal betydning.AMARA er en ring med et hjerte \u2013 et symbol p\u00e5 f\u00f8lelsene du b\u00e6rer med deg hver dag. For deg, eller for noen helt spesiell. : ) Ringen er laget i smykkemessing. Den pregete overflaten gir den et unikt uttrykk og gj\u00f8r hver ring helt spesiell. Takket v\u00e6re den \u00e5pne b\u00e5ndformen [&hellip;]","og_url":"https:\/\/betheone.com.pl\/no\/produkt\/ring-amara\/","og_site_name":"BE THE ONE","article_modified_time":"2025-06-05T15:02:45+00:00","og_image":[{"width":1467,"height":1467,"url":"https:\/\/betheone.com.pl\/wp-content\/uploads\/2025\/05\/IMG_7949.jpg","type":"image\/jpeg"}],"twitter_misc":{"Ansl. lesetid":"1 minutt"},"schema":{"@context":"https:\/\/schema.org","@graph":[{"@type":"WebPage","@id":"https:\/\/betheone.com.pl\/no\/produkt\/ring-amara\/","url":"https:\/\/betheone.com.pl\/no\/produkt\/ring-amara\/","name":"ring AMARA - BE THE ONE","isPartOf":{"@id":"https:\/\/betheone.com.pl\/#website"},"datePublished":"2025-05-03T13:26:52+00:00","dateModified":"2025-06-05T15:02:45+00:00","breadcrumb":{"@id":"https:\/\/betheone.com.pl\/no\/produkt\/ring-amara\/#breadcrumb"},"inLanguage":"nb-NO","potentialAction":[{"@type":"ReadAction","target":["https:\/\/betheone.com.pl\/no\/produkt\/ring-amara\/"]}]},{"@type":"BreadcrumbList","@id":"https:\/\/betheone.com.pl\/no\/produkt\/ring-amara\/#breadcrumb","itemListElement":[{"@type":"ListItem","position":1,"name":"Strona g\u0142\u00f3wna","item":"https:\/\/betheone.com.pl\/no\/"},{"@type":"ListItem","position":2,"name":"Butikk","item":"https:\/\/betheone.com.pl\/no\/sklep\/"},{"@type":"ListItem","position":3,"name":"ring AMARA"}]},{"@type":"WebSite","@id":"https:\/\/betheone.com.pl\/#website","url":"https:\/\/betheone.com.pl\/","name":"BE THE ONE","description":"","publisher":{"@id":"https:\/\/betheone.com.pl\/#organization"},"potentialAction":[{"@type":"SearchAction","target":{"@type":"EntryPoint","urlTemplate":"https:\/\/betheone.com.pl\/?s={search_term_string}"},"query-input":"required name=search_term_string"}],"inLanguage":"nb-NO"},{"@type":"Organization","@id":"https:\/\/betheone.com.pl\/#organization","name":"BE THE ONE","url":"https:\/\/betheone.com.pl\/","logo":{"@type":"ImageObject","inLanguage":"nb-NO","@id":"https:\/\/betheone.com.pl\/#\/schema\/logo\/image\/","url":"https:\/\/betheone.com.pl\/wp-content\/uploads\/2025\/07\/cropped-LOGO__34.png","contentUrl":"https:\/\/betheone.com.pl\/wp-content\/uploads\/2025\/07\/cropped-LOGO__34.png","width":512,"height":512,"caption":"BE THE ONE"},"image":{"@id":"https:\/\/betheone.com.pl\/#\/schema\/logo\/image\/"}}]}},"featured_image_src_large":["https:\/\/betheone.com.pl\/wp-content\/uploads\/2025\/05\/IMG_7949-1024x1024.jpg",1024,1024,true],"author_info":[],"comment_info":0,"taxonomy_info":{"product_cat":[{"value":171,"label":"Ringer"}]},"_links":{"self":[{"href":"https:\/\/betheone.com.pl\/no\/wp-json\/wp\/v2\/product\/14061"}],"collection":[{"href":"https:\/\/betheone.com.pl\/no\/wp-json\/wp\/v2\/product"}],"about":[{"href":"https:\/\/betheone.com.pl\/no\/wp-json\/wp\/v2\/types\/product"}],"replies":[{"embeddable":true,"href":"https:\/\/betheone.com.pl\/no\/wp-json\/wp\/v2\/comments?post=14061"}],"wp:featuredmedia":[{"embeddable":true,"href":"https:\/\/betheone.com.pl\/no\/wp-json\/wp\/v2\/media\/13809"}],"wp:attachment":[{"href":"https:\/\/betheone.com.pl\/no\/wp-json\/wp\/v2\/media?parent=14061"}],"wp:term":[{"taxonomy":"product_cat","embeddable":true,"href":"https:\/\/betheone.com.pl\/no\/wp-json\/wp\/v2\/product_cat?post=14061"},{"taxonomy":"product_tag","embeddable":true,"href":"https:\/\/betheone.com.pl\/no\/wp-json\/wp\/v2\/product_tag?post=14061"}],"curies":[{"name":"wp","href":"https:\/\/api.w.org\/{rel}","templated":true}]}}