{"id":14054,"date":"2025-05-05T19:14:26","date_gmt":"2025-05-05T17:14:26","guid":{"rendered":"https:\/\/betheone.com.pl\/?post_type=product&#038;p=14054"},"modified":"2025-05-16T10:33:17","modified_gmt":"2025-05-16T08:33:17","slug":"armband-til-overarm-sofia","status":"publish","type":"product","link":"https:\/\/betheone.com.pl\/no\/produkt\/armband-til-overarm-sofia\/","title":{"rendered":"armb\u00e5nd til overarm SOFIA"},"content":{"rendered":"<p class=\"\" data-start=\"55\" data-end=\"450\"><em><strong>Et minimalistisk overarmsb\u00e5nd laget av varm, edel messing \u2013 en hyllest til bevisst kvinnelighet.<\/strong><\/em><br data-start=\"155\" data-end=\"158\" \/>Den myke formen skjuler et symbol \u2013 et uventet hjerte som ikke roper med formen sin, men snakker med f\u00f8lelsene. <em data-start=\"270\" data-end=\"277\">Sofia<\/em>er et smykke for kvinner som liker \u00e5 uttrykke seg selv subtilt, men med styrke. Perfekt til sommerlige antrekk og bare skuldre \u2013 den fanger blikk med sin enkelhet og dybde.<\/p>\n<p class=\"\" data-start=\"452\" data-end=\"535\">Du trenger verken store ord eller store bevegelser. Ett detalj er nok til \u00e5 si alt.<\/p>\n<p class=\"\" data-start=\"537\" data-end=\"611\">Hvert produkt du finner her er laget med stor omhu og masse kj\u00e6rlighet : )<\/p>\n<p class=\"\" data-start=\"613\" data-end=\"679\">Ved bestilling, husk \u00e5 skrive h\u00e5ndleddsomkretsen i merknadsfeltet.<\/p>\n<p class=\"\" data-start=\"681\" data-end=\"712\">Produksjonstid: 2\u20135 virkedager.<\/p>\n<p class=\"\" data-start=\"714\" data-end=\"882\">Messing oksiderer naturlig over tid, men dette er ikke en permanent prosess. Armb\u00e5ndet b\u00f8r rengj\u00f8res med jevne mellomrom med en klut \u2013 en slik f\u00e5r du i gave fra meg : )<\/p>\n<p class=\"\" data-start=\"884\" data-end=\"965\">Smykket kommer til deg i en gaveeske med logo \u2013 klart til \u00e5 gis bort som en gave.<\/p>\n<p class=\"\" data-start=\"967\" data-end=\"1070\">Hver smykkemodell lages for h\u00e5nd, og derfor kan det v\u00e6re sm\u00e5 variasjoner fra modellen du ser p\u00e5 bildet.<\/p>\n<p class=\"\" data-start=\"1072\" data-end=\"1154\">Smykker trives best i originalemballasjen, og liker verken vann eller kjemikalier.<\/p>\n","protected":false},"excerpt":{"rendered":"<p>Et minimalistisk overarmsb\u00e5nd laget av varm, edel messing \u2013 en hyllest til bevisst kvinnelighet.Den myke formen skjuler et symbol \u2013 et uventet hjerte som ikke roper med formen sin, men snakker med f\u00f8lelsene. Sofiaer et smykke for kvinner som liker \u00e5 uttrykke seg selv subtilt, men med styrke. Perfekt til sommerlige antrekk og bare skuldre [&hellip;]<\/p>\n","protected":false},"featured_media":13987,"comment_status":"closed","ping_status":"closed","template":"","meta":{"inline_featured_image":false,"_kad_blocks_custom_css":"","_kad_blocks_head_custom_js":"","_kad_blocks_body_custom_js":"","_kad_blocks_footer_custom_js":""},"product_cat":[],"product_tag":[],"acf":[],"yoast_head":"<!-- This site is optimized with the Yoast SEO plugin v22.1 - https:\/\/yoast.com\/wordpress\/plugins\/seo\/ -->\n<title>armb\u00e5nd til overarm SOFIA - BE THE ONE<\/title>\n<meta name=\"robots\" content=\"index, follow, max-snippet:-1, max-image-preview:large, max-video-preview:-1\" \/>\n<link rel=\"canonical\" href=\"https:\/\/betheone.com.pl\/no\/produkt\/armband-til-overarm-sofia\/\" \/>\n<meta property=\"og:locale\" content=\"nb_NO\" \/>\n<meta property=\"og:type\" content=\"article\" \/>\n<meta property=\"og:title\" content=\"armb\u00e5nd til overarm SOFIA - BE THE ONE\" \/>\n<meta property=\"og:description\" content=\"Et minimalistisk overarmsb\u00e5nd laget av varm, edel messing \u2013 en hyllest til bevisst kvinnelighet.Den myke formen skjuler et symbol \u2013 et uventet hjerte som ikke roper med formen sin, men snakker med f\u00f8lelsene. Sofiaer et smykke for kvinner som liker \u00e5 uttrykke seg selv subtilt, men med styrke. Perfekt til sommerlige antrekk og bare skuldre [&hellip;]\" \/>\n<meta property=\"og:url\" content=\"https:\/\/betheone.com.pl\/no\/produkt\/armband-til-overarm-sofia\/\" \/>\n<meta property=\"og:site_name\" content=\"BE THE ONE\" \/>\n<meta property=\"article:modified_time\" content=\"2025-05-16T08:33:17+00:00\" \/>\n<meta property=\"og:image\" content=\"https:\/\/betheone.com.pl\/wp-content\/uploads\/2025\/05\/IMG_7921-1.jpg\" \/>\n\t<meta property=\"og:image:width\" content=\"2492\" \/>\n\t<meta property=\"og:image:height\" content=\"2492\" \/>\n\t<meta property=\"og:image:type\" content=\"image\/jpeg\" \/>\n<meta name=\"twitter:label1\" content=\"Ansl. lesetid\" \/>\n\t<meta name=\"twitter:data1\" content=\"2 minutter\" \/>\n<script type=\"application\/ld+json\" class=\"yoast-schema-graph\">{\"@context\":\"https:\/\/schema.org\",\"@graph\":[{\"@type\":\"WebPage\",\"@id\":\"https:\/\/betheone.com.pl\/no\/produkt\/armband-til-overarm-sofia\/\",\"url\":\"https:\/\/betheone.com.pl\/no\/produkt\/armband-til-overarm-sofia\/\",\"name\":\"armb\u00e5nd til overarm SOFIA - BE THE ONE\",\"isPartOf\":{\"@id\":\"https:\/\/betheone.com.pl\/#website\"},\"datePublished\":\"2025-05-05T17:14:26+00:00\",\"dateModified\":\"2025-05-16T08:33:17+00:00\",\"breadcrumb\":{\"@id\":\"https:\/\/betheone.com.pl\/no\/produkt\/armband-til-overarm-sofia\/#breadcrumb\"},\"inLanguage\":\"nb-NO\",\"potentialAction\":[{\"@type\":\"ReadAction\",\"target\":[\"https:\/\/betheone.com.pl\/no\/produkt\/armband-til-overarm-sofia\/\"]}]},{\"@type\":\"BreadcrumbList\",\"@id\":\"https:\/\/betheone.com.pl\/no\/produkt\/armband-til-overarm-sofia\/#breadcrumb\",\"itemListElement\":[{\"@type\":\"ListItem\",\"position\":1,\"name\":\"Strona g\u0142\u00f3wna\",\"item\":\"https:\/\/betheone.com.pl\/no\/\"},{\"@type\":\"ListItem\",\"position\":2,\"name\":\"Butikk\",\"item\":\"https:\/\/betheone.com.pl\/no\/sklep\/\"},{\"@type\":\"ListItem\",\"position\":3,\"name\":\"armb\u00e5nd til overarm SOFIA\"}]},{\"@type\":\"WebSite\",\"@id\":\"https:\/\/betheone.com.pl\/#website\",\"url\":\"https:\/\/betheone.com.pl\/\",\"name\":\"BE THE ONE\",\"description\":\"\",\"publisher\":{\"@id\":\"https:\/\/betheone.com.pl\/#organization\"},\"potentialAction\":[{\"@type\":\"SearchAction\",\"target\":{\"@type\":\"EntryPoint\",\"urlTemplate\":\"https:\/\/betheone.com.pl\/?s={search_term_string}\"},\"query-input\":\"required name=search_term_string\"}],\"inLanguage\":\"nb-NO\"},{\"@type\":\"Organization\",\"@id\":\"https:\/\/betheone.com.pl\/#organization\",\"name\":\"BE THE ONE\",\"url\":\"https:\/\/betheone.com.pl\/\",\"logo\":{\"@type\":\"ImageObject\",\"inLanguage\":\"nb-NO\",\"@id\":\"https:\/\/betheone.com.pl\/#\/schema\/logo\/image\/\",\"url\":\"https:\/\/betheone.com.pl\/wp-content\/uploads\/2025\/07\/cropped-LOGO__34.png\",\"contentUrl\":\"https:\/\/betheone.com.pl\/wp-content\/uploads\/2025\/07\/cropped-LOGO__34.png\",\"width\":512,\"height\":512,\"caption\":\"BE THE ONE\"},\"image\":{\"@id\":\"https:\/\/betheone.com.pl\/#\/schema\/logo\/image\/\"}}]}<\/script>\n<!-- \/ Yoast SEO plugin. -->","yoast_head_json":{"title":"armb\u00e5nd til overarm SOFIA - BE THE ONE","robots":{"index":"index","follow":"follow","max-snippet":"max-snippet:-1","max-image-preview":"max-image-preview:large","max-video-preview":"max-video-preview:-1"},"canonical":"https:\/\/betheone.com.pl\/no\/produkt\/armband-til-overarm-sofia\/","og_locale":"nb_NO","og_type":"article","og_title":"armb\u00e5nd til overarm SOFIA - BE THE ONE","og_description":"Et minimalistisk overarmsb\u00e5nd laget av varm, edel messing \u2013 en hyllest til bevisst kvinnelighet.Den myke formen skjuler et symbol \u2013 et uventet hjerte som ikke roper med formen sin, men snakker med f\u00f8lelsene. Sofiaer et smykke for kvinner som liker \u00e5 uttrykke seg selv subtilt, men med styrke. Perfekt til sommerlige antrekk og bare skuldre [&hellip;]","og_url":"https:\/\/betheone.com.pl\/no\/produkt\/armband-til-overarm-sofia\/","og_site_name":"BE THE ONE","article_modified_time":"2025-05-16T08:33:17+00:00","og_image":[{"width":2492,"height":2492,"url":"https:\/\/betheone.com.pl\/wp-content\/uploads\/2025\/05\/IMG_7921-1.jpg","type":"image\/jpeg"}],"twitter_misc":{"Ansl. lesetid":"2 minutter"},"schema":{"@context":"https:\/\/schema.org","@graph":[{"@type":"WebPage","@id":"https:\/\/betheone.com.pl\/no\/produkt\/armband-til-overarm-sofia\/","url":"https:\/\/betheone.com.pl\/no\/produkt\/armband-til-overarm-sofia\/","name":"armb\u00e5nd til overarm SOFIA - BE THE ONE","isPartOf":{"@id":"https:\/\/betheone.com.pl\/#website"},"datePublished":"2025-05-05T17:14:26+00:00","dateModified":"2025-05-16T08:33:17+00:00","breadcrumb":{"@id":"https:\/\/betheone.com.pl\/no\/produkt\/armband-til-overarm-sofia\/#breadcrumb"},"inLanguage":"nb-NO","potentialAction":[{"@type":"ReadAction","target":["https:\/\/betheone.com.pl\/no\/produkt\/armband-til-overarm-sofia\/"]}]},{"@type":"BreadcrumbList","@id":"https:\/\/betheone.com.pl\/no\/produkt\/armband-til-overarm-sofia\/#breadcrumb","itemListElement":[{"@type":"ListItem","position":1,"name":"Strona g\u0142\u00f3wna","item":"https:\/\/betheone.com.pl\/no\/"},{"@type":"ListItem","position":2,"name":"Butikk","item":"https:\/\/betheone.com.pl\/no\/sklep\/"},{"@type":"ListItem","position":3,"name":"armb\u00e5nd til overarm SOFIA"}]},{"@type":"WebSite","@id":"https:\/\/betheone.com.pl\/#website","url":"https:\/\/betheone.com.pl\/","name":"BE THE ONE","description":"","publisher":{"@id":"https:\/\/betheone.com.pl\/#organization"},"potentialAction":[{"@type":"SearchAction","target":{"@type":"EntryPoint","urlTemplate":"https:\/\/betheone.com.pl\/?s={search_term_string}"},"query-input":"required name=search_term_string"}],"inLanguage":"nb-NO"},{"@type":"Organization","@id":"https:\/\/betheone.com.pl\/#organization","name":"BE THE ONE","url":"https:\/\/betheone.com.pl\/","logo":{"@type":"ImageObject","inLanguage":"nb-NO","@id":"https:\/\/betheone.com.pl\/#\/schema\/logo\/image\/","url":"https:\/\/betheone.com.pl\/wp-content\/uploads\/2025\/07\/cropped-LOGO__34.png","contentUrl":"https:\/\/betheone.com.pl\/wp-content\/uploads\/2025\/07\/cropped-LOGO__34.png","width":512,"height":512,"caption":"BE THE ONE"},"image":{"@id":"https:\/\/betheone.com.pl\/#\/schema\/logo\/image\/"}}]}},"featured_image_src_large":["https:\/\/betheone.com.pl\/wp-content\/uploads\/2025\/05\/IMG_7921-1-1024x1024.jpg",1024,1024,true],"author_info":[],"comment_info":0,"taxonomy_info":[],"_links":{"self":[{"href":"https:\/\/betheone.com.pl\/no\/wp-json\/wp\/v2\/product\/14054"}],"collection":[{"href":"https:\/\/betheone.com.pl\/no\/wp-json\/wp\/v2\/product"}],"about":[{"href":"https:\/\/betheone.com.pl\/no\/wp-json\/wp\/v2\/types\/product"}],"replies":[{"embeddable":true,"href":"https:\/\/betheone.com.pl\/no\/wp-json\/wp\/v2\/comments?post=14054"}],"wp:featuredmedia":[{"embeddable":true,"href":"https:\/\/betheone.com.pl\/no\/wp-json\/wp\/v2\/media\/13987"}],"wp:attachment":[{"href":"https:\/\/betheone.com.pl\/no\/wp-json\/wp\/v2\/media?parent=14054"}],"wp:term":[{"taxonomy":"product_cat","embeddable":true,"href":"https:\/\/betheone.com.pl\/no\/wp-json\/wp\/v2\/product_cat?post=14054"},{"taxonomy":"product_tag","embeddable":true,"href":"https:\/\/betheone.com.pl\/no\/wp-json\/wp\/v2\/product_tag?post=14054"}],"curies":[{"name":"wp","href":"https:\/\/api.w.org\/{rel}","templated":true}]}}