{"id":14052,"date":"2025-05-05T19:23:39","date_gmt":"2025-05-05T17:23:39","guid":{"rendered":"https:\/\/betheone.com.pl\/?post_type=product&#038;p=14052"},"modified":"2025-05-16T10:29:51","modified_gmt":"2025-05-16T08:29:51","slug":"armband-til-overarm-simo","status":"publish","type":"product","link":"https:\/\/betheone.com.pl\/no\/produkt\/armband-til-overarm-simo\/","title":{"rendered":"armb\u00e5nd til overarm SIMO"},"content":{"rendered":"<p class=\"\" data-start=\"56\" data-end=\"362\"><strong data-start=\"56\" data-end=\"131\">Et sensuelt blikkfang som sier mer enn tusen ord \u2013 overarmsb\u00e5ndet SIMO.<\/strong><br data-start=\"131\" data-end=\"134\" \/>Kraften ligger i det enkle \u2013 i formen som omfavner overarmen din som et fl\u00f8yelsmykt str\u00f8k. Den fremhever silhuetten din p\u00e5 en subtil m\u00e5te, gir deg selvtillit og gj\u00f8r hvert eneste bevegelse mer elegant og fylt med feminin styrke.<\/p>\n<p class=\"\" data-start=\"364\" data-end=\"399\">Armb\u00e5ndet er laget i smykkemessing.<\/p>\n<p class=\"\" data-start=\"401\" data-end=\"475\">Hvert produkt du finner her er laget med stor omhu og masse kj\u00e6rlighet : )<\/p>\n<p class=\"\" data-start=\"477\" data-end=\"543\">Ved bestilling, husk \u00e5 skrive h\u00e5ndleddsomkretsen i merknadsfeltet.<\/p>\n<p class=\"\" data-start=\"545\" data-end=\"576\">Produksjonstid: 2\u20135 virkedager.<\/p>\n<p class=\"\" data-start=\"578\" data-end=\"746\">Messing oksiderer naturlig over tid, men dette er ikke en permanent prosess. Armb\u00e5ndet b\u00f8r rengj\u00f8res med jevne mellomrom med en klut \u2013 en slik f\u00e5r du i gave fra meg : )<\/p>\n<p class=\"\" data-start=\"748\" data-end=\"829\">Smykket kommer til deg i en gaveeske med logo \u2013 klart til \u00e5 gis bort som en gave.<\/p>\n<p class=\"\" data-start=\"831\" data-end=\"934\">Hver smykkemodell lages for h\u00e5nd, og derfor kan det v\u00e6re sm\u00e5 variasjoner fra modellen du ser p\u00e5 bildet.<\/p>\n<p class=\"\" data-start=\"936\" data-end=\"1018\">Smykker trives best i originalemballasjen, og liker verken vann eller kjemikalier.<\/p>\n","protected":false},"excerpt":{"rendered":"<p>Et sensuelt blikkfang som sier mer enn tusen ord \u2013 overarmsb\u00e5ndet SIMO.Kraften ligger i det enkle \u2013 i formen som omfavner overarmen din som et fl\u00f8yelsmykt str\u00f8k. Den fremhever silhuetten din p\u00e5 en subtil m\u00e5te, gir deg selvtillit og gj\u00f8r hvert eneste bevegelse mer elegant og fylt med feminin styrke. Armb\u00e5ndet er laget i smykkemessing. [&hellip;]<\/p>\n","protected":false},"featured_media":14023,"comment_status":"closed","ping_status":"closed","template":"","meta":{"inline_featured_image":false,"_kad_blocks_custom_css":"","_kad_blocks_head_custom_js":"","_kad_blocks_body_custom_js":"","_kad_blocks_footer_custom_js":""},"product_cat":[],"product_tag":[],"acf":[],"yoast_head":"<!-- This site is optimized with the Yoast SEO plugin v22.1 - https:\/\/yoast.com\/wordpress\/plugins\/seo\/ -->\n<title>armb\u00e5nd til overarm SIMO - BE THE ONE<\/title>\n<meta name=\"robots\" content=\"index, follow, max-snippet:-1, max-image-preview:large, max-video-preview:-1\" \/>\n<link rel=\"canonical\" href=\"https:\/\/betheone.com.pl\/no\/produkt\/armband-til-overarm-simo\/\" \/>\n<meta property=\"og:locale\" content=\"nb_NO\" \/>\n<meta property=\"og:type\" content=\"article\" \/>\n<meta property=\"og:title\" content=\"armb\u00e5nd til overarm SIMO - BE THE ONE\" \/>\n<meta property=\"og:description\" content=\"Et sensuelt blikkfang som sier mer enn tusen ord \u2013 overarmsb\u00e5ndet SIMO.Kraften ligger i det enkle \u2013 i formen som omfavner overarmen din som et fl\u00f8yelsmykt str\u00f8k. Den fremhever silhuetten din p\u00e5 en subtil m\u00e5te, gir deg selvtillit og gj\u00f8r hvert eneste bevegelse mer elegant og fylt med feminin styrke. Armb\u00e5ndet er laget i smykkemessing. [&hellip;]\" \/>\n<meta property=\"og:url\" content=\"https:\/\/betheone.com.pl\/no\/produkt\/armband-til-overarm-simo\/\" \/>\n<meta property=\"og:site_name\" content=\"BE THE ONE\" \/>\n<meta property=\"article:modified_time\" content=\"2025-05-16T08:29:51+00:00\" \/>\n<meta property=\"og:image\" content=\"https:\/\/betheone.com.pl\/wp-content\/uploads\/2025\/05\/IMG_7944-1.jpg\" \/>\n\t<meta property=\"og:image:width\" content=\"2125\" \/>\n\t<meta property=\"og:image:height\" content=\"2125\" \/>\n\t<meta property=\"og:image:type\" content=\"image\/jpeg\" \/>\n<meta name=\"twitter:label1\" content=\"Ansl. lesetid\" \/>\n\t<meta name=\"twitter:data1\" content=\"2 minutter\" \/>\n<script type=\"application\/ld+json\" class=\"yoast-schema-graph\">{\"@context\":\"https:\/\/schema.org\",\"@graph\":[{\"@type\":\"WebPage\",\"@id\":\"https:\/\/betheone.com.pl\/no\/produkt\/armband-til-overarm-simo\/\",\"url\":\"https:\/\/betheone.com.pl\/no\/produkt\/armband-til-overarm-simo\/\",\"name\":\"armb\u00e5nd til overarm SIMO - BE THE ONE\",\"isPartOf\":{\"@id\":\"https:\/\/betheone.com.pl\/#website\"},\"datePublished\":\"2025-05-05T17:23:39+00:00\",\"dateModified\":\"2025-05-16T08:29:51+00:00\",\"breadcrumb\":{\"@id\":\"https:\/\/betheone.com.pl\/no\/produkt\/armband-til-overarm-simo\/#breadcrumb\"},\"inLanguage\":\"nb-NO\",\"potentialAction\":[{\"@type\":\"ReadAction\",\"target\":[\"https:\/\/betheone.com.pl\/no\/produkt\/armband-til-overarm-simo\/\"]}]},{\"@type\":\"BreadcrumbList\",\"@id\":\"https:\/\/betheone.com.pl\/no\/produkt\/armband-til-overarm-simo\/#breadcrumb\",\"itemListElement\":[{\"@type\":\"ListItem\",\"position\":1,\"name\":\"Strona g\u0142\u00f3wna\",\"item\":\"https:\/\/betheone.com.pl\/no\/\"},{\"@type\":\"ListItem\",\"position\":2,\"name\":\"Butikk\",\"item\":\"https:\/\/betheone.com.pl\/no\/sklep\/\"},{\"@type\":\"ListItem\",\"position\":3,\"name\":\"armb\u00e5nd til overarm SIMO\"}]},{\"@type\":\"WebSite\",\"@id\":\"https:\/\/betheone.com.pl\/#website\",\"url\":\"https:\/\/betheone.com.pl\/\",\"name\":\"BE THE ONE\",\"description\":\"\",\"publisher\":{\"@id\":\"https:\/\/betheone.com.pl\/#organization\"},\"potentialAction\":[{\"@type\":\"SearchAction\",\"target\":{\"@type\":\"EntryPoint\",\"urlTemplate\":\"https:\/\/betheone.com.pl\/?s={search_term_string}\"},\"query-input\":\"required name=search_term_string\"}],\"inLanguage\":\"nb-NO\"},{\"@type\":\"Organization\",\"@id\":\"https:\/\/betheone.com.pl\/#organization\",\"name\":\"BE THE ONE\",\"url\":\"https:\/\/betheone.com.pl\/\",\"logo\":{\"@type\":\"ImageObject\",\"inLanguage\":\"nb-NO\",\"@id\":\"https:\/\/betheone.com.pl\/#\/schema\/logo\/image\/\",\"url\":\"https:\/\/betheone.com.pl\/wp-content\/uploads\/2025\/07\/cropped-LOGO__34.png\",\"contentUrl\":\"https:\/\/betheone.com.pl\/wp-content\/uploads\/2025\/07\/cropped-LOGO__34.png\",\"width\":512,\"height\":512,\"caption\":\"BE THE ONE\"},\"image\":{\"@id\":\"https:\/\/betheone.com.pl\/#\/schema\/logo\/image\/\"}}]}<\/script>\n<!-- \/ Yoast SEO plugin. -->","yoast_head_json":{"title":"armb\u00e5nd til overarm SIMO - BE THE ONE","robots":{"index":"index","follow":"follow","max-snippet":"max-snippet:-1","max-image-preview":"max-image-preview:large","max-video-preview":"max-video-preview:-1"},"canonical":"https:\/\/betheone.com.pl\/no\/produkt\/armband-til-overarm-simo\/","og_locale":"nb_NO","og_type":"article","og_title":"armb\u00e5nd til overarm SIMO - BE THE ONE","og_description":"Et sensuelt blikkfang som sier mer enn tusen ord \u2013 overarmsb\u00e5ndet SIMO.Kraften ligger i det enkle \u2013 i formen som omfavner overarmen din som et fl\u00f8yelsmykt str\u00f8k. Den fremhever silhuetten din p\u00e5 en subtil m\u00e5te, gir deg selvtillit og gj\u00f8r hvert eneste bevegelse mer elegant og fylt med feminin styrke. Armb\u00e5ndet er laget i smykkemessing. [&hellip;]","og_url":"https:\/\/betheone.com.pl\/no\/produkt\/armband-til-overarm-simo\/","og_site_name":"BE THE ONE","article_modified_time":"2025-05-16T08:29:51+00:00","og_image":[{"width":2125,"height":2125,"url":"https:\/\/betheone.com.pl\/wp-content\/uploads\/2025\/05\/IMG_7944-1.jpg","type":"image\/jpeg"}],"twitter_misc":{"Ansl. lesetid":"2 minutter"},"schema":{"@context":"https:\/\/schema.org","@graph":[{"@type":"WebPage","@id":"https:\/\/betheone.com.pl\/no\/produkt\/armband-til-overarm-simo\/","url":"https:\/\/betheone.com.pl\/no\/produkt\/armband-til-overarm-simo\/","name":"armb\u00e5nd til overarm SIMO - BE THE ONE","isPartOf":{"@id":"https:\/\/betheone.com.pl\/#website"},"datePublished":"2025-05-05T17:23:39+00:00","dateModified":"2025-05-16T08:29:51+00:00","breadcrumb":{"@id":"https:\/\/betheone.com.pl\/no\/produkt\/armband-til-overarm-simo\/#breadcrumb"},"inLanguage":"nb-NO","potentialAction":[{"@type":"ReadAction","target":["https:\/\/betheone.com.pl\/no\/produkt\/armband-til-overarm-simo\/"]}]},{"@type":"BreadcrumbList","@id":"https:\/\/betheone.com.pl\/no\/produkt\/armband-til-overarm-simo\/#breadcrumb","itemListElement":[{"@type":"ListItem","position":1,"name":"Strona g\u0142\u00f3wna","item":"https:\/\/betheone.com.pl\/no\/"},{"@type":"ListItem","position":2,"name":"Butikk","item":"https:\/\/betheone.com.pl\/no\/sklep\/"},{"@type":"ListItem","position":3,"name":"armb\u00e5nd til overarm SIMO"}]},{"@type":"WebSite","@id":"https:\/\/betheone.com.pl\/#website","url":"https:\/\/betheone.com.pl\/","name":"BE THE ONE","description":"","publisher":{"@id":"https:\/\/betheone.com.pl\/#organization"},"potentialAction":[{"@type":"SearchAction","target":{"@type":"EntryPoint","urlTemplate":"https:\/\/betheone.com.pl\/?s={search_term_string}"},"query-input":"required name=search_term_string"}],"inLanguage":"nb-NO"},{"@type":"Organization","@id":"https:\/\/betheone.com.pl\/#organization","name":"BE THE ONE","url":"https:\/\/betheone.com.pl\/","logo":{"@type":"ImageObject","inLanguage":"nb-NO","@id":"https:\/\/betheone.com.pl\/#\/schema\/logo\/image\/","url":"https:\/\/betheone.com.pl\/wp-content\/uploads\/2025\/07\/cropped-LOGO__34.png","contentUrl":"https:\/\/betheone.com.pl\/wp-content\/uploads\/2025\/07\/cropped-LOGO__34.png","width":512,"height":512,"caption":"BE THE ONE"},"image":{"@id":"https:\/\/betheone.com.pl\/#\/schema\/logo\/image\/"}}]}},"featured_image_src_large":["https:\/\/betheone.com.pl\/wp-content\/uploads\/2025\/05\/IMG_7944-1-1024x1024.jpg",1024,1024,true],"author_info":[],"comment_info":0,"taxonomy_info":[],"_links":{"self":[{"href":"https:\/\/betheone.com.pl\/no\/wp-json\/wp\/v2\/product\/14052"}],"collection":[{"href":"https:\/\/betheone.com.pl\/no\/wp-json\/wp\/v2\/product"}],"about":[{"href":"https:\/\/betheone.com.pl\/no\/wp-json\/wp\/v2\/types\/product"}],"replies":[{"embeddable":true,"href":"https:\/\/betheone.com.pl\/no\/wp-json\/wp\/v2\/comments?post=14052"}],"wp:featuredmedia":[{"embeddable":true,"href":"https:\/\/betheone.com.pl\/no\/wp-json\/wp\/v2\/media\/14023"}],"wp:attachment":[{"href":"https:\/\/betheone.com.pl\/no\/wp-json\/wp\/v2\/media?parent=14052"}],"wp:term":[{"taxonomy":"product_cat","embeddable":true,"href":"https:\/\/betheone.com.pl\/no\/wp-json\/wp\/v2\/product_cat?post=14052"},{"taxonomy":"product_tag","embeddable":true,"href":"https:\/\/betheone.com.pl\/no\/wp-json\/wp\/v2\/product_tag?post=14052"}],"curies":[{"name":"wp","href":"https:\/\/api.w.org\/{rel}","templated":true}]}}