{"id":11138,"date":"2023-09-06T12:17:48","date_gmt":"2023-09-06T10:17:48","guid":{"rendered":"https:\/\/betheone.com.pl\/produkt\/oredobber-laila\/"},"modified":"2023-11-04T18:43:00","modified_gmt":"2023-11-04T17:43:00","slug":"oredobber-laila","status":"publish","type":"product","link":"https:\/\/betheone.com.pl\/no\/produkt\/oredobber-laila\/","title":{"rendered":"\u00f8redobber LAILA"},"content":{"rendered":"<p>\u00d8redobber LAILA laget av messing og s\u00f8lv pigger. Designet og h\u00e5ndlaget av meg.<\/p>\n<p>Stilfullt smykke som blir lagt merke til.<\/p>\n<p>Lengde: 3,5 cm<\/p>\n<p>Fint med \u00f8redobber og ring i samme stil!<\/p>\n<p>Matchende ring finner du her:<\/p>\n<blockquote class=\"wp-embedded-content\" data-secret=\"d4yvxrCtNH\"><p><a href=\"https:\/\/betheone.com.pl\/no\/produkt\/ring-laila\/\">ring LAILA<\/a><\/p><\/blockquote>\n<p><iframe class=\"wp-embedded-content\" sandbox=\"allow-scripts\" security=\"restricted\" style=\"position: absolute; clip: rect(1px, 1px, 1px, 1px);\" title=\"&#8220;ring LAILA&#8221; &#8212; BE THE ONE\" src=\"https:\/\/betheone.com.pl\/no\/produkt\/ring-laila\/embed\/#?secret=PISmj4AmdF#?secret=d4yvxrCtNH\" data-secret=\"d4yvxrCtNH\" width=\"500\" height=\"282\" frameborder=\"0\" marginwidth=\"0\" marginheight=\"0\" scrolling=\"no\"><\/iframe><\/p>\n<p>Ledetid: 2-5 dager<\/p>\n","protected":false},"excerpt":{"rendered":"<p>\u00d8redobber LAILA laget av messing og s\u00f8lv pigger. Designet og h\u00e5ndlaget av meg. Stilfullt smykke som blir lagt merke til. Lengde: 3,5 cm Fint med \u00f8redobber og ring i samme stil! Matchende ring finner du her: ring LAILA Ledetid: 2-5 dager<\/p>\n","protected":false},"featured_media":15714,"comment_status":"closed","ping_status":"closed","template":"","meta":{"inline_featured_image":false,"_kad_blocks_custom_css":"","_kad_blocks_head_custom_js":"","_kad_blocks_body_custom_js":"","_kad_blocks_footer_custom_js":""},"product_cat":[169],"product_tag":[],"acf":[],"yoast_head":"<!-- This site is optimized with the Yoast SEO plugin v22.1 - https:\/\/yoast.com\/wordpress\/plugins\/seo\/ -->\n<title>\u00f8redobber LAILA - BE THE ONE<\/title>\n<meta name=\"robots\" content=\"index, follow, max-snippet:-1, max-image-preview:large, max-video-preview:-1\" \/>\n<link rel=\"canonical\" href=\"https:\/\/betheone.com.pl\/no\/produkt\/oredobber-laila\/\" \/>\n<meta property=\"og:locale\" content=\"nb_NO\" \/>\n<meta property=\"og:type\" content=\"article\" \/>\n<meta property=\"og:title\" content=\"\u00f8redobber LAILA - BE THE ONE\" \/>\n<meta property=\"og:description\" content=\"\u00d8redobber LAILA laget av messing og s\u00f8lv pigger. Designet og h\u00e5ndlaget av meg. Stilfullt smykke som blir lagt merke til. Lengde: 3,5 cm Fint med \u00f8redobber og ring i samme stil! Matchende ring finner du her: ring LAILA Ledetid: 2-5 dager\" \/>\n<meta property=\"og:url\" content=\"https:\/\/betheone.com.pl\/no\/produkt\/oredobber-laila\/\" \/>\n<meta property=\"og:site_name\" content=\"BE THE ONE\" \/>\n<meta property=\"article:modified_time\" content=\"2023-11-04T17:43:00+00:00\" \/>\n<meta property=\"og:image\" content=\"https:\/\/betheone.com.pl\/wp-content\/uploads\/2023\/09\/L1000740FPS-kwadrat-scaled.jpeg\" \/>\n\t<meta property=\"og:image:width\" content=\"2438\" \/>\n\t<meta property=\"og:image:height\" content=\"2560\" \/>\n\t<meta property=\"og:image:type\" content=\"image\/jpeg\" \/>\n<meta name=\"twitter:label1\" content=\"Ansl. lesetid\" \/>\n\t<meta name=\"twitter:data1\" content=\"1 minutt\" \/>\n<script type=\"application\/ld+json\" class=\"yoast-schema-graph\">{\"@context\":\"https:\/\/schema.org\",\"@graph\":[{\"@type\":\"WebPage\",\"@id\":\"https:\/\/betheone.com.pl\/no\/produkt\/oredobber-laila\/\",\"url\":\"https:\/\/betheone.com.pl\/no\/produkt\/oredobber-laila\/\",\"name\":\"\u00f8redobber LAILA - BE THE ONE\",\"isPartOf\":{\"@id\":\"https:\/\/betheone.com.pl\/#website\"},\"datePublished\":\"2023-09-06T10:17:48+00:00\",\"dateModified\":\"2023-11-04T17:43:00+00:00\",\"breadcrumb\":{\"@id\":\"https:\/\/betheone.com.pl\/no\/produkt\/oredobber-laila\/#breadcrumb\"},\"inLanguage\":\"nb-NO\",\"potentialAction\":[{\"@type\":\"ReadAction\",\"target\":[\"https:\/\/betheone.com.pl\/no\/produkt\/oredobber-laila\/\"]}]},{\"@type\":\"BreadcrumbList\",\"@id\":\"https:\/\/betheone.com.pl\/no\/produkt\/oredobber-laila\/#breadcrumb\",\"itemListElement\":[{\"@type\":\"ListItem\",\"position\":1,\"name\":\"Strona g\u0142\u00f3wna\",\"item\":\"https:\/\/betheone.com.pl\/no\/\"},{\"@type\":\"ListItem\",\"position\":2,\"name\":\"Butikk\",\"item\":\"https:\/\/betheone.com.pl\/no\/sklep\/\"},{\"@type\":\"ListItem\",\"position\":3,\"name\":\"\u00f8redobber LAILA\"}]},{\"@type\":\"WebSite\",\"@id\":\"https:\/\/betheone.com.pl\/#website\",\"url\":\"https:\/\/betheone.com.pl\/\",\"name\":\"BE THE ONE\",\"description\":\"\",\"publisher\":{\"@id\":\"https:\/\/betheone.com.pl\/#organization\"},\"potentialAction\":[{\"@type\":\"SearchAction\",\"target\":{\"@type\":\"EntryPoint\",\"urlTemplate\":\"https:\/\/betheone.com.pl\/?s={search_term_string}\"},\"query-input\":\"required name=search_term_string\"}],\"inLanguage\":\"nb-NO\"},{\"@type\":\"Organization\",\"@id\":\"https:\/\/betheone.com.pl\/#organization\",\"name\":\"BE THE ONE\",\"url\":\"https:\/\/betheone.com.pl\/\",\"logo\":{\"@type\":\"ImageObject\",\"inLanguage\":\"nb-NO\",\"@id\":\"https:\/\/betheone.com.pl\/#\/schema\/logo\/image\/\",\"url\":\"https:\/\/betheone.com.pl\/wp-content\/uploads\/2025\/07\/cropped-LOGO__34.png\",\"contentUrl\":\"https:\/\/betheone.com.pl\/wp-content\/uploads\/2025\/07\/cropped-LOGO__34.png\",\"width\":512,\"height\":512,\"caption\":\"BE THE ONE\"},\"image\":{\"@id\":\"https:\/\/betheone.com.pl\/#\/schema\/logo\/image\/\"}}]}<\/script>\n<!-- \/ Yoast SEO plugin. -->","yoast_head_json":{"title":"\u00f8redobber LAILA - BE THE ONE","robots":{"index":"index","follow":"follow","max-snippet":"max-snippet:-1","max-image-preview":"max-image-preview:large","max-video-preview":"max-video-preview:-1"},"canonical":"https:\/\/betheone.com.pl\/no\/produkt\/oredobber-laila\/","og_locale":"nb_NO","og_type":"article","og_title":"\u00f8redobber LAILA - BE THE ONE","og_description":"\u00d8redobber LAILA laget av messing og s\u00f8lv pigger. Designet og h\u00e5ndlaget av meg. Stilfullt smykke som blir lagt merke til. Lengde: 3,5 cm Fint med \u00f8redobber og ring i samme stil! Matchende ring finner du her: ring LAILA Ledetid: 2-5 dager","og_url":"https:\/\/betheone.com.pl\/no\/produkt\/oredobber-laila\/","og_site_name":"BE THE ONE","article_modified_time":"2023-11-04T17:43:00+00:00","og_image":[{"width":2438,"height":2560,"url":"https:\/\/betheone.com.pl\/wp-content\/uploads\/2023\/09\/L1000740FPS-kwadrat-scaled.jpeg","type":"image\/jpeg"}],"twitter_misc":{"Ansl. lesetid":"1 minutt"},"schema":{"@context":"https:\/\/schema.org","@graph":[{"@type":"WebPage","@id":"https:\/\/betheone.com.pl\/no\/produkt\/oredobber-laila\/","url":"https:\/\/betheone.com.pl\/no\/produkt\/oredobber-laila\/","name":"\u00f8redobber LAILA - BE THE ONE","isPartOf":{"@id":"https:\/\/betheone.com.pl\/#website"},"datePublished":"2023-09-06T10:17:48+00:00","dateModified":"2023-11-04T17:43:00+00:00","breadcrumb":{"@id":"https:\/\/betheone.com.pl\/no\/produkt\/oredobber-laila\/#breadcrumb"},"inLanguage":"nb-NO","potentialAction":[{"@type":"ReadAction","target":["https:\/\/betheone.com.pl\/no\/produkt\/oredobber-laila\/"]}]},{"@type":"BreadcrumbList","@id":"https:\/\/betheone.com.pl\/no\/produkt\/oredobber-laila\/#breadcrumb","itemListElement":[{"@type":"ListItem","position":1,"name":"Strona g\u0142\u00f3wna","item":"https:\/\/betheone.com.pl\/no\/"},{"@type":"ListItem","position":2,"name":"Butikk","item":"https:\/\/betheone.com.pl\/no\/sklep\/"},{"@type":"ListItem","position":3,"name":"\u00f8redobber LAILA"}]},{"@type":"WebSite","@id":"https:\/\/betheone.com.pl\/#website","url":"https:\/\/betheone.com.pl\/","name":"BE THE ONE","description":"","publisher":{"@id":"https:\/\/betheone.com.pl\/#organization"},"potentialAction":[{"@type":"SearchAction","target":{"@type":"EntryPoint","urlTemplate":"https:\/\/betheone.com.pl\/?s={search_term_string}"},"query-input":"required name=search_term_string"}],"inLanguage":"nb-NO"},{"@type":"Organization","@id":"https:\/\/betheone.com.pl\/#organization","name":"BE THE ONE","url":"https:\/\/betheone.com.pl\/","logo":{"@type":"ImageObject","inLanguage":"nb-NO","@id":"https:\/\/betheone.com.pl\/#\/schema\/logo\/image\/","url":"https:\/\/betheone.com.pl\/wp-content\/uploads\/2025\/07\/cropped-LOGO__34.png","contentUrl":"https:\/\/betheone.com.pl\/wp-content\/uploads\/2025\/07\/cropped-LOGO__34.png","width":512,"height":512,"caption":"BE THE ONE"},"image":{"@id":"https:\/\/betheone.com.pl\/#\/schema\/logo\/image\/"}}]}},"featured_image_src_large":["https:\/\/betheone.com.pl\/wp-content\/uploads\/2023\/09\/L1000740FPS-kwadrat-975x1024.jpeg",975,1024,true],"author_info":[],"comment_info":0,"taxonomy_info":{"product_cat":[{"value":169,"label":"\u00d8redobber"}]},"_links":{"self":[{"href":"https:\/\/betheone.com.pl\/no\/wp-json\/wp\/v2\/product\/11138"}],"collection":[{"href":"https:\/\/betheone.com.pl\/no\/wp-json\/wp\/v2\/product"}],"about":[{"href":"https:\/\/betheone.com.pl\/no\/wp-json\/wp\/v2\/types\/product"}],"replies":[{"embeddable":true,"href":"https:\/\/betheone.com.pl\/no\/wp-json\/wp\/v2\/comments?post=11138"}],"wp:featuredmedia":[{"embeddable":true,"href":"https:\/\/betheone.com.pl\/no\/wp-json\/wp\/v2\/media\/15714"}],"wp:attachment":[{"href":"https:\/\/betheone.com.pl\/no\/wp-json\/wp\/v2\/media?parent=11138"}],"wp:term":[{"taxonomy":"product_cat","embeddable":true,"href":"https:\/\/betheone.com.pl\/no\/wp-json\/wp\/v2\/product_cat?post=11138"},{"taxonomy":"product_tag","embeddable":true,"href":"https:\/\/betheone.com.pl\/no\/wp-json\/wp\/v2\/product_tag?post=11138"}],"curies":[{"name":"wp","href":"https:\/\/api.w.org\/{rel}","templated":true}]}}