{"id":10989,"date":"2023-09-07T12:06:51","date_gmt":"2023-09-07T10:06:51","guid":{"rendered":"https:\/\/betheone.com.pl\/produkt\/ring-mona\/"},"modified":"2023-11-07T17:34:03","modified_gmt":"2023-11-07T16:34:03","slug":"ring-mona","status":"publish","type":"product","link":"https:\/\/betheone.com.pl\/no\/produkt\/ring-mona\/","title":{"rendered":"ring MONA"},"content":{"rendered":"<p>Stilren ring laget av h\u00f8ykvalitets messing. Designet og h\u00e5ndlaget av meg.<\/p>\n<p>Den hamret MONA-ringen har et b\u00f8lget og rolig utseende.<\/p>\n<ul>\n<li>100% nikkelfri<\/li>\n<li>regulerbar<\/li>\n<\/ul>\n<p>Ledetid: 2-5 dager<\/p>\n<p>Et enkelt og stilfullt smykke som blir lagt merke til.<\/p>\n","protected":false},"excerpt":{"rendered":"<p>Stilren ring laget av h\u00f8ykvalitets messing. Designet og h\u00e5ndlaget av meg. Den hamret MONA-ringen har et b\u00f8lget og rolig utseende. 100% nikkelfri regulerbar Ledetid: 2-5 dager Et enkelt og stilfullt smykke som blir lagt merke til.<\/p>\n","protected":false},"featured_media":10705,"comment_status":"closed","ping_status":"closed","template":"","meta":{"inline_featured_image":false,"_kad_blocks_custom_css":"","_kad_blocks_head_custom_js":"","_kad_blocks_body_custom_js":"","_kad_blocks_footer_custom_js":""},"product_cat":[],"product_tag":[],"acf":[],"yoast_head":"<!-- This site is optimized with the Yoast SEO plugin v22.1 - https:\/\/yoast.com\/wordpress\/plugins\/seo\/ -->\n<title>ring MONA - BE THE ONE<\/title>\n<meta name=\"robots\" content=\"index, follow, max-snippet:-1, max-image-preview:large, max-video-preview:-1\" \/>\n<link rel=\"canonical\" href=\"https:\/\/betheone.com.pl\/produkt\/pierscionek-mona\/\" \/>\n<meta property=\"og:locale\" content=\"nb_NO\" \/>\n<meta property=\"og:type\" content=\"article\" \/>\n<meta property=\"og:title\" content=\"ring MONA - BE THE ONE\" \/>\n<meta property=\"og:description\" content=\"Stilren ring laget av h\u00f8ykvalitets messing. Designet og h\u00e5ndlaget av meg. Den hamret MONA-ringen har et b\u00f8lget og rolig utseende. 100% nikkelfri regulerbar Ledetid: 2-5 dager Et enkelt og stilfullt smykke som blir lagt merke til.\" \/>\n<meta property=\"og:url\" content=\"https:\/\/betheone.com.pl\/produkt\/pierscionek-mona\/\" \/>\n<meta property=\"og:site_name\" content=\"BE THE ONE\" \/>\n<meta property=\"article:modified_time\" content=\"2023-11-07T16:34:03+00:00\" \/>\n<meta property=\"og:image\" content=\"https:\/\/betheone.com.pl\/wp-content\/uploads\/2023\/09\/33.jpg\" \/>\n\t<meta property=\"og:image:width\" content=\"2411\" \/>\n\t<meta property=\"og:image:height\" content=\"2342\" \/>\n\t<meta property=\"og:image:type\" content=\"image\/jpeg\" \/>\n<meta name=\"twitter:label1\" content=\"Ansl. lesetid\" \/>\n\t<meta name=\"twitter:data1\" content=\"1 minutt\" \/>\n<script type=\"application\/ld+json\" class=\"yoast-schema-graph\">{\"@context\":\"https:\/\/schema.org\",\"@graph\":[{\"@type\":\"WebPage\",\"@id\":\"https:\/\/betheone.com.pl\/produkt\/pierscionek-mona\/\",\"url\":\"https:\/\/betheone.com.pl\/produkt\/pierscionek-mona\/\",\"name\":\"ring MONA - BE THE ONE\",\"isPartOf\":{\"@id\":\"https:\/\/betheone.com.pl\/#website\"},\"datePublished\":\"2023-09-07T10:06:51+00:00\",\"dateModified\":\"2023-11-07T16:34:03+00:00\",\"breadcrumb\":{\"@id\":\"https:\/\/betheone.com.pl\/produkt\/pierscionek-mona\/#breadcrumb\"},\"inLanguage\":\"nb-NO\",\"potentialAction\":[{\"@type\":\"ReadAction\",\"target\":[\"https:\/\/betheone.com.pl\/produkt\/pierscionek-mona\/\"]}]},{\"@type\":\"BreadcrumbList\",\"@id\":\"https:\/\/betheone.com.pl\/produkt\/pierscionek-mona\/#breadcrumb\",\"itemListElement\":[{\"@type\":\"ListItem\",\"position\":1,\"name\":\"Strona g\u0142\u00f3wna\",\"item\":\"https:\/\/betheone.com.pl\/no\/\"},{\"@type\":\"ListItem\",\"position\":2,\"name\":\"Butikk\",\"item\":\"https:\/\/betheone.com.pl\/no\/sklep\/\"},{\"@type\":\"ListItem\",\"position\":3,\"name\":\"ring MONA\"}]},{\"@type\":\"WebSite\",\"@id\":\"https:\/\/betheone.com.pl\/#website\",\"url\":\"https:\/\/betheone.com.pl\/\",\"name\":\"BE THE ONE\",\"description\":\"\",\"publisher\":{\"@id\":\"https:\/\/betheone.com.pl\/#organization\"},\"potentialAction\":[{\"@type\":\"SearchAction\",\"target\":{\"@type\":\"EntryPoint\",\"urlTemplate\":\"https:\/\/betheone.com.pl\/?s={search_term_string}\"},\"query-input\":\"required name=search_term_string\"}],\"inLanguage\":\"nb-NO\"},{\"@type\":\"Organization\",\"@id\":\"https:\/\/betheone.com.pl\/#organization\",\"name\":\"BE THE ONE\",\"url\":\"https:\/\/betheone.com.pl\/\",\"logo\":{\"@type\":\"ImageObject\",\"inLanguage\":\"nb-NO\",\"@id\":\"https:\/\/betheone.com.pl\/#\/schema\/logo\/image\/\",\"url\":\"https:\/\/betheone.com.pl\/wp-content\/uploads\/2025\/07\/cropped-LOGO__34.png\",\"contentUrl\":\"https:\/\/betheone.com.pl\/wp-content\/uploads\/2025\/07\/cropped-LOGO__34.png\",\"width\":512,\"height\":512,\"caption\":\"BE THE ONE\"},\"image\":{\"@id\":\"https:\/\/betheone.com.pl\/#\/schema\/logo\/image\/\"}}]}<\/script>\n<!-- \/ Yoast SEO plugin. -->","yoast_head_json":{"title":"ring MONA - BE THE ONE","robots":{"index":"index","follow":"follow","max-snippet":"max-snippet:-1","max-image-preview":"max-image-preview:large","max-video-preview":"max-video-preview:-1"},"canonical":"https:\/\/betheone.com.pl\/produkt\/pierscionek-mona\/","og_locale":"nb_NO","og_type":"article","og_title":"ring MONA - BE THE ONE","og_description":"Stilren ring laget av h\u00f8ykvalitets messing. Designet og h\u00e5ndlaget av meg. Den hamret MONA-ringen har et b\u00f8lget og rolig utseende. 100% nikkelfri regulerbar Ledetid: 2-5 dager Et enkelt og stilfullt smykke som blir lagt merke til.","og_url":"https:\/\/betheone.com.pl\/produkt\/pierscionek-mona\/","og_site_name":"BE THE ONE","article_modified_time":"2023-11-07T16:34:03+00:00","og_image":[{"width":2411,"height":2342,"url":"https:\/\/betheone.com.pl\/wp-content\/uploads\/2023\/09\/33.jpg","type":"image\/jpeg"}],"twitter_misc":{"Ansl. lesetid":"1 minutt"},"schema":{"@context":"https:\/\/schema.org","@graph":[{"@type":"WebPage","@id":"https:\/\/betheone.com.pl\/produkt\/pierscionek-mona\/","url":"https:\/\/betheone.com.pl\/produkt\/pierscionek-mona\/","name":"ring MONA - BE THE ONE","isPartOf":{"@id":"https:\/\/betheone.com.pl\/#website"},"datePublished":"2023-09-07T10:06:51+00:00","dateModified":"2023-11-07T16:34:03+00:00","breadcrumb":{"@id":"https:\/\/betheone.com.pl\/produkt\/pierscionek-mona\/#breadcrumb"},"inLanguage":"nb-NO","potentialAction":[{"@type":"ReadAction","target":["https:\/\/betheone.com.pl\/produkt\/pierscionek-mona\/"]}]},{"@type":"BreadcrumbList","@id":"https:\/\/betheone.com.pl\/produkt\/pierscionek-mona\/#breadcrumb","itemListElement":[{"@type":"ListItem","position":1,"name":"Strona g\u0142\u00f3wna","item":"https:\/\/betheone.com.pl\/no\/"},{"@type":"ListItem","position":2,"name":"Butikk","item":"https:\/\/betheone.com.pl\/no\/sklep\/"},{"@type":"ListItem","position":3,"name":"ring MONA"}]},{"@type":"WebSite","@id":"https:\/\/betheone.com.pl\/#website","url":"https:\/\/betheone.com.pl\/","name":"BE THE ONE","description":"","publisher":{"@id":"https:\/\/betheone.com.pl\/#organization"},"potentialAction":[{"@type":"SearchAction","target":{"@type":"EntryPoint","urlTemplate":"https:\/\/betheone.com.pl\/?s={search_term_string}"},"query-input":"required name=search_term_string"}],"inLanguage":"nb-NO"},{"@type":"Organization","@id":"https:\/\/betheone.com.pl\/#organization","name":"BE THE ONE","url":"https:\/\/betheone.com.pl\/","logo":{"@type":"ImageObject","inLanguage":"nb-NO","@id":"https:\/\/betheone.com.pl\/#\/schema\/logo\/image\/","url":"https:\/\/betheone.com.pl\/wp-content\/uploads\/2025\/07\/cropped-LOGO__34.png","contentUrl":"https:\/\/betheone.com.pl\/wp-content\/uploads\/2025\/07\/cropped-LOGO__34.png","width":512,"height":512,"caption":"BE THE ONE"},"image":{"@id":"https:\/\/betheone.com.pl\/#\/schema\/logo\/image\/"}}]}},"featured_image_src_large":["https:\/\/betheone.com.pl\/wp-content\/uploads\/2023\/09\/33-1024x995.jpg",1024,995,true],"author_info":[],"comment_info":0,"taxonomy_info":[],"_links":{"self":[{"href":"https:\/\/betheone.com.pl\/no\/wp-json\/wp\/v2\/product\/10989"}],"collection":[{"href":"https:\/\/betheone.com.pl\/no\/wp-json\/wp\/v2\/product"}],"about":[{"href":"https:\/\/betheone.com.pl\/no\/wp-json\/wp\/v2\/types\/product"}],"replies":[{"embeddable":true,"href":"https:\/\/betheone.com.pl\/no\/wp-json\/wp\/v2\/comments?post=10989"}],"wp:featuredmedia":[{"embeddable":true,"href":"https:\/\/betheone.com.pl\/no\/wp-json\/wp\/v2\/media\/10705"}],"wp:attachment":[{"href":"https:\/\/betheone.com.pl\/no\/wp-json\/wp\/v2\/media?parent=10989"}],"wp:term":[{"taxonomy":"product_cat","embeddable":true,"href":"https:\/\/betheone.com.pl\/no\/wp-json\/wp\/v2\/product_cat?post=10989"},{"taxonomy":"product_tag","embeddable":true,"href":"https:\/\/betheone.com.pl\/no\/wp-json\/wp\/v2\/product_tag?post=10989"}],"curies":[{"name":"wp","href":"https:\/\/api.w.org\/{rel}","templated":true}]}}