{"id":9830,"date":"2019-04-02T10:40:12","date_gmt":"2019-04-02T08:40:12","guid":{"rendered":"http:\/\/14.demooo.pl\/polityka-prywatnosci-i-cookies\/"},"modified":"2024-05-14T14:26:06","modified_gmt":"2024-05-14T12:26:06","slug":"polityka-prywatnosci-i-cookies","status":"publish","type":"page","link":"https:\/\/betheone.com.pl\/no\/polityka-prywatnosci-i-cookies\/","title":{"rendered":"Personvernerkl\u00e6ring og informasjonskapsler"},"content":{"rendered":"<h3>Personvernerkl\u00e6ring<\/h3>\n<ol>\n<li>Generell informasjon<\/li>\n<li><span class=\"\">Denne personvernerkl\u00e6ringen angir reglene for behandling og beskyttelse av personopplysninger gitt av brukere i forbindelse med deres bruk av nettstedet www.betheone.com.pl<\/span><\/li>\n<li>Administratoren av kundens personopplysninger p\u00e5 nettstedet er Nowak Paulina, som driver en virksomhet under navnet Paulina Nowak BE THE ONE med hovedkontor i T\u00f8nsberg, korrespondanseadresse: Meierigaten 4, 3112 T\u00f8nsberg, org.nr. 931793543.<br \/>\nAv hensyn til sikkerheten til dataene som er betrodd oss, har vi utviklet interne prosedyrer og anbefalinger for \u00e5 forhindre utlevering av data til uautoriserte personer.\u00a0Vi kontrollerer ytelsen deres og kontrollerer hele tiden at de overholder de relevante rettsaktene &#8211; personopplysningsloven, loven om levering av elektroniske tjenester, samt alle typer ut\u00f8vende handlinger og fellesskapsrettslige handlinger.<\/li>\n<li>Personopplysninger behandles p\u00e5 grunnlag av samtykket gitt av brukeren og i tilfeller der loven gir administratoren fullmakt til \u00e5 behandle personopplysninger p\u00e5 grunnlag av loven eller med det form\u00e5l \u00e5 implementere kontrakten inng\u00e5tt mellom partene.<\/li>\n<li>Nettstedet utf\u00f8rer funksjonene med \u00e5 innhente informasjon om brukere og deres oppf\u00f8rsel p\u00e5 f\u00f8lgende m\u00e5te:<br \/>\na) gjennom informasjon som legges inn frivillig i skjemaer,<br \/>\nb) ved \u00e5 samle inn &laquo;informasjonskapsler&raquo; (se retningslinjer for &laquo;informasjonskapsler&raquo; nedenfor).<\/li>\n<li>Nettstedet samler inn informasjon frivillig gitt av brukeren.<\/li>\n<li>Opplysningene oppgitt i skjemaet behandles for form\u00e5let som f\u00f8lger av funksjonen til et bestemt skjema, for eksempel for \u00e5 behandle informasjonskontakten.<\/li>\n<li>Personopplysninger som er igjen p\u00e5 nettsiden vil ikke selges eller gj\u00f8res tilgjengelig for tredjeparter, i samsvar med personopplysningslovens bestemmelser.<\/li>\n<li>Dataene i skjemaet kan ses av den fysiske personen som har plassert dem der.\u00a0Denne personen har ogs\u00e5 rett til \u00e5 endre og slutte \u00e5 behandle dataene deres n\u00e5r som helst.<\/li>\n<li>Vi forbeholder oss retten til \u00e5 endre personvernerkl\u00e6ringen til nettstedet, som kan bli p\u00e5virket av utviklingen av internettteknologi, mulige endringer i lov om beskyttelse av personopplysninger og utviklingen av nettstedet v\u00e5rt.\u00a0Vi vil informere deg om eventuelle endringer p\u00e5 en synlig og forst\u00e5elig m\u00e5te.<\/li>\n<li>Nettstedet kan inneholde lenker til andre nettsteder.\u00a0Slike nettsteder opererer uavhengig av nettstedet og er ikke overv\u00e5ket av Be the One p\u00e5 noen m\u00e5te.\u00a0Disse nettsidene kan ha egne retningslinjer og regler for personvern, som vi anbefaler at du setter deg inn i. Hvis du er i tvil om noen av bestemmelsene i denne personvernreglene, st\u00e5r vi til din disposisjon &#8211; v\u00e5re data finner du i KONTAKT-fanen .<\/li>\n<\/ol>\n<h3><span class=\"TextRun Highlight SCXW78009487 BCX4\" lang=\"PL-PL\" xml:lang=\"PL-PL\" data-contrast=\"none\"><span class=\"NormalTextRun SCXW78009487 BCX4\">Retningslinjer\u00a0<\/span><\/span><span class=\"TextRun Highlight SCXW78009487 BCX4\" lang=\"PL-PL\" xml:lang=\"PL-PL\" data-contrast=\"none\"><span class=\"NormalTextRun SCXW78009487 BCX4\">for informasjonskapsler\u00a0<\/span><\/span><\/h3>\n<ol>\n<li>&laquo;Cookies&raquo; skal forst\u00e5s som IT-data lagret i brukernes sluttenheter, beregnet for bruk av nettsider.<br \/>\nSpesielt er dette tekstfiler som inneholder navnet p\u00e5 nettstedet de kommer fra, deres lagringstid p\u00e5 sluttenheten og et unikt nummer.<\/li>\n<li>Nettstedet samler ikke automatisk inn informasjon, bortsett fra informasjon som finnes i informasjonskapselfiler.<\/li>\n<li>Selgeren bruker to typer informasjonskapsler: sesjonsinformasjonskapsler, som slettes permanent ved slutten av kundens nettleser\u00f8kt, og med kundens samtykke, uttrykt gjennom nettleserinnstillingene, vedvarende informasjonskapsler som forblir etter endt nettleser\u00f8kt p\u00e5 kundens enheten til de er slettet.<\/li>\n<li>Basert p\u00e5 informasjonskapsler, b\u00e5de sesjon og vedvarende, er det ikke mulig \u00e5 fastsl\u00e5 identiteten til kunden.\u00a0Mekanismen for informasjonskapsler tillater deg ikke \u00e5 laste ned noen personlige data.<\/li>\n<li>Butikkinformasjonskapsler er trygge for kundens enhet, spesielt de tillater ikke virus eller annen programvare \u00e5 komme inn p\u00e5 enheten.<\/li>\n<li>Informasjonskapsler er ment for bruk av nettsidene.\u00a0Operat\u00f8ren bruker disse filene for:<br \/>\na) muligheten for \u00e5 logge inn og vedlikeholde brukerens sesjon p\u00e5 hver p\u00e5f\u00f8lgende side p\u00e5 nettstedet<br \/>\nb) justere innholdet p\u00e5 nettstedet til brukerens individuelle preferanser, fremfor alt gjenkjenner disse filene enheten hans. for \u00e5 vise nettstedet i henhold til hans preferanser<br \/>\nc) \u00e5 lage anonym statistikk, med unntak av muligheten for \u00e5 identifisere brukeren.<\/li>\n<li>Informasjonskapsler som brukes av nettstedoperat\u00f8rens partnere, inkludert spesielt nettstedbrukere, er underlagt deres egne retningslinjer for personvern.<\/li>\n<li>Av hensyn til sikkerheten til dataene som er betrodd oss, har vi utviklet interne prosedyrer og anbefalinger for \u00e5 forhindre utlevering av data til uautoriserte personer.\u00a0Vi kontrollerer ytelsen deres og kontrollerer kontinuerlig at de overholder de relevante rettsaktene &#8211; loven om beskyttelse av personopplysninger, loven om levering av elektroniske tjenester, samt alle typer ut\u00f8vende handlinger og handlinger i fellesskapsretten<\/li>\n<li>Som standard tillater programvaren som brukes for \u00e5 surfe p\u00e5 nettsteder, informasjonskapsler p\u00e5 brukerens sluttenhet som standard.\u00a0Disse innstillingene kan endres av brukeren p\u00e5 en slik m\u00e5te at de blokkerer automatisk h\u00e5ndtering av &laquo;cookies&raquo; i nettleserens innstillinger eller informerer hver gang de sendes til brukerens enheter.<\/li>\n<li>Nettstedbrukere kan endre innstillingene for informasjonskapsler n\u00e5r som helst.\u00a0Detaljert informasjon om mulighetene og m\u00e5tene \u00e5 h\u00e5ndtere informasjonskapsler p\u00e5 er tilgjengelig i programvareinnstillingene (nettleseren).<br \/>\nEksempler p\u00e5 redigeringsalternativer i popul\u00e6re nettlesere:<br \/>\nMozilla Firefox:\u00a0<a href=\"https:\/\/translate.google.com\/website?sl=auto&amp;tl=pl&amp;hl=pl&amp;client=webapp&amp;u=http:\/\/www.support.mozilla.org\/pl\/kb\/ciasteczka\">www.support.mozilla.org\/pl\/kb\/ciasteczka<\/a><br \/>\nInternet Explorer:\u00a0<a href=\"https:\/\/translate.google.com\/website?sl=auto&amp;tl=pl&amp;hl=pl&amp;client=webapp&amp;u=http:\/\/www.support.microsoft.com\/kb\/278835\/pl\">www.support.microsoft.com\/kb\/278835\/pl<\/a><br \/>\nGoogle Chrome:\u00a0<a href=\"https:\/\/translate.google.com\/website?sl=auto&amp;tl=pl&amp;hl=pl&amp;client=webapp&amp;u=http:\/\/www.support.google.com\/chrome\/bin\/answer.py?hl%3Dpl%26answer%3D95647\">www.support.google.com \/ chrome\/bin\/answer.py?hl=pl&amp;answer=95647<\/a><br \/>\nSafari:\u00a0<a href=\"https:\/\/translate.google.com\/website?sl=auto&amp;tl=pl&amp;hl=pl&amp;client=webapp&amp;u=http:\/\/www.safari.helpmax.net\/pl\/oszczedzanie-czasu\/blokowanie-zawartosci\/\">www.safari.helpmax.net\/pl\/oszczedzanie-czasu\/blokowanie-zawartosci\/<\/a><\/li>\n<li>Nettstedsoperat\u00f8ren informerer om at endringer i innstillingene i brukerens nettleser kan hindre riktig drift av nettsidene.<\/li>\n<\/ol>\n","protected":false},"excerpt":{"rendered":"<p>Personvernerkl\u00e6ring Generell informasjon Denne personvernerkl\u00e6ringen angir reglene for behandling og beskyttelse av personopplysninger gitt av brukere i forbindelse med deres bruk av nettstedet www.betheone.com.pl Administratoren av kundens personopplysninger p\u00e5 nettstedet er Nowak Paulina, som driver en virksomhet under navnet Paulina Nowak BE THE ONE med hovedkontor i T\u00f8nsberg, korrespondanseadresse: Meierigaten 4, 3112 T\u00f8nsberg, org.nr. 931793543. [&hellip;]<\/p>\n","protected":false},"author":1,"featured_media":0,"parent":0,"menu_order":0,"comment_status":"closed","ping_status":"closed","template":"","meta":{"inline_featured_image":false,"_kad_blocks_custom_css":"","_kad_blocks_head_custom_js":"","_kad_blocks_body_custom_js":"","_kad_blocks_footer_custom_js":"","footnotes":""},"acf":[],"yoast_head":"<!-- This site is optimized with the Yoast SEO plugin v22.1 - https:\/\/yoast.com\/wordpress\/plugins\/seo\/ -->\n<title>Personvernerkl\u00e6ring og informasjonskapsler - BE THE ONE<\/title>\n<meta name=\"robots\" content=\"noindex, follow\" \/>\n<meta property=\"og:locale\" content=\"nb_NO\" \/>\n<meta property=\"og:type\" content=\"article\" \/>\n<meta property=\"og:title\" content=\"Personvernerkl\u00e6ring og informasjonskapsler - BE THE ONE\" \/>\n<meta property=\"og:description\" content=\"Personvernerkl\u00e6ring Generell informasjon Denne personvernerkl\u00e6ringen angir reglene for behandling og beskyttelse av personopplysninger gitt av brukere i forbindelse med deres bruk av nettstedet www.betheone.com.pl Administratoren av kundens personopplysninger p\u00e5 nettstedet er Nowak Paulina, som driver en virksomhet under navnet Paulina Nowak BE THE ONE med hovedkontor i T\u00f8nsberg, korrespondanseadresse: Meierigaten 4, 3112 T\u00f8nsberg, org.nr. 931793543. [&hellip;]\" \/>\n<meta property=\"og:url\" content=\"https:\/\/betheone.com.pl\/no\/polityka-prywatnosci-i-cookies\/\" \/>\n<meta property=\"og:site_name\" content=\"BE THE ONE\" \/>\n<meta property=\"article:modified_time\" content=\"2024-05-14T12:26:06+00:00\" \/>\n<meta name=\"twitter:label1\" content=\"Ansl. lesetid\" \/>\n\t<meta name=\"twitter:data1\" content=\"5 minutter\" \/>\n<script type=\"application\/ld+json\" class=\"yoast-schema-graph\">{\"@context\":\"https:\/\/schema.org\",\"@graph\":[{\"@type\":\"WebPage\",\"@id\":\"https:\/\/betheone.com.pl\/no\/polityka-prywatnosci-i-cookies\/\",\"url\":\"https:\/\/betheone.com.pl\/no\/polityka-prywatnosci-i-cookies\/\",\"name\":\"Personvernerkl\u00e6ring og informasjonskapsler - BE THE ONE\",\"isPartOf\":{\"@id\":\"https:\/\/betheone.com.pl\/#website\"},\"datePublished\":\"2019-04-02T08:40:12+00:00\",\"dateModified\":\"2024-05-14T12:26:06+00:00\",\"breadcrumb\":{\"@id\":\"https:\/\/betheone.com.pl\/no\/polityka-prywatnosci-i-cookies\/#breadcrumb\"},\"inLanguage\":\"nb-NO\",\"potentialAction\":[{\"@type\":\"ReadAction\",\"target\":[\"https:\/\/betheone.com.pl\/no\/polityka-prywatnosci-i-cookies\/\"]}]},{\"@type\":\"BreadcrumbList\",\"@id\":\"https:\/\/betheone.com.pl\/no\/polityka-prywatnosci-i-cookies\/#breadcrumb\",\"itemListElement\":[{\"@type\":\"ListItem\",\"position\":1,\"name\":\"Strona g\u0142\u00f3wna\",\"item\":\"https:\/\/betheone.com.pl\/no\/\"},{\"@type\":\"ListItem\",\"position\":2,\"name\":\"Personvernerkl\u00e6ring og informasjonskapsler\"}]},{\"@type\":\"WebSite\",\"@id\":\"https:\/\/betheone.com.pl\/#website\",\"url\":\"https:\/\/betheone.com.pl\/\",\"name\":\"BE THE ONE\",\"description\":\"\",\"publisher\":{\"@id\":\"https:\/\/betheone.com.pl\/#organization\"},\"potentialAction\":[{\"@type\":\"SearchAction\",\"target\":{\"@type\":\"EntryPoint\",\"urlTemplate\":\"https:\/\/betheone.com.pl\/?s={search_term_string}\"},\"query-input\":\"required name=search_term_string\"}],\"inLanguage\":\"nb-NO\"},{\"@type\":\"Organization\",\"@id\":\"https:\/\/betheone.com.pl\/#organization\",\"name\":\"BE THE ONE\",\"url\":\"https:\/\/betheone.com.pl\/\",\"logo\":{\"@type\":\"ImageObject\",\"inLanguage\":\"nb-NO\",\"@id\":\"https:\/\/betheone.com.pl\/#\/schema\/logo\/image\/\",\"url\":\"https:\/\/betheone.com.pl\/wp-content\/uploads\/2025\/07\/cropped-LOGO__34.png\",\"contentUrl\":\"https:\/\/betheone.com.pl\/wp-content\/uploads\/2025\/07\/cropped-LOGO__34.png\",\"width\":512,\"height\":512,\"caption\":\"BE THE ONE\"},\"image\":{\"@id\":\"https:\/\/betheone.com.pl\/#\/schema\/logo\/image\/\"}}]}<\/script>\n<!-- \/ Yoast SEO plugin. -->","yoast_head_json":{"title":"Personvernerkl\u00e6ring og informasjonskapsler - BE THE ONE","robots":{"index":"noindex","follow":"follow"},"og_locale":"nb_NO","og_type":"article","og_title":"Personvernerkl\u00e6ring og informasjonskapsler - BE THE ONE","og_description":"Personvernerkl\u00e6ring Generell informasjon Denne personvernerkl\u00e6ringen angir reglene for behandling og beskyttelse av personopplysninger gitt av brukere i forbindelse med deres bruk av nettstedet www.betheone.com.pl Administratoren av kundens personopplysninger p\u00e5 nettstedet er Nowak Paulina, som driver en virksomhet under navnet Paulina Nowak BE THE ONE med hovedkontor i T\u00f8nsberg, korrespondanseadresse: Meierigaten 4, 3112 T\u00f8nsberg, org.nr. 931793543. [&hellip;]","og_url":"https:\/\/betheone.com.pl\/no\/polityka-prywatnosci-i-cookies\/","og_site_name":"BE THE ONE","article_modified_time":"2024-05-14T12:26:06+00:00","twitter_misc":{"Ansl. lesetid":"5 minutter"},"schema":{"@context":"https:\/\/schema.org","@graph":[{"@type":"WebPage","@id":"https:\/\/betheone.com.pl\/no\/polityka-prywatnosci-i-cookies\/","url":"https:\/\/betheone.com.pl\/no\/polityka-prywatnosci-i-cookies\/","name":"Personvernerkl\u00e6ring og informasjonskapsler - BE THE ONE","isPartOf":{"@id":"https:\/\/betheone.com.pl\/#website"},"datePublished":"2019-04-02T08:40:12+00:00","dateModified":"2024-05-14T12:26:06+00:00","breadcrumb":{"@id":"https:\/\/betheone.com.pl\/no\/polityka-prywatnosci-i-cookies\/#breadcrumb"},"inLanguage":"nb-NO","potentialAction":[{"@type":"ReadAction","target":["https:\/\/betheone.com.pl\/no\/polityka-prywatnosci-i-cookies\/"]}]},{"@type":"BreadcrumbList","@id":"https:\/\/betheone.com.pl\/no\/polityka-prywatnosci-i-cookies\/#breadcrumb","itemListElement":[{"@type":"ListItem","position":1,"name":"Strona g\u0142\u00f3wna","item":"https:\/\/betheone.com.pl\/no\/"},{"@type":"ListItem","position":2,"name":"Personvernerkl\u00e6ring og informasjonskapsler"}]},{"@type":"WebSite","@id":"https:\/\/betheone.com.pl\/#website","url":"https:\/\/betheone.com.pl\/","name":"BE THE ONE","description":"","publisher":{"@id":"https:\/\/betheone.com.pl\/#organization"},"potentialAction":[{"@type":"SearchAction","target":{"@type":"EntryPoint","urlTemplate":"https:\/\/betheone.com.pl\/?s={search_term_string}"},"query-input":"required name=search_term_string"}],"inLanguage":"nb-NO"},{"@type":"Organization","@id":"https:\/\/betheone.com.pl\/#organization","name":"BE THE ONE","url":"https:\/\/betheone.com.pl\/","logo":{"@type":"ImageObject","inLanguage":"nb-NO","@id":"https:\/\/betheone.com.pl\/#\/schema\/logo\/image\/","url":"https:\/\/betheone.com.pl\/wp-content\/uploads\/2025\/07\/cropped-LOGO__34.png","contentUrl":"https:\/\/betheone.com.pl\/wp-content\/uploads\/2025\/07\/cropped-LOGO__34.png","width":512,"height":512,"caption":"BE THE ONE"},"image":{"@id":"https:\/\/betheone.com.pl\/#\/schema\/logo\/image\/"}}]}},"featured_image_src_large":false,"author_info":{"display_name":"kreacja","author_link":"https:\/\/betheone.com.pl\/no\/author\/kreacja\/"},"comment_info":0,"taxonomy_info":[],"_links":{"self":[{"href":"https:\/\/betheone.com.pl\/no\/wp-json\/wp\/v2\/pages\/9830"}],"collection":[{"href":"https:\/\/betheone.com.pl\/no\/wp-json\/wp\/v2\/pages"}],"about":[{"href":"https:\/\/betheone.com.pl\/no\/wp-json\/wp\/v2\/types\/page"}],"author":[{"embeddable":true,"href":"https:\/\/betheone.com.pl\/no\/wp-json\/wp\/v2\/users\/1"}],"replies":[{"embeddable":true,"href":"https:\/\/betheone.com.pl\/no\/wp-json\/wp\/v2\/comments?post=9830"}],"version-history":[{"count":2,"href":"https:\/\/betheone.com.pl\/no\/wp-json\/wp\/v2\/pages\/9830\/revisions"}],"predecessor-version":[{"id":13010,"href":"https:\/\/betheone.com.pl\/no\/wp-json\/wp\/v2\/pages\/9830\/revisions\/13010"}],"wp:attachment":[{"href":"https:\/\/betheone.com.pl\/no\/wp-json\/wp\/v2\/media?parent=9830"}],"curies":[{"name":"wp","href":"https:\/\/api.w.org\/{rel}","templated":true}]}}