{"id":9828,"date":"2019-04-02T10:40:27","date_gmt":"2019-04-02T08:40:27","guid":{"rendered":"http:\/\/14.demooo.pl\/regulamin\/"},"modified":"2025-07-03T10:55:49","modified_gmt":"2025-07-03T08:55:49","slug":"regulamin","status":"publish","type":"page","link":"https:\/\/betheone.com.pl\/no\/regulamin\/","title":{"rendered":"VILK\u00c5R og BETINGELSER"},"content":{"rendered":"\n<p>VILK\u00c5R og BETINGELSER<\/p>\n<p>Vilk\u00e5r og betingelser for PAULINA NOWAK BE THE ONE.<br \/><br \/>1. Aksept av vilk\u00e5rene<br \/><br \/>Ved \u00e5 bes\u00f8ke og handle p\u00e5 PAULINA NOWAK BE THE ONE godtar du f\u00f8lgende vilk\u00e5r og betingelser. Les n\u00f8ye gjennom dem f\u00f8r du fortsetter med kj\u00f8p.<br \/><br \/>2. Personvern<br \/><br \/>PAULINA NOWAK BE THE ONE respekterer ditt personvern. Vennligst les v\u00e5r personvernerkl\u00e6ring for \u00e5 forst\u00e5 hvordan vi samler inn, bruker og beskytter dine personopplysninger.<br \/><br \/>3. Bestillinger og betaling<br \/><br \/>3.1. Ved \u00e5 legge inn en bestilling bekrefter du at all informasjon du gir, er n\u00f8yaktig og fullstendig.<br \/>3.2. Betaling skal gj\u00f8res p\u00e5 tidspunktet for bestilling. Vi aksepterer overf\u00f8ring og VIPPS.\u00a0<br \/><br \/>4. Levering og angrerett<\/p>\n<p>4.1. Med mindre avtalen er unntatt fra angrerett, kan kj\u00f8peren angre kj\u00f8pet av varen i henhold til angrerettloven. Kj\u00f8peren m\u00e5 gi selger melding om bruk av angreretten innen 14 dager fra fristen begynner \u00e5 l\u00f8pe. I fristen inkluderes alle kalenderdager. Dersom fristen ender p\u00e5 en l\u00f8rdag, helligdag eller h\u00f8ytidsdag forlenges fristen til n\u00e6rmeste virkedag.<br \/>4.2. Normal leveringstid er mellom 2 &#8211; 5 arbeidsdager etter at vi har mottatt din bestilling, med forbehold om at varen finnes p\u00e5 lager. Leveransetider kan v\u00e6re noe lengre i forbindelse med helligdager.<br \/>4.3. Hvis kj\u00f8peren mottar et defekt produkt, sender vi et nytt og betaler ogs\u00e5 fraktkostnadene. Reklamasjoner kan fremsettes i opptil 14 dager etter mottak av forsendelsen. Hvis kj\u00f8peren \u00f8nsker \u00e5 bytte produktet mot et annet. Han\/hun m\u00e5 betale fraktkostnadene og sende pakken tilbake til adressen nevnt under punkt 9.<\/p>\n<p>5. Produkter og priser\u00a0<\/p>\n<p>5.1. PAULINA NOWAK BE THE ONE forbeholder seg retten til \u00e5 endre produktsortiment og priser n\u00e5r som helst.<br \/>5.2. Alle priser er oppgitt i NOK.<br \/>5.3. Den oppgitte prisen for varen og tjenester er den totale prisen kj\u00f8per skal betale. Denne prisen inkluderer alle avgifter og tilleggskostnader. Ytterligere kostnader som selger f\u00f8r kj\u00f8pet ikke har informert om, skal kj\u00f8per ikke b\u00e6re.<\/p>\n<p>6. Mangel ved varen &#8211; kj\u00f8perens rettigheter og reklamasjonsfrist<\/p>\n<p>6.1. Dersom det foreligger en mangel ved varen, m\u00e5 kj\u00f8peren innen rimelig tid etter at han eller hun oppdaget den, gi selgeren melding om at han eller hun vil p\u00e5berope seg mangelen. Fristen kan aldri v\u00e6re kortere enn to m\u00e5neder fra det tidspunkt da forbrukeren oppdaget mangelen. Reklamasjon m\u00e5 likevel skje senest to \u00e5r etter at kj\u00f8peren overtok varen. Dersom varen eller deler av den er ment \u00e5 vare vesentlig lengre, er reklamasjonsfristen fem \u00e5r. Ved forsinkelse m\u00e5 krav rettes selger innen rimelig tid etter at leveringstiden er kommet og varen ikke er levert.\u00a0<br \/><span style=\"font-size: revert; font-family: var(--wp--preset--font-family--outfit);\">6.2. Reklamasjon til selgeren b\u00f8r skje skriftlig<\/span><\/p>\n<p><span style=\"font-size: revert; font-family: var(--wp--preset--font-family--outfit);\">7. Endringer i vilk\u00e5rene<\/span><\/p>\n<p>PAULINA NOWAK BE THE ONE forbeholder seg retten til \u00e5 endre disse vilk\u00e5rene og betingelsene. Oppdateringer vil bli publisert p\u00e5 nettstedet.<br \/><br \/>8.\u00a0Konfliktl\u00f8sning<\/p>\n<p>Klager rettes til selger innen rimelig tid, jf. punkt 4 og 6. Partene skal fors\u00f8ke \u00e5 l\u00f8se eventuelle tvister i minnelighet. Dersom dette ikke lykkes, kan kj\u00f8peren ta kontakt med Forbrukertilsynet for mekling. Forbrukertilsynet er tilgjengelig p\u00e5 \u00a0telefon 23\u00a0 400\u00a0 600\u00a0 eller <a href=\"https:\/\/www.forbrukertilsynet.no\/\">www.forbrukertilsynet.no<\/a>.<\/p>\n<p>Europa-Kommisjonens klageportal kan ogs\u00e5 brukes hvis du \u00f8nsker \u00e5 inngi en klage. Det er s\u00e6rlig relevant, hvis du er forbruker bosatt i et annet EU-land. Klagen inngis her:\u00a0<a href=\"http:\/\/ec.europa.eu\/odr\">http:\/\/ec.europa.eu\/od<\/a><\/p>\n<p>9. Partene<\/p>\n<p>Hvis du har sp\u00f8rsm\u00e5l eller bekymringer ang\u00e5ende vilk\u00e5rene, vennligst kontakt oss p\u00e5 :<\/p>\n<p>PAULINA NOWAK BE THE ONE<\/p>\n<p>Org.nr. 931793543<\/p>\n<p>Adresse: Meierigaten 4, 3112 T\u00f8nsberg<\/p>\n<p>Telefonnummer : 48 997 997<\/p>\n<p>Email: biuro@betheone.com.pl<\/p>\n","protected":false},"excerpt":{"rendered":"<p>VILK\u00c5R og BETINGELSER Vilk\u00e5r og betingelser for PAULINA NOWAK BE THE ONE. 1. Aksept av vilk\u00e5rene Ved \u00e5 bes\u00f8ke og handle p\u00e5 PAULINA NOWAK BE THE ONE godtar du f\u00f8lgende vilk\u00e5r og betingelser. Les n\u00f8ye gjennom dem f\u00f8r du fortsetter med kj\u00f8p. 2. Personvern PAULINA NOWAK BE THE ONE respekterer ditt personvern. Vennligst les v\u00e5r [&hellip;]<\/p>\n","protected":false},"author":1,"featured_media":0,"parent":0,"menu_order":0,"comment_status":"closed","ping_status":"closed","template":"","meta":{"inline_featured_image":false,"_kad_blocks_custom_css":"","_kad_blocks_head_custom_js":"","_kad_blocks_body_custom_js":"","_kad_blocks_footer_custom_js":"","footnotes":""},"acf":[],"yoast_head":"<!-- This site is optimized with the Yoast SEO plugin v22.1 - https:\/\/yoast.com\/wordpress\/plugins\/seo\/ -->\n<title>VILK\u00c5R og BETINGELSER - BE THE ONE<\/title>\n<meta name=\"robots\" content=\"noindex, follow\" \/>\n<meta property=\"og:locale\" content=\"nb_NO\" \/>\n<meta property=\"og:type\" content=\"article\" \/>\n<meta property=\"og:title\" content=\"VILK\u00c5R og BETINGELSER - BE THE ONE\" \/>\n<meta property=\"og:description\" content=\"VILK\u00c5R og BETINGELSER Vilk\u00e5r og betingelser for PAULINA NOWAK BE THE ONE. 1. Aksept av vilk\u00e5rene Ved \u00e5 bes\u00f8ke og handle p\u00e5 PAULINA NOWAK BE THE ONE godtar du f\u00f8lgende vilk\u00e5r og betingelser. Les n\u00f8ye gjennom dem f\u00f8r du fortsetter med kj\u00f8p. 2. Personvern PAULINA NOWAK BE THE ONE respekterer ditt personvern. Vennligst les v\u00e5r [&hellip;]\" \/>\n<meta property=\"og:url\" content=\"https:\/\/betheone.com.pl\/no\/regulamin\/\" \/>\n<meta property=\"og:site_name\" content=\"BE THE ONE\" \/>\n<meta property=\"article:modified_time\" content=\"2025-07-03T08:55:49+00:00\" \/>\n<meta name=\"twitter:label1\" content=\"Ansl. lesetid\" \/>\n\t<meta name=\"twitter:data1\" content=\"4 minutter\" \/>\n<script type=\"application\/ld+json\" class=\"yoast-schema-graph\">{\"@context\":\"https:\/\/schema.org\",\"@graph\":[{\"@type\":\"WebPage\",\"@id\":\"https:\/\/betheone.com.pl\/no\/regulamin\/\",\"url\":\"https:\/\/betheone.com.pl\/no\/regulamin\/\",\"name\":\"VILK\u00c5R og BETINGELSER - BE THE ONE\",\"isPartOf\":{\"@id\":\"https:\/\/betheone.com.pl\/#website\"},\"datePublished\":\"2019-04-02T08:40:27+00:00\",\"dateModified\":\"2025-07-03T08:55:49+00:00\",\"breadcrumb\":{\"@id\":\"https:\/\/betheone.com.pl\/no\/regulamin\/#breadcrumb\"},\"inLanguage\":\"nb-NO\",\"potentialAction\":[{\"@type\":\"ReadAction\",\"target\":[\"https:\/\/betheone.com.pl\/no\/regulamin\/\"]}]},{\"@type\":\"BreadcrumbList\",\"@id\":\"https:\/\/betheone.com.pl\/no\/regulamin\/#breadcrumb\",\"itemListElement\":[{\"@type\":\"ListItem\",\"position\":1,\"name\":\"Strona g\u0142\u00f3wna\",\"item\":\"https:\/\/betheone.com.pl\/no\/\"},{\"@type\":\"ListItem\",\"position\":2,\"name\":\"VILK\u00c5R og BETINGELSER\"}]},{\"@type\":\"WebSite\",\"@id\":\"https:\/\/betheone.com.pl\/#website\",\"url\":\"https:\/\/betheone.com.pl\/\",\"name\":\"BE THE ONE\",\"description\":\"\",\"publisher\":{\"@id\":\"https:\/\/betheone.com.pl\/#organization\"},\"potentialAction\":[{\"@type\":\"SearchAction\",\"target\":{\"@type\":\"EntryPoint\",\"urlTemplate\":\"https:\/\/betheone.com.pl\/?s={search_term_string}\"},\"query-input\":\"required name=search_term_string\"}],\"inLanguage\":\"nb-NO\"},{\"@type\":\"Organization\",\"@id\":\"https:\/\/betheone.com.pl\/#organization\",\"name\":\"BE THE ONE\",\"url\":\"https:\/\/betheone.com.pl\/\",\"logo\":{\"@type\":\"ImageObject\",\"inLanguage\":\"nb-NO\",\"@id\":\"https:\/\/betheone.com.pl\/#\/schema\/logo\/image\/\",\"url\":\"https:\/\/betheone.com.pl\/wp-content\/uploads\/2025\/07\/cropped-LOGO__34.png\",\"contentUrl\":\"https:\/\/betheone.com.pl\/wp-content\/uploads\/2025\/07\/cropped-LOGO__34.png\",\"width\":512,\"height\":512,\"caption\":\"BE THE ONE\"},\"image\":{\"@id\":\"https:\/\/betheone.com.pl\/#\/schema\/logo\/image\/\"}}]}<\/script>\n<!-- \/ Yoast SEO plugin. -->","yoast_head_json":{"title":"VILK\u00c5R og BETINGELSER - BE THE ONE","robots":{"index":"noindex","follow":"follow"},"og_locale":"nb_NO","og_type":"article","og_title":"VILK\u00c5R og BETINGELSER - BE THE ONE","og_description":"VILK\u00c5R og BETINGELSER Vilk\u00e5r og betingelser for PAULINA NOWAK BE THE ONE. 1. Aksept av vilk\u00e5rene Ved \u00e5 bes\u00f8ke og handle p\u00e5 PAULINA NOWAK BE THE ONE godtar du f\u00f8lgende vilk\u00e5r og betingelser. Les n\u00f8ye gjennom dem f\u00f8r du fortsetter med kj\u00f8p. 2. Personvern PAULINA NOWAK BE THE ONE respekterer ditt personvern. Vennligst les v\u00e5r [&hellip;]","og_url":"https:\/\/betheone.com.pl\/no\/regulamin\/","og_site_name":"BE THE ONE","article_modified_time":"2025-07-03T08:55:49+00:00","twitter_misc":{"Ansl. lesetid":"4 minutter"},"schema":{"@context":"https:\/\/schema.org","@graph":[{"@type":"WebPage","@id":"https:\/\/betheone.com.pl\/no\/regulamin\/","url":"https:\/\/betheone.com.pl\/no\/regulamin\/","name":"VILK\u00c5R og BETINGELSER - BE THE ONE","isPartOf":{"@id":"https:\/\/betheone.com.pl\/#website"},"datePublished":"2019-04-02T08:40:27+00:00","dateModified":"2025-07-03T08:55:49+00:00","breadcrumb":{"@id":"https:\/\/betheone.com.pl\/no\/regulamin\/#breadcrumb"},"inLanguage":"nb-NO","potentialAction":[{"@type":"ReadAction","target":["https:\/\/betheone.com.pl\/no\/regulamin\/"]}]},{"@type":"BreadcrumbList","@id":"https:\/\/betheone.com.pl\/no\/regulamin\/#breadcrumb","itemListElement":[{"@type":"ListItem","position":1,"name":"Strona g\u0142\u00f3wna","item":"https:\/\/betheone.com.pl\/no\/"},{"@type":"ListItem","position":2,"name":"VILK\u00c5R og BETINGELSER"}]},{"@type":"WebSite","@id":"https:\/\/betheone.com.pl\/#website","url":"https:\/\/betheone.com.pl\/","name":"BE THE ONE","description":"","publisher":{"@id":"https:\/\/betheone.com.pl\/#organization"},"potentialAction":[{"@type":"SearchAction","target":{"@type":"EntryPoint","urlTemplate":"https:\/\/betheone.com.pl\/?s={search_term_string}"},"query-input":"required name=search_term_string"}],"inLanguage":"nb-NO"},{"@type":"Organization","@id":"https:\/\/betheone.com.pl\/#organization","name":"BE THE ONE","url":"https:\/\/betheone.com.pl\/","logo":{"@type":"ImageObject","inLanguage":"nb-NO","@id":"https:\/\/betheone.com.pl\/#\/schema\/logo\/image\/","url":"https:\/\/betheone.com.pl\/wp-content\/uploads\/2025\/07\/cropped-LOGO__34.png","contentUrl":"https:\/\/betheone.com.pl\/wp-content\/uploads\/2025\/07\/cropped-LOGO__34.png","width":512,"height":512,"caption":"BE THE ONE"},"image":{"@id":"https:\/\/betheone.com.pl\/#\/schema\/logo\/image\/"}}]}},"featured_image_src_large":false,"author_info":{"display_name":"kreacja","author_link":"https:\/\/betheone.com.pl\/no\/author\/kreacja\/"},"comment_info":0,"taxonomy_info":[],"_links":{"self":[{"href":"https:\/\/betheone.com.pl\/no\/wp-json\/wp\/v2\/pages\/9828"}],"collection":[{"href":"https:\/\/betheone.com.pl\/no\/wp-json\/wp\/v2\/pages"}],"about":[{"href":"https:\/\/betheone.com.pl\/no\/wp-json\/wp\/v2\/types\/page"}],"author":[{"embeddable":true,"href":"https:\/\/betheone.com.pl\/no\/wp-json\/wp\/v2\/users\/1"}],"replies":[{"embeddable":true,"href":"https:\/\/betheone.com.pl\/no\/wp-json\/wp\/v2\/comments?post=9828"}],"version-history":[{"count":5,"href":"https:\/\/betheone.com.pl\/no\/wp-json\/wp\/v2\/pages\/9828\/revisions"}],"predecessor-version":[{"id":13032,"href":"https:\/\/betheone.com.pl\/no\/wp-json\/wp\/v2\/pages\/9828\/revisions\/13032"}],"wp:attachment":[{"href":"https:\/\/betheone.com.pl\/no\/wp-json\/wp\/v2\/media?parent=9828"}],"curies":[{"name":"wp","href":"https:\/\/api.w.org\/{rel}","templated":true}]}}