{"id":9826,"date":"2020-12-01T21:12:13","date_gmt":"2020-12-01T20:12:13","guid":{"rendered":"http:\/\/14.demooo.pl\/jak-dobrac-rozmiar\/"},"modified":"2025-07-24T20:58:14","modified_gmt":"2025-07-24T18:58:14","slug":"https-betheone-com-pl-no-hvordan-velge-storrelse","status":"publish","type":"page","link":"https:\/\/betheone.com.pl\/no\/https-betheone-com-pl-no-hvordan-velge-storrelse\/","title":{"rendered":"Hvordan velge st\u00f8rrelse"},"content":{"rendered":"\n<p>Hvis du har ikke peiling hvilken ringst\u00f8rrelse du skal bestille \u2013du trenger ikke bekymre deg, jeg er her for \u00e5 hjelpe deg med \u00e5 l\u00f8se dette problemet.<br>Det er flere m\u00e5ter \u00e5 finne ut hvilken ringst\u00f8rrelse som passer for deg.<\/p>\n\n\n\n<p>Den mest effektive m\u00e5ten vil v\u00e6re ganske enkelt &nbsp;Bes\u00f8k n\u00e6rmeste smykkebutikk.&nbsp;Der kan du raskt og enkelt sjekke st\u00f8rrelsen din ved hjelp av profesjonelle folk som har m\u00e5leinstrumenter.&nbsp;Imidlertid har vi like alltid tid eller vilje til \u00e5 gj\u00f8re det.&nbsp;Heldigvis du kan gj\u00f8re det selv p \u00e5 enkelt m\u00e5te Har du en ring i den st\u00f8rrelsen du \u00f8nsker \u00e5 kj\u00f8pe hjem, er det bare \u00e5 m\u00e5le innvendig diameter p\u00e5 ringen.&nbsp;I tabellen kan vi sjekke hvilken diameter (kolonne 3) som tilsvarer hvilken st\u00f8rrelse (kolonne 1).<\/p>\n\n\n\n<p>En annen m\u00e5te er \u00e5 sjekke st\u00f8rrelsen ved hjelp av for eksempel et b\u00e5nd, tr\u00e5d, skredderm\u00e5l eller en papirremse.&nbsp;Vanligvis i verden m\u00e5 vi m\u00e5le omkretsen av fingeren v\u00e5r.&nbsp;Hvordan gj\u00f8re det ved \u00e5 bruke for eksempel en tr\u00e5d eller hyssing?<\/p>\n\n\n\n<ul>\n<li>Pakk strengen rundt fingeren der du vil ha ringen p\u00e5.<\/li>\n\n\n\n<li>Marker skj\u00e6ringspunktet til strengen med en fineliner eller mark\u00f8r.<\/li>\n\n\n\n<li>Sett strengen til linjalen og les fingerens omkrets.<\/li>\n\n\n\n<li>Les fra tabellen hvilken st\u00f8rrelse som tilsvarer fingeromkretsen (kolonne 1 og 2).<\/li>\n<\/ul>\n\n\n\n<div class=\"wp-block-kadence-image kb-image9826_9fc495-cd\"><figure class=\"aligncenter size-full\"><img decoding=\"async\" loading=\"lazy\" width=\"505\" height=\"1024\" src=\"https:\/\/betheone.com.pl\/wp-content\/uploads\/2023\/05\/jak-dobrac-rozmiar-2-1-505x1024-1.jpeg\" alt=\"\" class=\"kb-img wp-image-5715\" srcset=\"https:\/\/betheone.com.pl\/wp-content\/uploads\/2023\/05\/jak-dobrac-rozmiar-2-1-505x1024-1.jpeg 505w, https:\/\/betheone.com.pl\/wp-content\/uploads\/2023\/05\/jak-dobrac-rozmiar-2-1-505x1024-1-300x608.jpeg 300w, https:\/\/betheone.com.pl\/wp-content\/uploads\/2023\/05\/jak-dobrac-rozmiar-2-1-505x1024-1-148x300.jpeg 148w\" sizes=\"(max-width: 505px) 100vw, 505px\" \/><\/figure><\/div>\n","protected":false},"excerpt":{"rendered":"<p>Hvis du har ikke peiling hvilken ringst\u00f8rrelse du skal bestille \u2013du trenger ikke bekymre deg, jeg er her for \u00e5 hjelpe deg med \u00e5 l\u00f8se dette problemet.Det er flere m\u00e5ter \u00e5 finne ut hvilken ringst\u00f8rrelse som passer for deg. Den mest effektive m\u00e5ten vil v\u00e6re ganske enkelt &nbsp;Bes\u00f8k n\u00e6rmeste smykkebutikk.&nbsp;Der kan du raskt og enkelt [&hellip;]<\/p>\n","protected":false},"author":1,"featured_media":0,"parent":0,"menu_order":0,"comment_status":"closed","ping_status":"closed","template":"","meta":{"inline_featured_image":false,"_kad_blocks_custom_css":"","_kad_blocks_head_custom_js":"","_kad_blocks_body_custom_js":"","_kad_blocks_footer_custom_js":"","footnotes":""},"acf":[],"yoast_head":"<!-- This site is optimized with the Yoast SEO plugin v22.1 - https:\/\/yoast.com\/wordpress\/plugins\/seo\/ -->\n<title>Hvordan velge st\u00f8rrelse - BE THE ONE<\/title>\n<meta name=\"robots\" content=\"index, follow, max-snippet:-1, max-image-preview:large, max-video-preview:-1\" \/>\n<link rel=\"canonical\" href=\"https:\/\/betheone.com.pl\/no\/https-betheone-com-pl-no-hvordan-velge-storrelse\/\" \/>\n<meta property=\"og:locale\" content=\"nb_NO\" \/>\n<meta property=\"og:type\" content=\"article\" \/>\n<meta property=\"og:title\" content=\"Hvordan velge st\u00f8rrelse - BE THE ONE\" \/>\n<meta property=\"og:description\" content=\"Hvis du har ikke peiling hvilken ringst\u00f8rrelse du skal bestille \u2013du trenger ikke bekymre deg, jeg er her for \u00e5 hjelpe deg med \u00e5 l\u00f8se dette problemet.Det er flere m\u00e5ter \u00e5 finne ut hvilken ringst\u00f8rrelse som passer for deg. Den mest effektive m\u00e5ten vil v\u00e6re ganske enkelt &nbsp;Bes\u00f8k n\u00e6rmeste smykkebutikk.&nbsp;Der kan du raskt og enkelt [&hellip;]\" \/>\n<meta property=\"og:url\" content=\"https:\/\/betheone.com.pl\/no\/https-betheone-com-pl-no-hvordan-velge-storrelse\/\" \/>\n<meta property=\"og:site_name\" content=\"BE THE ONE\" \/>\n<meta property=\"article:modified_time\" content=\"2025-07-24T18:58:14+00:00\" \/>\n<meta property=\"og:image\" content=\"https:\/\/betheone.com.pl\/wp-content\/uploads\/2023\/05\/jak-dobrac-rozmiar-2-1-505x1024-1.jpeg\" \/>\n<meta name=\"twitter:label1\" content=\"Ansl. lesetid\" \/>\n\t<meta name=\"twitter:data1\" content=\"2 minutter\" \/>\n<script type=\"application\/ld+json\" class=\"yoast-schema-graph\">{\"@context\":\"https:\/\/schema.org\",\"@graph\":[{\"@type\":\"WebPage\",\"@id\":\"https:\/\/betheone.com.pl\/no\/https-betheone-com-pl-no-hvordan-velge-storrelse\/\",\"url\":\"https:\/\/betheone.com.pl\/no\/https-betheone-com-pl-no-hvordan-velge-storrelse\/\",\"name\":\"Hvordan velge st\u00f8rrelse - BE THE ONE\",\"isPartOf\":{\"@id\":\"https:\/\/betheone.com.pl\/#website\"},\"datePublished\":\"2020-12-01T20:12:13+00:00\",\"dateModified\":\"2025-07-24T18:58:14+00:00\",\"breadcrumb\":{\"@id\":\"https:\/\/betheone.com.pl\/no\/https-betheone-com-pl-no-hvordan-velge-storrelse\/#breadcrumb\"},\"inLanguage\":\"nb-NO\",\"potentialAction\":[{\"@type\":\"ReadAction\",\"target\":[\"https:\/\/betheone.com.pl\/no\/https-betheone-com-pl-no-hvordan-velge-storrelse\/\"]}]},{\"@type\":\"BreadcrumbList\",\"@id\":\"https:\/\/betheone.com.pl\/no\/https-betheone-com-pl-no-hvordan-velge-storrelse\/#breadcrumb\",\"itemListElement\":[{\"@type\":\"ListItem\",\"position\":1,\"name\":\"Strona g\u0142\u00f3wna\",\"item\":\"https:\/\/betheone.com.pl\/no\/\"},{\"@type\":\"ListItem\",\"position\":2,\"name\":\"Hvordan velge st\u00f8rrelse\"}]},{\"@type\":\"WebSite\",\"@id\":\"https:\/\/betheone.com.pl\/#website\",\"url\":\"https:\/\/betheone.com.pl\/\",\"name\":\"BE THE ONE\",\"description\":\"\",\"publisher\":{\"@id\":\"https:\/\/betheone.com.pl\/#organization\"},\"potentialAction\":[{\"@type\":\"SearchAction\",\"target\":{\"@type\":\"EntryPoint\",\"urlTemplate\":\"https:\/\/betheone.com.pl\/?s={search_term_string}\"},\"query-input\":\"required name=search_term_string\"}],\"inLanguage\":\"nb-NO\"},{\"@type\":\"Organization\",\"@id\":\"https:\/\/betheone.com.pl\/#organization\",\"name\":\"BE THE ONE\",\"url\":\"https:\/\/betheone.com.pl\/\",\"logo\":{\"@type\":\"ImageObject\",\"inLanguage\":\"nb-NO\",\"@id\":\"https:\/\/betheone.com.pl\/#\/schema\/logo\/image\/\",\"url\":\"https:\/\/betheone.com.pl\/wp-content\/uploads\/2025\/07\/cropped-LOGO__34.png\",\"contentUrl\":\"https:\/\/betheone.com.pl\/wp-content\/uploads\/2025\/07\/cropped-LOGO__34.png\",\"width\":512,\"height\":512,\"caption\":\"BE THE ONE\"},\"image\":{\"@id\":\"https:\/\/betheone.com.pl\/#\/schema\/logo\/image\/\"}}]}<\/script>\n<!-- \/ Yoast SEO plugin. -->","yoast_head_json":{"title":"Hvordan velge st\u00f8rrelse - BE THE ONE","robots":{"index":"index","follow":"follow","max-snippet":"max-snippet:-1","max-image-preview":"max-image-preview:large","max-video-preview":"max-video-preview:-1"},"canonical":"https:\/\/betheone.com.pl\/no\/https-betheone-com-pl-no-hvordan-velge-storrelse\/","og_locale":"nb_NO","og_type":"article","og_title":"Hvordan velge st\u00f8rrelse - BE THE ONE","og_description":"Hvis du har ikke peiling hvilken ringst\u00f8rrelse du skal bestille \u2013du trenger ikke bekymre deg, jeg er her for \u00e5 hjelpe deg med \u00e5 l\u00f8se dette problemet.Det er flere m\u00e5ter \u00e5 finne ut hvilken ringst\u00f8rrelse som passer for deg. Den mest effektive m\u00e5ten vil v\u00e6re ganske enkelt &nbsp;Bes\u00f8k n\u00e6rmeste smykkebutikk.&nbsp;Der kan du raskt og enkelt [&hellip;]","og_url":"https:\/\/betheone.com.pl\/no\/https-betheone-com-pl-no-hvordan-velge-storrelse\/","og_site_name":"BE THE ONE","article_modified_time":"2025-07-24T18:58:14+00:00","og_image":[{"url":"https:\/\/betheone.com.pl\/wp-content\/uploads\/2023\/05\/jak-dobrac-rozmiar-2-1-505x1024-1.jpeg"}],"twitter_misc":{"Ansl. lesetid":"2 minutter"},"schema":{"@context":"https:\/\/schema.org","@graph":[{"@type":"WebPage","@id":"https:\/\/betheone.com.pl\/no\/https-betheone-com-pl-no-hvordan-velge-storrelse\/","url":"https:\/\/betheone.com.pl\/no\/https-betheone-com-pl-no-hvordan-velge-storrelse\/","name":"Hvordan velge st\u00f8rrelse - BE THE ONE","isPartOf":{"@id":"https:\/\/betheone.com.pl\/#website"},"datePublished":"2020-12-01T20:12:13+00:00","dateModified":"2025-07-24T18:58:14+00:00","breadcrumb":{"@id":"https:\/\/betheone.com.pl\/no\/https-betheone-com-pl-no-hvordan-velge-storrelse\/#breadcrumb"},"inLanguage":"nb-NO","potentialAction":[{"@type":"ReadAction","target":["https:\/\/betheone.com.pl\/no\/https-betheone-com-pl-no-hvordan-velge-storrelse\/"]}]},{"@type":"BreadcrumbList","@id":"https:\/\/betheone.com.pl\/no\/https-betheone-com-pl-no-hvordan-velge-storrelse\/#breadcrumb","itemListElement":[{"@type":"ListItem","position":1,"name":"Strona g\u0142\u00f3wna","item":"https:\/\/betheone.com.pl\/no\/"},{"@type":"ListItem","position":2,"name":"Hvordan velge st\u00f8rrelse"}]},{"@type":"WebSite","@id":"https:\/\/betheone.com.pl\/#website","url":"https:\/\/betheone.com.pl\/","name":"BE THE ONE","description":"","publisher":{"@id":"https:\/\/betheone.com.pl\/#organization"},"potentialAction":[{"@type":"SearchAction","target":{"@type":"EntryPoint","urlTemplate":"https:\/\/betheone.com.pl\/?s={search_term_string}"},"query-input":"required name=search_term_string"}],"inLanguage":"nb-NO"},{"@type":"Organization","@id":"https:\/\/betheone.com.pl\/#organization","name":"BE THE ONE","url":"https:\/\/betheone.com.pl\/","logo":{"@type":"ImageObject","inLanguage":"nb-NO","@id":"https:\/\/betheone.com.pl\/#\/schema\/logo\/image\/","url":"https:\/\/betheone.com.pl\/wp-content\/uploads\/2025\/07\/cropped-LOGO__34.png","contentUrl":"https:\/\/betheone.com.pl\/wp-content\/uploads\/2025\/07\/cropped-LOGO__34.png","width":512,"height":512,"caption":"BE THE ONE"},"image":{"@id":"https:\/\/betheone.com.pl\/#\/schema\/logo\/image\/"}}]}},"featured_image_src_large":false,"author_info":{"display_name":"kreacja","author_link":"https:\/\/betheone.com.pl\/no\/author\/kreacja\/"},"comment_info":0,"taxonomy_info":[],"_links":{"self":[{"href":"https:\/\/betheone.com.pl\/no\/wp-json\/wp\/v2\/pages\/9826"}],"collection":[{"href":"https:\/\/betheone.com.pl\/no\/wp-json\/wp\/v2\/pages"}],"about":[{"href":"https:\/\/betheone.com.pl\/no\/wp-json\/wp\/v2\/types\/page"}],"author":[{"embeddable":true,"href":"https:\/\/betheone.com.pl\/no\/wp-json\/wp\/v2\/users\/1"}],"replies":[{"embeddable":true,"href":"https:\/\/betheone.com.pl\/no\/wp-json\/wp\/v2\/comments?post=9826"}],"version-history":[{"count":4,"href":"https:\/\/betheone.com.pl\/no\/wp-json\/wp\/v2\/pages\/9826\/revisions"}],"predecessor-version":[{"id":14436,"href":"https:\/\/betheone.com.pl\/no\/wp-json\/wp\/v2\/pages\/9826\/revisions\/14436"}],"wp:attachment":[{"href":"https:\/\/betheone.com.pl\/no\/wp-json\/wp\/v2\/media?parent=9826"}],"curies":[{"name":"wp","href":"https:\/\/api.w.org\/{rel}","templated":true}]}}