{"id":9824,"date":"2020-12-01T21:12:27","date_gmt":"2020-12-01T20:12:27","guid":{"rendered":"http:\/\/14.demooo.pl\/pielegnacja\/"},"modified":"2023-06-30T14:58:34","modified_gmt":"2023-06-30T12:58:34","slug":"pielegnacja","status":"publish","type":"page","link":"https:\/\/betheone.com.pl\/no\/pielegnacja\/","title":{"rendered":"Omsorg"},"content":{"rendered":"<p>Hallo,<\/p>\n<p>Jeg skal fortelle deg kort om messingen som hersker i studioet mitt Du har sikkert lurt p\u00e5 mer enn en gang hvordan dette metallet oppf\u00f8rer seg under bruk.&nbsp;Jeg inviterer deg til en kort lesning som vil lyse opp bildet av messing i hodet ditt og fjerne enhver tvil.<\/p>\n<p>Messing er en legering av kobber og sink, inneholder like nikkel, for\u00e5rsaker&nbsp; allergi.&nbsp;Den gjennomg\u00e5r en naturlig oksidasjonsprosess (m\u00f8rkes n\u00e5r den er i kontakt med luft), f\u00e5r en dypere farge, for neon er den en fordel, og de elsker til og med dette ansiktet av messing.<\/p>\n<p>En stor del av produktene mine er lakkert, som beskytter overflaten mot oksidasjon.&nbsp;P\u00e5 den annen side kan produkter som ikke &nbsp;er dekket med lakk rengj\u00f8res fra tid til annen med en myk klut beregnet for stell av messing, gull og s\u00f8lv, eller behandles med et preparat for s\u00f8lv- og messingpleie.<\/p>\n<p>Smykker liker best n\u00e5r du oppbevarer det i emballasjen, det vil tillate deg \u00e5 nyte glansen lenger.&nbsp;Den liker ikke vann, kjemikalier, s\u00e5 jeg anbefaler&nbsp; \u00e5 bade ikke i messingsmykker, unng\u00e5 ogs\u00e5 kontakt med parfymer.<\/p>\n<p>Hvis du like orker \u00e5 rense smykkene selv eller trenger r\u00e5d &#8211; skriv til meg, jeg hjelper deg gjerne :)<\/p>\n<p>Klem,<\/p>\n<p>Paulina<em>&nbsp;<\/em><\/p>\n","protected":false},"excerpt":{"rendered":"<p>Hallo, Jeg skal fortelle deg kort om messingen som hersker i studioet mitt Du har sikkert lurt p\u00e5 mer enn en gang hvordan dette metallet oppf\u00f8rer seg under bruk.&nbsp;Jeg inviterer deg til en kort lesning som vil lyse opp bildet av messing i hodet ditt og fjerne enhver tvil. Messing er en legering av kobber [&hellip;]<\/p>\n","protected":false},"author":1,"featured_media":0,"parent":0,"menu_order":0,"comment_status":"closed","ping_status":"closed","template":"page-templates\/page-fullwidth.php","meta":{"inline_featured_image":false,"_kad_blocks_custom_css":"","_kad_blocks_head_custom_js":"","_kad_blocks_body_custom_js":"","_kad_blocks_footer_custom_js":"","footnotes":""},"acf":[],"yoast_head":"<!-- This site is optimized with the Yoast SEO plugin v22.1 - https:\/\/yoast.com\/wordpress\/plugins\/seo\/ -->\n<title>Omsorg - BE THE ONE<\/title>\n<meta name=\"robots\" content=\"index, follow, max-snippet:-1, max-image-preview:large, max-video-preview:-1\" \/>\n<link rel=\"canonical\" href=\"https:\/\/betheone.com.pl\/no\/pielegnacja\/\" \/>\n<meta property=\"og:locale\" content=\"nb_NO\" \/>\n<meta property=\"og:type\" content=\"article\" \/>\n<meta property=\"og:title\" content=\"Omsorg - BE THE ONE\" \/>\n<meta property=\"og:description\" content=\"Hallo, Jeg skal fortelle deg kort om messingen som hersker i studioet mitt Du har sikkert lurt p\u00e5 mer enn en gang hvordan dette metallet oppf\u00f8rer seg under bruk.&nbsp;Jeg inviterer deg til en kort lesning som vil lyse opp bildet av messing i hodet ditt og fjerne enhver tvil. Messing er en legering av kobber [&hellip;]\" \/>\n<meta property=\"og:url\" content=\"https:\/\/betheone.com.pl\/no\/pielegnacja\/\" \/>\n<meta property=\"og:site_name\" content=\"BE THE ONE\" \/>\n<meta property=\"article:modified_time\" content=\"2023-06-30T12:58:34+00:00\" \/>\n<meta name=\"twitter:label1\" content=\"Ansl. lesetid\" \/>\n\t<meta name=\"twitter:data1\" content=\"2 minutter\" \/>\n<script type=\"application\/ld+json\" class=\"yoast-schema-graph\">{\"@context\":\"https:\/\/schema.org\",\"@graph\":[{\"@type\":\"WebPage\",\"@id\":\"https:\/\/betheone.com.pl\/no\/pielegnacja\/\",\"url\":\"https:\/\/betheone.com.pl\/no\/pielegnacja\/\",\"name\":\"Omsorg - BE THE ONE\",\"isPartOf\":{\"@id\":\"https:\/\/betheone.com.pl\/#website\"},\"datePublished\":\"2020-12-01T20:12:27+00:00\",\"dateModified\":\"2023-06-30T12:58:34+00:00\",\"breadcrumb\":{\"@id\":\"https:\/\/betheone.com.pl\/no\/pielegnacja\/#breadcrumb\"},\"inLanguage\":\"nb-NO\",\"potentialAction\":[{\"@type\":\"ReadAction\",\"target\":[\"https:\/\/betheone.com.pl\/no\/pielegnacja\/\"]}]},{\"@type\":\"BreadcrumbList\",\"@id\":\"https:\/\/betheone.com.pl\/no\/pielegnacja\/#breadcrumb\",\"itemListElement\":[{\"@type\":\"ListItem\",\"position\":1,\"name\":\"Strona g\u0142\u00f3wna\",\"item\":\"https:\/\/betheone.com.pl\/no\/\"},{\"@type\":\"ListItem\",\"position\":2,\"name\":\"Omsorg\"}]},{\"@type\":\"WebSite\",\"@id\":\"https:\/\/betheone.com.pl\/#website\",\"url\":\"https:\/\/betheone.com.pl\/\",\"name\":\"BE THE ONE\",\"description\":\"\",\"publisher\":{\"@id\":\"https:\/\/betheone.com.pl\/#organization\"},\"potentialAction\":[{\"@type\":\"SearchAction\",\"target\":{\"@type\":\"EntryPoint\",\"urlTemplate\":\"https:\/\/betheone.com.pl\/?s={search_term_string}\"},\"query-input\":\"required name=search_term_string\"}],\"inLanguage\":\"nb-NO\"},{\"@type\":\"Organization\",\"@id\":\"https:\/\/betheone.com.pl\/#organization\",\"name\":\"BE THE ONE\",\"url\":\"https:\/\/betheone.com.pl\/\",\"logo\":{\"@type\":\"ImageObject\",\"inLanguage\":\"nb-NO\",\"@id\":\"https:\/\/betheone.com.pl\/#\/schema\/logo\/image\/\",\"url\":\"https:\/\/betheone.com.pl\/wp-content\/uploads\/2025\/07\/cropped-LOGO__34.png\",\"contentUrl\":\"https:\/\/betheone.com.pl\/wp-content\/uploads\/2025\/07\/cropped-LOGO__34.png\",\"width\":512,\"height\":512,\"caption\":\"BE THE ONE\"},\"image\":{\"@id\":\"https:\/\/betheone.com.pl\/#\/schema\/logo\/image\/\"}}]}<\/script>\n<!-- \/ Yoast SEO plugin. -->","yoast_head_json":{"title":"Omsorg - BE THE ONE","robots":{"index":"index","follow":"follow","max-snippet":"max-snippet:-1","max-image-preview":"max-image-preview:large","max-video-preview":"max-video-preview:-1"},"canonical":"https:\/\/betheone.com.pl\/no\/pielegnacja\/","og_locale":"nb_NO","og_type":"article","og_title":"Omsorg - BE THE ONE","og_description":"Hallo, Jeg skal fortelle deg kort om messingen som hersker i studioet mitt Du har sikkert lurt p\u00e5 mer enn en gang hvordan dette metallet oppf\u00f8rer seg under bruk.&nbsp;Jeg inviterer deg til en kort lesning som vil lyse opp bildet av messing i hodet ditt og fjerne enhver tvil. Messing er en legering av kobber [&hellip;]","og_url":"https:\/\/betheone.com.pl\/no\/pielegnacja\/","og_site_name":"BE THE ONE","article_modified_time":"2023-06-30T12:58:34+00:00","twitter_misc":{"Ansl. lesetid":"2 minutter"},"schema":{"@context":"https:\/\/schema.org","@graph":[{"@type":"WebPage","@id":"https:\/\/betheone.com.pl\/no\/pielegnacja\/","url":"https:\/\/betheone.com.pl\/no\/pielegnacja\/","name":"Omsorg - BE THE ONE","isPartOf":{"@id":"https:\/\/betheone.com.pl\/#website"},"datePublished":"2020-12-01T20:12:27+00:00","dateModified":"2023-06-30T12:58:34+00:00","breadcrumb":{"@id":"https:\/\/betheone.com.pl\/no\/pielegnacja\/#breadcrumb"},"inLanguage":"nb-NO","potentialAction":[{"@type":"ReadAction","target":["https:\/\/betheone.com.pl\/no\/pielegnacja\/"]}]},{"@type":"BreadcrumbList","@id":"https:\/\/betheone.com.pl\/no\/pielegnacja\/#breadcrumb","itemListElement":[{"@type":"ListItem","position":1,"name":"Strona g\u0142\u00f3wna","item":"https:\/\/betheone.com.pl\/no\/"},{"@type":"ListItem","position":2,"name":"Omsorg"}]},{"@type":"WebSite","@id":"https:\/\/betheone.com.pl\/#website","url":"https:\/\/betheone.com.pl\/","name":"BE THE ONE","description":"","publisher":{"@id":"https:\/\/betheone.com.pl\/#organization"},"potentialAction":[{"@type":"SearchAction","target":{"@type":"EntryPoint","urlTemplate":"https:\/\/betheone.com.pl\/?s={search_term_string}"},"query-input":"required name=search_term_string"}],"inLanguage":"nb-NO"},{"@type":"Organization","@id":"https:\/\/betheone.com.pl\/#organization","name":"BE THE ONE","url":"https:\/\/betheone.com.pl\/","logo":{"@type":"ImageObject","inLanguage":"nb-NO","@id":"https:\/\/betheone.com.pl\/#\/schema\/logo\/image\/","url":"https:\/\/betheone.com.pl\/wp-content\/uploads\/2025\/07\/cropped-LOGO__34.png","contentUrl":"https:\/\/betheone.com.pl\/wp-content\/uploads\/2025\/07\/cropped-LOGO__34.png","width":512,"height":512,"caption":"BE THE ONE"},"image":{"@id":"https:\/\/betheone.com.pl\/#\/schema\/logo\/image\/"}}]}},"featured_image_src_large":false,"author_info":{"display_name":"kreacja","author_link":"https:\/\/betheone.com.pl\/no\/author\/kreacja\/"},"comment_info":0,"taxonomy_info":[],"_links":{"self":[{"href":"https:\/\/betheone.com.pl\/no\/wp-json\/wp\/v2\/pages\/9824"}],"collection":[{"href":"https:\/\/betheone.com.pl\/no\/wp-json\/wp\/v2\/pages"}],"about":[{"href":"https:\/\/betheone.com.pl\/no\/wp-json\/wp\/v2\/types\/page"}],"author":[{"embeddable":true,"href":"https:\/\/betheone.com.pl\/no\/wp-json\/wp\/v2\/users\/1"}],"replies":[{"embeddable":true,"href":"https:\/\/betheone.com.pl\/no\/wp-json\/wp\/v2\/comments?post=9824"}],"version-history":[{"count":2,"href":"https:\/\/betheone.com.pl\/no\/wp-json\/wp\/v2\/pages\/9824\/revisions"}],"predecessor-version":[{"id":9852,"href":"https:\/\/betheone.com.pl\/no\/wp-json\/wp\/v2\/pages\/9824\/revisions\/9852"}],"wp:attachment":[{"href":"https:\/\/betheone.com.pl\/no\/wp-json\/wp\/v2\/media?parent=9824"}],"curies":[{"name":"wp","href":"https:\/\/api.w.org\/{rel}","templated":true}]}}