{"id":9819,"date":"2017-05-04T14:58:37","date_gmt":"2017-05-04T12:58:37","guid":{"rendered":"http:\/\/14.demooo.pl\/o-mnie\/"},"modified":"2023-06-30T14:59:57","modified_gmt":"2023-06-30T12:59:57","slug":"o-mnie","status":"publish","type":"page","link":"https:\/\/betheone.com.pl\/no\/o-mnie\/","title":{"rendered":"Om meg"},"content":{"rendered":"\n<div class=\"wp-block-group alignfull is-layout-constrained wp-container-10 wp-block-group-is-layout-constrained\" style=\"padding-top:0px;padding-right:5%;padding-bottom:3em;padding-left:5%\">\n<div class=\"wp-block-columns alignwide is-layout-flex wp-container-3 wp-block-columns-is-layout-flex\">\n<div class=\"wp-block-column is-vertically-aligned-center is-layout-flow wp-block-column-is-layout-flow\" style=\"flex-basis:50.29%\">\n<p>Hei, jeg er glad for \u00e5 ha deg i min verden.&nbsp;Jeg er Paulina og jeg vil gjerne fortelle deg om hvem jeg er og hva jeg gj\u00f8r for \u00e5 v\u00e6re meg selv.<\/p>\n\n\n\n<p>BE THE ONE-merket er dr\u00f8mmen min som g\u00e5r i oppfyllelse.&nbsp;Dette er en virkelighet som jeg skapte for meg selv ut fra behovet for \u00e5 uttrykke meg p\u00e5 en kunstnerisk m\u00e5te og behovet for \u00e5 f\u00f8le grensel\u00f8s frihet.&nbsp;\u00d8ynene mine har alltid lyst opp ved synet av smykker, og kistene mine har sprakk i s\u00f8mmene, s\u00e5 den kunstneriske veien jeg f\u00f8lger har blitt tydelig naturlig.<\/p>\n\n\n\n<p><\/p>\n<\/div>\n\n\n\n<div class=\"wp-block-column is-layout-flow wp-block-column-is-layout-flow\" style=\"flex-basis:49.71%\">\n<figure class=\"wp-block-image size-large emoly-special-image-width\"><img decoding=\"async\" loading=\"lazy\" width=\"1024\" height=\"683\" src=\"https:\/\/betheone.com.pl\/wp-content\/uploads\/2022\/01\/DSC00625-1024x683.jpg\" alt=\"\" class=\"wp-image-4388\" srcset=\"https:\/\/betheone.com.pl\/wp-content\/uploads\/2022\/01\/DSC00625-1024x683.jpg 1024w, https:\/\/betheone.com.pl\/wp-content\/uploads\/2022\/01\/DSC00625-scaled-300x200.jpg 300w, https:\/\/betheone.com.pl\/wp-content\/uploads\/2022\/01\/DSC00625-scaled-600x400.jpg 600w, https:\/\/betheone.com.pl\/wp-content\/uploads\/2022\/01\/DSC00625-768x512.jpg 768w, https:\/\/betheone.com.pl\/wp-content\/uploads\/2022\/01\/DSC00625-1536x1024.jpg 1536w, https:\/\/betheone.com.pl\/wp-content\/uploads\/2022\/01\/DSC00625-2048x1365.jpg 2048w\" sizes=\"(max-width: 1024px) 100vw, 1024px\" \/><\/figure>\n<\/div>\n<\/div>\n\n\n\n<div class=\"wp-block-columns alignwide is-layout-flex wp-container-6 wp-block-columns-is-layout-flex\">\n<div class=\"wp-block-column is-layout-flow wp-block-column-is-layout-flow\" style=\"flex-basis:67%\">\n<figure class=\"wp-block-image alignleft size-large size-full\"><img decoding=\"async\" loading=\"lazy\" width=\"1024\" height=\"683\" src=\"https:\/\/betheone.com.pl\/wp-content\/uploads\/2022\/01\/DSC00842-1024x683.jpg\" alt=\"\" class=\"wp-image-4387\" srcset=\"https:\/\/betheone.com.pl\/wp-content\/uploads\/2022\/01\/DSC00842-1024x683.jpg 1024w, https:\/\/betheone.com.pl\/wp-content\/uploads\/2022\/01\/DSC00842-300x200.jpg 300w, https:\/\/betheone.com.pl\/wp-content\/uploads\/2022\/01\/DSC00842-600x400.jpg 600w, https:\/\/betheone.com.pl\/wp-content\/uploads\/2022\/01\/DSC00842-768x512.jpg 768w, https:\/\/betheone.com.pl\/wp-content\/uploads\/2022\/01\/DSC00842-1536x1024.jpg 1536w, https:\/\/betheone.com.pl\/wp-content\/uploads\/2022\/01\/DSC00842.jpg 1620w\" sizes=\"(max-width: 1024px) 100vw, 1024px\" \/><\/figure>\n<\/div>\n\n\n\n<div class=\"wp-block-column is-vertically-aligned-center is-layout-flow wp-block-column-is-layout-flow\" style=\"flex-basis:33%\">\n<p>I september 2017 \u00e5pnet jeg virksomheten min i Polen som BE THE ONE. Da s\u00e5 smykkene mine helt annerledes ut enn den du finner i tilbudet mitt i dag. Jeg f\u00f8lte meg begrenset av mangelen p\u00e5 evnen til \u00e5 lage et produkt fra begynnelsen, og for \u00e5 f\u00e5 disse ferdighetene bestemte jeg meg for \u00e5 g\u00e5 p\u00e5 videreg\u00e5ende studier i smykkedesign ved Kunstakademiet i \u0141\u00f3d\u017a. Jeg l\u00e6rte metallarbeid og n\u00e5 vet jeg hva skaperfrihet betyr. <\/p>\n<\/div>\n<\/div>\n\n\n\n<div class=\"wp-block-columns alignwide is-layout-flex wp-container-9 wp-block-columns-is-layout-flex\">\n<div class=\"wp-block-column is-vertically-aligned-center is-layout-flow wp-block-column-is-layout-flow\" style=\"flex-basis:33%\">\n<p>Med et smil om munnen og stort engasjement lager jeg produkter som du finner p\u00e5 nettsiden.&nbsp;Jeg er inspirert av kaoset og freden i hverdagen, brukskunst, arkitektur, reiser, moteshow, henne og deg.&nbsp;Jeg elsker farger, m\u00f8nstre, former, kombinasjoner.&nbsp;Hvert produkt gjenspeiler temperamentet til merket og understreker det unike ved h\u00e5ndverket.<\/p>\n\n\n\n<p>Jeg utf\u00f8rer individuelle bestillinger, hvis du har din egen id\u00e9 &#8211; skriv dristig, jeg vil gj\u00f8re alt for \u00e5 m\u00f8te dine forventninger.<\/p>\n\n\n\n<p>Bortsett fra smykker, er min verden fylt med musikk, festivaler, konserter, reiser, detektivhistorier&#8230; og jeg ser etter balanse og ro i yoga.<\/p>\n\n\n\n<p>I mellomtiden..<\/p>\n\n\n\n<p>F\u00f8l deg hjemme, gj\u00f8r deg komfortabel.&nbsp;S\u00f8k og finn!<\/p>\n\n\n\n<p>La deg selv v\u00e6re DEN.<\/p>\n<\/div>\n\n\n\n<div class=\"wp-block-column is-layout-flow wp-block-column-is-layout-flow\" style=\"flex-basis:67%\">\n<figure class=\"wp-block-image alignleft size-large size-full\"><img decoding=\"async\" loading=\"lazy\" width=\"683\" height=\"1024\" src=\"https:\/\/betheone.com.pl\/wp-content\/uploads\/2022\/01\/DSC00791-683x1024.jpg\" alt=\"\" class=\"wp-image-4391\" srcset=\"https:\/\/betheone.com.pl\/wp-content\/uploads\/2022\/01\/DSC00791-683x1024.jpg 683w, https:\/\/betheone.com.pl\/wp-content\/uploads\/2022\/01\/DSC00791-scaled-300x450.jpg 300w, https:\/\/betheone.com.pl\/wp-content\/uploads\/2022\/01\/DSC00791-scaled-600x900.jpg 600w, https:\/\/betheone.com.pl\/wp-content\/uploads\/2022\/01\/DSC00791-200x300.jpg 200w, https:\/\/betheone.com.pl\/wp-content\/uploads\/2022\/01\/DSC00791-768x1152.jpg 768w, https:\/\/betheone.com.pl\/wp-content\/uploads\/2022\/01\/DSC00791-1024x1536.jpg 1024w, https:\/\/betheone.com.pl\/wp-content\/uploads\/2022\/01\/DSC00791-1365x2048.jpg 1365w, https:\/\/betheone.com.pl\/wp-content\/uploads\/2022\/01\/DSC00791-scaled.jpg 1707w\" sizes=\"(max-width: 683px) 100vw, 683px\" \/><\/figure>\n<\/div>\n<\/div>\n<\/div>\n","protected":false},"excerpt":{"rendered":"<p>Hei, jeg er glad for \u00e5 ha deg i min verden.&nbsp;Jeg er Paulina og jeg vil gjerne fortelle deg om hvem jeg er og hva jeg gj\u00f8r for \u00e5 v\u00e6re meg selv. BE THE ONE-merket er dr\u00f8mmen min som g\u00e5r i oppfyllelse.&nbsp;Dette er en virkelighet som jeg skapte for meg selv ut fra behovet for [&hellip;]<\/p>\n","protected":false},"author":1,"featured_media":0,"parent":0,"menu_order":0,"comment_status":"closed","ping_status":"closed","template":"","meta":{"inline_featured_image":false,"_kad_blocks_custom_css":"","_kad_blocks_head_custom_js":"","_kad_blocks_body_custom_js":"","_kad_blocks_footer_custom_js":"","footnotes":""},"acf":[],"yoast_head":"<!-- This site is optimized with the Yoast SEO plugin v22.1 - https:\/\/yoast.com\/wordpress\/plugins\/seo\/ -->\n<title>Om meg - BE THE ONE<\/title>\n<meta name=\"robots\" content=\"index, follow, max-snippet:-1, max-image-preview:large, max-video-preview:-1\" \/>\n<link rel=\"canonical\" href=\"https:\/\/betheone.com.pl\/no\/o-mnie\/\" \/>\n<meta property=\"og:locale\" content=\"nb_NO\" \/>\n<meta property=\"og:type\" content=\"article\" \/>\n<meta property=\"og:title\" content=\"Om meg - BE THE ONE\" \/>\n<meta property=\"og:description\" content=\"Hei, jeg er glad for \u00e5 ha deg i min verden.&nbsp;Jeg er Paulina og jeg vil gjerne fortelle deg om hvem jeg er og hva jeg gj\u00f8r for \u00e5 v\u00e6re meg selv. BE THE ONE-merket er dr\u00f8mmen min som g\u00e5r i oppfyllelse.&nbsp;Dette er en virkelighet som jeg skapte for meg selv ut fra behovet for [&hellip;]\" \/>\n<meta property=\"og:url\" content=\"https:\/\/betheone.com.pl\/no\/o-mnie\/\" \/>\n<meta property=\"og:site_name\" content=\"BE THE ONE\" \/>\n<meta property=\"article:modified_time\" content=\"2023-06-30T12:59:57+00:00\" \/>\n<meta property=\"og:image\" content=\"https:\/\/betheone.com.pl\/wp-content\/uploads\/2022\/01\/DSC00625-1024x683.jpg\" \/>\n<meta name=\"twitter:label1\" content=\"Ansl. lesetid\" \/>\n\t<meta name=\"twitter:data1\" content=\"3 minutter\" \/>\n<script type=\"application\/ld+json\" class=\"yoast-schema-graph\">{\"@context\":\"https:\/\/schema.org\",\"@graph\":[{\"@type\":\"WebPage\",\"@id\":\"https:\/\/betheone.com.pl\/no\/o-mnie\/\",\"url\":\"https:\/\/betheone.com.pl\/no\/o-mnie\/\",\"name\":\"Om meg - BE THE ONE\",\"isPartOf\":{\"@id\":\"https:\/\/betheone.com.pl\/#website\"},\"datePublished\":\"2017-05-04T12:58:37+00:00\",\"dateModified\":\"2023-06-30T12:59:57+00:00\",\"breadcrumb\":{\"@id\":\"https:\/\/betheone.com.pl\/no\/o-mnie\/#breadcrumb\"},\"inLanguage\":\"nb-NO\",\"potentialAction\":[{\"@type\":\"ReadAction\",\"target\":[\"https:\/\/betheone.com.pl\/no\/o-mnie\/\"]}]},{\"@type\":\"BreadcrumbList\",\"@id\":\"https:\/\/betheone.com.pl\/no\/o-mnie\/#breadcrumb\",\"itemListElement\":[{\"@type\":\"ListItem\",\"position\":1,\"name\":\"Strona g\u0142\u00f3wna\",\"item\":\"https:\/\/betheone.com.pl\/no\/\"},{\"@type\":\"ListItem\",\"position\":2,\"name\":\"Om meg\"}]},{\"@type\":\"WebSite\",\"@id\":\"https:\/\/betheone.com.pl\/#website\",\"url\":\"https:\/\/betheone.com.pl\/\",\"name\":\"BE THE ONE\",\"description\":\"\",\"publisher\":{\"@id\":\"https:\/\/betheone.com.pl\/#organization\"},\"potentialAction\":[{\"@type\":\"SearchAction\",\"target\":{\"@type\":\"EntryPoint\",\"urlTemplate\":\"https:\/\/betheone.com.pl\/?s={search_term_string}\"},\"query-input\":\"required name=search_term_string\"}],\"inLanguage\":\"nb-NO\"},{\"@type\":\"Organization\",\"@id\":\"https:\/\/betheone.com.pl\/#organization\",\"name\":\"BE THE ONE\",\"url\":\"https:\/\/betheone.com.pl\/\",\"logo\":{\"@type\":\"ImageObject\",\"inLanguage\":\"nb-NO\",\"@id\":\"https:\/\/betheone.com.pl\/#\/schema\/logo\/image\/\",\"url\":\"https:\/\/betheone.com.pl\/wp-content\/uploads\/2025\/07\/cropped-LOGO__34.png\",\"contentUrl\":\"https:\/\/betheone.com.pl\/wp-content\/uploads\/2025\/07\/cropped-LOGO__34.png\",\"width\":512,\"height\":512,\"caption\":\"BE THE ONE\"},\"image\":{\"@id\":\"https:\/\/betheone.com.pl\/#\/schema\/logo\/image\/\"}}]}<\/script>\n<!-- \/ Yoast SEO plugin. -->","yoast_head_json":{"title":"Om meg - BE THE ONE","robots":{"index":"index","follow":"follow","max-snippet":"max-snippet:-1","max-image-preview":"max-image-preview:large","max-video-preview":"max-video-preview:-1"},"canonical":"https:\/\/betheone.com.pl\/no\/o-mnie\/","og_locale":"nb_NO","og_type":"article","og_title":"Om meg - BE THE ONE","og_description":"Hei, jeg er glad for \u00e5 ha deg i min verden.&nbsp;Jeg er Paulina og jeg vil gjerne fortelle deg om hvem jeg er og hva jeg gj\u00f8r for \u00e5 v\u00e6re meg selv. BE THE ONE-merket er dr\u00f8mmen min som g\u00e5r i oppfyllelse.&nbsp;Dette er en virkelighet som jeg skapte for meg selv ut fra behovet for [&hellip;]","og_url":"https:\/\/betheone.com.pl\/no\/o-mnie\/","og_site_name":"BE THE ONE","article_modified_time":"2023-06-30T12:59:57+00:00","og_image":[{"url":"https:\/\/betheone.com.pl\/wp-content\/uploads\/2022\/01\/DSC00625-1024x683.jpg"}],"twitter_misc":{"Ansl. lesetid":"3 minutter"},"schema":{"@context":"https:\/\/schema.org","@graph":[{"@type":"WebPage","@id":"https:\/\/betheone.com.pl\/no\/o-mnie\/","url":"https:\/\/betheone.com.pl\/no\/o-mnie\/","name":"Om meg - BE THE ONE","isPartOf":{"@id":"https:\/\/betheone.com.pl\/#website"},"datePublished":"2017-05-04T12:58:37+00:00","dateModified":"2023-06-30T12:59:57+00:00","breadcrumb":{"@id":"https:\/\/betheone.com.pl\/no\/o-mnie\/#breadcrumb"},"inLanguage":"nb-NO","potentialAction":[{"@type":"ReadAction","target":["https:\/\/betheone.com.pl\/no\/o-mnie\/"]}]},{"@type":"BreadcrumbList","@id":"https:\/\/betheone.com.pl\/no\/o-mnie\/#breadcrumb","itemListElement":[{"@type":"ListItem","position":1,"name":"Strona g\u0142\u00f3wna","item":"https:\/\/betheone.com.pl\/no\/"},{"@type":"ListItem","position":2,"name":"Om meg"}]},{"@type":"WebSite","@id":"https:\/\/betheone.com.pl\/#website","url":"https:\/\/betheone.com.pl\/","name":"BE THE ONE","description":"","publisher":{"@id":"https:\/\/betheone.com.pl\/#organization"},"potentialAction":[{"@type":"SearchAction","target":{"@type":"EntryPoint","urlTemplate":"https:\/\/betheone.com.pl\/?s={search_term_string}"},"query-input":"required name=search_term_string"}],"inLanguage":"nb-NO"},{"@type":"Organization","@id":"https:\/\/betheone.com.pl\/#organization","name":"BE THE ONE","url":"https:\/\/betheone.com.pl\/","logo":{"@type":"ImageObject","inLanguage":"nb-NO","@id":"https:\/\/betheone.com.pl\/#\/schema\/logo\/image\/","url":"https:\/\/betheone.com.pl\/wp-content\/uploads\/2025\/07\/cropped-LOGO__34.png","contentUrl":"https:\/\/betheone.com.pl\/wp-content\/uploads\/2025\/07\/cropped-LOGO__34.png","width":512,"height":512,"caption":"BE THE ONE"},"image":{"@id":"https:\/\/betheone.com.pl\/#\/schema\/logo\/image\/"}}]}},"featured_image_src_large":false,"author_info":{"display_name":"kreacja","author_link":"https:\/\/betheone.com.pl\/no\/author\/kreacja\/"},"comment_info":0,"taxonomy_info":[],"_links":{"self":[{"href":"https:\/\/betheone.com.pl\/no\/wp-json\/wp\/v2\/pages\/9819"}],"collection":[{"href":"https:\/\/betheone.com.pl\/no\/wp-json\/wp\/v2\/pages"}],"about":[{"href":"https:\/\/betheone.com.pl\/no\/wp-json\/wp\/v2\/types\/page"}],"author":[{"embeddable":true,"href":"https:\/\/betheone.com.pl\/no\/wp-json\/wp\/v2\/users\/1"}],"replies":[{"embeddable":true,"href":"https:\/\/betheone.com.pl\/no\/wp-json\/wp\/v2\/comments?post=9819"}],"version-history":[{"count":1,"href":"https:\/\/betheone.com.pl\/no\/wp-json\/wp\/v2\/pages\/9819\/revisions"}],"predecessor-version":[{"id":9854,"href":"https:\/\/betheone.com.pl\/no\/wp-json\/wp\/v2\/pages\/9819\/revisions\/9854"}],"wp:attachment":[{"href":"https:\/\/betheone.com.pl\/no\/wp-json\/wp\/v2\/media?parent=9819"}],"curies":[{"name":"wp","href":"https:\/\/api.w.org\/{rel}","templated":true}]}}